{"id":371,"date":"2011-10-19T12:49:26","date_gmt":"2011-10-19T10:49:26","guid":{"rendered":"http:\/\/xn--hftessamlarna-bfb.se\/?page_id=371"},"modified":"2023-05-05T16:46:49","modified_gmt":"2023-05-05T15:46:49","slug":"sh10-vara-lusthus","status":"publish","type":"page","link":"https:\/\/xn--hftessamlarna-bfb.se\/?page_id=371","title":{"rendered":"SH10 V\u00e5ra lusthus"},"content":{"rendered":"<p><a href=\"https:\/\/xn--hftessamlarna-bfb.se\/wp-content\/uploads\/SH-0010-header-2003.jpg\" rel=\"attachment wp-att-1964\"><img loading=\"lazy\" decoding=\"async\" class=\"alignnone wp-image-7034 size-full\" title=\"SH10\" src=\"https:\/\/xn--hftessamlarna-bfb.se\/wp-content\/uploads\/SH-0010-header-2003.jpg\" alt=\"\" width=\"960\" height=\"950\" srcset=\"https:\/\/xn--hftessamlarna-bfb.se\/wp-content\/uploads\/SH-0010-header-2003.jpg 960w, https:\/\/xn--hftessamlarna-bfb.se\/wp-content\/uploads\/SH-0010-header-2003-300x297.jpg 300w, https:\/\/xn--hftessamlarna-bfb.se\/wp-content\/uploads\/SH-0010-header-2003-150x148.jpg 150w, https:\/\/xn--hftessamlarna-bfb.se\/wp-content\/uploads\/SH-0010-header-2003-768x760.jpg 768w, https:\/\/xn--hftessamlarna-bfb.se\/wp-content\/uploads\/SH-0010-header-2003-303x300.jpg 303w\" sizes=\"auto, (max-width: 960px) 100vw, 960px\" \/><\/a>Utgivningsdag 2003-05-16<br \/>\nF 2373 &#8211; 2376<br \/>\n10 \u00d7 inrikes brev, fyra motiv<br \/>\nFrim\u00e4rkena \u00e4r tryckta i fyrf\u00e4rgs offset<br \/>\n83 mm breda, 9 inlagor\/varv<\/p>\n<h2>Typer<\/h2>\n<p>SH10 har 42 punkters vikperforering (perf 10) slagen fr\u00e5n frim\u00e4rkssidan.<\/p>\n<p>SH10 har tryckts med olika cylindrar och det finns olika cyls. H\u00e5ll h\u00e4ftet s\u00e5 att frim\u00e4rksbilden \u00e4r p\u00e5 r\u00e4tt h\u00e5ll. D\u00e5 finns det<\/p>\n<ul>\n<li>cyls som ligger p\u00e5 mage och \u00e4r 2,9 mm h\u00f6ga<\/li>\n<li>cyls som ligger p\u00e5 rygg\u00a0 och \u00e4r 2,7 mm h\u00f6ga<\/li>\n<\/ul>\n<p>H\u00e4ften med cyls p\u00e5 mage kom f\u00f6rst och \u00e4r vanligast.<\/p>\n<p>I september 2014 skickade Gunnar Dahlstrand ett email till H\u00e4ftessamlarna att han hittat st\u00e4mplade frim\u00e4rken fr\u00e5n SH10 V\u00e5ra Lusthus d\u00e4r de sm\u00e5 svarta strecken var ersatta med svarta pixlar. Gunnar Dahlstrand samlar p\u00e5 f\u00f6rfalskade h\u00e4ften och studerade d\u00e4rf\u00f6r frim\u00e4rkena noga. I detta fall var han dock helt \u00f6vertygad att dessa frim\u00e4rken kom fr\u00e5n Posten Frim\u00e4rken och att det var en mindre del av upplagan. Vi kunde snabbt konstatera att Gunnar Dahlstrand hade hittat ett s\u00e4tt att skilja de olika cylindrarna \u00e5t \u00e4ven f\u00f6r h\u00e4ften utan cylindersiffror. Skillnaderna definieras nedan i figur 1 och 2 fr\u00e5n Robert Forsbergs artikel i H\u00e4ftessamlaren nummer 4 (160) dec 2017 p\u00e5 sida 14. P\u00e5 H\u00e4ftessamlarnas h\u00f6stm\u00f6te 2018 i Oxel\u00f6sund gavs det tillf\u00e4lle att visa upp dessa h\u00e4ften f\u00f6r Jan-Olov Vuolle som var chef f\u00f6r Postnords frim\u00e4rkstryckeri i Kista. Hans slutsats var att det \u00e4r samma rastrering i b\u00e5da fallen, men att det \u00e4r d\u00e5lig f\u00e4rgpassningen som ger ett odetaljerat tryck.<\/p>\n<p>Enligt beskrivningar i figur 1 och 2 indelas SH10 i<\/p>\n<p><strong>I<\/strong> H\u00e4ften tryckta med cylinder I<br \/>\n<strong>II<\/strong> H\u00e4ften tryckta med cylinder II<\/p>\n<p><a href=\"http:\/\/xn--hftessamlarna-bfb.se\/wp-content\/uploads\/SH10bild1.jpg\"><img loading=\"lazy\" decoding=\"async\" class=\"alignnone size-full wp-image-5856\" src=\"http:\/\/xn--hftessamlarna-bfb.se\/wp-content\/uploads\/SH10bild1.jpg\" alt=\"\" width=\"392\" height=\"368\" srcset=\"https:\/\/xn--hftessamlarna-bfb.se\/wp-content\/uploads\/SH10bild1.jpg 392w, https:\/\/xn--hftessamlarna-bfb.se\/wp-content\/uploads\/SH10bild1-150x141.jpg 150w, https:\/\/xn--hftessamlarna-bfb.se\/wp-content\/uploads\/SH10bild1-300x282.jpg 300w, https:\/\/xn--hftessamlarna-bfb.se\/wp-content\/uploads\/SH10bild1-320x300.jpg 320w\" sizes=\"auto, (max-width: 392px) 100vw, 392px\" \/><\/a><a href=\"http:\/\/xn--hftessamlarna-bfb.se\/wp-content\/uploads\/SH10bild2.jpg\"><img loading=\"lazy\" decoding=\"async\" class=\"alignnone size-full wp-image-5857\" src=\"http:\/\/xn--hftessamlarna-bfb.se\/wp-content\/uploads\/SH10bild2.jpg\" alt=\"\" width=\"722\" height=\"256\" srcset=\"https:\/\/xn--hftessamlarna-bfb.se\/wp-content\/uploads\/SH10bild2.jpg 722w, https:\/\/xn--hftessamlarna-bfb.se\/wp-content\/uploads\/SH10bild2-150x53.jpg 150w, https:\/\/xn--hftessamlarna-bfb.se\/wp-content\/uploads\/SH10bild2-300x106.jpg 300w, https:\/\/xn--hftessamlarna-bfb.se\/wp-content\/uploads\/SH10bild2-500x177.jpg 500w\" sizes=\"auto, (max-width: 722px) 100vw, 722px\" \/><\/a><\/p>\n<p><strong>Figur 1<\/strong>: Cylinder I \u00e4r den tydliga varianten med \u201ddetaljerat tryck i \u00e5n och p\u00e5 snickerier p\u00e5 m\u00e4rke 3 och 5 v\u00e4nster rad\u201d. Dessutom \u00e4r C1 och C2 liggande omv\u00e4nt\/p\u00e5 mage, tunna och 2.9 mm l\u00e5nga.<\/p>\n<p><a href=\"http:\/\/xn--hftessamlarna-bfb.se\/wp-content\/uploads\/SH10bild3.jpg\"><img loading=\"lazy\" decoding=\"async\" class=\"alignnone size-full wp-image-5858\" src=\"http:\/\/xn--hftessamlarna-bfb.se\/wp-content\/uploads\/SH10bild3.jpg\" alt=\"\" width=\"398\" height=\"367\" srcset=\"https:\/\/xn--hftessamlarna-bfb.se\/wp-content\/uploads\/SH10bild3.jpg 398w, https:\/\/xn--hftessamlarna-bfb.se\/wp-content\/uploads\/SH10bild3-150x138.jpg 150w, https:\/\/xn--hftessamlarna-bfb.se\/wp-content\/uploads\/SH10bild3-300x277.jpg 300w, https:\/\/xn--hftessamlarna-bfb.se\/wp-content\/uploads\/SH10bild3-325x300.jpg 325w\" sizes=\"auto, (max-width: 398px) 100vw, 398px\" \/><\/a><a href=\"http:\/\/xn--hftessamlarna-bfb.se\/wp-content\/uploads\/SH10bild4.jpg\"><img loading=\"lazy\" decoding=\"async\" class=\"alignnone size-full wp-image-5859\" src=\"http:\/\/xn--hftessamlarna-bfb.se\/wp-content\/uploads\/SH10bild4.jpg\" alt=\"\" width=\"721\" height=\"254\" srcset=\"https:\/\/xn--hftessamlarna-bfb.se\/wp-content\/uploads\/SH10bild4.jpg 721w, https:\/\/xn--hftessamlarna-bfb.se\/wp-content\/uploads\/SH10bild4-150x53.jpg 150w, https:\/\/xn--hftessamlarna-bfb.se\/wp-content\/uploads\/SH10bild4-300x106.jpg 300w, https:\/\/xn--hftessamlarna-bfb.se\/wp-content\/uploads\/SH10bild4-500x176.jpg 500w\" sizes=\"auto, (max-width: 721px) 100vw, 721px\" \/><\/a><\/p>\n<p><strong>Figur 2<\/strong>: Cylinder II har ett \u201dodetaljerat tryck i \u00e5n och p\u00e5 snickerier p\u00e5 m\u00e4rke 3 och 5 v\u00e4nster rad\u201d. Dessutom \u00e4r C1 och C2 liggande r\u00e4ttv\u00e4nt\/p\u00e5 rygg, tjocka och 2.7 mm l\u00e5nga.<\/p>\n<p>SH10 finns med varierande inslag av vitmedel. Det \u00e4r inte helt utrett om det \u00e4r m\u00f6jligt att g\u00f6ra en v\u00e4ldefinierad indelning med avseende p\u00e5 vitmedel. Detta medf\u00f6r ocks\u00e5 att vi v\u00e4ntar med att inf\u00f6ra en eventuell beteckning f\u00f6r h\u00e4ften som har tryckts p\u00e5 fel sida. Jan-Olov Vuolle ber\u00e4ttade att sk\u00e4let till att frim\u00e4rken tryckts p\u00e5 fel sida var att rullen var upprullad p\u00e5 fel h\u00e5ll. Frim\u00e4rkena saknar d\u00e5 klister, som sitter kvar i omslaget. B\u00e4sta igenk\u00e4nningstecknet \u00e4r att frim\u00e4rkssidan \u00e4r starkt fluorescerande medan baksidan helt saknar vitmedel. Enligt Posten finns de med kn 29930\u201332055.<\/p>\n<p>Kn \u00e4r normalt r\u00e4ttv\u00e4nt. Det finns omv\u00e4nt kn vid 63\u201365-tusen med rest 3 f\u00f6r kn+c 1 och rest 8 f\u00f6r kn+c 2.<\/p>\n<h2>Markeringar<\/h2>\n<p>FM mellan 3:e och 4:e par<br \/>\ncyls 1 (i nedre kant, inlaga 1)<br \/>\ncyls 2 (i nedre kant, inlaga 6)<br \/>\nr\u00e4ttv\u00e4nt kn BS mellan 1:a och 2:a par<br \/>\nomv\u00e4nt kn BS mellan 1:a och 2:a par<\/p>\n<h2>K\u00e4nda kombinationer<\/h2>\n<p><a href=\"http:\/\/xn--hftessamlarna-bfb.se\/wp-content\/uploads\/SH10tabell-1.jpg\"><img loading=\"lazy\" decoding=\"async\" class=\"alignnone size-large wp-image-5860\" src=\"http:\/\/xn--hftessamlarna-bfb.se\/wp-content\/uploads\/SH10tabell-1-1024x405.jpg\" alt=\"\" width=\"584\" height=\"231\" srcset=\"https:\/\/xn--hftessamlarna-bfb.se\/wp-content\/uploads\/SH10tabell-1-1024x405.jpg 1024w, https:\/\/xn--hftessamlarna-bfb.se\/wp-content\/uploads\/SH10tabell-1-150x59.jpg 150w, https:\/\/xn--hftessamlarna-bfb.se\/wp-content\/uploads\/SH10tabell-1-300x119.jpg 300w, https:\/\/xn--hftessamlarna-bfb.se\/wp-content\/uploads\/SH10tabell-1-768x304.jpg 768w, https:\/\/xn--hftessamlarna-bfb.se\/wp-content\/uploads\/SH10tabell-1-500x198.jpg 500w\" sizes=\"auto, (max-width: 584px) 100vw, 584px\" \/><\/a><\/p>\n<h2>\u00d6vrigt<\/h2>\n<p>Finns med otandade frim\u00e4rken vid kn 15709.<\/p>\n<h2>Fakta om utgivningen<\/h2>\n<p>Lekstuga f\u00f6r vuxna skulle man kunna kalla lusthuset. En liten paviljong att dra sig undan till lust och n\u00f6je, f\u00f6r tankar eller ost\u00f6rt arbete. Vackra och sp\u00e4nnande lusthus har genom sekler byggts i v\u00e5rt land. P\u00e5 \u00e5rets sommarfrim\u00e4rken visar Posten fem lusthus som alla har en intressant historia.<\/p>\n<p>Ett av Sveriges \u00e4ldsta \u00e4r <strong>Ebba Brahes lusthus<\/strong> i Bockhammar i V\u00e4stmanland. Till detta kn\u00f6ts legender om hennes m\u00f6ten med Gustav II Adolf, som hon i sin ungdom hade en romans med. Kungen stupade dock vid L\u00fctzen redan innan den lilla paviljongen kommit till. Vindfl\u00f6jeln p\u00e5 taket visar p\u00e5 1632 som byggnads\u00e5r, men f\u00f6rmodligen \u00e4r huset fr\u00e5n 1700-talet.<\/p>\n<p>Intresset f\u00f6r Kina var utbrett i 1700-talets Sverige och m\u00e5nga kinesiskt inspirerande lusthus byggdes. Ostindiska kompaniets tidigare superkag\u00f6r i Kanton, Johan Abraham Grill, kunde 1788 dra sig tillbaka till sitt s\u00e4teri <strong>Godeg\u00e5rd<\/strong> i \u00d6sterg\u00f6tland och den nya kinesiska paviljongen p\u00e5 Lustigkulle.<\/p>\n<p>L\u00e4rda m\u00e4n kunde utnyttja sina lusthus som arbetsrum om sommaren. <strong>Emanuel Swedenborgs paviljong<\/strong> fr\u00e5n mitten av 1700-talet, som l\u00e5g i ena \u00e4ndan av hans inh\u00e4gnade tr\u00e4dg\u00e5rd vid Hornsgatan i Stockholm, blev platsen f\u00f6r hans himmelska uppenbarelser. Lusthuset har nu f\u00e5tt flytta till Skansen.<\/p>\n<p>Fr\u00e5n f\u00f6rra sekelskiftet stammar lusthuset vid g\u00e5rden V\u00e4stan\u00e5 i <strong>Borensberg<\/strong> i \u00d6sterg\u00f6tland, bel\u00e4get p\u00e5 stranden av G\u00f6ta kanal, den tidens stora puls\u00e5der genom landet. Burspr\u00e5ket som str\u00e4cker sig ut \u00f6ver vattnet var s\u00e4kerligen en intressant \u00e5sk\u00e5darplats n\u00e4r kanalb\u00e5tarna passerade.<\/p>\n<p>Mikael Wahrby har m\u00e5lat f\u00f6rlagorna och Gustav Malmfors har st\u00e5tt f\u00f6r typografin. Frim\u00e4rkena trycks i fyrf\u00e4rgsoffset t och ges ut i h\u00e4fte om tio frim\u00e4rken med fyra motiv. De \u00e4r avsedda som inrikesporto l:a klassbrev. I denna serie kommer \u00e4ven ett rullfrim\u00e4rke.<\/p>\n<h2>Artiklar<\/h2>\n<p><a href=\"http:\/\/xn--hftessamlarna-bfb.se\/wp-content\/uploads\/SH10-V\u00e5ra-Lusthus-i-tv\u00e5-utf\u00f6randen-Gunnar-Dahlstrand.pdf\">SH10 V\u00e5ra Lusthus i tv\u00e5 utf\u00f6randen Gunnar Dahlstrand<\/a><\/p>\n","protected":false},"excerpt":{"rendered":"<p>Utgivningsdag 2003-05-16 F 2373 &#8211; 2376 10 \u00d7 inrikes brev, fyra motiv Frim\u00e4rkena \u00e4r tryckta i fyrf\u00e4rgs offset 83 mm breda, 9 inlagor\/varv Typer SH10 har 42 punkters vikperforering (perf 10) slagen fr\u00e5n frim\u00e4rkssidan. SH10 har tryckts med olika cylindrar &hellip; <a href=\"https:\/\/xn--hftessamlarna-bfb.se\/?page_id=371\">Forts\u00e4tt l\u00e4sa <span class=\"meta-nav\">&rarr;<\/span><\/a><\/p>\n","protected":false},"author":1,"featured_media":0,"parent":307,"menu_order":10,"comment_status":"open","ping_status":"closed","template":"","meta":{"footnotes":""},"class_list":["post-371","page","type-page","status-publish","hentry"],"_links":{"self":[{"href":"https:\/\/xn--hftessamlarna-bfb.se\/index.php?rest_route=\/wp\/v2\/pages\/371","targetHints":{"allow":["GET"]}}],"collection":[{"href":"https:\/\/xn--hftessamlarna-bfb.se\/index.php?rest_route=\/wp\/v2\/pages"}],"about":[{"href":"https:\/\/xn--hftessamlarna-bfb.se\/index.php?rest_route=\/wp\/v2\/types\/page"}],"author":[{"embeddable":true,"href":"https:\/\/xn--hftessamlarna-bfb.se\/index.php?rest_route=\/wp\/v2\/users\/1"}],"replies":[{"embeddable":true,"href":"https:\/\/xn--hftessamlarna-bfb.se\/index.php?rest_route=%2Fwp%2Fv2%2Fcomments&post=371"}],"version-history":[{"count":0,"href":"https:\/\/xn--hftessamlarna-bfb.se\/index.php?rest_route=\/wp\/v2\/pages\/371\/revisions"}],"up":[{"embeddable":true,"href":"https:\/\/xn--hftessamlarna-bfb.se\/index.php?rest_route=\/wp\/v2\/pages\/307"}],"wp:attachment":[{"href":"https:\/\/xn--hftessamlarna-bfb.se\/index.php?rest_route=%2Fwp%2Fv2%2Fmedia&parent=371"}],"curies":[{"name":"wp","href":"https:\/\/api.w.org\/{rel}","templated":true}]}}