{"id":3708,"date":"2013-08-21T11:28:42","date_gmt":"2013-08-21T09:28:42","guid":{"rendered":"http:\/\/xn--hftessamlarna-bfb.se\/?page_id=3708"},"modified":"2021-09-12T13:55:25","modified_gmt":"2021-09-12T12:55:25","slug":"ha1","status":"publish","type":"page","link":"https:\/\/xn--hftessamlarna-bfb.se\/?page_id=3708","title":{"rendered":"HA1"},"content":{"rendered":"<p><img loading=\"lazy\" decoding=\"async\" class=\"alignnone wp-image-6146 size-large\" src=\"https:\/\/xn--hftessamlarna-bfb.se\/wp-content\/uploads\/HA-01-Header-1954-907x1024.jpg\" alt=\"\" width=\"584\" height=\"659\" srcset=\"https:\/\/xn--hftessamlarna-bfb.se\/wp-content\/uploads\/HA-01-Header-1954-907x1024.jpg 907w, https:\/\/xn--hftessamlarna-bfb.se\/wp-content\/uploads\/HA-01-Header-1954-266x300.jpg 266w, https:\/\/xn--hftessamlarna-bfb.se\/wp-content\/uploads\/HA-01-Header-1954-133x150.jpg 133w, https:\/\/xn--hftessamlarna-bfb.se\/wp-content\/uploads\/HA-01-Header-1954-768x867.jpg 768w, https:\/\/xn--hftessamlarna-bfb.se\/wp-content\/uploads\/HA-01-Header-1954-1360x1536.jpg 1360w, https:\/\/xn--hftessamlarna-bfb.se\/wp-content\/uploads\/HA-01-Header-1954-1814x2048.jpg 1814w\" sizes=\"auto, (max-width: 584px) 100vw, 584px\" \/><\/p>\n<p>Utgivningsdag: 1954-04-12<br \/>\nF 406<br \/>\n8 \u00d7 25 \u00f6re. 1 motiv.<br \/>\nTryckt med st\u00e5lgravyrtryck<br \/>\nUpplaga 203.500 h\u00e4ften<br \/>\nOmslag: vit kartong med bl\u00e5tt upprepat tryck.<br \/>\n9 punkters streckperforering<\/p>\n<h2>Markeringar<\/h2>\n<p>R\u00e4ttv\u00e4nt<br \/>\ncyls 1h<br \/>\ncyls 1v<br \/>\ncyls 2<br \/>\nOmv\u00e4nt<br \/>\ncyls 1h<br \/>\ncyls 1v<br \/>\ncyls 2<br \/>\nkn helt<\/p>\n<h2>Artiklar<\/h2>\n<p><a href=\"http:\/\/xn--hftessamlarna-bfb.se\/wp-content\/uploads\/HA1-Gunnar-Struck.pdf\">HA1 Gunnar Struck<\/a><\/p>\n<h2>F\u00f6rfalskad<\/h2>\n<div id=\"attachment_5151\" style=\"width: 310px\" class=\"wp-caption alignleft\"><a href=\"http:\/\/xn--hftessamlarna-bfb.se\/wp-content\/uploads\/HA1Rfalsk.jpg\"><img loading=\"lazy\" decoding=\"async\" aria-describedby=\"caption-attachment-5151\" class=\"wp-image-5151 size-medium\" src=\"http:\/\/xn--hftessamlarna-bfb.se\/wp-content\/uploads\/HA1Rfalsk-300x92.jpg\" alt=\"HA1Rfalsk\" width=\"300\" height=\"92\" srcset=\"https:\/\/xn--hftessamlarna-bfb.se\/wp-content\/uploads\/HA1Rfalsk-300x92.jpg 300w, https:\/\/xn--hftessamlarna-bfb.se\/wp-content\/uploads\/HA1Rfalsk-150x46.jpg 150w, https:\/\/xn--hftessamlarna-bfb.se\/wp-content\/uploads\/HA1Rfalsk-500x153.jpg 500w, https:\/\/xn--hftessamlarna-bfb.se\/wp-content\/uploads\/HA1Rfalsk.jpg 997w\" sizes=\"auto, (max-width: 300px) 100vw, 300px\" \/><\/a><p id=\"caption-attachment-5151\" class=\"wp-caption-text\">Detta h\u00e4fte \u00e4r med st\u00f6rsta sannolikhet inte \u00e4kta. HA1 skall inte ha sneds. Inlagan kommer troligen fr\u00e5n H106B2.<\/p><\/div>\n","protected":false},"excerpt":{"rendered":"<p>Utgivningsdag: 1954-04-12 F 406 8 \u00d7 25 \u00f6re. 1 motiv. Tryckt med st\u00e5lgravyrtryck Upplaga 203.500 h\u00e4ften Omslag: vit kartong med bl\u00e5tt upprepat tryck. 9 punkters streckperforering Markeringar R\u00e4ttv\u00e4nt cyls 1h cyls 1v cyls 2 Omv\u00e4nt cyls 1h cyls 1v cyls &hellip; <a href=\"https:\/\/xn--hftessamlarna-bfb.se\/?page_id=3708\">Forts\u00e4tt l\u00e4sa <span class=\"meta-nav\">&rarr;<\/span><\/a><\/p>\n","protected":false},"author":1,"featured_media":0,"parent":3707,"menu_order":1,"comment_status":"open","ping_status":"closed","template":"","meta":{"footnotes":""},"class_list":["post-3708","page","type-page","status-publish","hentry"],"_links":{"self":[{"href":"https:\/\/xn--hftessamlarna-bfb.se\/index.php?rest_route=\/wp\/v2\/pages\/3708","targetHints":{"allow":["GET"]}}],"collection":[{"href":"https:\/\/xn--hftessamlarna-bfb.se\/index.php?rest_route=\/wp\/v2\/pages"}],"about":[{"href":"https:\/\/xn--hftessamlarna-bfb.se\/index.php?rest_route=\/wp\/v2\/types\/page"}],"author":[{"embeddable":true,"href":"https:\/\/xn--hftessamlarna-bfb.se\/index.php?rest_route=\/wp\/v2\/users\/1"}],"replies":[{"embeddable":true,"href":"https:\/\/xn--hftessamlarna-bfb.se\/index.php?rest_route=%2Fwp%2Fv2%2Fcomments&post=3708"}],"version-history":[{"count":0,"href":"https:\/\/xn--hftessamlarna-bfb.se\/index.php?rest_route=\/wp\/v2\/pages\/3708\/revisions"}],"up":[{"embeddable":true,"href":"https:\/\/xn--hftessamlarna-bfb.se\/index.php?rest_route=\/wp\/v2\/pages\/3707"}],"wp:attachment":[{"href":"https:\/\/xn--hftessamlarna-bfb.se\/index.php?rest_route=%2Fwp%2Fv2%2Fmedia&parent=3708"}],"curies":[{"name":"wp","href":"https:\/\/api.w.org\/{rel}","templated":true}]}}