{"id":3705,"date":"2013-08-20T17:09:50","date_gmt":"2013-08-20T15:09:50","guid":{"rendered":"http:\/\/xn--hftessamlarna-bfb.se\/?page_id=3705"},"modified":"2019-01-13T12:15:57","modified_gmt":"2019-01-13T11:15:57","slug":"h589-busiga-djurungar","status":"publish","type":"page","link":"https:\/\/xn--hftessamlarna-bfb.se\/?page_id=3705","title":{"rendered":"H589 Busiga djurungar"},"content":{"rendered":"<p><a href=\"http:\/\/xn--hftessamlarna-bfb.se\/?attachment_id=3704\" rel=\"attachment wp-att-3704\"><img loading=\"lazy\" decoding=\"async\" class=\"alignleft size-full wp-image-3704\" src=\"http:\/\/xn--hftessamlarna-bfb.se\/wp-content\/uploads\/H589.jpg\" alt=\"H589\" width=\"2191\" height=\"1082\" srcset=\"https:\/\/xn--hftessamlarna-bfb.se\/wp-content\/uploads\/H589.jpg 2191w, https:\/\/xn--hftessamlarna-bfb.se\/wp-content\/uploads\/H589-150x74.jpg 150w, https:\/\/xn--hftessamlarna-bfb.se\/wp-content\/uploads\/H589-300x148.jpg 300w, https:\/\/xn--hftessamlarna-bfb.se\/wp-content\/uploads\/H589-1024x505.jpg 1024w, https:\/\/xn--hftessamlarna-bfb.se\/wp-content\/uploads\/H589-500x246.jpg 500w\" sizes=\"auto, (max-width: 2191px) 100vw, 2191px\" \/><\/a><\/p>\n<p>Utgivningsdag 2013-08-22<br \/>\nF 2961-2965<br \/>\n10 x inrikes brev, 5 motiv<br \/>\nTryckta i\u00a01 f\u00e4rg st\u00e5ltryck och 4 f\u00e4rger offset (G:5).<br \/>\nOmslaget trycktes i 4 f\u00e4rger +1 offset (G:8)<br \/>\n17 * 1 band<\/p>\n<h2>Markeringar<\/h2>\n<p>centralt regm<br \/>\nRT 7,2 x 1,8 mm svart<br \/>\ncyls 1<br \/>\ncyls 2 fot\/slinga<br \/>\nHelt 6-siffrigt kn BS, kan vara f\u00f6rskjutet till h\u00f6ger<\/p>\n<h2>Stefan Casta beskuret<\/h2>\n<div id=\"attachment_3748\" style=\"width: 427px\" class=\"wp-caption alignleft\"><a href=\"http:\/\/xn--hftessamlarna-bfb.se\/?attachment_id=3748\" rel=\"attachment wp-att-3748\"><img loading=\"lazy\" decoding=\"async\" aria-describedby=\"caption-attachment-3748\" class=\" wp-image-3748  \" src=\"http:\/\/xn--hftessamlarna-bfb.se\/wp-content\/uploads\/H589StefanCasta.jpg\" alt=\"H589StefanCasta\" width=\"417\" height=\"173\" srcset=\"https:\/\/xn--hftessamlarna-bfb.se\/wp-content\/uploads\/H589StefanCasta.jpg 1104w, https:\/\/xn--hftessamlarna-bfb.se\/wp-content\/uploads\/H589StefanCasta-150x61.jpg 150w, https:\/\/xn--hftessamlarna-bfb.se\/wp-content\/uploads\/H589StefanCasta-300x123.jpg 300w, https:\/\/xn--hftessamlarna-bfb.se\/wp-content\/uploads\/H589StefanCasta-1024x422.jpg 1024w, https:\/\/xn--hftessamlarna-bfb.se\/wp-content\/uploads\/H589StefanCasta-500x206.jpg 500w\" sizes=\"auto, (max-width: 417px) 100vw, 417px\" \/><\/a><p id=\"caption-attachment-3748\" class=\"wp-caption-text\">Signaturen Stefan Casta kan vara beskuren i mer eller mindre grad.<\/p><\/div>\n<h2>Tryckbana<\/h2>\n<p>H\u00e4r kan man se hur h\u00e4ftena kommer i tryckpressen. Bilden har vi f\u00e5tt fr\u00e5n frim\u00e4rkstryckeriet och \u00e4r \u201dsuddig\u201d av s\u00e4kerhetssk\u00e4l. Man ser markeringarnas placering. Klicka p\u00e5 bilden s\u00e5 blir den st\u00f6rre.<\/p>\n<div id=\"attachment_3728\" style=\"width: 4090px\" class=\"wp-caption alignleft\"><a href=\"http:\/\/xn--hftessamlarna-bfb.se\/?attachment_id=3728\" rel=\"attachment wp-att-3728\"><img loading=\"lazy\" decoding=\"async\" aria-describedby=\"caption-attachment-3728\" class=\" wp-image-3728\" src=\"http:\/\/xn--hftessamlarna-bfb.se\/wp-content\/uploads\/Djurungar.jpg\" alt=\"Djurungar\" width=\"4080\" height=\"696\" srcset=\"https:\/\/xn--hftessamlarna-bfb.se\/wp-content\/uploads\/Djurungar.jpg 4080w, https:\/\/xn--hftessamlarna-bfb.se\/wp-content\/uploads\/Djurungar-150x25.jpg 150w, https:\/\/xn--hftessamlarna-bfb.se\/wp-content\/uploads\/Djurungar-300x51.jpg 300w, https:\/\/xn--hftessamlarna-bfb.se\/wp-content\/uploads\/Djurungar-1024x174.jpg 1024w, https:\/\/xn--hftessamlarna-bfb.se\/wp-content\/uploads\/Djurungar-500x85.jpg 500w\" sizes=\"auto, (max-width: 4080px) 100vw, 4080px\" \/><\/a><p id=\"caption-attachment-3728\" class=\"wp-caption-text\">H589 &#8211; bilden visar kontrollnr och cyls placering<\/p><\/div>\n<h2>\u00a0Bilder varianter<\/h2>\n<div id=\"attachment_4336\" style=\"width: 356px\" class=\"wp-caption alignleft\"><a href=\"http:\/\/xn--hftessamlarna-bfb.se\/?attachment_id=4336\" rel=\"attachment wp-att-4336\"><img loading=\"lazy\" decoding=\"async\" aria-describedby=\"caption-attachment-4336\" class=\" wp-image-4336 \" src=\"http:\/\/xn--hftessamlarna-bfb.se\/wp-content\/uploads\/H589nyans.jpg\" alt=\"H589nyans\" width=\"346\" height=\"169\" srcset=\"https:\/\/xn--hftessamlarna-bfb.se\/wp-content\/uploads\/H589nyans.jpg 960w, https:\/\/xn--hftessamlarna-bfb.se\/wp-content\/uploads\/H589nyans-150x73.jpg 150w, https:\/\/xn--hftessamlarna-bfb.se\/wp-content\/uploads\/H589nyans-300x146.jpg 300w, https:\/\/xn--hftessamlarna-bfb.se\/wp-content\/uploads\/H589nyans-500x244.jpg 500w\" sizes=\"auto, (max-width: 346px) 100vw, 346px\" \/><\/a><p id=\"caption-attachment-4336\" class=\"wp-caption-text\">olika nyans p\u00e5 omslagen?<\/p><\/div>\n<div id=\"attachment_3777\" style=\"width: 275px\" class=\"wp-caption alignleft\"><a href=\"http:\/\/xn--hftessamlarna-bfb.se\/?attachment_id=3777\" rel=\"attachment wp-att-3777\"><img loading=\"lazy\" decoding=\"async\" aria-describedby=\"caption-attachment-3777\" class=\" wp-image-3777  \" src=\"http:\/\/xn--hftessamlarna-bfb.se\/wp-content\/uploads\/H589dubbel\u00f6ra.jpg\" alt=\"H589dubbel\u00f6ra\" width=\"265\" height=\"280\" srcset=\"https:\/\/xn--hftessamlarna-bfb.se\/wp-content\/uploads\/H589dubbel\u00f6ra.jpg 690w, https:\/\/xn--hftessamlarna-bfb.se\/wp-content\/uploads\/H589dubbel\u00f6ra-141x150.jpg 141w, https:\/\/xn--hftessamlarna-bfb.se\/wp-content\/uploads\/H589dubbel\u00f6ra-283x300.jpg 283w\" sizes=\"auto, (max-width: 265px) 100vw, 265px\" \/><\/a><p id=\"caption-attachment-3777\" class=\"wp-caption-text\">En dubbel d\u00e4r \u00f6rat blivit beskuren<\/p><\/div>\n<div id=\"attachment_3796\" style=\"width: 356px\" class=\"wp-caption alignleft\"><a href=\"http:\/\/xn--hftessamlarna-bfb.se\/?attachment_id=3796\" rel=\"attachment wp-att-3796\"><img loading=\"lazy\" decoding=\"async\" aria-describedby=\"caption-attachment-3796\" class=\" wp-image-3796 \" src=\"http:\/\/xn--hftessamlarna-bfb.se\/wp-content\/uploads\/H589bred.jpg\" alt=\"H589bred\" width=\"346\" height=\"172\" srcset=\"https:\/\/xn--hftessamlarna-bfb.se\/wp-content\/uploads\/H589bred.jpg 960w, https:\/\/xn--hftessamlarna-bfb.se\/wp-content\/uploads\/H589bred-150x74.jpg 150w, https:\/\/xn--hftessamlarna-bfb.se\/wp-content\/uploads\/H589bred-300x149.jpg 300w, https:\/\/xn--hftessamlarna-bfb.se\/wp-content\/uploads\/H589bred-500x249.jpg 500w\" sizes=\"auto, (max-width: 346px) 100vw, 346px\" \/><\/a><p id=\"caption-attachment-3796\" class=\"wp-caption-text\">Bred IR som \u00e4r lite &#8221;bubblig&#8221;<\/p><\/div>\n","protected":false},"excerpt":{"rendered":"<p>Utgivningsdag 2013-08-22 F 2961-2965 10 x inrikes brev, 5 motiv Tryckta i\u00a01 f\u00e4rg st\u00e5ltryck och 4 f\u00e4rger offset (G:5). Omslaget trycktes i 4 f\u00e4rger +1 offset (G:8) 17 * 1 band Markeringar centralt regm RT 7,2 x 1,8 mm svart &hellip; <a href=\"https:\/\/xn--hftessamlarna-bfb.se\/?page_id=3705\">Forts\u00e4tt l\u00e4sa <span class=\"meta-nav\">&rarr;<\/span><\/a><\/p>\n","protected":false},"author":1,"featured_media":0,"parent":2372,"menu_order":589,"comment_status":"open","ping_status":"closed","template":"","meta":{"footnotes":""},"class_list":["post-3705","page","type-page","status-publish","hentry"],"_links":{"self":[{"href":"https:\/\/xn--hftessamlarna-bfb.se\/index.php?rest_route=\/wp\/v2\/pages\/3705","targetHints":{"allow":["GET"]}}],"collection":[{"href":"https:\/\/xn--hftessamlarna-bfb.se\/index.php?rest_route=\/wp\/v2\/pages"}],"about":[{"href":"https:\/\/xn--hftessamlarna-bfb.se\/index.php?rest_route=\/wp\/v2\/types\/page"}],"author":[{"embeddable":true,"href":"https:\/\/xn--hftessamlarna-bfb.se\/index.php?rest_route=\/wp\/v2\/users\/1"}],"replies":[{"embeddable":true,"href":"https:\/\/xn--hftessamlarna-bfb.se\/index.php?rest_route=%2Fwp%2Fv2%2Fcomments&post=3705"}],"version-history":[{"count":0,"href":"https:\/\/xn--hftessamlarna-bfb.se\/index.php?rest_route=\/wp\/v2\/pages\/3705\/revisions"}],"up":[{"embeddable":true,"href":"https:\/\/xn--hftessamlarna-bfb.se\/index.php?rest_route=\/wp\/v2\/pages\/2372"}],"wp:attachment":[{"href":"https:\/\/xn--hftessamlarna-bfb.se\/index.php?rest_route=%2Fwp%2Fv2%2Fmedia&parent=3705"}],"curies":[{"name":"wp","href":"https:\/\/api.w.org\/{rel}","templated":true}]}}