{"id":3662,"date":"2013-05-09T14:24:51","date_gmt":"2013-05-09T12:24:51","guid":{"rendered":"http:\/\/xn--hftessamlarna-bfb.se\/?page_id=3662"},"modified":"2023-05-28T10:53:53","modified_gmt":"2023-05-28T09:53:53","slug":"sh68-smakakor","status":"publish","type":"page","link":"https:\/\/xn--hftessamlarna-bfb.se\/?page_id=3662","title":{"rendered":"SH68 Sm\u00e5kakor"},"content":{"rendered":"<p><a href=\"https:\/\/xn--hftessamlarna-bfb.se\/wp-content\/uploads\/SH-0068-header-2013.jpg\" rel=\"attachment wp-att-3663\"><img loading=\"lazy\" decoding=\"async\" class=\"alignnone wp-image-7121 size-full\" src=\"https:\/\/xn--hftessamlarna-bfb.se\/wp-content\/uploads\/SH-0068-header-2013.jpg\" alt=\"\" width=\"960\" height=\"661\" srcset=\"https:\/\/xn--hftessamlarna-bfb.se\/wp-content\/uploads\/SH-0068-header-2013.jpg 960w, https:\/\/xn--hftessamlarna-bfb.se\/wp-content\/uploads\/SH-0068-header-2013-300x207.jpg 300w, https:\/\/xn--hftessamlarna-bfb.se\/wp-content\/uploads\/SH-0068-header-2013-150x103.jpg 150w, https:\/\/xn--hftessamlarna-bfb.se\/wp-content\/uploads\/SH-0068-header-2013-768x529.jpg 768w, https:\/\/xn--hftessamlarna-bfb.se\/wp-content\/uploads\/SH-0068-header-2013-436x300.jpg 436w\" sizes=\"auto, (max-width: 960px) 100vw, 960px\" \/><\/a>Utgivningsdag 2013-05-08<br \/>\n10 \u00d7 Inrikes brev, 4 motiv<br \/>\nFrim\u00e4rkena \u00e4r tryckta i 4-f\u00e4rgs UV-offset (G:8), omslagssida i 1-f\u00e4rgs UV-offset (G:8)<br \/>\n13 \u00d7 2 band<br \/>\nIllustrat\u00f6r: Johan H\u00f6rberg<\/p>\n<h2>Typer<\/h2>\n<p>H\u00e4ftet har 29 punkters vikperforering (perf 10) slagen fr\u00e5n frim\u00e4rkssidan<br \/>\nOmslaget f\u00f6rekommer i 3 varianter:<\/p>\n<p><strong>A<\/strong> med portotabell utan texten \u201dDenna tabell g\u00e4ller p\u00e5 utgivningsdagen\u201d<br \/>\n<strong>B<\/strong> med portotabell med texten \u201dDenna tabell g\u00e4ller p\u00e5 utgivningsdagen\u201d<br \/>\n<strong>C<\/strong> utan portotabell<\/p>\n<p><a href=\"https:\/\/xn--hftessamlarna-bfb.se\/wp-content\/uploads\/SH-0068-ABC-2013.jpg\" rel=\"attachment wp-att-4352\"><img loading=\"lazy\" decoding=\"async\" class=\"  alignnone wp-image-7122 size-medium\" src=\"https:\/\/xn--hftessamlarna-bfb.se\/wp-content\/uploads\/SH-0068-ABC-2013-300x293.jpg\" alt=\"\" width=\"300\" height=\"293\" srcset=\"https:\/\/xn--hftessamlarna-bfb.se\/wp-content\/uploads\/SH-0068-ABC-2013-300x293.jpg 300w, https:\/\/xn--hftessamlarna-bfb.se\/wp-content\/uploads\/SH-0068-ABC-2013-150x147.jpg 150w, https:\/\/xn--hftessamlarna-bfb.se\/wp-content\/uploads\/SH-0068-ABC-2013-307x300.jpg 307w, https:\/\/xn--hftessamlarna-bfb.se\/wp-content\/uploads\/SH-0068-ABC-2013.jpg 658w\" sizes=\"auto, (max-width: 300px) 100vw, 300px\" \/><\/a><\/p>\n<h2>Markeringar<\/h2>\n<p>centralt regm<br \/>\nFM<br \/>\ncyls 1<br \/>\ncyls 2<br \/>\nkn<\/p>\n<div id=\"attachment_7061\" style=\"width: 310px\" class=\"wp-caption alignnone\"><a href=\"https:\/\/xn--hftessamlarna-bfb.se\/wp-content\/uploads\/SH-0068-mark-2013.jpg\"><img loading=\"lazy\" decoding=\"async\" aria-describedby=\"caption-attachment-7061\" class=\"size-medium wp-image-7061\" src=\"https:\/\/xn--hftessamlarna-bfb.se\/wp-content\/uploads\/SH-0068-mark-2013-300x103.jpg\" alt=\"\" width=\"300\" height=\"103\" srcset=\"https:\/\/xn--hftessamlarna-bfb.se\/wp-content\/uploads\/SH-0068-mark-2013-300x103.jpg 300w, https:\/\/xn--hftessamlarna-bfb.se\/wp-content\/uploads\/SH-0068-mark-2013-150x52.jpg 150w, https:\/\/xn--hftessamlarna-bfb.se\/wp-content\/uploads\/SH-0068-mark-2013-768x264.jpg 768w, https:\/\/xn--hftessamlarna-bfb.se\/wp-content\/uploads\/SH-0068-mark-2013-500x172.jpg 500w, https:\/\/xn--hftessamlarna-bfb.se\/wp-content\/uploads\/SH-0068-mark-2013.jpg 960w\" sizes=\"auto, (max-width: 300px) 100vw, 300px\" \/><\/a><p id=\"caption-attachment-7061\" class=\"wp-caption-text\">Illustration \u00f6ver markeringarnas placering<\/p><\/div>\n<h2>K\u00e4nda kombinationer<\/h2>\n<p><a href=\"http:\/\/xn--hftessamlarna-bfb.se\/?attachment_id=4347\" rel=\"attachment wp-att-4347\"><img loading=\"lazy\" decoding=\"async\" class=\"alignleft size-full wp-image-4347\" src=\"http:\/\/xn--hftessamlarna-bfb.se\/wp-content\/uploads\/SH68tabell.jpg\" alt=\"SH68tabell\" width=\"2170\" height=\"1067\" srcset=\"https:\/\/xn--hftessamlarna-bfb.se\/wp-content\/uploads\/SH68tabell.jpg 2170w, https:\/\/xn--hftessamlarna-bfb.se\/wp-content\/uploads\/SH68tabell-150x73.jpg 150w, https:\/\/xn--hftessamlarna-bfb.se\/wp-content\/uploads\/SH68tabell-300x147.jpg 300w, https:\/\/xn--hftessamlarna-bfb.se\/wp-content\/uploads\/SH68tabell-1024x503.jpg 1024w, https:\/\/xn--hftessamlarna-bfb.se\/wp-content\/uploads\/SH68tabell-500x245.jpg 500w\" sizes=\"auto, (max-width: 2170px) 100vw, 2170px\" \/><\/a><\/p>\n<h2>\u00d6vrigt<\/h2>\n<p>I slutet av 2013 kom det en ny typ av kn. De tidigare kn hade en l\u00e4ngd av 13 mm och det var mellanrum mellan kn och FM. De nya kn har en l\u00e4ngd av 11 mm och det finns inget mellanrum mellan kn och FM. SH68B med kn 11 mm d\u00f6k upp i februari 2014.<\/p>\n<p>SH68C kom i mitten av mars 2014 inf\u00f6r \u00e4ndringen av portotaxorna den 1 april 2014.<\/p>\n<h2>Ny upplaga<\/h2>\n<div id=\"attachment_3781\" style=\"width: 356px\" class=\"wp-caption alignleft\"><a href=\"http:\/\/xn--hftessamlarna-bfb.se\/?attachment_id=3781\" rel=\"attachment wp-att-3781\"><img loading=\"lazy\" decoding=\"async\" aria-describedby=\"caption-attachment-3781\" class=\" wp-image-3781 \" src=\"http:\/\/xn--hftessamlarna-bfb.se\/wp-content\/uploads\/SH68olikaf\u00e4rg.jpg\" alt=\"SH68olikaf\u00e4rg\" width=\"346\" height=\"236\" srcset=\"https:\/\/xn--hftessamlarna-bfb.se\/wp-content\/uploads\/SH68olikaf\u00e4rg.jpg 960w, https:\/\/xn--hftessamlarna-bfb.se\/wp-content\/uploads\/SH68olikaf\u00e4rg-150x102.jpg 150w, https:\/\/xn--hftessamlarna-bfb.se\/wp-content\/uploads\/SH68olikaf\u00e4rg-300x205.jpg 300w, https:\/\/xn--hftessamlarna-bfb.se\/wp-content\/uploads\/SH68olikaf\u00e4rg-438x300.jpg 438w\" sizes=\"auto, (max-width: 346px) 100vw, 346px\" \/><\/a><p id=\"caption-attachment-3781\" class=\"wp-caption-text\">F\u00e4rgerna p\u00e5 frim\u00e4rken har \u00e4ven en annan nyans mot tidigare. Kontrollnumret \u00e4r placerat l\u00e4ngre ned mot kanten av h\u00e4ftet.<\/p><\/div>\n<div id=\"attachment_4337\" style=\"width: 374px\" class=\"wp-caption alignleft\"><a href=\"http:\/\/xn--hftessamlarna-bfb.se\/?attachment_id=4337\" rel=\"attachment wp-att-4337\"><img loading=\"lazy\" decoding=\"async\" aria-describedby=\"caption-attachment-4337\" class=\" wp-image-4337 \" src=\"http:\/\/xn--hftessamlarna-bfb.se\/wp-content\/uploads\/SH68Abl\u00e5svart.jpg\" alt=\"SH68Abl\u00e5svart\" width=\"364\" height=\"320\" srcset=\"https:\/\/xn--hftessamlarna-bfb.se\/wp-content\/uploads\/SH68Abl\u00e5svart.jpg 758w, https:\/\/xn--hftessamlarna-bfb.se\/wp-content\/uploads\/SH68Abl\u00e5svart-150x131.jpg 150w, https:\/\/xn--hftessamlarna-bfb.se\/wp-content\/uploads\/SH68Abl\u00e5svart-300x263.jpg 300w, https:\/\/xn--hftessamlarna-bfb.se\/wp-content\/uploads\/SH68Abl\u00e5svart-340x300.jpg 340w\" sizes=\"auto, (max-width: 364px) 100vw, 364px\" \/><\/a><p id=\"caption-attachment-4337\" class=\"wp-caption-text\">bl\u00e5 och svart f\u00e4rgst\u00e4nk<\/p><\/div>\n<h2>Tryckbana<\/h2>\n<p>H\u00e4r kan man se hur h\u00e4ftena kommer i tryckpressen. Bilden har vi f\u00e5tt fr\u00e5n frim\u00e4rkstryckeriet och \u00e4r \u201dsuddig\u201d av s\u00e4kerhetssk\u00e4l. Man ser markeringarnas placering. Klicka p\u00e5 bilden s\u00e5 blir den st\u00f6rre.<\/p>\n<div id=\"attachment_3664\" style=\"width: 656px\" class=\"wp-caption alignleft\"><a href=\"http:\/\/xn--hftessamlarna-bfb.se\/?attachment_id=3664\" rel=\"attachment wp-att-3664\"><img loading=\"lazy\" decoding=\"async\" aria-describedby=\"caption-attachment-3664\" class=\"wp-image-3664  \" src=\"http:\/\/xn--hftessamlarna-bfb.se\/wp-content\/uploads\/SH68-helark.jpg\" alt=\"SH68 helark\" width=\"646\" height=\"583\" srcset=\"https:\/\/xn--hftessamlarna-bfb.se\/wp-content\/uploads\/SH68-helark.jpg 2992w, https:\/\/xn--hftessamlarna-bfb.se\/wp-content\/uploads\/SH68-helark-150x135.jpg 150w, https:\/\/xn--hftessamlarna-bfb.se\/wp-content\/uploads\/SH68-helark-300x270.jpg 300w, https:\/\/xn--hftessamlarna-bfb.se\/wp-content\/uploads\/SH68-helark-1024x923.jpg 1024w, https:\/\/xn--hftessamlarna-bfb.se\/wp-content\/uploads\/SH68-helark-332x300.jpg 332w\" sizes=\"auto, (max-width: 646px) 100vw, 646px\" \/><\/a><p id=\"caption-attachment-3664\" class=\"wp-caption-text\">SH68 Sm\u00e5kakor, bilden visar kontrollnr och cyls placering<\/p><\/div>\n<h2 style=\"text-align: left;\">\u00a0Falska h\u00e4ften<\/h2>\n<p>Har f\u00e5tt rapport om att det finns f\u00f6rfalskade h\u00e4ften.\u00a0Det g\u00e5r relativt l\u00e4tt att skilja falska Sm\u00e5kakor fr\u00e5n \u00e4kta:<br \/>\n\u2022 Trycket av Posthorn syns tydligt fr\u00e5n omslagssidan<br \/>\n\u2022 Papperet har helt annan fluorescens \u00e4n det \u00e4kta<\/p>\n<div id=\"attachment_4794\" style=\"width: 225px\" class=\"wp-caption alignleft\"><a href=\"http:\/\/xn--hftessamlarna-bfb.se\/wp-content\/uploads\/SH68falskt.jpg\"><img loading=\"lazy\" decoding=\"async\" aria-describedby=\"caption-attachment-4794\" class=\"wp-image-4794 size-medium\" src=\"http:\/\/xn--hftessamlarna-bfb.se\/wp-content\/uploads\/SH68falskt-215x300.jpg\" alt=\"SH68falskt\" width=\"215\" height=\"300\" srcset=\"https:\/\/xn--hftessamlarna-bfb.se\/wp-content\/uploads\/SH68falskt-215x300.jpg 215w, https:\/\/xn--hftessamlarna-bfb.se\/wp-content\/uploads\/SH68falskt-107x150.jpg 107w, https:\/\/xn--hftessamlarna-bfb.se\/wp-content\/uploads\/SH68falskt-735x1024.jpg 735w, https:\/\/xn--hftessamlarna-bfb.se\/wp-content\/uploads\/SH68falskt.jpg 960w\" sizes=\"auto, (max-width: 215px) 100vw, 215px\" \/><\/a><p id=\"caption-attachment-4794\" class=\"wp-caption-text\">falskt till v\u00e4nster, \u00e4kta till h\u00f6ger<\/p><\/div>\n","protected":false},"excerpt":{"rendered":"<p>Utgivningsdag 2013-05-08 10 \u00d7 Inrikes brev, 4 motiv Frim\u00e4rkena \u00e4r tryckta i 4-f\u00e4rgs UV-offset (G:8), omslagssida i 1-f\u00e4rgs UV-offset (G:8) 13 \u00d7 2 band Illustrat\u00f6r: Johan H\u00f6rberg Typer H\u00e4ftet har 29 punkters vikperforering (perf 10) slagen fr\u00e5n frim\u00e4rkssidan Omslaget f\u00f6rekommer &hellip; <a href=\"https:\/\/xn--hftessamlarna-bfb.se\/?page_id=3662\">Forts\u00e4tt l\u00e4sa <span class=\"meta-nav\">&rarr;<\/span><\/a><\/p>\n","protected":false},"author":1,"featured_media":0,"parent":307,"menu_order":68,"comment_status":"open","ping_status":"closed","template":"","meta":{"footnotes":""},"class_list":["post-3662","page","type-page","status-publish","hentry"],"_links":{"self":[{"href":"https:\/\/xn--hftessamlarna-bfb.se\/index.php?rest_route=\/wp\/v2\/pages\/3662","targetHints":{"allow":["GET"]}}],"collection":[{"href":"https:\/\/xn--hftessamlarna-bfb.se\/index.php?rest_route=\/wp\/v2\/pages"}],"about":[{"href":"https:\/\/xn--hftessamlarna-bfb.se\/index.php?rest_route=\/wp\/v2\/types\/page"}],"author":[{"embeddable":true,"href":"https:\/\/xn--hftessamlarna-bfb.se\/index.php?rest_route=\/wp\/v2\/users\/1"}],"replies":[{"embeddable":true,"href":"https:\/\/xn--hftessamlarna-bfb.se\/index.php?rest_route=%2Fwp%2Fv2%2Fcomments&post=3662"}],"version-history":[{"count":0,"href":"https:\/\/xn--hftessamlarna-bfb.se\/index.php?rest_route=\/wp\/v2\/pages\/3662\/revisions"}],"up":[{"embeddable":true,"href":"https:\/\/xn--hftessamlarna-bfb.se\/index.php?rest_route=\/wp\/v2\/pages\/307"}],"wp:attachment":[{"href":"https:\/\/xn--hftessamlarna-bfb.se\/index.php?rest_route=%2Fwp%2Fv2%2Fmedia&parent=3662"}],"curies":[{"name":"wp","href":"https:\/\/api.w.org\/{rel}","templated":true}]}}