{"id":352,"date":"2011-10-19T11:31:08","date_gmt":"2011-10-19T09:31:08","guid":{"rendered":"http:\/\/xn--hftessamlarna-bfb.se\/?page_id=352"},"modified":"2023-08-19T11:00:09","modified_gmt":"2023-08-19T10:00:09","slug":"sh6-sommar-i-bohuslan","status":"publish","type":"page","link":"https:\/\/xn--hftessamlarna-bfb.se\/?page_id=352","title":{"rendered":"SH6 Sommar i Bohusl\u00e4n"},"content":{"rendered":"<p><a href=\"https:\/\/xn--hftessamlarna-bfb.se\/wp-content\/uploads\/SH-0006-header-2002.jpg\" rel=\"attachment wp-att-1952\"><img loading=\"lazy\" decoding=\"async\" class=\"alignnone wp-image-7017 size-full\" title=\"SH6\" src=\"https:\/\/xn--hftessamlarna-bfb.se\/wp-content\/uploads\/SH-0006-header-2002.jpg\" alt=\"\" width=\"960\" height=\"947\" srcset=\"https:\/\/xn--hftessamlarna-bfb.se\/wp-content\/uploads\/SH-0006-header-2002.jpg 960w, https:\/\/xn--hftessamlarna-bfb.se\/wp-content\/uploads\/SH-0006-header-2002-300x296.jpg 300w, https:\/\/xn--hftessamlarna-bfb.se\/wp-content\/uploads\/SH-0006-header-2002-150x148.jpg 150w, https:\/\/xn--hftessamlarna-bfb.se\/wp-content\/uploads\/SH-0006-header-2002-768x758.jpg 768w, https:\/\/xn--hftessamlarna-bfb.se\/wp-content\/uploads\/SH-0006-header-2002-304x300.jpg 304w\" sizes=\"auto, (max-width: 960px) 100vw, 960px\" \/><\/a>Utgivningsdag 2002-05-10<br \/>\nF 2317\u00a0&#8211; 2320<br \/>\n10 \u00d7 inrikes brev, fyra motiv<br \/>\nFrim\u00e4rkena \u00e4r tryckta i fyrf\u00e4rgs offset<br \/>\n83 mm breda, 9 inlagor\/varv, rest vid division med 9<\/p>\n<h2>Typer (ny indelning juni 2023)<\/h2>\n<p>H\u00e4ftet har 42 punkters vikperforering (perf 10) slagen fr\u00e5n frim\u00e4rkssidan.<br \/>\n<strong>a<\/strong> frim\u00e4rken utan vitmedel (rosaviolett till m\u00f6rkt rosaviolett i UV-ljus)<br \/>\n<strong>b<\/strong> frim\u00e4rken med vitmedel (ljust gr\u00e5violett i UV-ljus)<br \/>\nDe tv\u00e5 varianterna SH6a och SH6b \u00e4r ungef\u00e4r lika vanliga.<\/p>\n<h2>Markeringar<\/h2>\n<p>FM 7,8 \u00d7 2,3 mm mellan 3:e och 4:e par (finns utan kn);<br \/>\ncyls 1 (i nedre kant, inlaga 1)<br \/>\ncyls 2 (i nedre kant, inlaga 6)<br \/>\nhelt kn BS mellan 1:a och 2:a par<\/p>\n<h2>K\u00e4nda kombinationer<\/h2>\n<h2><img loading=\"lazy\" decoding=\"async\" class=\"alignnone wp-image-6473 size-large\" src=\"https:\/\/xn--hftessamlarna-bfb.se\/wp-content\/uploads\/SH6tabell1-1024x133.jpg\" alt=\"\" width=\"584\" height=\"76\" srcset=\"https:\/\/xn--hftessamlarna-bfb.se\/wp-content\/uploads\/SH6tabell1-1024x133.jpg 1024w, https:\/\/xn--hftessamlarna-bfb.se\/wp-content\/uploads\/SH6tabell1-300x39.jpg 300w, https:\/\/xn--hftessamlarna-bfb.se\/wp-content\/uploads\/SH6tabell1-150x19.jpg 150w, https:\/\/xn--hftessamlarna-bfb.se\/wp-content\/uploads\/SH6tabell1-768x99.jpg 768w, https:\/\/xn--hftessamlarna-bfb.se\/wp-content\/uploads\/SH6tabell1-1536x199.jpg 1536w, https:\/\/xn--hftessamlarna-bfb.se\/wp-content\/uploads\/SH6tabell1-2048x265.jpg 2048w, https:\/\/xn--hftessamlarna-bfb.se\/wp-content\/uploads\/SH6tabell1-500x65.jpg 500w\" sizes=\"auto, (max-width: 584px) 100vw, 584px\" \/><\/h2>\n<h2>\u00d6vrigt<\/h2>\n<p>Det finns h\u00e4ften med otandade frim\u00e4rken.<br \/>\nFM sitter oftast tillsammans med kn, men det finns h\u00e4ften med ensamt FM.<\/p>\n<p>Frim\u00e4rkena levererade ovikta fr\u00e5n tryckeriet. H\u00e4ftet g\u00e5r att vika p\u00e5 2 st\u00e4llen.<br \/>\nBuntar finns med och utan kn.<\/p>\n<h2>Bild p\u00e5 variant<\/h2>\n<div id=\"attachment_4961\" style=\"width: 594px\" class=\"wp-caption alignleft\"><a href=\"http:\/\/xn--hftessamlarna-bfb.se\/wp-content\/uploads\/SH6snett.jpg\"><img loading=\"lazy\" decoding=\"async\" aria-describedby=\"caption-attachment-4961\" class=\"wp-image-4961 size-large\" src=\"http:\/\/xn--hftessamlarna-bfb.se\/wp-content\/uploads\/SH6snett-1024x503.jpg\" alt=\"SH6snett\" width=\"584\" height=\"287\" srcset=\"https:\/\/xn--hftessamlarna-bfb.se\/wp-content\/uploads\/SH6snett-1024x503.jpg 1024w, https:\/\/xn--hftessamlarna-bfb.se\/wp-content\/uploads\/SH6snett-150x74.jpg 150w, https:\/\/xn--hftessamlarna-bfb.se\/wp-content\/uploads\/SH6snett-300x147.jpg 300w, https:\/\/xn--hftessamlarna-bfb.se\/wp-content\/uploads\/SH6snett-500x245.jpg 500w, https:\/\/xn--hftessamlarna-bfb.se\/wp-content\/uploads\/SH6snett.jpg 1363w\" sizes=\"auto, (max-width: 584px) 100vw, 584px\" \/><\/a><p id=\"caption-attachment-4961\" class=\"wp-caption-text\">kanten \u00e4r snedskuren men l\u00e4ngden p\u00e5 h\u00e4ftet \u00e4r 1 mm st\u00f6rre \u00e4n normalt<\/p><\/div>\n","protected":false},"excerpt":{"rendered":"<p>Utgivningsdag 2002-05-10 F 2317\u00a0&#8211; 2320 10 \u00d7 inrikes brev, fyra motiv Frim\u00e4rkena \u00e4r tryckta i fyrf\u00e4rgs offset 83 mm breda, 9 inlagor\/varv, rest vid division med 9 Typer (ny indelning juni 2023) H\u00e4ftet har 42 punkters vikperforering (perf 10) slagen &hellip; <a href=\"https:\/\/xn--hftessamlarna-bfb.se\/?page_id=352\">Forts\u00e4tt l\u00e4sa <span class=\"meta-nav\">&rarr;<\/span><\/a><\/p>\n","protected":false},"author":1,"featured_media":0,"parent":307,"menu_order":6,"comment_status":"open","ping_status":"closed","template":"","meta":{"footnotes":""},"class_list":["post-352","page","type-page","status-publish","hentry"],"_links":{"self":[{"href":"https:\/\/xn--hftessamlarna-bfb.se\/index.php?rest_route=\/wp\/v2\/pages\/352","targetHints":{"allow":["GET"]}}],"collection":[{"href":"https:\/\/xn--hftessamlarna-bfb.se\/index.php?rest_route=\/wp\/v2\/pages"}],"about":[{"href":"https:\/\/xn--hftessamlarna-bfb.se\/index.php?rest_route=\/wp\/v2\/types\/page"}],"author":[{"embeddable":true,"href":"https:\/\/xn--hftessamlarna-bfb.se\/index.php?rest_route=\/wp\/v2\/users\/1"}],"replies":[{"embeddable":true,"href":"https:\/\/xn--hftessamlarna-bfb.se\/index.php?rest_route=%2Fwp%2Fv2%2Fcomments&post=352"}],"version-history":[{"count":0,"href":"https:\/\/xn--hftessamlarna-bfb.se\/index.php?rest_route=\/wp\/v2\/pages\/352\/revisions"}],"up":[{"embeddable":true,"href":"https:\/\/xn--hftessamlarna-bfb.se\/index.php?rest_route=\/wp\/v2\/pages\/307"}],"wp:attachment":[{"href":"https:\/\/xn--hftessamlarna-bfb.se\/index.php?rest_route=%2Fwp%2Fv2%2Fmedia&parent=352"}],"curies":[{"name":"wp","href":"https:\/\/api.w.org\/{rel}","templated":true}]}}