{"id":3384,"date":"2012-12-05T12:37:31","date_gmt":"2012-12-05T10:37:31","guid":{"rendered":"http:\/\/xn--hftessamlarna-bfb.se\/?page_id=3384"},"modified":"2013-12-04T07:33:59","modified_gmt":"2013-12-04T06:33:59","slug":"h106-gustaf-vi-adolf-typ-i-25-ore-bla","status":"publish","type":"page","link":"https:\/\/xn--hftessamlarna-bfb.se\/?page_id=3384","title":{"rendered":"H106 Gustaf VI Adolf, typ I, 25 \u00f6re bl\u00e5"},"content":{"rendered":"<p><a href=\"http:\/\/xn--hftessamlarna-bfb.se\/?attachment_id=3399\" rel=\"attachment wp-att-3399\"><img loading=\"lazy\" decoding=\"async\" class=\"aligncenter size-full wp-image-3399\" title=\"H106\" alt=\"\" src=\"http:\/\/xn--hftessamlarna-bfb.se\/wp-content\/uploads\/H106.jpg\" width=\"960\" height=\"533\" srcset=\"https:\/\/xn--hftessamlarna-bfb.se\/wp-content\/uploads\/H106.jpg 960w, https:\/\/xn--hftessamlarna-bfb.se\/wp-content\/uploads\/H106-150x83.jpg 150w, https:\/\/xn--hftessamlarna-bfb.se\/wp-content\/uploads\/H106-300x166.jpg 300w, https:\/\/xn--hftessamlarna-bfb.se\/wp-content\/uploads\/H106-500x277.jpg 500w\" sizes=\"auto, (max-width: 960px) 100vw, 960px\" \/><\/a>Utgivningsdag 1954-03-15<br \/>\nF 406<br \/>\n20 x 25 \u00f6re, ett motiv<br \/>\nTryckt med st\u00e5lgravyrtryck<br \/>\nUpplaga 6,50 miljoner h\u00e4ften<\/p>\n<h2>Typer<\/h2>\n<p><strong>A<\/strong> x = 146,5-147 mm, z = 17 mm, skiljelinje 55-57 mm fr\u00e5n ryggen, utan sneds<br \/>\n<strong>Aa<\/strong> inlaga utan vitmedel<br \/>\n<strong>Ab<\/strong> inlaga med vitmedel<\/p>\n<p><strong>B<\/strong> x = 139-139,5 mm, z = 11,5-12 mm, skiljelinje 47-51 mm fr\u00e5n rygg<strong><\/strong><\/p>\n<p><strong>B1<\/strong> utan sneds<br \/>\n<strong>B1a<\/strong> gl\u00e4ttat papper p\u00e5 omslag<br \/>\n<strong>B1b<\/strong> ogl\u00e4ttat papper p\u00e5 omslag<strong><\/strong><\/p>\n<p><strong>B2<\/strong> med sneds <strong>\\ |<br \/>\n<strong>B2a<\/strong><\/strong> gl\u00e4ttat papper p\u00e5 omslag<strong><br \/>\n<strong>B2b<\/strong><\/strong> ogl\u00e4ttat papper p\u00e5 omslag<strong><br \/>\n<\/strong><\/p>\n<h2>Markeringar<\/h2>\n<p><strong>A<\/strong><br \/>\ncyls 1h<br \/>\ncyls 1v<br \/>\ncyls 2<\/p>\n<p><strong>B1<\/strong><br \/>\ncyls 1<br \/>\ncyls 1h<br \/>\ncyls 1v<br \/>\ncyls 2<strong><\/strong><br \/>\ncyls 2<strong><\/strong>h<br \/>\ncyls 2<strong><\/strong>v<\/p>\n<p><strong>B2<\/strong><br \/>\nsneds, f = 3,0, g = 10,6<strong><\/strong><\/p>\n","protected":false},"excerpt":{"rendered":"<p>Utgivningsdag 1954-03-15 F 406 20 x 25 \u00f6re, ett motiv Tryckt med st\u00e5lgravyrtryck Upplaga 6,50 miljoner h\u00e4ften Typer A x = 146,5-147 mm, z = 17 mm, skiljelinje 55-57 mm fr\u00e5n ryggen, utan sneds Aa inlaga utan vitmedel Ab inlaga &hellip; <a href=\"https:\/\/xn--hftessamlarna-bfb.se\/?page_id=3384\">Forts\u00e4tt l\u00e4sa <span class=\"meta-nav\">&rarr;<\/span><\/a><\/p>\n","protected":false},"author":1,"featured_media":0,"parent":2724,"menu_order":106,"comment_status":"open","ping_status":"closed","template":"","meta":{"footnotes":""},"class_list":["post-3384","page","type-page","status-publish","hentry"],"_links":{"self":[{"href":"https:\/\/xn--hftessamlarna-bfb.se\/index.php?rest_route=\/wp\/v2\/pages\/3384","targetHints":{"allow":["GET"]}}],"collection":[{"href":"https:\/\/xn--hftessamlarna-bfb.se\/index.php?rest_route=\/wp\/v2\/pages"}],"about":[{"href":"https:\/\/xn--hftessamlarna-bfb.se\/index.php?rest_route=\/wp\/v2\/types\/page"}],"author":[{"embeddable":true,"href":"https:\/\/xn--hftessamlarna-bfb.se\/index.php?rest_route=\/wp\/v2\/users\/1"}],"replies":[{"embeddable":true,"href":"https:\/\/xn--hftessamlarna-bfb.se\/index.php?rest_route=%2Fwp%2Fv2%2Fcomments&post=3384"}],"version-history":[{"count":0,"href":"https:\/\/xn--hftessamlarna-bfb.se\/index.php?rest_route=\/wp\/v2\/pages\/3384\/revisions"}],"up":[{"embeddable":true,"href":"https:\/\/xn--hftessamlarna-bfb.se\/index.php?rest_route=\/wp\/v2\/pages\/2724"}],"wp:attachment":[{"href":"https:\/\/xn--hftessamlarna-bfb.se\/index.php?rest_route=%2Fwp%2Fv2%2Fmedia&parent=3384"}],"curies":[{"name":"wp","href":"https:\/\/api.w.org\/{rel}","templated":true}]}}