{"id":3133,"date":"2012-11-29T08:39:57","date_gmt":"2012-11-29T06:39:57","guid":{"rendered":"http:\/\/xn--hftessamlarna-bfb.se\/?page_id=3133"},"modified":"2014-09-03T13:53:02","modified_gmt":"2014-09-03T12:53:02","slug":"sh63-jul2012-julgrannt","status":"publish","type":"page","link":"https:\/\/xn--hftessamlarna-bfb.se\/?page_id=3133","title":{"rendered":"SH63 Jul 2012 &#8211; Julgrant"},"content":{"rendered":"<p><a href=\"http:\/\/xn--hftessamlarna-bfb.se\/wp-content\/uploads\/SH63.jpg\" rel=\"attachment wp-att-3134\"><img loading=\"lazy\" decoding=\"async\" class=\"aligncenter wp-image-3134 size-full\" title=\"SH63\" src=\"http:\/\/xn--hftessamlarna-bfb.se\/wp-content\/uploads\/SH63.jpg\" alt=\"\" width=\"960\" height=\"772\" srcset=\"https:\/\/xn--hftessamlarna-bfb.se\/wp-content\/uploads\/SH63.jpg 960w, https:\/\/xn--hftessamlarna-bfb.se\/wp-content\/uploads\/SH63-150x120.jpg 150w, https:\/\/xn--hftessamlarna-bfb.se\/wp-content\/uploads\/SH63-300x241.jpg 300w, https:\/\/xn--hftessamlarna-bfb.se\/wp-content\/uploads\/SH63-373x300.jpg 373w\" sizes=\"auto, (max-width: 960px) 100vw, 960px\" \/><\/a>Utgivningsdag 2012-11-22<br \/>\nF 2923 &#8211; 2926<br \/>\n10 x inrikes julpost, fyra motiv<br \/>\nTryckt i G:8 med fyrf\u00e4rgs UV-offset<br \/>\n12 * 2 band<\/p>\n<h2>Typer<\/h2>\n<p>H\u00e4ftet har 31 punkters vikperforering (perf 10) slagen fr\u00e5n frim\u00e4rkssidan<\/p>\n<h2>Markeringar<\/h2>\n<p>FM mellan 4 och 5:e frim\u00e4rket efter kn<br \/>\ncyls 1 i h\u00f6ger kant<br \/>\ncyls 2 i h\u00f6ger kant<br \/>\nhelt kn BS mellan 4 och 5:e frim\u00e4rket<\/p>\n<h2>K\u00e4nda kombinationer<\/h2>\n<p><a href=\"http:\/\/xn--hftessamlarna-bfb.se\/wp-content\/uploads\/SH63tabell.jpg\"><img loading=\"lazy\" decoding=\"async\" class=\"alignleft wp-image-4553 size-large\" src=\"http:\/\/xn--hftessamlarna-bfb.se\/wp-content\/uploads\/SH63tabell-1024x269.jpg\" alt=\"SH63tabell\" width=\"584\" height=\"153\" srcset=\"https:\/\/xn--hftessamlarna-bfb.se\/wp-content\/uploads\/SH63tabell-1024x269.jpg 1024w, https:\/\/xn--hftessamlarna-bfb.se\/wp-content\/uploads\/SH63tabell-150x39.jpg 150w, https:\/\/xn--hftessamlarna-bfb.se\/wp-content\/uploads\/SH63tabell-300x78.jpg 300w, https:\/\/xn--hftessamlarna-bfb.se\/wp-content\/uploads\/SH63tabell-500x131.jpg 500w, https:\/\/xn--hftessamlarna-bfb.se\/wp-content\/uploads\/SH63tabell.jpg 1789w\" sizes=\"auto, (max-width: 584px) 100vw, 584px\" \/><\/a><\/p>\n<h2>Tryckbana<\/h2>\n<p>H\u00e4r kan man se hur h\u00e4ftena kommer i tryckpressen. Bilden har vi f\u00e5tt fr\u00e5n frim\u00e4rkstryckeriet och \u00e4r \u201dsuddig\u201d av s\u00e4kerhetssk\u00e4l. man ser markeringarnas placering. Klicka p\u00e5 bilden s\u00e5 blir den st\u00f6rre. (cyls 1 och kn i mitten, kn till h\u00f6ger)<\/p>\n<h2><a href=\"http:\/\/xn--hftessamlarna-bfb.se\/wp-content\/uploads\/SH63-helt-ark.jpg\" rel=\"attachment wp-att-3135\"><img loading=\"lazy\" decoding=\"async\" class=\"aligncenter wp-image-3135 size-large\" title=\"OLYMPUS DIGITAL CAMERA\" src=\"http:\/\/xn--hftessamlarna-bfb.se\/wp-content\/uploads\/SH63-helt-ark-1024x773.jpg\" alt=\"\" width=\"584\" height=\"440\" srcset=\"https:\/\/xn--hftessamlarna-bfb.se\/wp-content\/uploads\/SH63-helt-ark-1024x773.jpg 1024w, https:\/\/xn--hftessamlarna-bfb.se\/wp-content\/uploads\/SH63-helt-ark-150x113.jpg 150w, https:\/\/xn--hftessamlarna-bfb.se\/wp-content\/uploads\/SH63-helt-ark-300x226.jpg 300w, https:\/\/xn--hftessamlarna-bfb.se\/wp-content\/uploads\/SH63-helt-ark-397x300.jpg 397w\" sizes=\"auto, (max-width: 584px) 100vw, 584px\" \/><\/a>Julgranens prydnader ber\u00e4ttar om julh\u00f6gtiden<\/h2>\n<p>Seden med julgran i hemmen v\u00e4xte fram p\u00e5 kontinenten. Under 1600- och 1700-talet introducerades ljus i granen, och vid 1800-talets mitt b\u00f6rjade julgranskulor i glas tillverkas f\u00f6r hand i hemmen runt de tyska glasbruken och glashyttorna.<br \/>\n&#8211; N\u00e4r Sveriges handel med Tyskland tog fart under andra halvan av 1800-talet b\u00f6rjade ocks\u00e5 julgranskulor att importeras. Till slutet av detta sekel kan man ocks\u00e5 f\u00f6rl\u00e4gga det n\u00e4rmast explosionsartade intresset f\u00f6r julen och alla dess uttrycksformer, fr\u00e5n julgransprydnader till julkortskickande.<br \/>\nDet s\u00e4ger Lena K\u00e4ttstr\u00f6m H\u00f6\u00f6k, intendent vid Nordiska museet i Stockholm och ansvarig f\u00f6r kartl\u00e4ggning, insamling och forskning om \u00e5rets h\u00f6gtider.<\/p>\n<p>Med julgransplundringen vid trettonhelgen i sikte har man sedan l\u00e4nge f\u00f6rsett granen med gotter av olika slag. Julhj\u00e4rtat som visas p\u00e5 ett av frim\u00e4rkena \u00e4r en utm\u00e4rkt plats att f\u00f6rvara godis p\u00e5. Traditionen med julhj\u00e4rtan kommer fr\u00e5n Danmark d\u00e4r det under 1800-talet var popul\u00e4rt med pappersklippning.<br \/>\n&#8211; Stj\u00e4rnor i olika storlekar och material har funnits med i olika funktioner under hela julperioden, fr\u00e5n advent till trettondagen.<\/p>\n<p>Ursprunget \u00e4r f\u00f6rst\u00e5s Betlehemsstj\u00e4rnan vars uppdykande p\u00e5 himlen f\u00f6rkunnade Jesu f\u00f6delse. Materialet i stj\u00e4rnan p\u00e5 frim\u00e4rket \u00e4r halm, en p\u00e5minnelse om det underlag det ber\u00e4ttas att Jesusbamet l\u00e5g p\u00e5 i krubban, s\u00e4ger Lena K\u00e4ttstr\u00f6m H\u00f6\u00f6k.<\/p>\n<p>Budskapet om Jesu f\u00f6delse f\u00f6rmedlades enligt Bibeln till n\u00e5gra herdar av en \u00e4ngel, och \u00e4nglarnas roll i julfirandet \u00e4r att symbolisera detta glada besked. \u00c4ngeln som julgransprydnad har tillverkats i olika material, fr\u00e5n papp till gl\u00e4nsande metall.<br \/>\n(<em>fr\u00e5n Posten Bulletin5\/2012<\/em>)<\/p>\n","protected":false},"excerpt":{"rendered":"<p>Utgivningsdag 2012-11-22 F 2923 &#8211; 2926 10 x inrikes julpost, fyra motiv Tryckt i G:8 med fyrf\u00e4rgs UV-offset 12 * 2 band Typer H\u00e4ftet har 31 punkters vikperforering (perf 10) slagen fr\u00e5n frim\u00e4rkssidan Markeringar FM mellan 4 och 5:e frim\u00e4rket &hellip; <a href=\"https:\/\/xn--hftessamlarna-bfb.se\/?page_id=3133\">Forts\u00e4tt l\u00e4sa <span class=\"meta-nav\">&rarr;<\/span><\/a><\/p>\n","protected":false},"author":1,"featured_media":0,"parent":307,"menu_order":63,"comment_status":"open","ping_status":"closed","template":"","meta":{"footnotes":""},"class_list":["post-3133","page","type-page","status-publish","hentry"],"_links":{"self":[{"href":"https:\/\/xn--hftessamlarna-bfb.se\/index.php?rest_route=\/wp\/v2\/pages\/3133","targetHints":{"allow":["GET"]}}],"collection":[{"href":"https:\/\/xn--hftessamlarna-bfb.se\/index.php?rest_route=\/wp\/v2\/pages"}],"about":[{"href":"https:\/\/xn--hftessamlarna-bfb.se\/index.php?rest_route=\/wp\/v2\/types\/page"}],"author":[{"embeddable":true,"href":"https:\/\/xn--hftessamlarna-bfb.se\/index.php?rest_route=\/wp\/v2\/users\/1"}],"replies":[{"embeddable":true,"href":"https:\/\/xn--hftessamlarna-bfb.se\/index.php?rest_route=%2Fwp%2Fv2%2Fcomments&post=3133"}],"version-history":[{"count":0,"href":"https:\/\/xn--hftessamlarna-bfb.se\/index.php?rest_route=\/wp\/v2\/pages\/3133\/revisions"}],"up":[{"embeddable":true,"href":"https:\/\/xn--hftessamlarna-bfb.se\/index.php?rest_route=\/wp\/v2\/pages\/307"}],"wp:attachment":[{"href":"https:\/\/xn--hftessamlarna-bfb.se\/index.php?rest_route=%2Fwp%2Fv2%2Fmedia&parent=3133"}],"curies":[{"name":"wp","href":"https:\/\/api.w.org\/{rel}","templated":true}]}}