{"id":313,"date":"2011-10-19T10:09:09","date_gmt":"2011-10-19T08:09:09","guid":{"rendered":"http:\/\/xn--hftessamlarna-bfb.se\/?page_id=313"},"modified":"2023-05-04T18:55:19","modified_gmt":"2023-05-04T17:55:19","slug":"sh1-tecken-i-skyn","status":"publish","type":"page","link":"https:\/\/xn--hftessamlarna-bfb.se\/?page_id=313","title":{"rendered":"SH1 Tecken i skyn"},"content":{"rendered":"<p><a href=\"https:\/\/xn--hftessamlarna-bfb.se\/wp-content\/uploads\/SH-0001-header-2000.jpg\" rel=\"attachment wp-att-1889\"><img loading=\"lazy\" decoding=\"async\" class=\"alignnone wp-image-7012 size-full\" title=\"SH1\" src=\"https:\/\/xn--hftessamlarna-bfb.se\/wp-content\/uploads\/SH-0001-header-2000.jpg\" alt=\"\" width=\"960\" height=\"511\" srcset=\"https:\/\/xn--hftessamlarna-bfb.se\/wp-content\/uploads\/SH-0001-header-2000.jpg 960w, https:\/\/xn--hftessamlarna-bfb.se\/wp-content\/uploads\/SH-0001-header-2000-300x160.jpg 300w, https:\/\/xn--hftessamlarna-bfb.se\/wp-content\/uploads\/SH-0001-header-2000-150x80.jpg 150w, https:\/\/xn--hftessamlarna-bfb.se\/wp-content\/uploads\/SH-0001-header-2000-768x409.jpg 768w, https:\/\/xn--hftessamlarna-bfb.se\/wp-content\/uploads\/SH-0001-header-2000-500x266.jpg 500w\" sizes=\"auto, (max-width: 960px) 100vw, 960px\" \/><\/a>Utgivningsdag 2000-08-17<br \/>\nF 2199 &#8211; 2204<br \/>\n6 \u00d7 inrikes brev, flerf\u00e4rg, 6 motiv<br \/>\nFrim\u00e4rkena \u00e4r tryckta i 4-f\u00e4rgsoffset<br \/>\n41,7 mm breda, 18 inlagor\/varv<\/p>\n<p><strong>Ny indelning december 2018<\/strong><\/p>\n<h2>Typer<\/h2>\n<p><strong>A &#8211; 8<\/strong> punkters vikperforering (perf 4) slagen fr\u00e5n frim\u00e4rkssidan (tidigare A1)<br \/>\n<strong>B &#8211; 10<\/strong> punkters vikperforering (perf 5) slagen fr\u00e5n frim\u00e4rkssidan (tidigare A2)<br \/>\n<strong>C &#8211; 21<\/strong> punkters vikperforering (perf 10) slagen fr\u00e5n frim\u00e4rkssidan (tidigare A3)<\/p>\n<p><a href=\"https:\/\/xn--hftessamlarna-bfb.se\/wp-content\/uploads\/SH-0001-ABC-2000.jpg\"><img loading=\"lazy\" decoding=\"async\" class=\"alignnone wp-image-7013 size-large\" src=\"https:\/\/xn--hftessamlarna-bfb.se\/wp-content\/uploads\/SH-0001-ABC-2000-1024x196.jpg\" alt=\"\" width=\"584\" height=\"112\" srcset=\"https:\/\/xn--hftessamlarna-bfb.se\/wp-content\/uploads\/SH-0001-ABC-2000-1024x196.jpg 1024w, https:\/\/xn--hftessamlarna-bfb.se\/wp-content\/uploads\/SH-0001-ABC-2000-300x58.jpg 300w, https:\/\/xn--hftessamlarna-bfb.se\/wp-content\/uploads\/SH-0001-ABC-2000-150x29.jpg 150w, https:\/\/xn--hftessamlarna-bfb.se\/wp-content\/uploads\/SH-0001-ABC-2000-768x147.jpg 768w, https:\/\/xn--hftessamlarna-bfb.se\/wp-content\/uploads\/SH-0001-ABC-2000-500x96.jpg 500w, https:\/\/xn--hftessamlarna-bfb.se\/wp-content\/uploads\/SH-0001-ABC-2000.jpg 1496w\" sizes=\"auto, (max-width: 584px) 100vw, 584px\" \/><\/a><\/p>\n<p>D\u00e5 de nya beteckningarna \u00e4r helt olika de gamla kan de inte sammanblandas.<\/p>\n<p>Vikperforeringen \u00e4r slagen fr\u00e5n frim\u00e4rkssidan. Varianten A representerar ett cylinderband d\u00e4r c 1 \u00e4r 4.0 mm fr\u00e5n bild och c 2 \u00e4r 3.5 mm fr\u00e5n bild. P\u00e5 detta cylinderband har kn tryckts. P\u00e5 det andra bandet SH1B \u00e4r b\u00e5de c1 och c 2 3.0 mm fr\u00e5n bild och p\u00e5 detta band har inga kn tryckts. Av n\u00e5gon anledning fick band SH1A streckperforering med 8 punkter, medan band SH1B fick 10 punkter. Senare fick b\u00e5da banden streckperforering med 21 punkter. Denna variant betecknas SH1C och representerar b\u00e5da banden. P\u00e5 SH1C finns b\u00e5da placeringarna av c 1 och c 2.<\/p>\n<h2>Markeringar<\/h2>\n<p><strong>A<\/strong> (8 punkters vikperforering<strong>)<br \/>\nN<br \/>\n<\/strong>FM (18 punkter) i \u00f6vre kant till h\u00f6ger om mitten<br \/>\ncyls 1 (i nedre kant, 4,0 mm fr\u00e5n bild)<br \/>\ncyls 2 (i nedre kant, 3,5 mm fr\u00e5n bild)<br \/>\nhelt kn i nedre kant<br \/>\ndelat kn i nedre kant (1,5\/3,5) &#8211; ett k\u00e4nt exemplar<\/p>\n<p><strong>B <\/strong>(10 punkters vikperforering<strong>)<br \/>\nR<br \/>\n<\/strong>FM (18 punkter) i \u00f6vre kant till v\u00e4nster om mitten, delad fm f\u00f6rekommer<br \/>\n4 mm bred lackskarv inom frim\u00e4rke till h\u00f6ger<br \/>\ncyls 1 (i nedre kant, 3,0 mm fr\u00e5n bild)<br \/>\ncyls 2 (i nedre kant, 3,0 mm fr\u00e5n bild)<\/p>\n<p><strong>C <\/strong>(21 punkters vikperforering)<br \/>\n<strong>R<\/strong><br \/>\nFM i \u00f6vre kant till h\u00f6ger om mitten<br \/>\ncyls 1 (i nedre kant, 3,0 mm fr\u00e5n bild)<br \/>\ncyls 2 (i nedre kant, 3,0 mm fr\u00e5n bild)<br \/>\n<strong>N<br \/>\n<\/strong>FM (6 punkter) i \u00f6vre kant till v\u00e4nster om mitten<br \/>\ncyls 1 (i nedre kant, 4,0 mm fr\u00e5n bild)<br \/>\ncyls 2 (i nedre kant, 3,5 mm fr\u00e5n bild)<br \/>\nhelt kn i nedre marginal<\/p>\n<h2><\/h2>\n<div id=\"attachment_7014\" style=\"width: 310px\" class=\"wp-caption alignnone\"><a href=\"https:\/\/xn--hftessamlarna-bfb.se\/wp-content\/uploads\/SH-0001-RN-2000.jpg\"><img loading=\"lazy\" decoding=\"async\" aria-describedby=\"caption-attachment-7014\" class=\"wp-image-7014 size-medium\" src=\"https:\/\/xn--hftessamlarna-bfb.se\/wp-content\/uploads\/SH-0001-RN-2000-300x217.jpg\" alt=\"\" width=\"300\" height=\"217\" srcset=\"https:\/\/xn--hftessamlarna-bfb.se\/wp-content\/uploads\/SH-0001-RN-2000-300x217.jpg 300w, https:\/\/xn--hftessamlarna-bfb.se\/wp-content\/uploads\/SH-0001-RN-2000-150x109.jpg 150w, https:\/\/xn--hftessamlarna-bfb.se\/wp-content\/uploads\/SH-0001-RN-2000-768x556.jpg 768w, https:\/\/xn--hftessamlarna-bfb.se\/wp-content\/uploads\/SH-0001-RN-2000-414x300.jpg 414w, https:\/\/xn--hftessamlarna-bfb.se\/wp-content\/uploads\/SH-0001-RN-2000.jpg 986w\" sizes=\"auto, (max-width: 300px) 100vw, 300px\" \/><\/a><p id=\"caption-attachment-7014\" class=\"wp-caption-text\">Illustration \u00f6ver markeringarnas placering samt k\u00e4nnetecken f\u00f6r R- resp N-h\u00e4ften<\/p><\/div>\n<h2>K\u00e4nda kombinationer<\/h2>\n<p><a href=\"http:\/\/xn--hftessamlarna-bfb.se\/wp-content\/uploads\/SH1tabell.jpg\"><img loading=\"lazy\" decoding=\"async\" class=\"alignnone size-large wp-image-5853\" src=\"http:\/\/xn--hftessamlarna-bfb.se\/wp-content\/uploads\/SH1tabell-1024x640.jpg\" alt=\"\" width=\"584\" height=\"365\" srcset=\"https:\/\/xn--hftessamlarna-bfb.se\/wp-content\/uploads\/SH1tabell-1024x640.jpg 1024w, https:\/\/xn--hftessamlarna-bfb.se\/wp-content\/uploads\/SH1tabell-150x94.jpg 150w, https:\/\/xn--hftessamlarna-bfb.se\/wp-content\/uploads\/SH1tabell-300x187.jpg 300w, https:\/\/xn--hftessamlarna-bfb.se\/wp-content\/uploads\/SH1tabell-768x480.jpg 768w, https:\/\/xn--hftessamlarna-bfb.se\/wp-content\/uploads\/SH1tabell-480x300.jpg 480w\" sizes=\"auto, (max-width: 584px) 100vw, 584px\" \/><\/a><\/p>\n<h2>Delad FM<\/h2>\n<div id=\"attachment_3810\" style=\"width: 356px\" class=\"wp-caption alignleft\"><a href=\"http:\/\/xn--hftessamlarna-bfb.se\/wp-content\/uploads\/SH1Delat-FM.jpg\" rel=\"attachment wp-att-3810\"><img loading=\"lazy\" decoding=\"async\" aria-describedby=\"caption-attachment-3810\" class=\" wp-image-3810\" src=\"http:\/\/xn--hftessamlarna-bfb.se\/wp-content\/uploads\/SH1Delat-FM.jpg\" alt=\"SH1Delat-FM\" width=\"346\" height=\"185\" srcset=\"https:\/\/xn--hftessamlarna-bfb.se\/wp-content\/uploads\/SH1Delat-FM.jpg 960w, https:\/\/xn--hftessamlarna-bfb.se\/wp-content\/uploads\/SH1Delat-FM-150x80.jpg 150w, https:\/\/xn--hftessamlarna-bfb.se\/wp-content\/uploads\/SH1Delat-FM-300x160.jpg 300w, https:\/\/xn--hftessamlarna-bfb.se\/wp-content\/uploads\/SH1Delat-FM-500x268.jpg 500w\" sizes=\"auto, (max-width: 346px) 100vw, 346px\" \/><\/a><p id=\"caption-attachment-3810\" class=\"wp-caption-text\">delat FM &#8211; mycket ovanligt med delning \u00e4ven p\u00e5 &#8221;bredden&#8221;<\/p><\/div>\n<h2>Fakta om frim\u00e4rket<\/h2>\n<p>H\u00e4ftet har tryckts ovikt varf\u00f6r RT i vanlig bem\u00e4rkelse inte har n\u00e5gon funktion. Motsvarande 50-markering har ist\u00e4llet tryckts p\u00e5 inlagans \u00f6verkant med hj\u00e4lp av en bl\u00e4ckstr\u00e5leskrivare som ofta f\u00f6rorsakar punktsv\u00e4rmar omkring den liggande rektangeln. Inlaga och omslag sammanfogas innan tryckning i den nya maskinen. H\u00e4ftena \u00e4r tryckta i tete-beche vilket f\u00f6rklarar &#8221;RT&#8217;s&#8221; olika placeringar. M\u00e4rkena har tryckts p\u00e5 ett speciellt papper som kallas &#8221;Stamp 96 NPW S2000&#8221; och kommer ifr\u00e5n Fasson Roll Europ\u00e9. Utstansningen sker i samband med tryckningen.<\/p>\n","protected":false},"excerpt":{"rendered":"<p>Utgivningsdag 2000-08-17 F 2199 &#8211; 2204 6 \u00d7 inrikes brev, flerf\u00e4rg, 6 motiv Frim\u00e4rkena \u00e4r tryckta i 4-f\u00e4rgsoffset 41,7 mm breda, 18 inlagor\/varv Ny indelning december 2018 Typer A &#8211; 8 punkters vikperforering (perf 4) slagen fr\u00e5n frim\u00e4rkssidan (tidigare A1) &hellip; <a href=\"https:\/\/xn--hftessamlarna-bfb.se\/?page_id=313\">Forts\u00e4tt l\u00e4sa <span class=\"meta-nav\">&rarr;<\/span><\/a><\/p>\n","protected":false},"author":1,"featured_media":0,"parent":307,"menu_order":1,"comment_status":"open","ping_status":"closed","template":"","meta":{"footnotes":""},"class_list":["post-313","page","type-page","status-publish","hentry"],"_links":{"self":[{"href":"https:\/\/xn--hftessamlarna-bfb.se\/index.php?rest_route=\/wp\/v2\/pages\/313","targetHints":{"allow":["GET"]}}],"collection":[{"href":"https:\/\/xn--hftessamlarna-bfb.se\/index.php?rest_route=\/wp\/v2\/pages"}],"about":[{"href":"https:\/\/xn--hftessamlarna-bfb.se\/index.php?rest_route=\/wp\/v2\/types\/page"}],"author":[{"embeddable":true,"href":"https:\/\/xn--hftessamlarna-bfb.se\/index.php?rest_route=\/wp\/v2\/users\/1"}],"replies":[{"embeddable":true,"href":"https:\/\/xn--hftessamlarna-bfb.se\/index.php?rest_route=%2Fwp%2Fv2%2Fcomments&post=313"}],"version-history":[{"count":0,"href":"https:\/\/xn--hftessamlarna-bfb.se\/index.php?rest_route=\/wp\/v2\/pages\/313\/revisions"}],"up":[{"embeddable":true,"href":"https:\/\/xn--hftessamlarna-bfb.se\/index.php?rest_route=\/wp\/v2\/pages\/307"}],"wp:attachment":[{"href":"https:\/\/xn--hftessamlarna-bfb.se\/index.php?rest_route=%2Fwp%2Fv2%2Fmedia&parent=313"}],"curies":[{"name":"wp","href":"https:\/\/api.w.org\/{rel}","templated":true}]}}