{"id":2751,"date":"2012-08-21T10:50:43","date_gmt":"2012-08-21T08:50:43","guid":{"rendered":"http:\/\/xn--hftessamlarna-bfb.se\/?page_id=2751"},"modified":"2016-07-12T09:16:10","modified_gmt":"2016-07-12T08:16:10","slug":"h588-textilkonst","status":"publish","type":"page","link":"https:\/\/xn--hftessamlarna-bfb.se\/?page_id=2751","title":{"rendered":"H588 Textilkonst"},"content":{"rendered":"<p><a href=\"http:\/\/xn--hftessamlarna-bfb.se\/?attachment_id=2753\" rel=\"attachment wp-att-2753\"><img loading=\"lazy\" decoding=\"async\" class=\"aligncenter size-full wp-image-2753\" title=\"H588\" src=\"http:\/\/xn--hftessamlarna-bfb.se\/wp-content\/uploads\/H588.jpg\" alt=\"\" width=\"685\" height=\"332\" srcset=\"https:\/\/xn--hftessamlarna-bfb.se\/wp-content\/uploads\/H588.jpg 685w, https:\/\/xn--hftessamlarna-bfb.se\/wp-content\/uploads\/H588-150x72.jpg 150w, https:\/\/xn--hftessamlarna-bfb.se\/wp-content\/uploads\/H588-300x145.jpg 300w, https:\/\/xn--hftessamlarna-bfb.se\/wp-content\/uploads\/H588-500x242.jpg 500w\" sizes=\"auto, (max-width: 685px) 100vw, 685px\" \/><\/a>Utgivningsdag 2012-08-16<br \/>\nF 2916 &#8211; 2920<br \/>\n10 x inrikes brev, fem motiv<br \/>\nTryckta i\u00a01 f\u00e4rg st\u00e5ltryck och 4 f\u00e4rger offset (G:5).<br \/>\nOmslaget tryckta i 4 f\u00e4rger +1 offset (G:8)<br \/>\n17 * 1 band<\/p>\n<h2>Typer<\/h2>\n<p>F\u00f6ljande indelning kan man t\u00e4nka sig:<br \/>\n<strong>A<\/strong> inlaga med sl\u00e4t baksida<br \/>\n<strong>B<\/strong> inlagan har tydliga sp\u00e5r efter &#8221;f\u00e4rgavtryck&#8221;<\/p>\n<h2>Markeringar<\/h2>\n<p>delat\u00a0regm<br \/>\nRT 7,2 x 1,8 mm svart<br \/>\ncyls 1<br \/>\ncyls 2<br \/>\nhelt kn BS<\/p>\n<h2>Bl\u00e5 f\u00e4rgst\u00e4nk<\/h2>\n<p>Det finns kombinationer med cyls och kn som har rest 5 och 8. P\u00e5 kantremsan finns i en del av tryckningen bl\u00e5a f\u00e4rgst\u00e4nk. Det \u00e4r sv\u00e5rt att se n\u00e5got m\u00f6nster i hur de \u00e4r placerade.<\/p>\n<div id=\"attachment_2777\" style=\"width: 1034px\" class=\"wp-caption alignleft\"><a href=\"http:\/\/xn--hftessamlarna-bfb.se\/?attachment_id=2777\" rel=\"attachment wp-att-2777\"><img loading=\"lazy\" decoding=\"async\" aria-describedby=\"caption-attachment-2777\" class=\"size-full wp-image-2777\" title=\"Bl\u00e5 f\u00e4rgst\u00e4nk\" src=\"http:\/\/xn--hftessamlarna-bfb.se\/wp-content\/uploads\/h588bl\u00e5streck.jpg\" alt=\"\" width=\"1024\" height=\"255\" srcset=\"https:\/\/xn--hftessamlarna-bfb.se\/wp-content\/uploads\/h588bl\u00e5streck.jpg 1024w, https:\/\/xn--hftessamlarna-bfb.se\/wp-content\/uploads\/h588bl\u00e5streck-150x37.jpg 150w, https:\/\/xn--hftessamlarna-bfb.se\/wp-content\/uploads\/h588bl\u00e5streck-300x74.jpg 300w, https:\/\/xn--hftessamlarna-bfb.se\/wp-content\/uploads\/h588bl\u00e5streck-500x124.jpg 500w\" sizes=\"auto, (max-width: 1024px) 100vw, 1024px\" \/><\/a><p id=\"caption-attachment-2777\" class=\"wp-caption-text\">Bl\u00e5 f\u00e4rgst\u00e4nk p\u00e5 kantremsa &#8211; n\u00e5gra exempel<\/p><\/div>\n<h2>Olika storlek p\u00e5 kontrollnummer?<\/h2>\n<p>Finns det olika storlekar p\u00e5 kontrollnummer eller \u00e4r det en f\u00f6r\u00e4ndring som sker under tryckningen. Typsnittet verkar vara detsamma i b\u00e5da h\u00e4ftena&#8230;<\/p>\n<div id=\"attachment_3674\" style=\"width: 356px\" class=\"wp-caption alignleft\"><a href=\"http:\/\/xn--hftessamlarna-bfb.se\/?attachment_id=3674\" rel=\"attachment wp-att-3674\"><img loading=\"lazy\" decoding=\"async\" aria-describedby=\"caption-attachment-3674\" class=\" wp-image-3674 \" src=\"http:\/\/xn--hftessamlarna-bfb.se\/wp-content\/uploads\/H588olika-stora-kn.jpg\" alt=\"H588olika stora kn\" width=\"346\" height=\"157\" srcset=\"https:\/\/xn--hftessamlarna-bfb.se\/wp-content\/uploads\/H588olika-stora-kn.jpg 960w, https:\/\/xn--hftessamlarna-bfb.se\/wp-content\/uploads\/H588olika-stora-kn-150x68.jpg 150w, https:\/\/xn--hftessamlarna-bfb.se\/wp-content\/uploads\/H588olika-stora-kn-300x136.jpg 300w, https:\/\/xn--hftessamlarna-bfb.se\/wp-content\/uploads\/H588olika-stora-kn-500x227.jpg 500w\" sizes=\"auto, (max-width: 346px) 100vw, 346px\" \/><\/a><p id=\"caption-attachment-3674\" class=\"wp-caption-text\">Olika storlek p\u00e5 kn<\/p><\/div>\n<p>&nbsp;<\/p>\n<h2>Tryck p\u00e5 baksidan<\/h2>\n<div id=\"attachment_3698\" style=\"width: 970px\" class=\"wp-caption alignleft\"><a href=\"http:\/\/xn--hftessamlarna-bfb.se\/?attachment_id=3698\" rel=\"attachment wp-att-3698\"><img loading=\"lazy\" decoding=\"async\" aria-describedby=\"caption-attachment-3698\" class=\" wp-image-3698 \" src=\"http:\/\/xn--hftessamlarna-bfb.se\/wp-content\/uploads\/H588baksida.jpg\" alt=\"H588baksida\" width=\"960\" height=\"474\" srcset=\"https:\/\/xn--hftessamlarna-bfb.se\/wp-content\/uploads\/H588baksida.jpg 960w, https:\/\/xn--hftessamlarna-bfb.se\/wp-content\/uploads\/H588baksida-150x74.jpg 150w, https:\/\/xn--hftessamlarna-bfb.se\/wp-content\/uploads\/H588baksida-300x148.jpg 300w, https:\/\/xn--hftessamlarna-bfb.se\/wp-content\/uploads\/H588baksida-500x246.jpg 500w\" sizes=\"auto, (max-width: 960px) 100vw, 960px\" \/><\/a><p id=\"caption-attachment-3698\" class=\"wp-caption-text\">I en del av upplagan kan man se ett tydligt &#8221;avtryck&#8221; p\u00e5 baksidan. Se \u00f6vre h\u00e4ftet.<\/p><\/div>\n<p>&nbsp;<\/p>\n<h2>Tryckbana<\/h2>\n<p>H\u00e4r kan man se hur h\u00e4ftena kommer i tryckpressen. Bilden har vi f\u00e5tt fr\u00e5n frim\u00e4rkstryckeriet och \u00e4r \u201dsuddig\u201d av s\u00e4kerhetssk\u00e4l. man ser markeringarnas placering. Klicka p\u00e5 bilden s\u00e5 blir den st\u00f6rre. (cyls 2 och kn l\u00e4nst ned till v\u00e4nster)<\/p>\n<p><a href=\"http:\/\/xn--hftessamlarna-bfb.se\/?attachment_id=2752\" rel=\"attachment wp-att-2752\"><img loading=\"lazy\" decoding=\"async\" class=\"aligncenter size-full wp-image-2752\" title=\"H588bildark\" src=\"http:\/\/xn--hftessamlarna-bfb.se\/wp-content\/uploads\/H588bildark.jpg\" alt=\"\" width=\"831\" height=\"601\" srcset=\"https:\/\/xn--hftessamlarna-bfb.se\/wp-content\/uploads\/H588bildark.jpg 831w, https:\/\/xn--hftessamlarna-bfb.se\/wp-content\/uploads\/H588bildark-150x108.jpg 150w, https:\/\/xn--hftessamlarna-bfb.se\/wp-content\/uploads\/H588bildark-300x216.jpg 300w, https:\/\/xn--hftessamlarna-bfb.se\/wp-content\/uploads\/H588bildark-414x300.jpg 414w\" sizes=\"auto, (max-width: 831px) 100vw, 831px\" \/><\/a><\/p>\n","protected":false},"excerpt":{"rendered":"<p>Utgivningsdag 2012-08-16 F 2916 &#8211; 2920 10 x inrikes brev, fem motiv Tryckta i\u00a01 f\u00e4rg st\u00e5ltryck och 4 f\u00e4rger offset (G:5). Omslaget tryckta i 4 f\u00e4rger +1 offset (G:8) 17 * 1 band Typer F\u00f6ljande indelning kan man t\u00e4nka sig: &hellip; <a href=\"https:\/\/xn--hftessamlarna-bfb.se\/?page_id=2751\">Forts\u00e4tt l\u00e4sa <span class=\"meta-nav\">&rarr;<\/span><\/a><\/p>\n","protected":false},"author":1,"featured_media":0,"parent":2372,"menu_order":588,"comment_status":"open","ping_status":"closed","template":"","meta":{"footnotes":""},"class_list":["post-2751","page","type-page","status-publish","hentry"],"_links":{"self":[{"href":"https:\/\/xn--hftessamlarna-bfb.se\/index.php?rest_route=\/wp\/v2\/pages\/2751","targetHints":{"allow":["GET"]}}],"collection":[{"href":"https:\/\/xn--hftessamlarna-bfb.se\/index.php?rest_route=\/wp\/v2\/pages"}],"about":[{"href":"https:\/\/xn--hftessamlarna-bfb.se\/index.php?rest_route=\/wp\/v2\/types\/page"}],"author":[{"embeddable":true,"href":"https:\/\/xn--hftessamlarna-bfb.se\/index.php?rest_route=\/wp\/v2\/users\/1"}],"replies":[{"embeddable":true,"href":"https:\/\/xn--hftessamlarna-bfb.se\/index.php?rest_route=%2Fwp%2Fv2%2Fcomments&post=2751"}],"version-history":[{"count":0,"href":"https:\/\/xn--hftessamlarna-bfb.se\/index.php?rest_route=\/wp\/v2\/pages\/2751\/revisions"}],"up":[{"embeddable":true,"href":"https:\/\/xn--hftessamlarna-bfb.se\/index.php?rest_route=\/wp\/v2\/pages\/2372"}],"wp:attachment":[{"href":"https:\/\/xn--hftessamlarna-bfb.se\/index.php?rest_route=%2Fwp%2Fv2%2Fmedia&parent=2751"}],"curies":[{"name":"wp","href":"https:\/\/api.w.org\/{rel}","templated":true}]}}