{"id":2748,"date":"2012-08-21T10:09:16","date_gmt":"2012-08-21T08:09:16","guid":{"rendered":"http:\/\/xn--hftessamlarna-bfb.se\/?page_id=2748"},"modified":"2014-01-02T15:26:08","modified_gmt":"2014-01-02T14:26:08","slug":"sh62-skriv","status":"publish","type":"page","link":"https:\/\/xn--hftessamlarna-bfb.se\/?page_id=2748","title":{"rendered":"SH62 Skriv!"},"content":{"rendered":"<p><a href=\"http:\/\/xn--hftessamlarna-bfb.se\/?attachment_id=2783\" rel=\"attachment wp-att-2783\"><img loading=\"lazy\" decoding=\"async\" class=\"aligncenter size-full wp-image-2783\" title=\"SH62\" alt=\"\" src=\"http:\/\/xn--hftessamlarna-bfb.se\/wp-content\/uploads\/SH621.jpg\" width=\"960\" height=\"756\" srcset=\"https:\/\/xn--hftessamlarna-bfb.se\/wp-content\/uploads\/SH621.jpg 960w, https:\/\/xn--hftessamlarna-bfb.se\/wp-content\/uploads\/SH621-150x118.jpg 150w, https:\/\/xn--hftessamlarna-bfb.se\/wp-content\/uploads\/SH621-300x236.jpg 300w, https:\/\/xn--hftessamlarna-bfb.se\/wp-content\/uploads\/SH621-380x300.jpg 380w\" sizes=\"auto, (max-width: 960px) 100vw, 960px\" \/><\/a>Utgivningsdag 2012-08-16<br \/>\nF 2912 &#8211; 2915<br \/>\n10 * inrikes brev,\u00a0fyra motiv<br \/>\nFrim\u00e4rkena trycktes i fyrf\u00e4rgs offset (G8) och omslaget i enf\u00e4rgs offset (G:8)<br \/>\n12 * 2 band<\/p>\n<h2>Typer<\/h2>\n<p>H\u00e4ftet har 31 punkters vikperforering (perf 10) slagen fr\u00e5n frim\u00e4rkssidan<\/p>\n<h2>Markeringar<\/h2>\n<p>centralt regm<br \/>\nFM<br \/>\ncyls 1<br \/>\ncyls 2<br \/>\nkn<\/p>\n<p>Det finns kombinationer med cyls och kn som har rest 1, 2 och 5. Det finns dessutom en serie d\u00e4r kn och cyls inte tr\u00e4ffar varandra. K\u00e4nt vid 550-tusen.<\/p>\n<h2>K\u00e4nda kombinationer<\/h2>\n<p><a href=\"http:\/\/xn--hftessamlarna-bfb.se\/?attachment_id=4025\" rel=\"attachment wp-att-4025\"><img loading=\"lazy\" decoding=\"async\" class=\"alignleft size-full wp-image-4025\" alt=\"SH62tabell\" src=\"http:\/\/xn--hftessamlarna-bfb.se\/wp-content\/uploads\/SH62tabell.jpg\" width=\"1788\" height=\"583\" srcset=\"https:\/\/xn--hftessamlarna-bfb.se\/wp-content\/uploads\/SH62tabell.jpg 1788w, https:\/\/xn--hftessamlarna-bfb.se\/wp-content\/uploads\/SH62tabell-150x48.jpg 150w, https:\/\/xn--hftessamlarna-bfb.se\/wp-content\/uploads\/SH62tabell-300x97.jpg 300w, https:\/\/xn--hftessamlarna-bfb.se\/wp-content\/uploads\/SH62tabell-1024x333.jpg 1024w, https:\/\/xn--hftessamlarna-bfb.se\/wp-content\/uploads\/SH62tabell-500x163.jpg 500w\" sizes=\"auto, (max-width: 1788px) 100vw, 1788px\" \/><\/a><\/p>\n<h2>Tryckbana<\/h2>\n<p>H\u00e4r kan man se hur h\u00e4ftena kommer i tryckpressen. Bilden har vi f\u00e5tt fr\u00e5n frim\u00e4rkstryckeriet och \u00e4r \u201dsuddig\u201d av s\u00e4kerhetssk\u00e4l. man ser markeringarnas placering. Klicka p\u00e5 bilden s\u00e5 blir den st\u00f6rre. (cyls 2 och kn till v\u00e4nster)<\/p>\n<p><a href=\"http:\/\/xn--hftessamlarna-bfb.se\/?attachment_id=2749\" rel=\"attachment wp-att-2749\"><img loading=\"lazy\" decoding=\"async\" class=\"aligncenter size-full wp-image-2749\" title=\"SH62bildark\" alt=\"\" src=\"http:\/\/xn--hftessamlarna-bfb.se\/wp-content\/uploads\/SH62bildark.jpg\" width=\"1117\" height=\"833\" srcset=\"https:\/\/xn--hftessamlarna-bfb.se\/wp-content\/uploads\/SH62bildark.jpg 1117w, https:\/\/xn--hftessamlarna-bfb.se\/wp-content\/uploads\/SH62bildark-150x111.jpg 150w, https:\/\/xn--hftessamlarna-bfb.se\/wp-content\/uploads\/SH62bildark-300x223.jpg 300w, https:\/\/xn--hftessamlarna-bfb.se\/wp-content\/uploads\/SH62bildark-1024x763.jpg 1024w, https:\/\/xn--hftessamlarna-bfb.se\/wp-content\/uploads\/SH62bildark-402x300.jpg 402w\" sizes=\"auto, (max-width: 1117px) 100vw, 1117px\" \/><\/a><\/p>\n","protected":false},"excerpt":{"rendered":"<p>Utgivningsdag 2012-08-16 F 2912 &#8211; 2915 10 * inrikes brev,\u00a0fyra motiv Frim\u00e4rkena trycktes i fyrf\u00e4rgs offset (G8) och omslaget i enf\u00e4rgs offset (G:8) 12 * 2 band Typer H\u00e4ftet har 31 punkters vikperforering (perf 10) slagen fr\u00e5n frim\u00e4rkssidan Markeringar centralt &hellip; <a href=\"https:\/\/xn--hftessamlarna-bfb.se\/?page_id=2748\">Forts\u00e4tt l\u00e4sa <span class=\"meta-nav\">&rarr;<\/span><\/a><\/p>\n","protected":false},"author":1,"featured_media":0,"parent":307,"menu_order":62,"comment_status":"open","ping_status":"closed","template":"","meta":{"footnotes":""},"class_list":["post-2748","page","type-page","status-publish","hentry"],"_links":{"self":[{"href":"https:\/\/xn--hftessamlarna-bfb.se\/index.php?rest_route=\/wp\/v2\/pages\/2748","targetHints":{"allow":["GET"]}}],"collection":[{"href":"https:\/\/xn--hftessamlarna-bfb.se\/index.php?rest_route=\/wp\/v2\/pages"}],"about":[{"href":"https:\/\/xn--hftessamlarna-bfb.se\/index.php?rest_route=\/wp\/v2\/types\/page"}],"author":[{"embeddable":true,"href":"https:\/\/xn--hftessamlarna-bfb.se\/index.php?rest_route=\/wp\/v2\/users\/1"}],"replies":[{"embeddable":true,"href":"https:\/\/xn--hftessamlarna-bfb.se\/index.php?rest_route=%2Fwp%2Fv2%2Fcomments&post=2748"}],"version-history":[{"count":0,"href":"https:\/\/xn--hftessamlarna-bfb.se\/index.php?rest_route=\/wp\/v2\/pages\/2748\/revisions"}],"up":[{"embeddable":true,"href":"https:\/\/xn--hftessamlarna-bfb.se\/index.php?rest_route=\/wp\/v2\/pages\/307"}],"wp:attachment":[{"href":"https:\/\/xn--hftessamlarna-bfb.se\/index.php?rest_route=%2Fwp%2Fv2%2Fmedia&parent=2748"}],"curies":[{"name":"wp","href":"https:\/\/api.w.org\/{rel}","templated":true}]}}