{"id":2690,"date":"2012-04-13T15:39:08","date_gmt":"2012-04-13T13:39:08","guid":{"rendered":"http:\/\/xn--hftessamlarna-bfb.se\/?page_id=2690"},"modified":"2025-03-25T11:07:10","modified_gmt":"2025-03-25T10:07:10","slug":"h291-kungabrollop","status":"publish","type":"page","link":"https:\/\/xn--hftessamlarna-bfb.se\/?page_id=2690","title":{"rendered":"H291 Kungabr\u00f6llop"},"content":{"rendered":"<p><a href=\"http:\/\/xn--hftessamlarna-bfb.se\/wp-content\/uploads\/H291.jpg\" rel=\"attachment wp-att-2802\"><img loading=\"lazy\" decoding=\"async\" class=\"aligncenter wp-image-2802 size-full\" title=\"H291\" src=\"http:\/\/xn--hftessamlarna-bfb.se\/wp-content\/uploads\/H291.jpg\" alt=\"\" width=\"960\" height=\"708\" srcset=\"https:\/\/xn--hftessamlarna-bfb.se\/wp-content\/uploads\/H291.jpg 960w, https:\/\/xn--hftessamlarna-bfb.se\/wp-content\/uploads\/H291-150x110.jpg 150w, https:\/\/xn--hftessamlarna-bfb.se\/wp-content\/uploads\/H291-300x221.jpg 300w, https:\/\/xn--hftessamlarna-bfb.se\/wp-content\/uploads\/H291-406x300.jpg 406w\" sizes=\"auto, (max-width: 960px) 100vw, 960px\" \/><\/a>Utgivningsdag 1976-06-19<br \/>\nF 969<br \/>\n10 \u00d7 1 kr, ett motiv<br \/>\nTryckt med st\u00e5lgravyrtryck<br \/>\nUpplaga 1,86 miljoner h\u00e4ften<\/p>\n<h2>Reviderad indelning december 2018<\/h2>\n<h2>Typer<\/h2>\n<p><strong>A<\/strong>\u00a0Gl\u00e4ttat omslag<br \/>\n<strong>B<\/strong>\u00a0Ogl\u00e4ttat omslag<\/p>\n<p>Efter indelningen av H291 i gl\u00e4ttat och ogl\u00e4ttat omslag i juni 2018 p\u00e5pekades det att gl\u00e4ttat omslag oftast betecknas med A och att ogl\u00e4ttat omslag betecknas med B. Atlas har hela tiden anv\u00e4nt H291A f\u00f6r gl\u00e4ttat omslag och H291B f\u00f6r ogl\u00e4ttat omslag. D\u00e4rf\u00f6r revideras beteckningarna enligt ovan. Under en \u00f6verg\u00e5ngsperiod \u00e4r det rekommendabelt att ge explicit beskrivningar om h\u00e4ftet har gl\u00e4ttat eller ogl\u00e4ttat omslag. Vi beklagar eventuella ol\u00e4genheter.<\/p>\n<p>Omslagets nyans och UV-reaktion varierar men dessa variationer \u00e4r inte tillr\u00e4ckliga eller distinkta f\u00f6r att anv\u00e4ndas f\u00f6r indelning.<\/p>\n<h2>Markeringar<\/h2>\n<p>delat regm<br \/>\nRT 8 \u00d7 2 mm svart<br \/>\ncyls 1<br \/>\ncyls 2<br \/>\nhelt kn blockstil<\/p>\n<h2>Artiklar<\/h2>\n<p><a href=\"https:\/\/xn--hftessamlarna-bfb.se\/wp-content\/uploads\/H291-Artikel-av-Sven-Erik-Mattsson-2025-03-24.pdf\">H291 Artikel av Sven Erik Mattsson 2025-03-24<\/a><\/p>\n<p><a href=\"http:\/\/xn--hftessamlarna-bfb.se\/wp-content\/uploads\/H291-Gunnar-Struck.pdf\">H291 Gunnar Struck<\/a><\/p>\n","protected":false},"excerpt":{"rendered":"<p>Utgivningsdag 1976-06-19 F 969 10 \u00d7 1 kr, ett motiv Tryckt med st\u00e5lgravyrtryck Upplaga 1,86 miljoner h\u00e4ften Reviderad indelning december 2018 Typer A\u00a0Gl\u00e4ttat omslag B\u00a0Ogl\u00e4ttat omslag Efter indelningen av H291 i gl\u00e4ttat och ogl\u00e4ttat omslag i juni 2018 p\u00e5pekades det &hellip; <a href=\"https:\/\/xn--hftessamlarna-bfb.se\/?page_id=2690\">Forts\u00e4tt l\u00e4sa <span class=\"meta-nav\">&rarr;<\/span><\/a><\/p>\n","protected":false},"author":1,"featured_media":0,"parent":2581,"menu_order":291,"comment_status":"open","ping_status":"open","template":"","meta":{"footnotes":""},"class_list":["post-2690","page","type-page","status-publish","hentry"],"_links":{"self":[{"href":"https:\/\/xn--hftessamlarna-bfb.se\/index.php?rest_route=\/wp\/v2\/pages\/2690","targetHints":{"allow":["GET"]}}],"collection":[{"href":"https:\/\/xn--hftessamlarna-bfb.se\/index.php?rest_route=\/wp\/v2\/pages"}],"about":[{"href":"https:\/\/xn--hftessamlarna-bfb.se\/index.php?rest_route=\/wp\/v2\/types\/page"}],"author":[{"embeddable":true,"href":"https:\/\/xn--hftessamlarna-bfb.se\/index.php?rest_route=\/wp\/v2\/users\/1"}],"replies":[{"embeddable":true,"href":"https:\/\/xn--hftessamlarna-bfb.se\/index.php?rest_route=%2Fwp%2Fv2%2Fcomments&post=2690"}],"version-history":[{"count":0,"href":"https:\/\/xn--hftessamlarna-bfb.se\/index.php?rest_route=\/wp\/v2\/pages\/2690\/revisions"}],"up":[{"embeddable":true,"href":"https:\/\/xn--hftessamlarna-bfb.se\/index.php?rest_route=\/wp\/v2\/pages\/2581"}],"wp:attachment":[{"href":"https:\/\/xn--hftessamlarna-bfb.se\/index.php?rest_route=%2Fwp%2Fv2%2Fmedia&parent=2690"}],"curies":[{"name":"wp","href":"https:\/\/api.w.org\/{rel}","templated":true}]}}