{"id":2686,"date":"2012-04-13T15:13:01","date_gmt":"2012-04-13T13:13:01","guid":{"rendered":"http:\/\/xn--hftessamlarna-bfb.se\/?page_id=2686"},"modified":"2025-12-21T12:52:32","modified_gmt":"2025-12-21T11:52:32","slug":"h287-carl-xvi-gustaf-1-kr","status":"publish","type":"page","link":"https:\/\/xn--hftessamlarna-bfb.se\/?page_id=2686","title":{"rendered":"H287 Carl XVI Gustaf, typ I, 1 kr"},"content":{"rendered":"<p><a href=\"http:\/\/xn--hftessamlarna-bfb.se\/wp-content\/uploads\/H287.jpg\" rel=\"attachment wp-att-2800\"><img loading=\"lazy\" decoding=\"async\" class=\"aligncenter wp-image-2800 size-full\" title=\"H287\" src=\"http:\/\/xn--hftessamlarna-bfb.se\/wp-content\/uploads\/H287.jpg\" alt=\"\" width=\"960\" height=\"512\" srcset=\"https:\/\/xn--hftessamlarna-bfb.se\/wp-content\/uploads\/H287.jpg 960w, https:\/\/xn--hftessamlarna-bfb.se\/wp-content\/uploads\/H287-150x80.jpg 150w, https:\/\/xn--hftessamlarna-bfb.se\/wp-content\/uploads\/H287-300x160.jpg 300w, https:\/\/xn--hftessamlarna-bfb.se\/wp-content\/uploads\/H287-500x266.jpg 500w\" sizes=\"auto, (max-width: 960px) 100vw, 960px\" \/><\/a>Utgivningsdag 1976-01-27<br \/>\nF 870<br \/>\n10 * 1 kr, ett motiv<br \/>\nTryckt med st\u00e5lgravyrtryck<br \/>\nUpplaga 3,50 miljoner h\u00e4ften<\/p>\n<h2>Typer<\/h2>\n<p>H\u00e4ftet \u00e4r tryckt i tre olika papper i omslaget. Inlagan finns med vit respektive gul fluorescens.<\/p>\n<p><strong>A<\/strong>\u00a0vit fluorescens och matt gummering<br \/>\n<strong>B<\/strong>\u00a0gul fluorescens och osynlig gummering<\/p>\n<p><strong>1<\/strong>\u00a0omslag har ogl\u00e4ttad och v\u00e5gr\u00e4tt r\u00e4fflad utsida, som i UV-ljus \u00e4r gr\u00e5aktigt gul.<br \/>\n<strong>2<\/strong>\u00a0omslag har gl\u00e4ttad och or\u00e4fflad utsida, som i UV-ljus \u00e4r rosaviolett eller gr\u00e5aktigt rosaviolett.<br \/>\n<strong>3<\/strong>\u00a0omslag har ogl\u00e4ttad och v\u00e5gr\u00e4tt r\u00e4fflad utsida, som i UV-ljus \u00e4r rosaviolett.<\/p>\n<p>F\u00f6ljande varianter \u00e4r k\u00e4nda A1, A2, B1 (s\u00e4llsynt), B2, B3.<\/p>\n<p><span style=\"color: #000000; font-weight: bold;\">Markeringar<\/span><\/p>\n<p><strong>A1, A2<\/strong><br \/>\ndelat regm<br \/>\nRT 8 * 2 mm svart<br \/>\ncyls 1 fana<br \/>\ncyls 1 fot<br \/>\ncyls 2<br \/>\nhelt kn i blockstil (sitter 3\u20135 mm fr\u00e5n frim\u00e4rksbild)<br \/>\nhelt kn i antikva (sitter 9\u201311 mm fr\u00e5n frim\u00e4rksbild)<\/p>\n<p><strong>B1, B2, B3<\/strong><br \/>\ndelat regm<br \/>\nRT 8 * 2 mm svart<br \/>\ncyls 1 fana<br \/>\ncyls 1 fot<br \/>\ncyls 2<br \/>\nhelt kn i antikva (sitter 9\u201311 mm fr\u00e5n frim\u00e4rksbild)<\/p>\n<h2>Bild p\u00e5 varianter<\/h2>\n<div id=\"attachment_4906\" style=\"width: 310px\" class=\"wp-caption alignleft\"><a href=\"http:\/\/xn--hftessamlarna-bfb.se\/wp-content\/uploads\/H287flour.jpg\"><img loading=\"lazy\" decoding=\"async\" aria-describedby=\"caption-attachment-4906\" class=\"wp-image-4906 size-medium\" src=\"http:\/\/xn--hftessamlarna-bfb.se\/wp-content\/uploads\/H287flour-300x210.jpg\" alt=\"H287flour\" width=\"300\" height=\"210\" srcset=\"https:\/\/xn--hftessamlarna-bfb.se\/wp-content\/uploads\/H287flour-300x210.jpg 300w, https:\/\/xn--hftessamlarna-bfb.se\/wp-content\/uploads\/H287flour-150x105.jpg 150w, https:\/\/xn--hftessamlarna-bfb.se\/wp-content\/uploads\/H287flour-1024x718.jpg 1024w, https:\/\/xn--hftessamlarna-bfb.se\/wp-content\/uploads\/H287flour-428x300.jpg 428w\" sizes=\"auto, (max-width: 300px) 100vw, 300px\" \/><\/a><p id=\"caption-attachment-4906\" class=\"wp-caption-text\">osynlig gummering i omslag 2 utan fluorescens<\/p><\/div>\n<h2>Artiklar<\/h2>\n<p><a href=\"https:\/\/xn--hftessamlarna-bfb.se\/wp-content\/uploads\/H287-Artikel-av-Sven-Erik-Mattsson2025-11-17.pdf\">H287 Artikel av Sven Erik Mattsson 2025-11-17<\/a><\/p>\n<p><a href=\"http:\/\/xn--hftessamlarna-bfb.se\/wp-content\/uploads\/H287-Gunnar-Struck.pdf\">H287 Gunnar Struck<\/a><\/p>\n","protected":false},"excerpt":{"rendered":"<p>Utgivningsdag 1976-01-27 F 870 10 * 1 kr, ett motiv Tryckt med st\u00e5lgravyrtryck Upplaga 3,50 miljoner h\u00e4ften Typer H\u00e4ftet \u00e4r tryckt i tre olika papper i omslaget. Inlagan finns med vit respektive gul fluorescens. A\u00a0vit fluorescens och matt gummering B\u00a0gul &hellip; <a href=\"https:\/\/xn--hftessamlarna-bfb.se\/?page_id=2686\">Forts\u00e4tt l\u00e4sa <span class=\"meta-nav\">&rarr;<\/span><\/a><\/p>\n","protected":false},"author":1,"featured_media":0,"parent":2581,"menu_order":287,"comment_status":"open","ping_status":"open","template":"","meta":{"footnotes":""},"class_list":["post-2686","page","type-page","status-publish","hentry"],"_links":{"self":[{"href":"https:\/\/xn--hftessamlarna-bfb.se\/index.php?rest_route=\/wp\/v2\/pages\/2686","targetHints":{"allow":["GET"]}}],"collection":[{"href":"https:\/\/xn--hftessamlarna-bfb.se\/index.php?rest_route=\/wp\/v2\/pages"}],"about":[{"href":"https:\/\/xn--hftessamlarna-bfb.se\/index.php?rest_route=\/wp\/v2\/types\/page"}],"author":[{"embeddable":true,"href":"https:\/\/xn--hftessamlarna-bfb.se\/index.php?rest_route=\/wp\/v2\/users\/1"}],"replies":[{"embeddable":true,"href":"https:\/\/xn--hftessamlarna-bfb.se\/index.php?rest_route=%2Fwp%2Fv2%2Fcomments&post=2686"}],"version-history":[{"count":0,"href":"https:\/\/xn--hftessamlarna-bfb.se\/index.php?rest_route=\/wp\/v2\/pages\/2686\/revisions"}],"up":[{"embeddable":true,"href":"https:\/\/xn--hftessamlarna-bfb.se\/index.php?rest_route=\/wp\/v2\/pages\/2581"}],"wp:attachment":[{"href":"https:\/\/xn--hftessamlarna-bfb.se\/index.php?rest_route=%2Fwp%2Fv2%2Fmedia&parent=2686"}],"curies":[{"name":"wp","href":"https:\/\/api.w.org\/{rel}","templated":true}]}}