{"id":2683,"date":"2012-04-13T14:39:10","date_gmt":"2012-04-13T12:39:10","guid":{"rendered":"http:\/\/xn--hftessamlarna-bfb.se\/?page_id=2683"},"modified":"2024-02-07T11:22:11","modified_gmt":"2024-02-07T10:22:11","slug":"h284-igelkott","status":"publish","type":"page","link":"https:\/\/xn--hftessamlarna-bfb.se\/?page_id=2683","title":{"rendered":"H284 Igelkott"},"content":{"rendered":"<p><a href=\"https:\/\/xn--hftessamlarna-bfb.se\/wp-content\/uploads\/H-0284-header-1975.jpg\" rel=\"attachment wp-att-2798\"><img loading=\"lazy\" decoding=\"async\" class=\"alignnone wp-image-6877 size-large\" title=\"H284\" src=\"https:\/\/xn--hftessamlarna-bfb.se\/wp-content\/uploads\/H-0284-header-1975-921x1024.jpg\" alt=\"\" width=\"584\" height=\"649\" srcset=\"https:\/\/xn--hftessamlarna-bfb.se\/wp-content\/uploads\/H-0284-header-1975-921x1024.jpg 921w, https:\/\/xn--hftessamlarna-bfb.se\/wp-content\/uploads\/H-0284-header-1975-270x300.jpg 270w, https:\/\/xn--hftessamlarna-bfb.se\/wp-content\/uploads\/H-0284-header-1975-135x150.jpg 135w, https:\/\/xn--hftessamlarna-bfb.se\/wp-content\/uploads\/H-0284-header-1975-768x854.jpg 768w, https:\/\/xn--hftessamlarna-bfb.se\/wp-content\/uploads\/H-0284-header-1975.jpg 960w\" sizes=\"auto, (max-width: 584px) 100vw, 584px\" \/><\/a>Utgivningsdag 1975-10-11<br \/>\nF 940<br \/>\n10 \u00d7 55 \u00f6re, ett motiv<br \/>\nTryckt med st\u00e5lgravyrtryck<br \/>\nUpplaga 1,30 miljoner h\u00e4ften<\/p>\n<h2>Markeringar<\/h2>\n<p>delat regm<br \/>\nRT 8 \u00d7 2 mm svart<br \/>\ncyls 1<br \/>\ncyls 2<br \/>\nhelt kn antikva<br \/>\ndelat kn antikva (2,5\/2,5 | 2\/3)<\/p>\n<h2>L\u00e4s mer<\/h2>\n<p><a href=\"https:\/\/xn--hftessamlarna-bfb.se\/wp-content\/uploads\/H284-Artikel-av-Sven-Erik-Mattsson-uppdaterad-2024-01-10-1.pdf\">H284 Artikel av Sven Erik Mattsson, uppdaterad 2024-01-10<\/a><\/p>\n<p><a href=\"http:\/\/xn--hftessamlarna-bfb.se\/wp-content\/uploads\/H284-Gunnar-Struck.pdf\">H284 Gunnar Struck<\/a><\/p>\n","protected":false},"excerpt":{"rendered":"<p>Utgivningsdag 1975-10-11 F 940 10 \u00d7 55 \u00f6re, ett motiv Tryckt med st\u00e5lgravyrtryck Upplaga 1,30 miljoner h\u00e4ften Markeringar delat regm RT 8 \u00d7 2 mm svart cyls 1 cyls 2 helt kn antikva delat kn antikva (2,5\/2,5 | 2\/3) L\u00e4s &hellip; <a href=\"https:\/\/xn--hftessamlarna-bfb.se\/?page_id=2683\">Forts\u00e4tt l\u00e4sa <span class=\"meta-nav\">&rarr;<\/span><\/a><\/p>\n","protected":false},"author":1,"featured_media":0,"parent":2581,"menu_order":284,"comment_status":"open","ping_status":"open","template":"","meta":{"footnotes":""},"class_list":["post-2683","page","type-page","status-publish","hentry"],"_links":{"self":[{"href":"https:\/\/xn--hftessamlarna-bfb.se\/index.php?rest_route=\/wp\/v2\/pages\/2683","targetHints":{"allow":["GET"]}}],"collection":[{"href":"https:\/\/xn--hftessamlarna-bfb.se\/index.php?rest_route=\/wp\/v2\/pages"}],"about":[{"href":"https:\/\/xn--hftessamlarna-bfb.se\/index.php?rest_route=\/wp\/v2\/types\/page"}],"author":[{"embeddable":true,"href":"https:\/\/xn--hftessamlarna-bfb.se\/index.php?rest_route=\/wp\/v2\/users\/1"}],"replies":[{"embeddable":true,"href":"https:\/\/xn--hftessamlarna-bfb.se\/index.php?rest_route=%2Fwp%2Fv2%2Fcomments&post=2683"}],"version-history":[{"count":0,"href":"https:\/\/xn--hftessamlarna-bfb.se\/index.php?rest_route=\/wp\/v2\/pages\/2683\/revisions"}],"up":[{"embeddable":true,"href":"https:\/\/xn--hftessamlarna-bfb.se\/index.php?rest_route=\/wp\/v2\/pages\/2581"}],"wp:attachment":[{"href":"https:\/\/xn--hftessamlarna-bfb.se\/index.php?rest_route=%2Fwp%2Fv2%2Fmedia&parent=2683"}],"curies":[{"name":"wp","href":"https:\/\/api.w.org\/{rel}","templated":true}]}}