{"id":2677,"date":"2012-04-13T11:58:36","date_gmt":"2012-04-13T09:58:36","guid":{"rendered":"http:\/\/xn--hftessamlarna-bfb.se\/?page_id=2677"},"modified":"2022-05-03T18:17:36","modified_gmt":"2022-05-03T17:17:36","slug":"h278-publicistklubben-100-ar","status":"publish","type":"page","link":"https:\/\/xn--hftessamlarna-bfb.se\/?page_id=2677","title":{"rendered":"H278 Publicistklubben 100 \u00e5r"},"content":{"rendered":"<p><a href=\"https:\/\/xn--hftessamlarna-bfb.se\/wp-content\/uploads\/H-0278-header-1974.jpg\"><img loading=\"lazy\" decoding=\"async\" class=\"alignnone wp-image-6873 size-large\" title=\"H278\" src=\"https:\/\/xn--hftessamlarna-bfb.se\/wp-content\/uploads\/H-0278-header-1974-925x1024.jpg\" alt=\"\" width=\"584\" height=\"647\" srcset=\"https:\/\/xn--hftessamlarna-bfb.se\/wp-content\/uploads\/H-0278-header-1974-925x1024.jpg 925w, https:\/\/xn--hftessamlarna-bfb.se\/wp-content\/uploads\/H-0278-header-1974-271x300.jpg 271w, https:\/\/xn--hftessamlarna-bfb.se\/wp-content\/uploads\/H-0278-header-1974-135x150.jpg 135w, https:\/\/xn--hftessamlarna-bfb.se\/wp-content\/uploads\/H-0278-header-1974-768x850.jpg 768w, https:\/\/xn--hftessamlarna-bfb.se\/wp-content\/uploads\/H-0278-header-1974.jpg 960w\" sizes=\"auto, (max-width: 584px) 100vw, 584px\" \/><\/a>Utgivningsdag 1974-08-28<br \/>\nF 879<br \/>\n10 \u00d7 45 \u00f6re, ett motiv<br \/>\nTryckt med st\u00e5lgravyrtryck<br \/>\nUpplaga 868.800 h\u00e4ften<\/p>\n<h2>Markeringar<\/h2>\n<p>delat regm<br \/>\nRT 8 \u00d7 2 mm svart<br \/>\ncyls 1<br \/>\ncyls 2<br \/>\nhelt kn i blockstil<\/p>\n<h2>Artiklar<\/h2>\n<p><a href=\"http:\/\/xn--hftessamlarna-bfb.se\/wp-content\/uploads\/H278-Artikel-av-Sven-Erik-Mattsson-uppdaterad-2017-02-19.pdf\">H278 Artikel av Sven Erik Mattsson, uppdaterad 2017-02-19<\/a><\/p>\n<p><a href=\"http:\/\/xn--hftessamlarna-bfb.se\/wp-content\/uploads\/H278-Gunnar-Struck.pdf\">H278 Gunnar Struck<\/a><\/p>\n","protected":false},"excerpt":{"rendered":"<p>Utgivningsdag 1974-08-28 F 879 10 \u00d7 45 \u00f6re, ett motiv Tryckt med st\u00e5lgravyrtryck Upplaga 868.800 h\u00e4ften Markeringar delat regm RT 8 \u00d7 2 mm svart cyls 1 cyls 2 helt kn i blockstil Artiklar H278 Artikel av Sven Erik Mattsson, &hellip; <a href=\"https:\/\/xn--hftessamlarna-bfb.se\/?page_id=2677\">Forts\u00e4tt l\u00e4sa <span class=\"meta-nav\">&rarr;<\/span><\/a><\/p>\n","protected":false},"author":1,"featured_media":0,"parent":2581,"menu_order":278,"comment_status":"open","ping_status":"open","template":"","meta":{"footnotes":""},"class_list":["post-2677","page","type-page","status-publish","hentry"],"_links":{"self":[{"href":"https:\/\/xn--hftessamlarna-bfb.se\/index.php?rest_route=\/wp\/v2\/pages\/2677","targetHints":{"allow":["GET"]}}],"collection":[{"href":"https:\/\/xn--hftessamlarna-bfb.se\/index.php?rest_route=\/wp\/v2\/pages"}],"about":[{"href":"https:\/\/xn--hftessamlarna-bfb.se\/index.php?rest_route=\/wp\/v2\/types\/page"}],"author":[{"embeddable":true,"href":"https:\/\/xn--hftessamlarna-bfb.se\/index.php?rest_route=\/wp\/v2\/users\/1"}],"replies":[{"embeddable":true,"href":"https:\/\/xn--hftessamlarna-bfb.se\/index.php?rest_route=%2Fwp%2Fv2%2Fcomments&post=2677"}],"version-history":[{"count":0,"href":"https:\/\/xn--hftessamlarna-bfb.se\/index.php?rest_route=\/wp\/v2\/pages\/2677\/revisions"}],"up":[{"embeddable":true,"href":"https:\/\/xn--hftessamlarna-bfb.se\/index.php?rest_route=\/wp\/v2\/pages\/2581"}],"wp:attachment":[{"href":"https:\/\/xn--hftessamlarna-bfb.se\/index.php?rest_route=%2Fwp%2Fv2%2Fmedia&parent=2677"}],"curies":[{"name":"wp","href":"https:\/\/api.w.org\/{rel}","templated":true}]}}