{"id":2643,"date":"2012-03-24T12:02:01","date_gmt":"2012-03-24T10:02:01","guid":{"rendered":"http:\/\/xn--hftessamlarna-bfb.se\/?page_id=2643"},"modified":"2023-05-28T16:38:49","modified_gmt":"2023-05-28T15:38:49","slug":"sh60-fotokonst","status":"publish","type":"page","link":"https:\/\/xn--hftessamlarna-bfb.se\/?page_id=2643","title":{"rendered":"SH60 Fotokonst"},"content":{"rendered":"<p><a href=\"https:\/\/xn--hftessamlarna-bfb.se\/wp-content\/uploads\/SH-0060-header-2012.jpg\" rel=\"attachment wp-att-2644\"><img loading=\"lazy\" decoding=\"async\" class=\"alignnone wp-image-7131 size-full\" title=\"sh60\" src=\"https:\/\/xn--hftessamlarna-bfb.se\/wp-content\/uploads\/SH-0060-header-2012.jpg\" alt=\"\" width=\"960\" height=\"771\" srcset=\"https:\/\/xn--hftessamlarna-bfb.se\/wp-content\/uploads\/SH-0060-header-2012.jpg 960w, https:\/\/xn--hftessamlarna-bfb.se\/wp-content\/uploads\/SH-0060-header-2012-300x241.jpg 300w, https:\/\/xn--hftessamlarna-bfb.se\/wp-content\/uploads\/SH-0060-header-2012-150x120.jpg 150w, https:\/\/xn--hftessamlarna-bfb.se\/wp-content\/uploads\/SH-0060-header-2012-768x617.jpg 768w, https:\/\/xn--hftessamlarna-bfb.se\/wp-content\/uploads\/SH-0060-header-2012-374x300.jpg 374w\" sizes=\"auto, (max-width: 960px) 100vw, 960px\" \/><\/a><br \/>\nUtgivningsdag 2012-03-21<br \/>\nF 2893 &#8211; 2897<br \/>\n5 \u00d7 12 kr, 5 motiv<br \/>\n12 h\u00e4ften \u00d7 2 band<br \/>\nFrim\u00e4rken \u00e4r tryckta i 4-f\u00e4rgs offset (G:5), omslagssidan 1 offset (G:8)<\/p>\n<h2>Typer<\/h2>\n<p>H\u00e4ftet har 31 punkters vikperforering (perf 10) slagen fr\u00e5n frim\u00e4rkssidan<\/p>\n<h2>Markeringar<\/h2>\n<p>centralt regm<br \/>\nFM<br \/>\ncyls 1<br \/>\ncyls 2<br \/>\nkn<\/p>\n<div id=\"attachment_7132\" style=\"width: 310px\" class=\"wp-caption alignnone\"><a href=\"https:\/\/xn--hftessamlarna-bfb.se\/wp-content\/uploads\/SH-0060-mark-2012.jpg\"><img loading=\"lazy\" decoding=\"async\" aria-describedby=\"caption-attachment-7132\" class=\"size-medium wp-image-7132\" src=\"https:\/\/xn--hftessamlarna-bfb.se\/wp-content\/uploads\/SH-0060-mark-2012-300x120.jpg\" alt=\"\" width=\"300\" height=\"120\" srcset=\"https:\/\/xn--hftessamlarna-bfb.se\/wp-content\/uploads\/SH-0060-mark-2012-300x120.jpg 300w, https:\/\/xn--hftessamlarna-bfb.se\/wp-content\/uploads\/SH-0060-mark-2012-150x60.jpg 150w, https:\/\/xn--hftessamlarna-bfb.se\/wp-content\/uploads\/SH-0060-mark-2012-768x307.jpg 768w, https:\/\/xn--hftessamlarna-bfb.se\/wp-content\/uploads\/SH-0060-mark-2012-500x200.jpg 500w, https:\/\/xn--hftessamlarna-bfb.se\/wp-content\/uploads\/SH-0060-mark-2012.jpg 960w\" sizes=\"auto, (max-width: 300px) 100vw, 300px\" \/><\/a><p id=\"caption-attachment-7132\" class=\"wp-caption-text\">Illustration \u00f6ver markeringarnas placering<\/p><\/div>\n<p>Det finns kombinationer med cyls och kn som har rest 0, 1 och 4.<\/p>\n<h2>K\u00e4nda kombinationer<\/h2>\n<p><a href=\"http:\/\/xn--hftessamlarna-bfb.se\/?attachment_id=4027\" rel=\"attachment wp-att-4027\"><img loading=\"lazy\" decoding=\"async\" class=\"alignleft size-full wp-image-4027\" src=\"http:\/\/xn--hftessamlarna-bfb.se\/wp-content\/uploads\/SH60tabell.jpg\" alt=\"SH60tabell\" width=\"1788\" height=\"583\" srcset=\"https:\/\/xn--hftessamlarna-bfb.se\/wp-content\/uploads\/SH60tabell.jpg 1788w, https:\/\/xn--hftessamlarna-bfb.se\/wp-content\/uploads\/SH60tabell-150x48.jpg 150w, https:\/\/xn--hftessamlarna-bfb.se\/wp-content\/uploads\/SH60tabell-300x97.jpg 300w, https:\/\/xn--hftessamlarna-bfb.se\/wp-content\/uploads\/SH60tabell-1024x333.jpg 1024w, https:\/\/xn--hftessamlarna-bfb.se\/wp-content\/uploads\/SH60tabell-500x163.jpg 500w\" sizes=\"auto, (max-width: 1788px) 100vw, 1788px\" \/><\/a><\/p>\n<h2>\u00d6vrigt<\/h2>\n<p>F\u00e4rgen hos frim\u00e4rkena kan variera en del. Tydligast \u00e4r det p\u00e5 fotot av Denise Gr\u00fcnstein d\u00e4r det kan vara helt svart och sedan med olika m\u00e4ngd gr\u00f6nt inslag.<\/p>\n<div id=\"attachment_3604\" style=\"width: 356px\" class=\"wp-caption alignleft\"><a href=\"http:\/\/xn--hftessamlarna-bfb.se\/?attachment_id=3604\" rel=\"attachment wp-att-3604\"><img loading=\"lazy\" decoding=\"async\" aria-describedby=\"caption-attachment-3604\" class=\" wp-image-3604  \" src=\"http:\/\/xn--hftessamlarna-bfb.se\/wp-content\/uploads\/SH60fargvariant.jpg\" alt=\"SH60fargvariant\" width=\"346\" height=\"277\" srcset=\"https:\/\/xn--hftessamlarna-bfb.se\/wp-content\/uploads\/SH60fargvariant.jpg 960w, https:\/\/xn--hftessamlarna-bfb.se\/wp-content\/uploads\/SH60fargvariant-150x120.jpg 150w, https:\/\/xn--hftessamlarna-bfb.se\/wp-content\/uploads\/SH60fargvariant-300x240.jpg 300w, https:\/\/xn--hftessamlarna-bfb.se\/wp-content\/uploads\/SH60fargvariant-374x300.jpg 374w\" sizes=\"auto, (max-width: 346px) 100vw, 346px\" \/><\/a><p id=\"caption-attachment-3604\" class=\"wp-caption-text\">stor variation p\u00e5 f\u00e4rgen<\/p><\/div>\n<p>Dubbeltryck f\u00f6rekommer<\/p>\n<div id=\"attachment_3605\" style=\"width: 356px\" class=\"wp-caption alignleft\"><a href=\"http:\/\/xn--hftessamlarna-bfb.se\/?attachment_id=3605\" rel=\"attachment wp-att-3605\"><img loading=\"lazy\" decoding=\"async\" aria-describedby=\"caption-attachment-3605\" class=\" wp-image-3605  \" src=\"http:\/\/xn--hftessamlarna-bfb.se\/wp-content\/uploads\/SH60dubbeltryck_utskuren.jpg\" alt=\"SH60dubbeltryck_utskuren\" width=\"346\" height=\"385\" srcset=\"https:\/\/xn--hftessamlarna-bfb.se\/wp-content\/uploads\/SH60dubbeltryck_utskuren.jpg 960w, https:\/\/xn--hftessamlarna-bfb.se\/wp-content\/uploads\/SH60dubbeltryck_utskuren-134x150.jpg 134w, https:\/\/xn--hftessamlarna-bfb.se\/wp-content\/uploads\/SH60dubbeltryck_utskuren-269x300.jpg 269w, https:\/\/xn--hftessamlarna-bfb.se\/wp-content\/uploads\/SH60dubbeltryck_utskuren-919x1024.jpg 919w\" sizes=\"auto, (max-width: 346px) 100vw, 346px\" \/><\/a><p id=\"caption-attachment-3605\" class=\"wp-caption-text\">dubbeltryck<\/p><\/div>\n<h2>Tryckbana<\/h2>\n<p>H\u00e4r kan man se hur h\u00e4ftena kommer i tryckpressen. Bilden har vi f\u00e5tt fr\u00e5n frim\u00e4rkstryckeriet och \u00e4r \u201dsuddig\u201d av s\u00e4kerhetssk\u00e4l. man ser markeringarnas placering. Klicka p\u00e5 bilden s\u00e5 blir den st\u00f6rre.<br \/>\n<a href=\"http:\/\/xn--hftessamlarna-bfb.se\/?attachment_id=2645\" rel=\"attachment wp-att-2645\"><img loading=\"lazy\" decoding=\"async\" class=\"aligncenter size-large wp-image-2645\" title=\"SH60helark\" src=\"http:\/\/xn--hftessamlarna-bfb.se\/wp-content\/uploads\/SH60helark-1024x728.jpg\" alt=\"\" width=\"584\" height=\"415\" srcset=\"https:\/\/xn--hftessamlarna-bfb.se\/wp-content\/uploads\/SH60helark-1024x728.jpg 1024w, https:\/\/xn--hftessamlarna-bfb.se\/wp-content\/uploads\/SH60helark-150x106.jpg 150w, https:\/\/xn--hftessamlarna-bfb.se\/wp-content\/uploads\/SH60helark-300x213.jpg 300w, https:\/\/xn--hftessamlarna-bfb.se\/wp-content\/uploads\/SH60helark-421x300.jpg 421w, https:\/\/xn--hftessamlarna-bfb.se\/wp-content\/uploads\/SH60helark.jpg 2000w\" sizes=\"auto, (max-width: 584px) 100vw, 584px\" \/><\/a><\/p>\n","protected":false},"excerpt":{"rendered":"<p>Utgivningsdag 2012-03-21 F 2893 &#8211; 2897 5 \u00d7 12 kr, 5 motiv 12 h\u00e4ften \u00d7 2 band Frim\u00e4rken \u00e4r tryckta i 4-f\u00e4rgs offset (G:5), omslagssidan 1 offset (G:8) Typer H\u00e4ftet har 31 punkters vikperforering (perf 10) slagen fr\u00e5n frim\u00e4rkssidan Markeringar &hellip; <a href=\"https:\/\/xn--hftessamlarna-bfb.se\/?page_id=2643\">Forts\u00e4tt l\u00e4sa <span class=\"meta-nav\">&rarr;<\/span><\/a><\/p>\n","protected":false},"author":1,"featured_media":0,"parent":307,"menu_order":60,"comment_status":"open","ping_status":"open","template":"","meta":{"footnotes":""},"class_list":["post-2643","page","type-page","status-publish","hentry"],"_links":{"self":[{"href":"https:\/\/xn--hftessamlarna-bfb.se\/index.php?rest_route=\/wp\/v2\/pages\/2643","targetHints":{"allow":["GET"]}}],"collection":[{"href":"https:\/\/xn--hftessamlarna-bfb.se\/index.php?rest_route=\/wp\/v2\/pages"}],"about":[{"href":"https:\/\/xn--hftessamlarna-bfb.se\/index.php?rest_route=\/wp\/v2\/types\/page"}],"author":[{"embeddable":true,"href":"https:\/\/xn--hftessamlarna-bfb.se\/index.php?rest_route=\/wp\/v2\/users\/1"}],"replies":[{"embeddable":true,"href":"https:\/\/xn--hftessamlarna-bfb.se\/index.php?rest_route=%2Fwp%2Fv2%2Fcomments&post=2643"}],"version-history":[{"count":0,"href":"https:\/\/xn--hftessamlarna-bfb.se\/index.php?rest_route=\/wp\/v2\/pages\/2643\/revisions"}],"up":[{"embeddable":true,"href":"https:\/\/xn--hftessamlarna-bfb.se\/index.php?rest_route=\/wp\/v2\/pages\/307"}],"wp:attachment":[{"href":"https:\/\/xn--hftessamlarna-bfb.se\/index.php?rest_route=%2Fwp%2Fv2%2Fmedia&parent=2643"}],"curies":[{"name":"wp","href":"https:\/\/api.w.org\/{rel}","templated":true}]}}