{"id":2640,"date":"2012-03-24T11:46:26","date_gmt":"2012-03-24T09:46:26","guid":{"rendered":"http:\/\/xn--hftessamlarna-bfb.se\/?page_id=2640"},"modified":"2023-05-09T05:54:21","modified_gmt":"2023-05-09T04:54:21","slug":"sh59-honsraser","status":"publish","type":"page","link":"https:\/\/xn--hftessamlarna-bfb.se\/?page_id=2640","title":{"rendered":"SH59 H\u00f6nsraser"},"content":{"rendered":"<p><a href=\"http:\/\/xn--hftessamlarna-bfb.se\/?attachment_id=2641\" rel=\"attachment wp-att-2641\"><img loading=\"lazy\" decoding=\"async\" class=\"aligncenter size-full wp-image-2641\" title=\"SH59\" src=\"http:\/\/xn--hftessamlarna-bfb.se\/wp-content\/uploads\/SH59.jpg\" alt=\"\" width=\"850\" height=\"665\" srcset=\"https:\/\/xn--hftessamlarna-bfb.se\/wp-content\/uploads\/SH59.jpg 850w, https:\/\/xn--hftessamlarna-bfb.se\/wp-content\/uploads\/SH59-150x117.jpg 150w, https:\/\/xn--hftessamlarna-bfb.se\/wp-content\/uploads\/SH59-300x234.jpg 300w, https:\/\/xn--hftessamlarna-bfb.se\/wp-content\/uploads\/SH59-383x300.jpg 383w\" sizes=\"auto, (max-width: 850px) 100vw, 850px\" \/><\/a>Utgivningsdag 2012-03-21<br \/>\nF 2888 &#8211; 2891<br \/>\n10 * brevporto, 4 motiv<br \/>\n12 h\u00e4ften * 2 band<br \/>\nFrim\u00e4rken \u00e4r tryckta i 4-f\u00e4rgs offset (G:8), omslagssidan 1 offset (G:8)<\/p>\n<h2>Typer<\/h2>\n<p>H\u00e4ftet har 31 punkters vikperforering (perf 10) slagen fr\u00e5n frim\u00e4rkssidan<\/p>\n<h2>Markeringar<\/h2>\n<p>centralt regm<br \/>\nFM<br \/>\ncyls 1<br \/>\ncyls 2<br \/>\nkn<br \/>\nDet finns kombinationer med cyls och kn som har rest 0, 3 och 5<\/p>\n<h2>K\u00e4nda kombinationer<\/h2>\n<p><a href=\"http:\/\/xn--hftessamlarna-bfb.se\/?attachment_id=4028\" rel=\"attachment wp-att-4028\"><img loading=\"lazy\" decoding=\"async\" class=\"alignleft size-full wp-image-4028\" src=\"http:\/\/xn--hftessamlarna-bfb.se\/wp-content\/uploads\/SH59tabell.jpg\" alt=\"SH59tabell\" width=\"1788\" height=\"583\" srcset=\"https:\/\/xn--hftessamlarna-bfb.se\/wp-content\/uploads\/SH59tabell.jpg 1788w, https:\/\/xn--hftessamlarna-bfb.se\/wp-content\/uploads\/SH59tabell-150x48.jpg 150w, https:\/\/xn--hftessamlarna-bfb.se\/wp-content\/uploads\/SH59tabell-300x97.jpg 300w, https:\/\/xn--hftessamlarna-bfb.se\/wp-content\/uploads\/SH59tabell-1024x333.jpg 1024w, https:\/\/xn--hftessamlarna-bfb.se\/wp-content\/uploads\/SH59tabell-500x163.jpg 500w\" sizes=\"auto, (max-width: 1788px) 100vw, 1788px\" \/><\/a><\/p>\n<h2>Tryckbana<\/h2>\n<p>H\u00e4r kan man se hur h\u00e4ftena kommer i tryckpressen. Bilden har vi f\u00e5tt fr\u00e5n frim\u00e4rkstryckeriet och \u00e4r &#8221;suddig&#8221; av s\u00e4kerhetssk\u00e4l. man ser markeringarnas placering. Klicka p\u00e5 bilden s\u00e5 blir den st\u00f6rre.<a href=\"http:\/\/xn--hftessamlarna-bfb.se\/?attachment_id=2642\" rel=\"attachment wp-att-2642\"><img loading=\"lazy\" decoding=\"async\" class=\"aligncenter size-large wp-image-2642\" title=\"SH59 helark\" src=\"http:\/\/xn--hftessamlarna-bfb.se\/wp-content\/uploads\/SH59-helark-1024x769.jpg\" alt=\"\" width=\"584\" height=\"438\" srcset=\"https:\/\/xn--hftessamlarna-bfb.se\/wp-content\/uploads\/SH59-helark-1024x769.jpg 1024w, https:\/\/xn--hftessamlarna-bfb.se\/wp-content\/uploads\/SH59-helark-150x112.jpg 150w, https:\/\/xn--hftessamlarna-bfb.se\/wp-content\/uploads\/SH59-helark-300x225.jpg 300w, https:\/\/xn--hftessamlarna-bfb.se\/wp-content\/uploads\/SH59-helark-399x300.jpg 399w, https:\/\/xn--hftessamlarna-bfb.se\/wp-content\/uploads\/SH59-helark.jpg 2000w\" sizes=\"auto, (max-width: 584px) 100vw, 584px\" \/><\/a>Varianter<\/p>\n<div id=\"attachment_5016\" style=\"width: 310px\" class=\"wp-caption alignleft\"><a href=\"http:\/\/xn--hftessamlarna-bfb.se\/wp-content\/uploads\/SH59rodtejp.jpg\"><img loading=\"lazy\" decoding=\"async\" aria-describedby=\"caption-attachment-5016\" class=\"wp-image-5016 size-medium\" src=\"http:\/\/xn--hftessamlarna-bfb.se\/wp-content\/uploads\/SH59rodtejp-300x237.jpg\" alt=\"SH59rodtejp\" width=\"300\" height=\"237\" srcset=\"https:\/\/xn--hftessamlarna-bfb.se\/wp-content\/uploads\/SH59rodtejp-300x237.jpg 300w, https:\/\/xn--hftessamlarna-bfb.se\/wp-content\/uploads\/SH59rodtejp-150x119.jpg 150w, https:\/\/xn--hftessamlarna-bfb.se\/wp-content\/uploads\/SH59rodtejp-380x300.jpg 380w, https:\/\/xn--hftessamlarna-bfb.se\/wp-content\/uploads\/SH59rodtejp.jpg 768w\" sizes=\"auto, (max-width: 300px) 100vw, 300px\" \/><\/a><p id=\"caption-attachment-5016\" class=\"wp-caption-text\">detta h\u00e4fte \u00e4r ink\u00f6pt p\u00e5 ICA med r\u00f6d tejp<\/p><\/div>\n<div id=\"attachment_5017\" style=\"width: 208px\" class=\"wp-caption alignleft\"><a href=\"http:\/\/xn--hftessamlarna-bfb.se\/wp-content\/uploads\/SH59rodtejpkvitto.jpg\"><img loading=\"lazy\" decoding=\"async\" aria-describedby=\"caption-attachment-5017\" class=\"wp-image-5017 size-medium\" src=\"http:\/\/xn--hftessamlarna-bfb.se\/wp-content\/uploads\/SH59rodtejpkvitto-198x300.jpg\" alt=\"SH59rodtejpkvitto\" width=\"198\" height=\"300\" srcset=\"https:\/\/xn--hftessamlarna-bfb.se\/wp-content\/uploads\/SH59rodtejpkvitto-198x300.jpg 198w, https:\/\/xn--hftessamlarna-bfb.se\/wp-content\/uploads\/SH59rodtejpkvitto-99x150.jpg 99w, https:\/\/xn--hftessamlarna-bfb.se\/wp-content\/uploads\/SH59rodtejpkvitto.jpg 507w\" sizes=\"auto, (max-width: 198px) 100vw, 198px\" \/><\/a><p id=\"caption-attachment-5017\" class=\"wp-caption-text\">kvitto p\u00e5 ink\u00f6p av h\u00e4fte med tejp<\/p><\/div>\n","protected":false},"excerpt":{"rendered":"<p>Utgivningsdag 2012-03-21 F 2888 &#8211; 2891 10 * brevporto, 4 motiv 12 h\u00e4ften * 2 band Frim\u00e4rken \u00e4r tryckta i 4-f\u00e4rgs offset (G:8), omslagssidan 1 offset (G:8) Typer H\u00e4ftet har 31 punkters vikperforering (perf 10) slagen fr\u00e5n frim\u00e4rkssidan Markeringar centralt &hellip; <a href=\"https:\/\/xn--hftessamlarna-bfb.se\/?page_id=2640\">Forts\u00e4tt l\u00e4sa <span class=\"meta-nav\">&rarr;<\/span><\/a><\/p>\n","protected":false},"author":1,"featured_media":0,"parent":307,"menu_order":59,"comment_status":"open","ping_status":"open","template":"","meta":{"footnotes":""},"class_list":["post-2640","page","type-page","status-publish","hentry"],"_links":{"self":[{"href":"https:\/\/xn--hftessamlarna-bfb.se\/index.php?rest_route=\/wp\/v2\/pages\/2640","targetHints":{"allow":["GET"]}}],"collection":[{"href":"https:\/\/xn--hftessamlarna-bfb.se\/index.php?rest_route=\/wp\/v2\/pages"}],"about":[{"href":"https:\/\/xn--hftessamlarna-bfb.se\/index.php?rest_route=\/wp\/v2\/types\/page"}],"author":[{"embeddable":true,"href":"https:\/\/xn--hftessamlarna-bfb.se\/index.php?rest_route=\/wp\/v2\/users\/1"}],"replies":[{"embeddable":true,"href":"https:\/\/xn--hftessamlarna-bfb.se\/index.php?rest_route=%2Fwp%2Fv2%2Fcomments&post=2640"}],"version-history":[{"count":0,"href":"https:\/\/xn--hftessamlarna-bfb.se\/index.php?rest_route=\/wp\/v2\/pages\/2640\/revisions"}],"up":[{"embeddable":true,"href":"https:\/\/xn--hftessamlarna-bfb.se\/index.php?rest_route=\/wp\/v2\/pages\/307"}],"wp:attachment":[{"href":"https:\/\/xn--hftessamlarna-bfb.se\/index.php?rest_route=%2Fwp%2Fv2%2Fmedia&parent=2640"}],"curies":[{"name":"wp","href":"https:\/\/api.w.org\/{rel}","templated":true}]}}