{"id":2624,"date":"2012-03-14T10:27:36","date_gmt":"2012-03-14T08:27:36","guid":{"rendered":"http:\/\/xn--hftessamlarna-bfb.se\/?page_id=2624"},"modified":"2022-01-15T13:16:43","modified_gmt":"2022-01-15T12:16:43","slug":"h238-svenska-faglar","status":"publish","type":"page","link":"https:\/\/xn--hftessamlarna-bfb.se\/?page_id=2624","title":{"rendered":"H238 Svenska f\u00e5glar"},"content":{"rendered":"<p><a href=\"http:\/\/xn--hftessamlarna-bfb.se\/wp-content\/uploads\/H238.jpg\" rel=\"attachment wp-att-3165\"><img loading=\"lazy\" decoding=\"async\" class=\"aligncenter wp-image-3165 size-full\" title=\"H238\" src=\"http:\/\/xn--hftessamlarna-bfb.se\/wp-content\/uploads\/H238.jpg\" alt=\"\" width=\"960\" height=\"754\" srcset=\"https:\/\/xn--hftessamlarna-bfb.se\/wp-content\/uploads\/H238.jpg 960w, https:\/\/xn--hftessamlarna-bfb.se\/wp-content\/uploads\/H238-150x117.jpg 150w, https:\/\/xn--hftessamlarna-bfb.se\/wp-content\/uploads\/H238-300x235.jpg 300w, https:\/\/xn--hftessamlarna-bfb.se\/wp-content\/uploads\/H238-381x300.jpg 381w\" sizes=\"auto, (max-width: 960px) 100vw, 960px\" \/><\/a>Utgivningsdag 1970-11-20<br \/>\nF 711 \u2013 715<br \/>\n10 * 30 \u00f6re, fem motiv<br \/>\nTryckt med rasterdjuptryck<br \/>\nUpplaga 3,36 miljoner h\u00e4ften<\/p>\n<h2>Ny indelning juni 2018<\/h2>\n<p><strong>H238<\/strong> finns med tv\u00e5 olikt t\u00e4ta streckperforeringar, 16 punkter och 27 punkter i ryggen.<\/p>\n<p>Problemet har varit att hitta en beteckning f\u00f6r detta. Detta normala \u00e4r att anv\u00e4nda A och B, men de anv\u00e4nds redan f\u00f6r att beteckna omslags nyanserna och A \u00e4r vidare uppdelat i undernyanser A1, A2 och A3. Med observationen att alla nuvarande H238B har 27-punkters ryggperforering och att vi ville undvika att helt g\u00f6ra om beteckningar, s\u00e5 blev resultatet efter ing\u00e5ende analys och diskussion:<\/p>\n<p><strong>A1<\/strong> betecknar mattr\u00f6tt omslag med 16 punkters ryggperforering<br \/>\n<strong>A2<\/strong> betecknar mattr\u00f6tt omslag med 27 punkters ryggperforering<br \/>\n<strong>B<\/strong> betecknar klarr\u00f6tt omslag med 27 punkters ryggperforering<\/p>\n<p>De nuvarande undernyanserna till A betecknas med en samma siffra med en punkt f\u00f6re. 16-punkters ryggperforering \u00e4r ovanlig och har endast observerats i A1 och A2 enligt tidigare beteckning som nu betecknats med A1.1 och A1.2. H238A enligt tidigare beteckning och med 27-punkters perforering finns i alla tre varianterna: H238A2.1, H238A2.2 och H238A2.3.<\/p>\n<p>Sammanfattningsvis kan man se det som att h\u00e4ften med den gamla beteckningen 238Ax, d\u00e4r x st\u00e5r for 1, 2 eller 3 nu f\u00e5r beteckningen<\/p>\n<ul>\n<li>H238A2.x i normalfallet 27-punkters ryggperforering<\/li>\n<li>H238A1.x i det ovanligare fallet 16-punkters ryggperforering<\/li>\n<\/ul>\n<h2>Typer<\/h2>\n<p><strong>A1<\/strong> betecknar mattr\u00f6tt omslag med 16 punkters ryggperforering<br \/>\n<strong>A1.1<\/strong> mycket matt r\u00f6d<br \/>\n<strong>A1.2<\/strong> matt r\u00f6d<\/p>\n<p><strong>A2<\/strong> betecknar mattr\u00f6tt omslag med 27 punkters ryggperforering<br \/>\n<strong>A2.1<\/strong> mycket matt r\u00f6d<br \/>\n<strong>A2.2<\/strong> matt r\u00f6d<br \/>\n<strong>A2.3<\/strong> n\u00e5got matt r\u00f6d<\/p>\n<p><strong>B<\/strong> betecknar klarr\u00f6tt omslag med 27 punkters ryggperforering<\/p>\n<div id=\"attachment_3166\" style=\"width: 461px\" class=\"wp-caption alignleft\"><a href=\"http:\/\/xn--hftessamlarna-bfb.se\/wp-content\/uploads\/H238A1A2A3B.jpg\" rel=\"attachment wp-att-3166\"><img loading=\"lazy\" decoding=\"async\" aria-describedby=\"caption-attachment-3166\" class=\"wp-image-3166\" src=\"http:\/\/xn--hftessamlarna-bfb.se\/wp-content\/uploads\/H238A1A2A3B.jpg\" alt=\"H238A1A2A3B\" width=\"451\" height=\"233\" srcset=\"https:\/\/xn--hftessamlarna-bfb.se\/wp-content\/uploads\/H238A1A2A3B.jpg 752w, https:\/\/xn--hftessamlarna-bfb.se\/wp-content\/uploads\/H238A1A2A3B-150x77.jpg 150w, https:\/\/xn--hftessamlarna-bfb.se\/wp-content\/uploads\/H238A1A2A3B-300x155.jpg 300w, https:\/\/xn--hftessamlarna-bfb.se\/wp-content\/uploads\/H238A1A2A3B-500x258.jpg 500w\" sizes=\"auto, (max-width: 451px) 100vw, 451px\" \/><\/a><p id=\"caption-attachment-3166\" class=\"wp-caption-text\">nyanser p\u00e5 omslag 1 &#8211; 2 &#8211; 3 &#8211; B<\/p><\/div>\n<div id=\"attachment_4220\" style=\"width: 310px\" class=\"wp-caption alignleft\"><a href=\"http:\/\/xn--hftessamlarna-bfb.se\/wp-content\/uploads\/H238AUV.jpg\" rel=\"attachment wp-att-4220\"><img loading=\"lazy\" decoding=\"async\" aria-describedby=\"caption-attachment-4220\" class=\"wp-image-4220 size-medium\" src=\"https:\/\/xn--hftessamlarna-bfb.se\/wp-content\/uploads\/H238AUV-300x171.jpg\" alt=\"H238AUV\" width=\"300\" height=\"171\" srcset=\"https:\/\/xn--hftessamlarna-bfb.se\/wp-content\/uploads\/H238AUV-300x171.jpg 300w, https:\/\/xn--hftessamlarna-bfb.se\/wp-content\/uploads\/H238AUV-150x85.jpg 150w, https:\/\/xn--hftessamlarna-bfb.se\/wp-content\/uploads\/H238AUV-500x285.jpg 500w, https:\/\/xn--hftessamlarna-bfb.se\/wp-content\/uploads\/H238AUV.jpg 703w\" sizes=\"auto, (max-width: 300px) 100vw, 300px\" \/><\/a><p id=\"caption-attachment-4220\" class=\"wp-caption-text\">omslagsf\u00e4rgen varierar under UV-ljus<\/p><\/div>\n<h2>Markeringar<\/h2>\n<p>Detta h\u00e4ften har en m\u00e4ngd olika marginaltecken. L\u00e4s i handboken eller p\u00e5 v\u00e5r sida <a href=\"http:\/\/xn--hftessamlarna-bfb.se\/?page_id=5358\">H238 Marginaltecken<\/a>.<\/p>\n<p><strong>A<br \/>\n<\/strong>RT 6 * 2,5 mm svart<strong><br \/>\n<\/strong>RT 8 * 2 mm svart<br \/>\nhelt kn<br \/>\ndelat kn (5,5\/0,5 | 5\/1 | 4,5\/1,5 | 4\/2 | 3,5\/2,5 | 3\/3 | 2,5\/3,5 | 2\/4 | 1,5\/4,5 | 1\/5 | 0,5\/5,5)<\/p>\n<p><strong>B<br \/>\n<\/strong>RT 6 * 2,5 mm svart (ovanligt)<strong><br \/>\n<\/strong>RT 8 * 2 mm svart<br \/>\nhelt kn<br \/>\ndelat kn (5,5\/0,5 | 5\/1 | 3\/3 | 2,5\/3,5 | 1,5\/4,5 | 1\/5 | 0,5\/5,5)<\/p>\n<h2>Bilder p\u00e5 varianter<\/h2>\n<div id=\"attachment_3991\" style=\"width: 310px\" class=\"wp-caption alignleft\"><a href=\"http:\/\/xn--hftessamlarna-bfb.se\/wp-content\/uploads\/H238dp.jpg\" rel=\"attachment wp-att-3991\"><img loading=\"lazy\" decoding=\"async\" aria-describedby=\"caption-attachment-3991\" class=\" wp-image-3991 size-medium\" src=\"http:\/\/xn--hftessamlarna-bfb.se\/wp-content\/uploads\/H238dp-300x256.jpg\" alt=\"H238dp\" width=\"300\" height=\"256\" srcset=\"https:\/\/xn--hftessamlarna-bfb.se\/wp-content\/uploads\/H238dp-300x256.jpg 300w, https:\/\/xn--hftessamlarna-bfb.se\/wp-content\/uploads\/H238dp-150x128.jpg 150w, https:\/\/xn--hftessamlarna-bfb.se\/wp-content\/uploads\/H238dp-350x300.jpg 350w, https:\/\/xn--hftessamlarna-bfb.se\/wp-content\/uploads\/H238dp.jpg 817w\" sizes=\"auto, (max-width: 300px) 100vw, 300px\" \/><\/a><p id=\"caption-attachment-3991\" class=\"wp-caption-text\">f\u00e4rgf\u00f6rskjutning upptr\u00e4der p\u00e5 olika s\u00e4tt<\/p><\/div>\n<div id=\"attachment_4915\" style=\"width: 300px\" class=\"wp-caption alignleft\"><a href=\"http:\/\/xn--hftessamlarna-bfb.se\/wp-content\/uploads\/H238A2uppperf.jpg\"><img loading=\"lazy\" decoding=\"async\" aria-describedby=\"caption-attachment-4915\" class=\"wp-image-4915 size-medium\" src=\"http:\/\/xn--hftessamlarna-bfb.se\/wp-content\/uploads\/H238A2uppperf-290x300.jpg\" alt=\"H238A2uppperf\" width=\"290\" height=\"300\" srcset=\"https:\/\/xn--hftessamlarna-bfb.se\/wp-content\/uploads\/H238A2uppperf-290x300.jpg 290w, https:\/\/xn--hftessamlarna-bfb.se\/wp-content\/uploads\/H238A2uppperf-145x150.jpg 145w, https:\/\/xn--hftessamlarna-bfb.se\/wp-content\/uploads\/H238A2uppperf.jpg 809w\" sizes=\"auto, (max-width: 290px) 100vw, 290px\" \/><\/a><p id=\"caption-attachment-4915\" class=\"wp-caption-text\">A2-h\u00e4ften med n\u00e5got upph\u00f6jt mitth\u00e5l<\/p><\/div>\n<h2>Nyanser p\u00e5 omslag och olika <b>fluorescens <\/b>p\u00e5 inlaga<\/h2>\n<div id=\"attachment_3619\" style=\"width: 310px\" class=\"wp-caption alignleft\"><a href=\"http:\/\/xn--hftessamlarna-bfb.se\/wp-content\/uploads\/H238-flourescens.jpg\" rel=\"attachment wp-att-3619\"><img loading=\"lazy\" decoding=\"async\" aria-describedby=\"caption-attachment-3619\" class=\" wp-image-3619 size-medium\" src=\"http:\/\/xn--hftessamlarna-bfb.se\/wp-content\/uploads\/H238-flourescens-300x199.jpg\" alt=\"H238 flourescens\" width=\"300\" height=\"199\" srcset=\"https:\/\/xn--hftessamlarna-bfb.se\/wp-content\/uploads\/H238-flourescens-300x199.jpg 300w, https:\/\/xn--hftessamlarna-bfb.se\/wp-content\/uploads\/H238-flourescens-150x99.jpg 150w, https:\/\/xn--hftessamlarna-bfb.se\/wp-content\/uploads\/H238-flourescens-1024x680.jpg 1024w, https:\/\/xn--hftessamlarna-bfb.se\/wp-content\/uploads\/H238-flourescens-451x300.jpg 451w, https:\/\/xn--hftessamlarna-bfb.se\/wp-content\/uploads\/H238-flourescens.jpg 1542w\" sizes=\"auto, (max-width: 300px) 100vw, 300px\" \/><\/a><p id=\"caption-attachment-3619\" class=\"wp-caption-text\">inlagan verkar finnas med olika fluorescens<\/p><\/div>\n<h2>\u00a0Artiklar<\/h2>\n<p><a href=\"http:\/\/xn--hftessamlarna-bfb.se\/wp-content\/uploads\/H238-Gunnar-Struck.pdf\">H238 Gunnar Struck<\/a><\/p>\n","protected":false},"excerpt":{"rendered":"<p>Utgivningsdag 1970-11-20 F 711 \u2013 715 10 * 30 \u00f6re, fem motiv Tryckt med rasterdjuptryck Upplaga 3,36 miljoner h\u00e4ften Ny indelning juni 2018 H238 finns med tv\u00e5 olikt t\u00e4ta streckperforeringar, 16 punkter och 27 punkter i ryggen. Problemet har varit &hellip; <a href=\"https:\/\/xn--hftessamlarna-bfb.se\/?page_id=2624\">Forts\u00e4tt l\u00e4sa <span class=\"meta-nav\">&rarr;<\/span><\/a><\/p>\n","protected":false},"author":1,"featured_media":0,"parent":2581,"menu_order":238,"comment_status":"open","ping_status":"open","template":"","meta":{"footnotes":""},"class_list":["post-2624","page","type-page","status-publish","hentry"],"_links":{"self":[{"href":"https:\/\/xn--hftessamlarna-bfb.se\/index.php?rest_route=\/wp\/v2\/pages\/2624","targetHints":{"allow":["GET"]}}],"collection":[{"href":"https:\/\/xn--hftessamlarna-bfb.se\/index.php?rest_route=\/wp\/v2\/pages"}],"about":[{"href":"https:\/\/xn--hftessamlarna-bfb.se\/index.php?rest_route=\/wp\/v2\/types\/page"}],"author":[{"embeddable":true,"href":"https:\/\/xn--hftessamlarna-bfb.se\/index.php?rest_route=\/wp\/v2\/users\/1"}],"replies":[{"embeddable":true,"href":"https:\/\/xn--hftessamlarna-bfb.se\/index.php?rest_route=%2Fwp%2Fv2%2Fcomments&post=2624"}],"version-history":[{"count":0,"href":"https:\/\/xn--hftessamlarna-bfb.se\/index.php?rest_route=\/wp\/v2\/pages\/2624\/revisions"}],"up":[{"embeddable":true,"href":"https:\/\/xn--hftessamlarna-bfb.se\/index.php?rest_route=\/wp\/v2\/pages\/2581"}],"wp:attachment":[{"href":"https:\/\/xn--hftessamlarna-bfb.se\/index.php?rest_route=%2Fwp%2Fv2%2Fmedia&parent=2624"}],"curies":[{"name":"wp","href":"https:\/\/api.w.org\/{rel}","templated":true}]}}