{"id":2608,"date":"2012-03-13T16:26:32","date_gmt":"2012-03-13T14:26:32","guid":{"rendered":"http:\/\/xn--hftessamlarna-bfb.se\/?page_id=2608"},"modified":"2020-12-14T17:05:32","modified_gmt":"2020-12-14T16:05:32","slug":"h224-albert-engstrom-55-ore","status":"publish","type":"page","link":"https:\/\/xn--hftessamlarna-bfb.se\/?page_id=2608","title":{"rendered":"H224 Albert Engstr\u00f6m, 55 \u00f6re"},"content":{"rendered":"<p><a href=\"http:\/\/xn--hftessamlarna-bfb.se\/?attachment_id=3183\" rel=\"attachment wp-att-3183\"><img loading=\"lazy\" decoding=\"async\" class=\"aligncenter size-full wp-image-3183\" title=\"H224\" src=\"http:\/\/xn--hftessamlarna-bfb.se\/wp-content\/uploads\/H224.jpg\" alt=\"\" width=\"960\" height=\"713\" srcset=\"https:\/\/xn--hftessamlarna-bfb.se\/wp-content\/uploads\/H224.jpg 960w, https:\/\/xn--hftessamlarna-bfb.se\/wp-content\/uploads\/H224-150x111.jpg 150w, https:\/\/xn--hftessamlarna-bfb.se\/wp-content\/uploads\/H224-300x222.jpg 300w, https:\/\/xn--hftessamlarna-bfb.se\/wp-content\/uploads\/H224-403x300.jpg 403w\" sizes=\"auto, (max-width: 960px) 100vw, 960px\" \/><\/a>Utgivningsdag 1969-05-12<br \/>\nF 656<br \/>\n10 * 55 \u00f6re, ett motiv<br \/>\nTryckt med st\u00e5lgravyrtryck<br \/>\nUpplaga 668.000 h\u00e4ften<\/p>\n<h2>Markeringar<\/h2>\n<p>RT 8 * 2 mm svart<br \/>\ncyls 1<br \/>\ncyls 2<br \/>\ndelat kn (2\/3 | 1,5\/3,5 | 1\/4)<\/p>\n<h2>Omslaget kan ha olika UV-reaktion<\/h2>\n<h2><a href=\"http:\/\/xn--hftessamlarna-bfb.se\/wp-content\/uploads\/H224fluor.jpg\"><img loading=\"lazy\" decoding=\"async\" class=\"alignleft wp-image-4525 size-medium\" src=\"http:\/\/xn--hftessamlarna-bfb.se\/wp-content\/uploads\/H224fluor-300x201.jpg\" alt=\"H224fluor\" width=\"300\" height=\"201\" srcset=\"https:\/\/xn--hftessamlarna-bfb.se\/wp-content\/uploads\/H224fluor-300x201.jpg 300w, https:\/\/xn--hftessamlarna-bfb.se\/wp-content\/uploads\/H224fluor-150x100.jpg 150w, https:\/\/xn--hftessamlarna-bfb.se\/wp-content\/uploads\/H224fluor-446x300.jpg 446w, https:\/\/xn--hftessamlarna-bfb.se\/wp-content\/uploads\/H224fluor.jpg 960w\" sizes=\"auto, (max-width: 300px) 100vw, 300px\" \/><\/a><\/h2>\n<h2>Artiklar<\/h2>\n<p><a href=\"http:\/\/xn--hftessamlarna-bfb.se\/wp-content\/uploads\/H224-Gunnar-Struck.pdf\">H224 Gunnar Struck<\/a><\/p>\n","protected":false},"excerpt":{"rendered":"<p>Utgivningsdag 1969-05-12 F 656 10 * 55 \u00f6re, ett motiv Tryckt med st\u00e5lgravyrtryck Upplaga 668.000 h\u00e4ften Markeringar RT 8 * 2 mm svart cyls 1 cyls 2 delat kn (2\/3 | 1,5\/3,5 | 1\/4) Omslaget kan ha olika UV-reaktion Artiklar &hellip; <a href=\"https:\/\/xn--hftessamlarna-bfb.se\/?page_id=2608\">Forts\u00e4tt l\u00e4sa <span class=\"meta-nav\">&rarr;<\/span><\/a><\/p>\n","protected":false},"author":1,"featured_media":0,"parent":2581,"menu_order":224,"comment_status":"open","ping_status":"open","template":"","meta":{"footnotes":""},"class_list":["post-2608","page","type-page","status-publish","hentry"],"_links":{"self":[{"href":"https:\/\/xn--hftessamlarna-bfb.se\/index.php?rest_route=\/wp\/v2\/pages\/2608","targetHints":{"allow":["GET"]}}],"collection":[{"href":"https:\/\/xn--hftessamlarna-bfb.se\/index.php?rest_route=\/wp\/v2\/pages"}],"about":[{"href":"https:\/\/xn--hftessamlarna-bfb.se\/index.php?rest_route=\/wp\/v2\/types\/page"}],"author":[{"embeddable":true,"href":"https:\/\/xn--hftessamlarna-bfb.se\/index.php?rest_route=\/wp\/v2\/users\/1"}],"replies":[{"embeddable":true,"href":"https:\/\/xn--hftessamlarna-bfb.se\/index.php?rest_route=%2Fwp%2Fv2%2Fcomments&post=2608"}],"version-history":[{"count":0,"href":"https:\/\/xn--hftessamlarna-bfb.se\/index.php?rest_route=\/wp\/v2\/pages\/2608\/revisions"}],"up":[{"embeddable":true,"href":"https:\/\/xn--hftessamlarna-bfb.se\/index.php?rest_route=\/wp\/v2\/pages\/2581"}],"wp:attachment":[{"href":"https:\/\/xn--hftessamlarna-bfb.se\/index.php?rest_route=%2Fwp%2Fv2%2Fmedia&parent=2608"}],"curies":[{"name":"wp","href":"https:\/\/api.w.org\/{rel}","templated":true}]}}