{"id":2602,"date":"2012-03-13T15:58:22","date_gmt":"2012-03-13T13:58:22","guid":{"rendered":"http:\/\/xn--hftessamlarna-bfb.se\/?page_id=2602"},"modified":"2017-02-28T10:17:10","modified_gmt":"2017-02-28T09:17:10","slug":"h218-gustaf-vi-adolf-typ-iii-50-ore","status":"publish","type":"page","link":"https:\/\/xn--hftessamlarna-bfb.se\/?page_id=2602","title":{"rendered":"H218 Gustaf VI Adolf, typ III, 50 \u00f6re"},"content":{"rendered":"<p><a href=\"http:\/\/xn--hftessamlarna-bfb.se\/?attachment_id=3188\" rel=\"attachment wp-att-3188\"><img loading=\"lazy\" decoding=\"async\" class=\"aligncenter size-full wp-image-3188\" title=\"H218\" src=\"http:\/\/xn--hftessamlarna-bfb.se\/wp-content\/uploads\/H218.jpg\" alt=\"\" width=\"960\" height=\"538\" srcset=\"https:\/\/xn--hftessamlarna-bfb.se\/wp-content\/uploads\/H218.jpg 960w, https:\/\/xn--hftessamlarna-bfb.se\/wp-content\/uploads\/H218-150x84.jpg 150w, https:\/\/xn--hftessamlarna-bfb.se\/wp-content\/uploads\/H218-300x168.jpg 300w, https:\/\/xn--hftessamlarna-bfb.se\/wp-content\/uploads\/H218-500x280.jpg 500w\" sizes=\"auto, (max-width: 960px) 100vw, 960px\" \/><\/a>Utgivningsdag 1969-01-20<br \/>\nF 432<br \/>\n10 * 50 \u00f6re, ett motiv<br \/>\nTryckt med st\u00e5lgravyrtryck<br \/>\nUpplaga 670.000 h\u00e4ften<\/p>\n<h2>Markeringar<\/h2>\n<p>delat regm<br \/>\nRT 6 * 3,5 mm gr\u00f6nt<br \/>\ncyls 1 fot<br \/>\ncyls 1 fana<br \/>\ncyls 2<br \/>\nhelt kn i antikva<\/p>\n<h2>\u00d6vrigt<\/h2>\n<p>Pl\u00e5ts\u00e5r, streck \u00f6ver h\u00f6gra \u00f6vre bildens \u00f6vre ram<\/p>\n<h2>Bild p\u00e5 variant<\/h2>\n<div id=\"attachment_4318\" style=\"width: 220px\" class=\"wp-caption alignleft\"><a href=\"http:\/\/xn--hftessamlarna-bfb.se\/?attachment_id=4318\" rel=\"attachment wp-att-4318\"><img loading=\"lazy\" decoding=\"async\" aria-describedby=\"caption-attachment-4318\" class=\" wp-image-4318 \" src=\"http:\/\/xn--hftessamlarna-bfb.se\/wp-content\/uploads\/H218cyls1th.jpg\" alt=\"H218cyls1th\" width=\"210\" height=\"331\" srcset=\"https:\/\/xn--hftessamlarna-bfb.se\/wp-content\/uploads\/H218cyls1th.jpg 583w, https:\/\/xn--hftessamlarna-bfb.se\/wp-content\/uploads\/H218cyls1th-95x150.jpg 95w, https:\/\/xn--hftessamlarna-bfb.se\/wp-content\/uploads\/H218cyls1th-190x300.jpg 190w\" sizes=\"auto, (max-width: 210px) 100vw, 210px\" \/><\/a><p id=\"caption-attachment-4318\" class=\"wp-caption-text\">med &#8221;hel&#8221; cyls 1<\/p><\/div>\n<h2>Olika klich\u00e9er<\/h2>\n<p><a href=\"http:\/\/xn--hftessamlarna-bfb.se\/wp-content\/uploads\/H218Klicheer_cirklar.jpg\"><img loading=\"lazy\" decoding=\"async\" class=\"alignleft wp-image-5520 size-large\" src=\"http:\/\/xn--hftessamlarna-bfb.se\/wp-content\/uploads\/H218Klicheer_cirklar-1024x581.jpg\" width=\"584\" height=\"331\" srcset=\"https:\/\/xn--hftessamlarna-bfb.se\/wp-content\/uploads\/H218Klicheer_cirklar-1024x581.jpg 1024w, https:\/\/xn--hftessamlarna-bfb.se\/wp-content\/uploads\/H218Klicheer_cirklar-150x85.jpg 150w, https:\/\/xn--hftessamlarna-bfb.se\/wp-content\/uploads\/H218Klicheer_cirklar-300x170.jpg 300w, https:\/\/xn--hftessamlarna-bfb.se\/wp-content\/uploads\/H218Klicheer_cirklar-768x436.jpg 768w, https:\/\/xn--hftessamlarna-bfb.se\/wp-content\/uploads\/H218Klicheer_cirklar-500x284.jpg 500w, https:\/\/xn--hftessamlarna-bfb.se\/wp-content\/uploads\/H218Klicheer_cirklar.jpg 1933w\" sizes=\"auto, (max-width: 584px) 100vw, 584px\" \/><\/a><\/p>\n<h2>Artiklar<\/h2>\n<p><a href=\"http:\/\/xn--hftessamlarna-bfb.se\/wp-content\/uploads\/H218-Gunnar-Struck.pdf\">H218 Gunnar Struck<\/a><\/p>\n","protected":false},"excerpt":{"rendered":"<p>Utgivningsdag 1969-01-20 F 432 10 * 50 \u00f6re, ett motiv Tryckt med st\u00e5lgravyrtryck Upplaga 670.000 h\u00e4ften Markeringar delat regm RT 6 * 3,5 mm gr\u00f6nt cyls 1 fot cyls 1 fana cyls 2 helt kn i antikva \u00d6vrigt Pl\u00e5ts\u00e5r, streck &hellip; <a href=\"https:\/\/xn--hftessamlarna-bfb.se\/?page_id=2602\">Forts\u00e4tt l\u00e4sa <span class=\"meta-nav\">&rarr;<\/span><\/a><\/p>\n","protected":false},"author":1,"featured_media":0,"parent":2581,"menu_order":218,"comment_status":"open","ping_status":"open","template":"","meta":{"footnotes":""},"class_list":["post-2602","page","type-page","status-publish","hentry"],"_links":{"self":[{"href":"https:\/\/xn--hftessamlarna-bfb.se\/index.php?rest_route=\/wp\/v2\/pages\/2602","targetHints":{"allow":["GET"]}}],"collection":[{"href":"https:\/\/xn--hftessamlarna-bfb.se\/index.php?rest_route=\/wp\/v2\/pages"}],"about":[{"href":"https:\/\/xn--hftessamlarna-bfb.se\/index.php?rest_route=\/wp\/v2\/types\/page"}],"author":[{"embeddable":true,"href":"https:\/\/xn--hftessamlarna-bfb.se\/index.php?rest_route=\/wp\/v2\/users\/1"}],"replies":[{"embeddable":true,"href":"https:\/\/xn--hftessamlarna-bfb.se\/index.php?rest_route=%2Fwp%2Fv2%2Fcomments&post=2602"}],"version-history":[{"count":0,"href":"https:\/\/xn--hftessamlarna-bfb.se\/index.php?rest_route=\/wp\/v2\/pages\/2602\/revisions"}],"up":[{"embeddable":true,"href":"https:\/\/xn--hftessamlarna-bfb.se\/index.php?rest_route=\/wp\/v2\/pages\/2581"}],"wp:attachment":[{"href":"https:\/\/xn--hftessamlarna-bfb.se\/index.php?rest_route=%2Fwp%2Fv2%2Fmedia&parent=2602"}],"curies":[{"name":"wp","href":"https:\/\/api.w.org\/{rel}","templated":true}]}}