{"id":2593,"date":"2012-03-13T14:42:57","date_gmt":"2012-03-13T12:42:57","guid":{"rendered":"http:\/\/xn--hftessamlarna-bfb.se\/?page_id=2593"},"modified":"2020-12-14T17:10:56","modified_gmt":"2020-12-14T16:10:56","slug":"h210-vm-i-orientering","status":"publish","type":"page","link":"https:\/\/xn--hftessamlarna-bfb.se\/?page_id=2593","title":{"rendered":"H210 VM i orientering"},"content":{"rendered":"<p><a href=\"http:\/\/xn--hftessamlarna-bfb.se\/?attachment_id=3197\" rel=\"attachment wp-att-3197\"><img loading=\"lazy\" decoding=\"async\" class=\"aligncenter size-full wp-image-3197\" title=\"H210\" src=\"http:\/\/xn--hftessamlarna-bfb.se\/wp-content\/uploads\/H210.jpg\" alt=\"\" width=\"960\" height=\"756\" srcset=\"https:\/\/xn--hftessamlarna-bfb.se\/wp-content\/uploads\/H210.jpg 960w, https:\/\/xn--hftessamlarna-bfb.se\/wp-content\/uploads\/H210-150x118.jpg 150w, https:\/\/xn--hftessamlarna-bfb.se\/wp-content\/uploads\/H210-300x236.jpg 300w, https:\/\/xn--hftessamlarna-bfb.se\/wp-content\/uploads\/H210-380x300.jpg 380w\" sizes=\"auto, (max-width: 960px) 100vw, 960px\" \/><\/a>Utgivningsdag 1968-09-05<br \/>\nF 637<br \/>\n10 * 40 \u00f6re, ett motiv<br \/>\nTryckt med st\u00e5lgravyrtryck<br \/>\nUpplaga 384.000 h\u00e4ften<\/p>\n<h2>Typer<\/h2>\n<p><strong>:0<\/strong> inget extra mittperforeringsh\u00e5l p\u00e5 IR<br \/>\n<strong>:0T1<\/strong> yttersta paret skuret<br \/>\n<strong>:0T2<\/strong> yttersta paret rivet<\/p>\n<p><strong>:1<\/strong> extra mittperforeringsh\u00e5l p\u00e5 IR<br \/>\n<strong>:1T1<\/strong> yttersta paret skuret<br \/>\n<strong>:1T2<\/strong> yttersta paret rivet<\/p>\n<h2>Markeringar<\/h2>\n<p><strong>:0T1R<\/strong><br \/>\ndelat regm, b=9,6, d=9,8<br \/>\nRT 6 * 2,5 mm m\u00f6rkgr\u00f6nt<\/p>\n<p><strong>:0T1N<\/strong><br \/>\ndelat regm, b=9,2, d=9,4<br \/>\nRT 6 * 2,5 mm m\u00f6rkgr\u00f6nt<br \/>\ncyls 1<br \/>\ncyls 2<br \/>\nhelt kn i blockstil, 9-10 mm fr\u00e5n bild<\/p>\n<p><strong>:0T2R<\/strong><br \/>\ndelat regm, b=9,6, d=9,8<br \/>\nRT 6 * 2,5 mm m\u00f6rkgr\u00f6nt<\/p>\n<p><strong>:0T2N<\/strong><br \/>\ndelat regm, b=9,2, d=9,4<br \/>\nRT 6 * 2,5 mm m\u00f6rkgr\u00f6nt<br \/>\ncyls 1<br \/>\ncyls 2<br \/>\nhelt kn i blockstil<\/p>\n<p><strong>:1T1R<\/strong><br \/>\ndelat regm, b=9,6, d=9,8<br \/>\nRT 6 * 2,5 mm m\u00f6rkgr\u00f6nt<\/p>\n<p><strong>:1T1N<\/strong><br \/>\ndelat regm, b=9,2, d=9,4<br \/>\nRT 6 * 2,5 mm m\u00f6rkgr\u00f6nt<br \/>\ncyls 1<br \/>\ncyls 2<br \/>\ndelat kn i blockstil (2\/3 | 1,5\/3,5 | 1\/4)<\/p>\n<p><strong>:1T2R<\/strong><br \/>\ndelat regm, b=9,6, d=9,8<br \/>\nRT 6 * 2,5 mm m\u00f6rkgr\u00f6nt<\/p>\n<p><strong>:1T2N<\/strong><br \/>\ndelat regm, b=9,2, d=9,4<br \/>\nRT 6 * 2,5 mm m\u00f6rkgr\u00f6nt<br \/>\ncyls 1<br \/>\ncyls 2<br \/>\ndelat kn i blockstil (2\/3 | 1,5\/3,5 | 1\/4)<\/p>\n<h2>Bilder p\u00e5 varianter<\/h2>\n<p>Erik Hultman har skickat denna bild p\u00e5 ett h\u00e4fte som han k\u00f6pte\u00a0p\u00e5 Frim\u00e4rksauktioner i Helsingborg \u00e5r 2006. Den r\u00f6da f\u00e4rgen g\u00e5r igenom frim\u00e4rkena men det finns inget r\u00f6tt avtryck p\u00e5 omslaget sid 3. 1-2 paret fr\u00e5n IR \u00e4r fel det saknas f\u00e4rg eller tryckcylindern \u00e4r s\u00f6nder.Han anser att <strong>X<\/strong> \u00e4r fr\u00e5n tryckeriet.<\/p>\n<div id=\"attachment_3973\" style=\"width: 594px\" class=\"wp-caption alignleft\"><a href=\"http:\/\/xn--hftessamlarna-bfb.se\/wp-content\/uploads\/H210X.jpg\" rel=\"attachment wp-att-3973\"><img loading=\"lazy\" decoding=\"async\" aria-describedby=\"caption-attachment-3973\" class=\"  wp-image-3973 size-large\" src=\"http:\/\/xn--hftessamlarna-bfb.se\/wp-content\/uploads\/H210X-1024x409.jpg\" alt=\"H210X\" width=\"584\" height=\"233\" srcset=\"https:\/\/xn--hftessamlarna-bfb.se\/wp-content\/uploads\/H210X-1024x409.jpg 1024w, https:\/\/xn--hftessamlarna-bfb.se\/wp-content\/uploads\/H210X-150x59.jpg 150w, https:\/\/xn--hftessamlarna-bfb.se\/wp-content\/uploads\/H210X-300x119.jpg 300w, https:\/\/xn--hftessamlarna-bfb.se\/wp-content\/uploads\/H210X-500x199.jpg 500w, https:\/\/xn--hftessamlarna-bfb.se\/wp-content\/uploads\/H210X.jpg 1166w\" sizes=\"auto, (max-width: 584px) 100vw, 584px\" \/><\/a><p id=\"caption-attachment-3973\" class=\"wp-caption-text\">\u00f6verkorsad inlaga<\/p><\/div>\n<h2>\u00a0Artiklar<\/h2>\n<p><a href=\"http:\/\/xn--hftessamlarna-bfb.se\/wp-content\/uploads\/H210-Gunnar-Struck.pdf\">H210 Gunnar Struck<\/a><\/p>\n","protected":false},"excerpt":{"rendered":"<p>Utgivningsdag 1968-09-05 F 637 10 * 40 \u00f6re, ett motiv Tryckt med st\u00e5lgravyrtryck Upplaga 384.000 h\u00e4ften Typer :0 inget extra mittperforeringsh\u00e5l p\u00e5 IR :0T1 yttersta paret skuret :0T2 yttersta paret rivet :1 extra mittperforeringsh\u00e5l p\u00e5 IR :1T1 yttersta paret skuret &hellip; <a href=\"https:\/\/xn--hftessamlarna-bfb.se\/?page_id=2593\">Forts\u00e4tt l\u00e4sa <span class=\"meta-nav\">&rarr;<\/span><\/a><\/p>\n","protected":false},"author":1,"featured_media":0,"parent":2581,"menu_order":210,"comment_status":"open","ping_status":"open","template":"","meta":{"footnotes":""},"class_list":["post-2593","page","type-page","status-publish","hentry"],"_links":{"self":[{"href":"https:\/\/xn--hftessamlarna-bfb.se\/index.php?rest_route=\/wp\/v2\/pages\/2593","targetHints":{"allow":["GET"]}}],"collection":[{"href":"https:\/\/xn--hftessamlarna-bfb.se\/index.php?rest_route=\/wp\/v2\/pages"}],"about":[{"href":"https:\/\/xn--hftessamlarna-bfb.se\/index.php?rest_route=\/wp\/v2\/types\/page"}],"author":[{"embeddable":true,"href":"https:\/\/xn--hftessamlarna-bfb.se\/index.php?rest_route=\/wp\/v2\/users\/1"}],"replies":[{"embeddable":true,"href":"https:\/\/xn--hftessamlarna-bfb.se\/index.php?rest_route=%2Fwp%2Fv2%2Fcomments&post=2593"}],"version-history":[{"count":0,"href":"https:\/\/xn--hftessamlarna-bfb.se\/index.php?rest_route=\/wp\/v2\/pages\/2593\/revisions"}],"up":[{"embeddable":true,"href":"https:\/\/xn--hftessamlarna-bfb.se\/index.php?rest_route=\/wp\/v2\/pages\/2581"}],"wp:attachment":[{"href":"https:\/\/xn--hftessamlarna-bfb.se\/index.php?rest_route=%2Fwp%2Fv2%2Fmedia&parent=2593"}],"curies":[{"name":"wp","href":"https:\/\/api.w.org\/{rel}","templated":true}]}}