{"id":2587,"date":"2012-03-07T13:03:44","date_gmt":"2012-03-07T11:03:44","guid":{"rendered":"http:\/\/xn--hftessamlarna-bfb.se\/?page_id=2587"},"modified":"2024-02-06T09:11:22","modified_gmt":"2024-02-06T08:11:22","slug":"h205-vildblommor","status":"publish","type":"page","link":"https:\/\/xn--hftessamlarna-bfb.se\/?page_id=2587","title":{"rendered":"H205 Nordiska vildblommor"},"content":{"rendered":"<p><a href=\"http:\/\/xn--hftessamlarna-bfb.se\/?attachment_id=3203\" rel=\"attachment wp-att-3203\"><img loading=\"lazy\" decoding=\"async\" class=\"aligncenter size-full wp-image-3203\" title=\"H205\" src=\"http:\/\/xn--hftessamlarna-bfb.se\/wp-content\/uploads\/H205.jpg\" alt=\"\" width=\"960\" height=\"706\" srcset=\"https:\/\/xn--hftessamlarna-bfb.se\/wp-content\/uploads\/H205.jpg 960w, https:\/\/xn--hftessamlarna-bfb.se\/wp-content\/uploads\/H205-150x110.jpg 150w, https:\/\/xn--hftessamlarna-bfb.se\/wp-content\/uploads\/H205-300x220.jpg 300w, https:\/\/xn--hftessamlarna-bfb.se\/wp-content\/uploads\/H205-407x300.jpg 407w\" sizes=\"auto, (max-width: 960px) 100vw, 960px\" \/><\/a>Utgivningsdag 1968-06-04<br \/>\nF 626 &#8211; 630<br \/>\n10 x 45 \u00f6re, fem motiv<br \/>\nTryckt med st\u00e5lgravyrtryck<br \/>\nUpplaga 3,25 miljoner h\u00e4ften<\/p>\n<h2>Typer<\/h2>\n<p>H\u00e4ftet finns med tv\u00e5 olika format p\u00e5 omslaget. Trycket p\u00e5 omslaget finns i fem varianter.<\/p>\n<p><strong>A<\/strong> Omslagsformat 85 x 63 mm<br \/>\n<strong>AT1<\/strong> yttersta frim\u00e4rksparet har skuren perforering<br \/>\n<strong>M\u00e5tt p\u00e5 omslagstryck<br \/>\na<\/strong>: x = 152-152,5 y = 157-157,5<br \/>\n<strong>b<\/strong>: x = 149-150 y = 157-158,5<br \/>\n<strong>c<\/strong>: x = 149-150 y = 154-155<br \/>\n<strong>AT2<\/strong> yttersta frim\u00e4rksparet har riven perforering<br \/>\n<strong>M\u00e5tt p\u00e5 omslagstryck<br \/>\na<\/strong>: x = 152-152,5 y = 157-157,5<br \/>\n<strong>b<\/strong>: x = 149-150 y = 157-158,5<\/p>\n<p><strong>B<\/strong> Omslagsformat 80 x 63 mm<strong><br \/>\nM\u00e5tt p\u00e5 omslagstryck<br \/>\n<\/strong><strong>d<\/strong>: x = 152 y = 151-152,5<br \/>\n<strong>e<\/strong>: x = 152 y = 149-150,5<\/p>\n<h2>Markeringar<\/h2>\n<p><strong>AT1<\/strong><br \/>\nRT 6 x 2,5 mm svart<br \/>\nRT 8 x 2 mm svart<br \/>\ncyls 1<br \/>\ncyls 2<br \/>\nhelt kn<br \/>\ndelat kn (2,5\/2,5 | 2\/3 | 1,5\/3,5 | 1\/4 | 0,5\/4,5)<\/p>\n<p><strong>AT2<\/strong><br \/>\nRT 6 x 2,5 mm svart<br \/>\nRT 8 x 2 mm svart<br \/>\ncyls 1<br \/>\ncyls 2<br \/>\nhelt kn<br \/>\ndelat kn (2\/3 | 1\/4)<\/p>\n<p><strong>B<\/strong><br \/>\nRT 6 x 2,5 mm svart<br \/>\nRT 8 x 2 mm svart<br \/>\ncyls 1<br \/>\ncyls 2<br \/>\nhelt kn<br \/>\ndelat kn (2\/3)<\/p>\n<h2>\u00d6vrigt<\/h2>\n<p>Gr\u00f6n linje i IR<\/p>\n<h2>Bild p\u00e5 T1 respektive T2<\/h2>\n<div id=\"attachment_3949\" style=\"width: 216px\" class=\"wp-caption alignleft\"><a href=\"http:\/\/xn--hftessamlarna-bfb.se\/wp-content\/uploads\/H205T1vsT2.jpg\" rel=\"attachment wp-att-3949\"><img loading=\"lazy\" decoding=\"async\" aria-describedby=\"caption-attachment-3949\" class=\" wp-image-3949 size-medium\" src=\"http:\/\/xn--hftessamlarna-bfb.se\/wp-content\/uploads\/H205T1vsT2-206x300.jpg\" alt=\"H205T1vsT2\" width=\"206\" height=\"300\" srcset=\"https:\/\/xn--hftessamlarna-bfb.se\/wp-content\/uploads\/H205T1vsT2-206x300.jpg 206w, https:\/\/xn--hftessamlarna-bfb.se\/wp-content\/uploads\/H205T1vsT2-103x150.jpg 103w, https:\/\/xn--hftessamlarna-bfb.se\/wp-content\/uploads\/H205T1vsT2.jpg 562w\" sizes=\"auto, (max-width: 206px) 100vw, 206px\" \/><\/a><p id=\"caption-attachment-3949\" class=\"wp-caption-text\">skuren T1 respektive riven perforering T2<\/p><\/div>\n<div id=\"attachment_4325\" style=\"width: 310px\" class=\"wp-caption alignleft\"><a href=\"http:\/\/xn--hftessamlarna-bfb.se\/wp-content\/uploads\/H205Bprickar_revor.jpg\" rel=\"attachment wp-att-4325\"><img loading=\"lazy\" decoding=\"async\" aria-describedby=\"caption-attachment-4325\" class=\" wp-image-4325 size-medium\" src=\"http:\/\/xn--hftessamlarna-bfb.se\/wp-content\/uploads\/H205Bprickar_revor-300x288.jpg\" alt=\"H205Bprickar_revor\" width=\"300\" height=\"288\" srcset=\"https:\/\/xn--hftessamlarna-bfb.se\/wp-content\/uploads\/H205Bprickar_revor-300x288.jpg 300w, https:\/\/xn--hftessamlarna-bfb.se\/wp-content\/uploads\/H205Bprickar_revor-150x144.jpg 150w, https:\/\/xn--hftessamlarna-bfb.se\/wp-content\/uploads\/H205Bprickar_revor-312x300.jpg 312w, https:\/\/xn--hftessamlarna-bfb.se\/wp-content\/uploads\/H205Bprickar_revor.jpg 816w\" sizes=\"auto, (max-width: 300px) 100vw, 300px\" \/><\/a><p id=\"caption-attachment-4325\" class=\"wp-caption-text\">prickar och revor p\u00e5 IR<\/p><\/div>\n<div id=\"attachment_4909\" style=\"width: 310px\" class=\"wp-caption alignleft\"><a href=\"http:\/\/xn--hftessamlarna-bfb.se\/wp-content\/uploads\/H205kn.jpg\"><img loading=\"lazy\" decoding=\"async\" aria-describedby=\"caption-attachment-4909\" class=\"wp-image-4909 size-medium\" src=\"http:\/\/xn--hftessamlarna-bfb.se\/wp-content\/uploads\/H205kn-300x156.jpg\" alt=\"H205kn\" width=\"300\" height=\"156\" srcset=\"https:\/\/xn--hftessamlarna-bfb.se\/wp-content\/uploads\/H205kn-300x156.jpg 300w, https:\/\/xn--hftessamlarna-bfb.se\/wp-content\/uploads\/H205kn-150x78.jpg 150w, https:\/\/xn--hftessamlarna-bfb.se\/wp-content\/uploads\/H205kn-500x259.jpg 500w, https:\/\/xn--hftessamlarna-bfb.se\/wp-content\/uploads\/H205kn.jpg 960w\" sizes=\"auto, (max-width: 300px) 100vw, 300px\" \/><\/a><p id=\"caption-attachment-4909\" class=\"wp-caption-text\">f\u00f6rskjutna kontrollnummer<\/p><\/div>\n<h2>L\u00e4s mer<\/h2>\n<p><a href=\"https:\/\/xn--hftessamlarna-bfb.se\/wp-content\/uploads\/H205-Artikel-av-Sven-Erik-Mattsson-uppdaterad-2024-01-10.pdf\">H205 Artikel av Sven Erik Mattsson, uppdaterad 2024-01-10<\/a><\/p>\n<p><a href=\"http:\/\/xn--hftessamlarna-bfb.se\/wp-content\/uploads\/H205-Gunnar-Struck.pdf\">H205 Gunnar Struck<\/a><\/p>\n","protected":false},"excerpt":{"rendered":"<p>Utgivningsdag 1968-06-04 F 626 &#8211; 630 10 x 45 \u00f6re, fem motiv Tryckt med st\u00e5lgravyrtryck Upplaga 3,25 miljoner h\u00e4ften Typer H\u00e4ftet finns med tv\u00e5 olika format p\u00e5 omslaget. Trycket p\u00e5 omslaget finns i fem varianter. A Omslagsformat 85 x 63 &hellip; <a href=\"https:\/\/xn--hftessamlarna-bfb.se\/?page_id=2587\">Forts\u00e4tt l\u00e4sa <span class=\"meta-nav\">&rarr;<\/span><\/a><\/p>\n","protected":false},"author":1,"featured_media":0,"parent":2581,"menu_order":205,"comment_status":"open","ping_status":"open","template":"","meta":{"footnotes":""},"class_list":["post-2587","page","type-page","status-publish","hentry"],"_links":{"self":[{"href":"https:\/\/xn--hftessamlarna-bfb.se\/index.php?rest_route=\/wp\/v2\/pages\/2587","targetHints":{"allow":["GET"]}}],"collection":[{"href":"https:\/\/xn--hftessamlarna-bfb.se\/index.php?rest_route=\/wp\/v2\/pages"}],"about":[{"href":"https:\/\/xn--hftessamlarna-bfb.se\/index.php?rest_route=\/wp\/v2\/types\/page"}],"author":[{"embeddable":true,"href":"https:\/\/xn--hftessamlarna-bfb.se\/index.php?rest_route=\/wp\/v2\/users\/1"}],"replies":[{"embeddable":true,"href":"https:\/\/xn--hftessamlarna-bfb.se\/index.php?rest_route=%2Fwp%2Fv2%2Fcomments&post=2587"}],"version-history":[{"count":0,"href":"https:\/\/xn--hftessamlarna-bfb.se\/index.php?rest_route=\/wp\/v2\/pages\/2587\/revisions"}],"up":[{"embeddable":true,"href":"https:\/\/xn--hftessamlarna-bfb.se\/index.php?rest_route=\/wp\/v2\/pages\/2581"}],"wp:attachment":[{"href":"https:\/\/xn--hftessamlarna-bfb.se\/index.php?rest_route=%2Fwp%2Fv2%2Fmedia&parent=2587"}],"curies":[{"name":"wp","href":"https:\/\/api.w.org\/{rel}","templated":true}]}}