{"id":2501,"date":"2012-01-14T16:31:00","date_gmt":"2012-01-14T14:31:00","guid":{"rendered":"http:\/\/xn--hftessamlarna-bfb.se\/?page_id=2501"},"modified":"2021-06-27T11:12:54","modified_gmt":"2021-06-27T10:12:54","slug":"h375-europa-87-modern-arkitektur","status":"publish","type":"page","link":"https:\/\/xn--hftessamlarna-bfb.se\/?page_id=2501","title":{"rendered":"H375 Europa XVI, 87 &#8211; Modern arkitektur"},"content":{"rendered":"<p><a href=\"https:\/\/xn--hftessamlarna-bfb.se\/wp-content\/uploads\/H-0375-header-1987.jpg\"><img loading=\"lazy\" decoding=\"async\" class=\"alignnone wp-image-6307 size-full\" title=\"H375\" src=\"https:\/\/xn--hftessamlarna-bfb.se\/wp-content\/uploads\/H-0375-header-1987.jpg\" alt=\"\" width=\"960\" height=\"989\" srcset=\"https:\/\/xn--hftessamlarna-bfb.se\/wp-content\/uploads\/H-0375-header-1987.jpg 960w, https:\/\/xn--hftessamlarna-bfb.se\/wp-content\/uploads\/H-0375-header-1987-291x300.jpg 291w, https:\/\/xn--hftessamlarna-bfb.se\/wp-content\/uploads\/H-0375-header-1987-146x150.jpg 146w, https:\/\/xn--hftessamlarna-bfb.se\/wp-content\/uploads\/H-0375-header-1987-768x791.jpg 768w\" sizes=\"auto, (max-width: 960px) 100vw, 960px\" \/><\/a>Utgivningsdag 1987-05-14<br \/>\nF 1446 &#8211; 1447<br \/>\n6 \u00d7 3:10, tv\u00e5 motiv<br \/>\nTryckta\u00a0med st\u00e5lgravyrtryck<br \/>\nUpplaga 1,58 miljoner h\u00e4ften<\/p>\n<h2>Typer<\/h2>\n<p>Det finns 2 olika omslag, med och utan fluorescens.<\/p>\n<p><strong>A<\/strong> Svagt brunaktigt gr\u00e5tt omslag (brunviolett utan fluorescens i UV)<br \/>\n<strong>B<\/strong> Gr\u00e5tt omslag (violett med svag fluorescens i UV)<\/p>\n<p><a href=\"https:\/\/xn--hftessamlarna-bfb.se\/wp-content\/uploads\/H-0375-info-1987.jpg\" rel=\"attachment wp-att-3959\"><img loading=\"lazy\" decoding=\"async\" class=\"  alignnone wp-image-6308 size-medium\" src=\"https:\/\/xn--hftessamlarna-bfb.se\/wp-content\/uploads\/H-0375-info-1987-300x203.jpg\" alt=\"\" width=\"300\" height=\"203\" srcset=\"https:\/\/xn--hftessamlarna-bfb.se\/wp-content\/uploads\/H-0375-info-1987-300x203.jpg 300w, https:\/\/xn--hftessamlarna-bfb.se\/wp-content\/uploads\/H-0375-info-1987-1024x693.jpg 1024w, https:\/\/xn--hftessamlarna-bfb.se\/wp-content\/uploads\/H-0375-info-1987-150x101.jpg 150w, https:\/\/xn--hftessamlarna-bfb.se\/wp-content\/uploads\/H-0375-info-1987-768x520.jpg 768w, https:\/\/xn--hftessamlarna-bfb.se\/wp-content\/uploads\/H-0375-info-1987-443x300.jpg 443w, https:\/\/xn--hftessamlarna-bfb.se\/wp-content\/uploads\/H-0375-info-1987.jpg 1039w\" sizes=\"auto, (max-width: 300px) 100vw, 300px\" \/><\/a><\/p>\n<div id=\"attachment_3960\" style=\"width: 444px\" class=\"wp-caption alignleft\"><a href=\"http:\/\/xn--hftessamlarna-bfb.se\/wp-content\/uploads\/H375AB_UV.jpg\" rel=\"attachment wp-att-3960\"><img loading=\"lazy\" decoding=\"async\" aria-describedby=\"caption-attachment-3960\" class=\"  wp-image-3960\" src=\"http:\/\/xn--hftessamlarna-bfb.se\/wp-content\/uploads\/H375AB_UV.jpg\" alt=\"H375AB_UV\" width=\"434\" height=\"274\" srcset=\"https:\/\/xn--hftessamlarna-bfb.se\/wp-content\/uploads\/H375AB_UV.jpg 1206w, https:\/\/xn--hftessamlarna-bfb.se\/wp-content\/uploads\/H375AB_UV-150x94.jpg 150w, https:\/\/xn--hftessamlarna-bfb.se\/wp-content\/uploads\/H375AB_UV-300x189.jpg 300w, https:\/\/xn--hftessamlarna-bfb.se\/wp-content\/uploads\/H375AB_UV-1024x647.jpg 1024w, https:\/\/xn--hftessamlarna-bfb.se\/wp-content\/uploads\/H375AB_UV-474x300.jpg 474w\" sizes=\"auto, (max-width: 434px) 100vw, 434px\" \/><\/a><p id=\"caption-attachment-3960\" class=\"wp-caption-text\">Omslag A &#8211; B under UV-ljus<\/p><\/div>\n<h2>Markeringar<\/h2>\n<p>delat regm 8 mm<br \/>\nRT 8 \u00d7 2 mm svart<br \/>\ncyls 1<br \/>\ncyls 2<br \/>\nhelt kn G2a (3,2 mm)<\/p>\n<h2>Skiss p\u00e5 hur blocken tryckts<\/h2>\n<p><a href=\"http:\/\/xn--hftessamlarna-bfb.se\/wp-content\/uploads\/H375skiss.jpg\" rel=\"attachment wp-att-4010\"><img loading=\"lazy\" decoding=\"async\" class=\"alignleft wp-image-4010\" src=\"http:\/\/xn--hftessamlarna-bfb.se\/wp-content\/uploads\/H375skiss.jpg\" alt=\"H375 Skiss p\u00e5 hur blocken tryckts\" width=\"2003\" height=\"641\" srcset=\"https:\/\/xn--hftessamlarna-bfb.se\/wp-content\/uploads\/H375skiss.jpg 2003w, https:\/\/xn--hftessamlarna-bfb.se\/wp-content\/uploads\/H375skiss-150x48.jpg 150w, https:\/\/xn--hftessamlarna-bfb.se\/wp-content\/uploads\/H375skiss-300x96.jpg 300w, https:\/\/xn--hftessamlarna-bfb.se\/wp-content\/uploads\/H375skiss-1024x327.jpg 1024w, https:\/\/xn--hftessamlarna-bfb.se\/wp-content\/uploads\/H375skiss-500x160.jpg 500w\" sizes=\"auto, (max-width: 2003px) 100vw, 2003px\" \/><\/a><\/p>\n<h2>\u00d6vrigt<\/h2>\n<p>delar av regm p\u00e5 KR<br \/>\ni \u00f6verkanten beskurna regm<\/p>\n<h2>Bilder p\u00e5 varianter<\/h2>\n<div id=\"attachment_4009\" style=\"width: 285px\" class=\"wp-caption alignleft\"><a href=\"http:\/\/xn--hftessamlarna-bfb.se\/wp-content\/uploads\/H375delRM.jpg\" rel=\"attachment wp-att-4009\"><img loading=\"lazy\" decoding=\"async\" aria-describedby=\"caption-attachment-4009\" class=\"  wp-image-4009\" src=\"http:\/\/xn--hftessamlarna-bfb.se\/wp-content\/uploads\/H375delRM.jpg\" alt=\"H375delRM\" width=\"275\" height=\"312\" srcset=\"https:\/\/xn--hftessamlarna-bfb.se\/wp-content\/uploads\/H375delRM.jpg 763w, https:\/\/xn--hftessamlarna-bfb.se\/wp-content\/uploads\/H375delRM-132x150.jpg 132w, https:\/\/xn--hftessamlarna-bfb.se\/wp-content\/uploads\/H375delRM-264x300.jpg 264w\" sizes=\"auto, (max-width: 275px) 100vw, 275px\" \/><\/a><p id=\"caption-attachment-4009\" class=\"wp-caption-text\">delar av regm p\u00e5 KR<\/p><\/div>\n<div id=\"attachment_6309\" style=\"width: 310px\" class=\"wp-caption alignnone\"><a href=\"https:\/\/xn--hftessamlarna-bfb.se\/wp-content\/uploads\/H-0375-info2-1987.jpg\"><img loading=\"lazy\" decoding=\"async\" aria-describedby=\"caption-attachment-6309\" class=\"wp-image-6309 size-medium\" src=\"https:\/\/xn--hftessamlarna-bfb.se\/wp-content\/uploads\/H-0375-info2-1987-300x140.jpg\" alt=\"\" width=\"300\" height=\"140\" srcset=\"https:\/\/xn--hftessamlarna-bfb.se\/wp-content\/uploads\/H-0375-info2-1987-300x140.jpg 300w, https:\/\/xn--hftessamlarna-bfb.se\/wp-content\/uploads\/H-0375-info2-1987-1024x477.jpg 1024w, https:\/\/xn--hftessamlarna-bfb.se\/wp-content\/uploads\/H-0375-info2-1987-150x70.jpg 150w, https:\/\/xn--hftessamlarna-bfb.se\/wp-content\/uploads\/H-0375-info2-1987-768x358.jpg 768w, https:\/\/xn--hftessamlarna-bfb.se\/wp-content\/uploads\/H-0375-info2-1987-1536x716.jpg 1536w, https:\/\/xn--hftessamlarna-bfb.se\/wp-content\/uploads\/H-0375-info2-1987-500x233.jpg 500w, https:\/\/xn--hftessamlarna-bfb.se\/wp-content\/uploads\/H-0375-info2-1987.jpg 1601w\" sizes=\"auto, (max-width: 300px) 100vw, 300px\" \/><\/a><p id=\"caption-attachment-6309\" class=\"wp-caption-text\">bredden p\u00e5 b\u00e5de IR och KR varierar<\/p><\/div>\n<h2>Artiklar<\/h2>\n<p><a href=\"http:\/\/xn--hftessamlarna-bfb.se\/wp-content\/uploads\/H375-Gunnar-Struck.pdf\">H375 Gunnar Struck<\/a><\/p>\n","protected":false},"excerpt":{"rendered":"<p>Utgivningsdag 1987-05-14 F 1446 &#8211; 1447 6 \u00d7 3:10, tv\u00e5 motiv Tryckta\u00a0med st\u00e5lgravyrtryck Upplaga 1,58 miljoner h\u00e4ften Typer Det finns 2 olika omslag, med och utan fluorescens. A Svagt brunaktigt gr\u00e5tt omslag (brunviolett utan fluorescens i UV) B Gr\u00e5tt omslag &hellip; <a href=\"https:\/\/xn--hftessamlarna-bfb.se\/?page_id=2501\">Forts\u00e4tt l\u00e4sa <span class=\"meta-nav\">&rarr;<\/span><\/a><\/p>\n","protected":false},"author":1,"featured_media":0,"parent":2389,"menu_order":375,"comment_status":"open","ping_status":"open","template":"","meta":{"footnotes":""},"class_list":["post-2501","page","type-page","status-publish","hentry"],"_links":{"self":[{"href":"https:\/\/xn--hftessamlarna-bfb.se\/index.php?rest_route=\/wp\/v2\/pages\/2501","targetHints":{"allow":["GET"]}}],"collection":[{"href":"https:\/\/xn--hftessamlarna-bfb.se\/index.php?rest_route=\/wp\/v2\/pages"}],"about":[{"href":"https:\/\/xn--hftessamlarna-bfb.se\/index.php?rest_route=\/wp\/v2\/types\/page"}],"author":[{"embeddable":true,"href":"https:\/\/xn--hftessamlarna-bfb.se\/index.php?rest_route=\/wp\/v2\/users\/1"}],"replies":[{"embeddable":true,"href":"https:\/\/xn--hftessamlarna-bfb.se\/index.php?rest_route=%2Fwp%2Fv2%2Fcomments&post=2501"}],"version-history":[{"count":0,"href":"https:\/\/xn--hftessamlarna-bfb.se\/index.php?rest_route=\/wp\/v2\/pages\/2501\/revisions"}],"up":[{"embeddable":true,"href":"https:\/\/xn--hftessamlarna-bfb.se\/index.php?rest_route=\/wp\/v2\/pages\/2389"}],"wp:attachment":[{"href":"https:\/\/xn--hftessamlarna-bfb.se\/index.php?rest_route=%2Fwp%2Fv2%2Fmedia&parent=2501"}],"curies":[{"name":"wp","href":"https:\/\/api.w.org\/{rel}","templated":true}]}}