{"id":2456,"date":"2012-01-13T16:49:06","date_gmt":"2012-01-13T14:49:06","guid":{"rendered":"http:\/\/xn--hftessamlarna-bfb.se\/?page_id=2456"},"modified":"2023-05-29T18:55:59","modified_gmt":"2023-05-29T17:55:59","slug":"h346-posthornssnacka","status":"publish","type":"page","link":"https:\/\/xn--hftessamlarna-bfb.se\/?page_id=2456","title":{"rendered":"H346 Posthornssn\u00e4cka"},"content":{"rendered":"<p><a href=\"https:\/\/xn--hftessamlarna-bfb.se\/wp-content\/uploads\/H-0346-header-1983.jpg\" rel=\"attachment wp-att-3020\"><img loading=\"lazy\" decoding=\"async\" class=\"alignnone wp-image-7136 size-full\" title=\"H346\" src=\"https:\/\/xn--hftessamlarna-bfb.se\/wp-content\/uploads\/H-0346-header-1983.jpg\" alt=\"\" width=\"960\" height=\"761\" srcset=\"https:\/\/xn--hftessamlarna-bfb.se\/wp-content\/uploads\/H-0346-header-1983.jpg 960w, https:\/\/xn--hftessamlarna-bfb.se\/wp-content\/uploads\/H-0346-header-1983-300x238.jpg 300w, https:\/\/xn--hftessamlarna-bfb.se\/wp-content\/uploads\/H-0346-header-1983-150x119.jpg 150w, https:\/\/xn--hftessamlarna-bfb.se\/wp-content\/uploads\/H-0346-header-1983-768x609.jpg 768w, https:\/\/xn--hftessamlarna-bfb.se\/wp-content\/uploads\/H-0346-header-1983-378x300.jpg 378w\" sizes=\"auto, (max-width: 960px) 100vw, 960px\" \/><\/a>Utgivningsdag 1983-08-24<br \/>\nF 1263<br \/>\n10 \u00d7 1:80, ett motiv<br \/>\nHar tryckts i st\u00e5lgravyrtryck<br \/>\nUpplaga 4,93 miljoner h\u00e4ften<\/p>\n<h2>Typer<\/h2>\n<p>Har tryckt i tv\u00e5 pressar och tv\u00e5 olika cylindrar.<br \/>\nNya pressen, G3, har 6 siffror kn och den gamla, G2(a) har 5.<\/p>\n<div id=\"attachment_6498\" style=\"width: 310px\" class=\"wp-caption alignnone\"><a href=\"https:\/\/xn--hftessamlarna-bfb.se\/wp-content\/uploads\/H-0346-G2G3-1983.jpg\"><img loading=\"lazy\" decoding=\"async\" aria-describedby=\"caption-attachment-6498\" class=\"wp-image-6498 size-medium\" src=\"https:\/\/xn--hftessamlarna-bfb.se\/wp-content\/uploads\/H-0346-G2G3-1983-300x180.jpg\" alt=\"\" width=\"300\" height=\"180\" srcset=\"https:\/\/xn--hftessamlarna-bfb.se\/wp-content\/uploads\/H-0346-G2G3-1983-300x180.jpg 300w, https:\/\/xn--hftessamlarna-bfb.se\/wp-content\/uploads\/H-0346-G2G3-1983-1024x614.jpg 1024w, https:\/\/xn--hftessamlarna-bfb.se\/wp-content\/uploads\/H-0346-G2G3-1983-150x90.jpg 150w, https:\/\/xn--hftessamlarna-bfb.se\/wp-content\/uploads\/H-0346-G2G3-1983-768x460.jpg 768w, https:\/\/xn--hftessamlarna-bfb.se\/wp-content\/uploads\/H-0346-G2G3-1983-1536x921.jpg 1536w, https:\/\/xn--hftessamlarna-bfb.se\/wp-content\/uploads\/H-0346-G2G3-1983-500x300.jpg 500w, https:\/\/xn--hftessamlarna-bfb.se\/wp-content\/uploads\/H-0346-G2G3-1983.jpg 1773w\" sizes=\"auto, (max-width: 300px) 100vw, 300px\" \/><\/a><p id=\"caption-attachment-6498\" class=\"wp-caption-text\">illustration p\u00e5 de tv\u00e5 kn-typerna<\/p><\/div>\n<p><strong>I<br \/>\n<\/strong>a klart bl\u00e5gr\u00f6n<br \/>\nb svagt gr\u00e5aktigt bl\u00e5gr\u00f6n<br \/>\nc smaragdgr\u00f6n<br \/>\nd gr\u00e5aktigt bl\u00e5gr\u00f6n<br \/>\ne matt gr\u00e5aktigt bl\u00e5gr\u00f6n (endast nya pressen)<\/p>\n<p><strong>IR<\/strong> delat regm, b=9,2-9,3, a=1,4-1,5<\/p>\n<p><strong>IN<\/strong> delat regm, b=8,8-8,9, a=1,4<\/p>\n<p><strong>II<br \/>\n<\/strong>f matt gr\u00e5gr\u00f6n<strong><br \/>\n<\/strong>g m\u00f6rkt matt gr\u00e5gr\u00f6n<br \/>\nf och g kan vara sv\u00e5ra att skilja. <strong>L\u00e4s nedan!<\/strong><\/p>\n<p><strong>IIR<\/strong> delat regm, b=9,2-9,3, a=1,5-1,6<\/p>\n<p><strong>IIN<\/strong> delat regm, b=8,9-9,0, a=1,6-1,7<\/p>\n<h2>Markeringar<\/h2>\n<p><strong>I<\/strong><br \/>\nRT 8 \u00d7 2 mm svart<br \/>\ncyls 1 fot\/fana, (fot utformad som klubba)<br \/>\ncyls 2 (2,5 mm fr\u00e5n bild)<br \/>\nhelt 5-siffrigt kn (3,2 mm h\u00f6ga)<br \/>\ndelat kn (4,5\/0,5 | 4\/1)<br \/>\nhelt 6-siffrigt kn<br \/>\ndelat kn (1\/5 | 0,5\/5,5)<\/p>\n<p><strong>II<\/strong><br \/>\nRT 8 \u00d7 2 mm svart<br \/>\ncyls 1 fot\/fana, (rak fot)<br \/>\ncyls 2 (2,9 mm fr\u00e5n bild)<br \/>\nhelt 6-siffrigt kn<\/p>\n<h2>Smalt RT?<\/h2>\n<div id=\"attachment_5546\" style=\"width: 310px\" class=\"wp-caption alignleft\"><a href=\"http:\/\/xn--hftessamlarna-bfb.se\/wp-content\/uploads\/H346IIfsmaltRT.jpg\"><img loading=\"lazy\" decoding=\"async\" aria-describedby=\"caption-attachment-5546\" class=\"size-medium wp-image-5546\" src=\"http:\/\/xn--hftessamlarna-bfb.se\/wp-content\/uploads\/H346IIfsmaltRT-300x160.jpg\" alt=\"\" width=\"300\" height=\"160\" srcset=\"https:\/\/xn--hftessamlarna-bfb.se\/wp-content\/uploads\/H346IIfsmaltRT-300x160.jpg 300w, https:\/\/xn--hftessamlarna-bfb.se\/wp-content\/uploads\/H346IIfsmaltRT-150x80.jpg 150w, https:\/\/xn--hftessamlarna-bfb.se\/wp-content\/uploads\/H346IIfsmaltRT-768x409.jpg 768w, https:\/\/xn--hftessamlarna-bfb.se\/wp-content\/uploads\/H346IIfsmaltRT-1024x546.jpg 1024w, https:\/\/xn--hftessamlarna-bfb.se\/wp-content\/uploads\/H346IIfsmaltRT-500x266.jpg 500w, https:\/\/xn--hftessamlarna-bfb.se\/wp-content\/uploads\/H346IIfsmaltRT.jpg 2034w\" sizes=\"auto, (max-width: 300px) 100vw, 300px\" \/><\/a><p id=\"caption-attachment-5546\" class=\"wp-caption-text\">H346IIf med smalt RT<\/p><\/div>\n<h2>Cyls<\/h2>\n<div id=\"attachment_4266\" style=\"width: 594px\" class=\"wp-caption alignleft\"><a href=\"http:\/\/xn--hftessamlarna-bfb.se\/wp-content\/uploads\/H346ljusblacyls.jpg\" rel=\"attachment wp-att-4266\"><img loading=\"lazy\" decoding=\"async\" aria-describedby=\"caption-attachment-4266\" class=\" wp-image-4266 size-large\" src=\"http:\/\/xn--hftessamlarna-bfb.se\/wp-content\/uploads\/H346ljusblacyls-1024x422.jpg\" alt=\"H346ljusblacyls\" width=\"584\" height=\"240\" srcset=\"https:\/\/xn--hftessamlarna-bfb.se\/wp-content\/uploads\/H346ljusblacyls-1024x422.jpg 1024w, https:\/\/xn--hftessamlarna-bfb.se\/wp-content\/uploads\/H346ljusblacyls-150x61.jpg 150w, https:\/\/xn--hftessamlarna-bfb.se\/wp-content\/uploads\/H346ljusblacyls-300x123.jpg 300w, https:\/\/xn--hftessamlarna-bfb.se\/wp-content\/uploads\/H346ljusblacyls-500x206.jpg 500w, https:\/\/xn--hftessamlarna-bfb.se\/wp-content\/uploads\/H346ljusblacyls.jpg 1175w\" sizes=\"auto, (max-width: 584px) 100vw, 584px\" \/><\/a><p id=\"caption-attachment-4266\" class=\"wp-caption-text\">Cyls kan ibland f\u00e5 en &#8221;ljusbl\u00e5&#8221; skugga<\/p><\/div>\n<h2>\u00d6vrigt<\/h2>\n<p>P\u00e5 m\u00f6tet i Malm\u00f6 den 23\/9-2012 tittade vi p\u00e5 ett stort antal <strong>H346II<\/strong>. Vi kunde konstatera att det \u00e4r mycket sv\u00e5rt att skilja nyans <strong>f<\/strong> och <strong>g<\/strong>. N\u00e4r vi sorterat efter nyanser s\u00e5 kunde vi sedan konstatera att den var fel om vi skulle ta h\u00e4nsyn till kontrollnummer. Nyansen kan skifta inom n\u00e4rliggande kn. M\u00f6tets mening var nog att vi skall fundera p\u00e5 att stryka uppdelningen i <strong>f<\/strong> respektive <strong>g<\/strong> p\u00e5 <strong>H346II<\/strong>.<\/p>\n<h2>Bild p\u00e5 nyanser<\/h2>\n<p>Bilden illustrerar hur sv\u00e5rt detta h\u00e4fte \u00e4r att nyansbest\u00e4mma. Det \u00e4r bara c-nyansen (smaragdgr\u00f6n) som skiljer sig mer tydligt fr\u00e5n \u00f6vriga.<\/p>\n<div id=\"attachment_5516\" style=\"width: 594px\" class=\"wp-caption alignleft\"><a href=\"http:\/\/xn--hftessamlarna-bfb.se\/wp-content\/uploads\/H346a-g.jpg\"><img loading=\"lazy\" decoding=\"async\" aria-describedby=\"caption-attachment-5516\" class=\"size-large wp-image-5516\" src=\"http:\/\/xn--hftessamlarna-bfb.se\/wp-content\/uploads\/H346a-g-639x1024.jpg\" alt=\"\" width=\"584\" height=\"936\" srcset=\"https:\/\/xn--hftessamlarna-bfb.se\/wp-content\/uploads\/H346a-g-639x1024.jpg 639w, https:\/\/xn--hftessamlarna-bfb.se\/wp-content\/uploads\/H346a-g-94x150.jpg 94w, https:\/\/xn--hftessamlarna-bfb.se\/wp-content\/uploads\/H346a-g-187x300.jpg 187w, https:\/\/xn--hftessamlarna-bfb.se\/wp-content\/uploads\/H346a-g-768x1230.jpg 768w\" sizes=\"auto, (max-width: 584px) 100vw, 584px\" \/><\/a><p id=\"caption-attachment-5516\" class=\"wp-caption-text\">bild p\u00e5 nyanser, men det \u00e4r sv\u00e5rt att \u00e5terge dem<\/p><\/div>\n<h2>Artiklar<\/h2>\n<p><a href=\"http:\/\/xn--hftessamlarna-bfb.se\/wp-content\/uploads\/H346-Gunnar-Struck.pdf\">H346 Gunnar Struck<\/a><\/p>\n","protected":false},"excerpt":{"rendered":"<p>Utgivningsdag 1983-08-24 F 1263 10 \u00d7 1:80, ett motiv Har tryckts i st\u00e5lgravyrtryck Upplaga 4,93 miljoner h\u00e4ften Typer Har tryckt i tv\u00e5 pressar och tv\u00e5 olika cylindrar. Nya pressen, G3, har 6 siffror kn och den gamla, G2(a) har 5. &hellip; <a href=\"https:\/\/xn--hftessamlarna-bfb.se\/?page_id=2456\">Forts\u00e4tt l\u00e4sa <span class=\"meta-nav\">&rarr;<\/span><\/a><\/p>\n","protected":false},"author":1,"featured_media":0,"parent":2389,"menu_order":346,"comment_status":"open","ping_status":"open","template":"","meta":{"footnotes":""},"class_list":["post-2456","page","type-page","status-publish","hentry"],"_links":{"self":[{"href":"https:\/\/xn--hftessamlarna-bfb.se\/index.php?rest_route=\/wp\/v2\/pages\/2456","targetHints":{"allow":["GET"]}}],"collection":[{"href":"https:\/\/xn--hftessamlarna-bfb.se\/index.php?rest_route=\/wp\/v2\/pages"}],"about":[{"href":"https:\/\/xn--hftessamlarna-bfb.se\/index.php?rest_route=\/wp\/v2\/types\/page"}],"author":[{"embeddable":true,"href":"https:\/\/xn--hftessamlarna-bfb.se\/index.php?rest_route=\/wp\/v2\/users\/1"}],"replies":[{"embeddable":true,"href":"https:\/\/xn--hftessamlarna-bfb.se\/index.php?rest_route=%2Fwp%2Fv2%2Fcomments&post=2456"}],"version-history":[{"count":0,"href":"https:\/\/xn--hftessamlarna-bfb.se\/index.php?rest_route=\/wp\/v2\/pages\/2456\/revisions"}],"up":[{"embeddable":true,"href":"https:\/\/xn--hftessamlarna-bfb.se\/index.php?rest_route=\/wp\/v2\/pages\/2389"}],"wp:attachment":[{"href":"https:\/\/xn--hftessamlarna-bfb.se\/index.php?rest_route=%2Fwp%2Fv2%2Fmedia&parent=2456"}],"curies":[{"name":"wp","href":"https:\/\/api.w.org\/{rel}","templated":true}]}}