{"id":2379,"date":"2012-01-11T09:49:56","date_gmt":"2012-01-11T07:49:56","guid":{"rendered":"http:\/\/xn--hftessamlarna-bfb.se\/?page_id=2379"},"modified":"2014-01-02T15:49:08","modified_gmt":"2014-01-02T14:49:08","slug":"sh58-cancerfonden","status":"publish","type":"page","link":"https:\/\/xn--hftessamlarna-bfb.se\/?page_id=2379","title":{"rendered":"SH58 Cancerfonden"},"content":{"rendered":"<p><a href=\"http:\/\/xn--hftessamlarna-bfb.se\/?attachment_id=2387\" rel=\"attachment wp-att-2387\"><img loading=\"lazy\" decoding=\"async\" class=\"aligncenter size-full wp-image-2387\" title=\"SH58\" alt=\"\" src=\"http:\/\/xn--hftessamlarna-bfb.se\/wp-content\/uploads\/SH58.jpg\" width=\"960\" height=\"863\" srcset=\"https:\/\/xn--hftessamlarna-bfb.se\/wp-content\/uploads\/SH58.jpg 960w, https:\/\/xn--hftessamlarna-bfb.se\/wp-content\/uploads\/SH58-150x134.jpg 150w, https:\/\/xn--hftessamlarna-bfb.se\/wp-content\/uploads\/SH58-300x269.jpg 300w, https:\/\/xn--hftessamlarna-bfb.se\/wp-content\/uploads\/SH58-333x300.jpg 333w\" sizes=\"auto, (max-width: 960px) 100vw, 960px\" \/><\/a>Utgivningsdag 2012-01-12<br \/>\nF 2881 &#8211; 2882<br \/>\n10 * brevporto med 1 kr till\u00e4gg oavkortat till Cancerfonden, 2 motiv<br \/>\nFrim\u00e4rkena trycktes i fyrf\u00e4rgs UV-offset i G:8, baksidan i 1-f\u00e4rgs UV-offset i G:8<br \/>\n10 h\u00e4ften * 2 band<\/p>\n<h2>Typer<\/h2>\n<p>H\u00f6\u00e4ftet har 43 punkters vikperforering (perf 11) slagen fr\u00e5n frim\u00e4rkssidan<\/p>\n<h2>Markeringar<\/h2>\n<p>centralt regm<br \/>\nFM<br \/>\ncyls 1<br \/>\ncyls 2<br \/>\nkn<\/p>\n<h2>K\u00e4nda kombinationer<\/h2>\n<p><a href=\"http:\/\/xn--hftessamlarna-bfb.se\/?attachment_id=4029\" rel=\"attachment wp-att-4029\"><img loading=\"lazy\" decoding=\"async\" class=\"alignleft size-full wp-image-4029\" alt=\"SH58tabell\" src=\"http:\/\/xn--hftessamlarna-bfb.se\/wp-content\/uploads\/SH58tabell.jpg\" width=\"1788\" height=\"583\" srcset=\"https:\/\/xn--hftessamlarna-bfb.se\/wp-content\/uploads\/SH58tabell.jpg 1788w, https:\/\/xn--hftessamlarna-bfb.se\/wp-content\/uploads\/SH58tabell-150x48.jpg 150w, https:\/\/xn--hftessamlarna-bfb.se\/wp-content\/uploads\/SH58tabell-300x97.jpg 300w, https:\/\/xn--hftessamlarna-bfb.se\/wp-content\/uploads\/SH58tabell-1024x333.jpg 1024w, https:\/\/xn--hftessamlarna-bfb.se\/wp-content\/uploads\/SH58tabell-500x163.jpg 500w\" sizes=\"auto, (max-width: 1788px) 100vw, 1788px\" \/><\/a><\/p>\n<h2>Fakta om utgivningen<\/h2>\n<p>Frim\u00e4rkenas formgivare: Vince Reichardt<\/p>\n<p>Vince Reichardt har studerat fotografi och textilkonst p\u00e5 Konstfack i Stockholm och \u00e4ven studerat p\u00e5 H\u00f6gskolan f\u00f6r Fotografi i G\u00f6teborg. Hans bilder andas stil och tidl\u00f6shet, och formk\u00e4nslan framtr\u00e4der tydligt i de karakt\u00e4ristiska fotogrammen.<\/p>\n<p>Vince Reichardt debuterade som fri m\u00e4rksformgivare v\u00e5ren 2011 N\u00e4tverk, tv\u00e5 frim\u00e4rken i rulle med val\u00f6r f\u00f6r f\u00f6reningsbrev. Tillsammans med grafiske formgivaren Sirje Papp st\u00e5r han bakom ett av de \u00e5tta f\u00f6rslag till nya svenska sedlar som g\u00e5tt till final 1 Riksbankens designt\u00e4vling.<\/p>\n","protected":false},"excerpt":{"rendered":"<p>Utgivningsdag 2012-01-12 F 2881 &#8211; 2882 10 * brevporto med 1 kr till\u00e4gg oavkortat till Cancerfonden, 2 motiv Frim\u00e4rkena trycktes i fyrf\u00e4rgs UV-offset i G:8, baksidan i 1-f\u00e4rgs UV-offset i G:8 10 h\u00e4ften * 2 band Typer H\u00f6\u00e4ftet har 43 &hellip; <a href=\"https:\/\/xn--hftessamlarna-bfb.se\/?page_id=2379\">Forts\u00e4tt l\u00e4sa <span class=\"meta-nav\">&rarr;<\/span><\/a><\/p>\n","protected":false},"author":1,"featured_media":0,"parent":307,"menu_order":58,"comment_status":"open","ping_status":"open","template":"","meta":{"footnotes":""},"class_list":["post-2379","page","type-page","status-publish","hentry"],"_links":{"self":[{"href":"https:\/\/xn--hftessamlarna-bfb.se\/index.php?rest_route=\/wp\/v2\/pages\/2379","targetHints":{"allow":["GET"]}}],"collection":[{"href":"https:\/\/xn--hftessamlarna-bfb.se\/index.php?rest_route=\/wp\/v2\/pages"}],"about":[{"href":"https:\/\/xn--hftessamlarna-bfb.se\/index.php?rest_route=\/wp\/v2\/types\/page"}],"author":[{"embeddable":true,"href":"https:\/\/xn--hftessamlarna-bfb.se\/index.php?rest_route=\/wp\/v2\/users\/1"}],"replies":[{"embeddable":true,"href":"https:\/\/xn--hftessamlarna-bfb.se\/index.php?rest_route=%2Fwp%2Fv2%2Fcomments&post=2379"}],"version-history":[{"count":0,"href":"https:\/\/xn--hftessamlarna-bfb.se\/index.php?rest_route=\/wp\/v2\/pages\/2379\/revisions"}],"up":[{"embeddable":true,"href":"https:\/\/xn--hftessamlarna-bfb.se\/index.php?rest_route=\/wp\/v2\/pages\/307"}],"wp:attachment":[{"href":"https:\/\/xn--hftessamlarna-bfb.se\/index.php?rest_route=%2Fwp%2Fv2%2Fmedia&parent=2379"}],"curies":[{"name":"wp","href":"https:\/\/api.w.org\/{rel}","templated":true}]}}