{"id":2372,"date":"2011-12-19T12:43:11","date_gmt":"2011-12-19T10:43:11","guid":{"rendered":"http:\/\/xn--hftessamlarna-bfb.se\/?page_id=2372"},"modified":"2021-04-11T10:03:53","modified_gmt":"2021-04-11T09:03:53","slug":"h500-599","status":"publish","type":"page","link":"https:\/\/xn--hftessamlarna-bfb.se\/?page_id=2372","title":{"rendered":"H500 &#8211; 599"},"content":{"rendered":"<p><a title=\"H500 V\u00e5rt 1900-tal I\" href=\"..\/?page_id=1567\">H500 V\u00e5rt 1900-tal I (1900-1938)<br \/>\n<\/a><a title=\"H501 Nobel 1998\" href=\"..\/?page_id=1564\">H501 Nobel 1998<br \/>\n<\/a><a title=\"H502 Julpost 1998\" href=\"..\/?page_id=1561\">H502 Julpost 1998 \u2013 Amaryllis och mistel<br \/>\n<\/a><a title=\"H503 Lingonkrans och Azalea\" href=\"..\/?page_id=1557\">H503 <span style=\"color: #1b8be0;\">Julpost 1998 \u2013 <\/span>Lingonkrans och Azalea<br \/>\n<\/a><a title=\"H504 Kaniner\" href=\"..\/?page_id=1554\">H504 Kaniner<br \/>\n<\/a><a title=\"H505 Glad P\u00e5sk 1999\" href=\"..\/?page_id=1551\">H505 Glad P\u00e5sk 1999<br \/>\n<\/a><a title=\"H506 V\u00e5rt 1900-tal 2\" href=\"http:\/\/xn--hftessamlarna-bfb.se\/?page_id=1323\">H506 V\u00e5rt 1900-tal 2 <span style=\"color: #1b8be0;\">(1939-1969)<\/span><br \/>\n<\/a><a title=\"H507 Det marina arvet\" href=\"..\/?page_id=1320\">H507 Det marina arvet<br \/>\n<\/a><a title=\"H508 Orkid\u00e9er\" href=\"..\/?page_id=1317\">H508 Orkid\u00e9er<br \/>\n<\/a><a title=\"H509 Europa 99 \u2013 Nationalparker\" href=\"http:\/\/xn--hftessamlarna-bfb.se\/?page_id=1314\">H509 Europa 99 &#8211; Nationalparker<br \/>\n<\/a><a title=\"H510 Stj\u00e4rntecken\" href=\"..\/?page_id=1301\">H510 Stj\u00e4rntecken<br \/>\n<\/a><a title=\"H511 Fj\u00e4rilar\" href=\"..\/?page_id=1298\">H511 <span style=\"color: #1b8be0;\">Fj\u00e4rilar Sverige \u2013 Singapore<\/span><br \/>\n<\/a><a title=\"H512 Nobel 1999\" href=\"..\/?page_id=1570\">H512 Nobel <span style=\"color: #1b8be0;\">1999 \u2013 Sverige-Belgien<\/span><\/a><a title=\"H513 Dansband\" href=\"..\/?page_id=1573\"><strong><br \/>\n<\/strong>H513 Dansband<br \/>\n<\/a><a title=\"H514 Jul 1999 - Medeltida glasm\u00e5lningar\" href=\"..\/?page_id=1580\">H514 Jul 1999 \u2013 Medeltida glasm\u00e5lningar<br \/>\n<\/a><a title=\"H515 Madonnor\" href=\"..\/?page_id=1584\">H515<span style=\"color: #1b8be0;\">\u00a0Jul 1999 \u2013 <\/span>Madonnor<br \/>\n<\/a><a title=\"H516 Ett millenium gryr\" href=\"..\/?page_id=1295\">H516 Ett millennium gryr<br \/>\n<\/a><a title=\"H517 Drakar\" href=\"..\/?page_id=1292\">H517 Drake<br \/>\n<\/a><a title=\"H518 Alla hj\u00e4rtans dag\" href=\"..\/?page_id=1289\">H518 Alla Hj\u00e4rtans Dag<br \/>\n<\/a><a title=\"H519 V\u00e5rt 1900-tal 3\" href=\"http:\/\/xn--hftessamlarna-bfb.se\/?page_id=1286\">H519 V\u00e5rt 1900-tal 3<br \/>\n<\/a><a title=\"H520 Philip von Schantz\" href=\"http:\/\/xn--hftessamlarna-bfb.se\/?page_id=1283\">H520 Philip von Schantz<br \/>\n<\/a><a title=\"H521 \u00d6resundsbrof\u00f6rbindelsen\" href=\"..\/?page_id=1280\">H521 \u00d6resundsf\u00f6rbindelsen<br \/>\n<\/a><a title=\"H522 OS i Sydney\" href=\"..\/?page_id=1277\">H522 OS i Sydney<br \/>\n<\/a><a title=\"H523 Leksaker\" href=\"..\/?page_id=1274\">H523 Leksaker<br \/>\n<\/a><a title=\"H524 Nobel 2000\" href=\"..\/?page_id=1270\">H524 Nobel 2000 &#8211; Nobelpristagare Litteratur<br \/>\n<\/a><a title=\"H525 Jul 2000 Julvisor\" href=\"..\/?page_id=1264\">H525 Jul 2000 \u2013 Julvisor<br \/>\n<\/a><a title=\"H526 Jul 2000 - Sn\u00f6flingor\" href=\"..\/?page_id=1261\">H526 Jul 2000 \u2013 Sn\u00f6flingor<br \/>\n<\/a><a title=\"H527 V\u00e4rldsarvet 1\" href=\"..\/?page_id=1255\">H527 V\u00e4rldsarvet 1 &#8211; Norden och Baltikum<br \/>\n<\/a><a title=\"H528 Hundar\" href=\"..\/?page_id=2036\">H528 Hundar<br \/>\n<\/a><a title=\"H529 Ormen\" href=\"..\/?page_id=1251\">H529 Ormen<br \/>\n<\/a><a title=\"H530 Europa 2001 \u2013 Vattnet en naturrikedom\" href=\"http:\/\/xn--hftessamlarna-bfb.se\/?page_id=1248\">H530 Europa 2001 &#8211; Vattnet en naturrikedom<br \/>\n<\/a><a title=\"H531 Nobelpriset 100 \u00e5r\" href=\"..\/?page_id=1243\">H531 Nobelpriset 100 \u00e5r<br \/>\n<\/a><a title=\"H532 Pioner\" href=\"..\/?page_id=1240\">H532 Pioner<br \/>\n<\/a><a title=\"H533 Daniel Solander\" href=\"..\/?page_id=1237\">H533 Daniel Solander<br \/>\n<\/a><a title=\"H534 Till och Fr\u00e5n\" href=\"..\/?page_id=1234\">H534 Till och Fr\u00e5n<br \/>\n<\/a><a title=\"H535 Jul 2001 \u2013 Julpaket\" href=\"..\/?page_id=1229\">H535 Jul 2001 \u2013 Julpaket<br \/>\n<\/a><a title=\"H536 H\u00e4sten H\u00e5rfagre\" href=\"..\/?page_id=1226\">H536 H\u00e4sten H\u00e5rfagre<br \/>\n<\/a><a title=\"H537 Sydpolarexpeditionen 1901 -1903\" href=\"..\/?page_id=1220\">H537 Sydpolarexpeditionen 1901-1903<br \/>\n<\/a><a title=\"H538 Astrid Lindgren\" href=\"..\/?page_id=1410\">H538 Astrid <span style=\"color: #1b8be0;\">Lindgren 1907 \u2013 2002<\/span><br \/>\n<\/a><a title=\"H539 V\u00e4rldsarvet 2\" href=\"..\/?page_id=1057\">H539 V\u00e4rldsarvet 2<br \/>\n<\/a><a title=\"H540 Europa 2002 \u2013 Cirkus\" href=\"http:\/\/xn--hftessamlarna-bfb.se\/?page_id=1054\">H540 Europa 2002 &#8211; Cirkus<br \/>\n<\/a><a title=\"H541 Konst m\u00f6ter hantverk\" href=\"..\/?page_id=1049\">H541 Konst m\u00f6ter hantverk<br \/>\n<\/a><a title=\"H542 Svensk gastronomi\" href=\"..\/?page_id=1046\">H542 Svensk gastronomi<br \/>\n<\/a><a title=\"H543 Kungliga slott\" href=\"..\/?page_id=1003\">H543 Kungliga slott<br \/>\n<\/a><a title=\"H544 Motorcykelsport\" href=\"..\/?page_id=1006\">H544 Motorcykelsport<br \/>\n<\/a><a title=\"H545 Jul 2002 \u2013 Kyrkor i juletid\" href=\"..\/?page_id=1009\">H545 Jul 2002 \u2013 Kyrkor i juletid<br \/>\n<\/a><a title=\"H546 Europa 2003 \u2013 Affischkonst\" href=\"http:\/\/xn--hftessamlarna-bfb.se\/?page_id=1041\">H546 Europa 2003 &#8211; Affischkonst<br \/>\n<\/a><a title=\"H547 \u00d6lands Alvar\" href=\"..\/?page_id=1038\">H547 <span style=\"color: #1b8be0;\">V\u00e4rldsarvet 3 &#8211; <\/span>\u00d6lands Alvar<br \/>\n<\/a><a title=\"H548 Ostindiefararen\" href=\"http:\/\/xn--hftessamlarna-bfb.se\/?page_id=1035\">H548 Ostindiefararen<br \/>\n<\/a><a title=\"H549 Strand och sj\u00f6f\u00e5glar\" href=\"..\/?page_id=1032\">H549 Strand- och sj\u00f6f\u00e5glar<br \/>\n<\/a><a title=\"H550 Jul 2003 \u2013 Jul i Sundborn\" href=\"..\/?page_id=1029\">H550 Jul 2003 \u2013 Jul i Sundborn<br \/>\n<\/a><a title=\"H551 Anna Lindh 1957-2003\" href=\"..\/?page_id=1024\">H551 Anna Lindh 1957-2003<br \/>\n<\/a><a title=\"H552 En doft av k\u00e4rlek\" href=\"..\/?page_id=1019\">H552 En doft av k\u00e4rlek<br \/>\n<\/a><a title=\"H553 V\u00e4rldsarvet 4 \u2013 Laponia\" href=\"..\/?page_id=1013\">H553 V\u00e4rldsarvet 4 \u2013 Laponia<br \/>\n<\/a><a title=\"H554 V\u00e4rldsarvet 5 \u2013 Falun\" href=\"..\/?page_id=1437\">H554 V\u00e4rldsarvet 5 \u2013 Falun<br \/>\n<\/a><a title=\"H555 Nobelpris i litteratur\" href=\"..\/?page_id=991\">H555 Nobelpris i litteratur<br \/>\n<\/a><a title=\"H556 Rock 54 \u2013 04\" href=\"..\/?page_id=987\">H556 Rock 54 \u2013 04<br \/>\n<\/a><a title=\"H557 Julpost \u2013 Vinterf\u00e5glar\" href=\"http:\/\/xn--hftessamlarna-bfb.se\/?page_id=984\">H557 Julpost \u2013 Vinterf\u00e5glar<br \/>\n<\/a><a title=\"H558 V\u00e4rldsarvet 6 \u2013 H\u00f6ga kusten\" href=\"..\/?page_id=980\">H558 V\u00e4rldsarvet 6 \u2013 H\u00f6ga Kusten<br \/>\n<\/a><a title=\"H559 Europa 2005 \u2013 Matgl\u00e4dje med Tina!\" href=\"..\/?page_id=976\">H559 Europa 2005 \u2013 Matgl\u00e4dje med Tina!<br \/>\n<\/a><a title=\"H560 Svenska frim\u00e4rket 150 \u00e5r\" href=\"..\/?page_id=972\">H560 Svenska frim\u00e4rket 150 \u00e5r<br \/>\n<\/a><a title=\"H561 Greta Garbo\" href=\"..\/?page_id=969\">H561 Greta Garbo<br \/>\n<\/a><a title=\"H562 \u00c4lskade mopeder\" href=\"..\/?page_id=965\">H562 \u00c4lskade mopeder<br \/>\n<\/a><a title=\"H563 \u00c4nglar p\u00e5 millesg\u00e5rden\" href=\"..\/?page_id=959\">H563 Julpost 2005 \u2013 \u00c4nglar p\u00e5 Millesg\u00e5rden<br \/>\n<\/a><a title=\"H564 Tuffa t\u00e5g\" href=\"..\/?page_id=955\">H564 Tuffa t\u00e5g<br \/>\n<\/a><a title=\"H565 Sveaborg\" href=\"..\/?page_id=909\">H565 <span style=\"color: #1b8be0;\">Sveaborg \u2013 Helsingfors<\/span><br \/>\n<\/a><a title=\"H566 Brevet fr\u00e5n Sverige\" href=\"..\/?page_id=906\">H566 <span style=\"color: #1b8be0;\">Europa 2006 \u2013 <\/span>Brevet fr\u00e5n Sverige<br \/>\n<\/a><a title=\"H567 Stadshansan 650 \u00e5r \u2013 Sverige \u2013 Tyskland\" href=\"http:\/\/xn--hftessamlarna-bfb.se\/?page_id=892\">H567 Stadshansan 650 \u00e5r &#8211; Sverige &#8211; Tyskland<br \/>\n<\/a><a title=\"H568 Alla tiders barnprogram\" href=\"..\/?page_id=895\">H568 Alla tiders barnprogram<br \/>\n<\/a><a title=\"H569 Vinter i konsten\" href=\"..\/?page_id=883\">H569 Vinter i konsten<br \/>\n<\/a><a title=\"H570 Europa 2007 Scouting\" href=\"..\/?page_id=875\">H570 Europa 2007 &#8211; Scouting<br \/>\n<\/a><a title=\"H571 Sommarlandskap\" href=\"..\/?page_id=866\">H571 Sommarlandskap<br \/>\n<\/a><a title=\"H572 Svenskt mode\" href=\"..\/?page_id=857\">H572 Svenskt mode<br \/>\n<\/a><a title=\"H573 Samisk kultur\" href=\"..\/?page_id=849\">H573 Samisk kultur<br \/>\n<\/a><a title=\"H574 Europa 2008\" href=\"..\/?page_id=842\">H574 Europa 2008 &#8211; Brev<br \/>\n<\/a><a title=\"H575 Segelfartyg\" href=\"..\/?page_id=835\">H575 Segelfartyg<br \/>\n<\/a><a title=\"H576 Tecknade serier\" href=\"..\/?page_id=826\">H576 Tecknade serier<br \/>\n<\/a><a title=\"H577 Vinterlek\" href=\"..\/?page_id=809\">H577 Vinterlek<br \/>\n<\/a><a title=\"H578 Kultbilar\" href=\"..\/?page_id=1498\">H578 Kultbilar<br \/>\n<\/a><a title=\"H579 Europa 2009\" href=\"..\/?page_id=1502\">H579 Europa 2009<br \/>\n<\/a><a title=\"H580 Svenska h\u00f6jdpunkter\" href=\"..\/?page_id=1505\">H580 Svenska h\u00f6jdpunkter<br \/>\n<\/a><a title=\"H581 Resa i rymden\" href=\"..\/?page_id=1508\">H581 Resa i rymden<br \/>\n<\/a><a title=\"H582 Sn\u00f6vita djur\" href=\"..\/?page_id=1511\">H582 Sn\u00f6vita djur<br \/>\n<\/a><a title=\"H583 Marint liv\" href=\"..\/?page_id=1514\">H583 Marint liv<br \/>\n<\/a><a title=\"H584 Romaner om brott\" href=\"..\/?page_id=1517\">H584 Romaner om brott<br \/>\n<\/a><a title=\"H585 Cyklar\" href=\"..\/?page_id=1520\">H585 Cyklar<br \/>\n<\/a><a title=\"H586 N\u00e4ckrosor\" href=\"..\/?page_id=1523\">H586 N\u00e4ckrosor<br \/>\n<\/a><a title=\"H587 H\u00e4stsport\" href=\"..\/?page_id=1526\">H587 H\u00e4stsport<br \/>\n<\/a><a title=\"H588 Textilkonst\" href=\"http:\/\/xn--hftessamlarna-bfb.se\/?page_id=2751\">H588 Textilkonst<br \/>\n<\/a><a title=\"H589 Busiga djurungar\" href=\"http:\/\/xn--hftessamlarna-bfb.se\/?page_id=3705\">H589 Busiga djurungar<\/a><br \/>\n<a title=\"H590 Kyrkans konst i 1000 \u00e5r\" href=\"http:\/\/xn--hftessamlarna-bfb.se\/?page_id=4456\">H590 Kyrkans konst i 1000 \u00e5r<\/a><br \/>\n<a title=\"H591 Yngre j\u00e4rn\u00e5lder \u2013 Vikingatid\" href=\"http:\/\/xn--hftessamlarna-bfb.se\/?page_id=4989\">H591 Yngre j\u00e4rn\u00e5lder &#8211; Vikingatid<\/a><\/p>\n","protected":false},"excerpt":{"rendered":"<p>H500 V\u00e5rt 1900-tal I (1900-1938) H501 Nobel 1998 H502 Julpost 1998 \u2013 Amaryllis och mistel H503 Julpost 1998 \u2013 Lingonkrans och Azalea H504 Kaniner H505 Glad P\u00e5sk 1999 H506 V\u00e5rt 1900-tal 2 (1939-1969) H507 Det marina arvet H508 Orkid\u00e9er H509 &hellip; <a href=\"https:\/\/xn--hftessamlarna-bfb.se\/?page_id=2372\">Forts\u00e4tt l\u00e4sa <span class=\"meta-nav\">&rarr;<\/span><\/a><\/p>\n","protected":false},"author":1,"featured_media":0,"parent":819,"menu_order":5,"comment_status":"closed","ping_status":"closed","template":"","meta":{"footnotes":""},"class_list":["post-2372","page","type-page","status-publish","hentry"],"_links":{"self":[{"href":"https:\/\/xn--hftessamlarna-bfb.se\/index.php?rest_route=\/wp\/v2\/pages\/2372","targetHints":{"allow":["GET"]}}],"collection":[{"href":"https:\/\/xn--hftessamlarna-bfb.se\/index.php?rest_route=\/wp\/v2\/pages"}],"about":[{"href":"https:\/\/xn--hftessamlarna-bfb.se\/index.php?rest_route=\/wp\/v2\/types\/page"}],"author":[{"embeddable":true,"href":"https:\/\/xn--hftessamlarna-bfb.se\/index.php?rest_route=\/wp\/v2\/users\/1"}],"replies":[{"embeddable":true,"href":"https:\/\/xn--hftessamlarna-bfb.se\/index.php?rest_route=%2Fwp%2Fv2%2Fcomments&post=2372"}],"version-history":[{"count":0,"href":"https:\/\/xn--hftessamlarna-bfb.se\/index.php?rest_route=\/wp\/v2\/pages\/2372\/revisions"}],"up":[{"embeddable":true,"href":"https:\/\/xn--hftessamlarna-bfb.se\/index.php?rest_route=\/wp\/v2\/pages\/819"}],"wp:attachment":[{"href":"https:\/\/xn--hftessamlarna-bfb.se\/index.php?rest_route=%2Fwp%2Fv2%2Fmedia&parent=2372"}],"curies":[{"name":"wp","href":"https:\/\/api.w.org\/{rel}","templated":true}]}}