{"id":2365,"date":"2011-12-19T12:38:38","date_gmt":"2011-12-19T10:38:38","guid":{"rendered":"http:\/\/xn--hftessamlarna-bfb.se\/?page_id=2365"},"modified":"2022-05-14T07:03:53","modified_gmt":"2022-05-14T06:03:53","slug":"h495-vatmarksblommor","status":"publish","type":"page","link":"https:\/\/xn--hftessamlarna-bfb.se\/?page_id=2365","title":{"rendered":"H495 V\u00e5tmarksblommor"},"content":{"rendered":"<p><a href=\"http:\/\/xn--hftessamlarna-bfb.se\/?attachment_id=2846\" rel=\"attachment wp-att-2846\"><img loading=\"lazy\" decoding=\"async\" class=\"aligncenter size-full wp-image-2846\" title=\"H495\" src=\"http:\/\/xn--hftessamlarna-bfb.se\/wp-content\/uploads\/H4951.jpg\" alt=\"\" width=\"960\" height=\"652\" srcset=\"https:\/\/xn--hftessamlarna-bfb.se\/wp-content\/uploads\/H4951.jpg 960w, https:\/\/xn--hftessamlarna-bfb.se\/wp-content\/uploads\/H4951-150x101.jpg 150w, https:\/\/xn--hftessamlarna-bfb.se\/wp-content\/uploads\/H4951-300x203.jpg 300w, https:\/\/xn--hftessamlarna-bfb.se\/wp-content\/uploads\/H4951-441x300.jpg 441w\" sizes=\"auto, (max-width: 960px) 100vw, 960px\" \/><\/a>Utgivningsdag 1998-05-14<br \/>\nF 2067 &#8211; 2068<br \/>\n10 x inrikes brev, tv\u00e5 motiv<br \/>\nTryckta i 4 f\u00e4rger offset i 3:e Goebelpressen.<br \/>\nInh\u00e4ftningen har gjorts i b\u00e5da h\u00e4ftesmaskinerna vilket medf\u00f6r att det finns tv\u00e5 h\u00e4ftestyper<br \/>\nUpplaga ok\u00e4nd<\/p>\n<h2>Typer<\/h2>\n<p><strong><strong>A<\/strong><\/strong> boktryck b= 56-57 mm, 27 punkters ryggperforering, ej rektangel under IR<strong><br \/>\nAI <\/strong>regm = 7,3 mm<br \/>\n<strong>AII<\/strong> regm = 8,0 mm<\/p>\n<p><strong><strong>B<\/strong><\/strong> offset b= 54-55 mm, 22 punkters ryggperforering, har rektangel under IR<strong><br \/>\nBI<\/strong> regm = 7,3 mm<br \/>\n<strong>BII<\/strong> regm = 8,0 mm<\/p>\n<h2>Markeringar<\/h2>\n<p><strong>AI<\/strong><br \/>\ndelat regm, b=4,2 mm<br \/>\nRT 8 x 2 mm svart<br \/>\ncyls 1<br \/>\ncyls 2<br \/>\nhelt kn G3 (3 mm)<\/p>\n<p><strong>AIIR<\/strong><br \/>\ndelat regm, b=5,0 mm<br \/>\nRT 8 x 2 mm svart<\/p>\n<p><strong>AIIN<\/strong><br \/>\ndelat regm, b=4,2 mm<br \/>\nRT 8 x 2 mm svart<br \/>\ncyls 1<br \/>\ncyls 2<br \/>\nhelt kn G3 (3 mm)<\/p>\n<p><strong>BI<br \/>\n<\/strong>delat regm, b=4,2 mm<br \/>\nRT 7,2 x 1,4 mm svart (smalt)<br \/>\nRT 7,2 x 1,8 mm svart (brett)<br \/>\ncyls 1<br \/>\ncyls 2<br \/>\nhelt kn G3 (3 mm)<\/p>\n<p><strong>BIIR<br \/>\n<\/strong>delat regm, b=5,0 mm<br \/>\nRT 7,2 x 1,4 mm svart (smalt)<br \/>\nRT 7,2 x 1,8 mm svart (brett)<\/p>\n<p><strong>BIIN<\/strong><br \/>\ndelat regm, b=4,2 mm<br \/>\nRT 7,2 x 1,4 mm svart (smalt)<br \/>\nRT 7,2 x 1,8 mm svart (brett)<br \/>\ncyls 1<br \/>\ncyls 2<br \/>\nhelt kn G3 (3 mm)<\/p>\n","protected":false},"excerpt":{"rendered":"<p>Utgivningsdag 1998-05-14 F 2067 &#8211; 2068 10 x inrikes brev, tv\u00e5 motiv Tryckta i 4 f\u00e4rger offset i 3:e Goebelpressen. Inh\u00e4ftningen har gjorts i b\u00e5da h\u00e4ftesmaskinerna vilket medf\u00f6r att det finns tv\u00e5 h\u00e4ftestyper Upplaga ok\u00e4nd Typer A boktryck b= 56-57 &hellip; <a href=\"https:\/\/xn--hftessamlarna-bfb.se\/?page_id=2365\">Forts\u00e4tt l\u00e4sa <span class=\"meta-nav\">&rarr;<\/span><\/a><\/p>\n","protected":false},"author":1,"featured_media":0,"parent":2261,"menu_order":495,"comment_status":"open","ping_status":"open","template":"","meta":{"footnotes":""},"class_list":["post-2365","page","type-page","status-publish","hentry"],"_links":{"self":[{"href":"https:\/\/xn--hftessamlarna-bfb.se\/index.php?rest_route=\/wp\/v2\/pages\/2365","targetHints":{"allow":["GET"]}}],"collection":[{"href":"https:\/\/xn--hftessamlarna-bfb.se\/index.php?rest_route=\/wp\/v2\/pages"}],"about":[{"href":"https:\/\/xn--hftessamlarna-bfb.se\/index.php?rest_route=\/wp\/v2\/types\/page"}],"author":[{"embeddable":true,"href":"https:\/\/xn--hftessamlarna-bfb.se\/index.php?rest_route=\/wp\/v2\/users\/1"}],"replies":[{"embeddable":true,"href":"https:\/\/xn--hftessamlarna-bfb.se\/index.php?rest_route=%2Fwp%2Fv2%2Fcomments&post=2365"}],"version-history":[{"count":0,"href":"https:\/\/xn--hftessamlarna-bfb.se\/index.php?rest_route=\/wp\/v2\/pages\/2365\/revisions"}],"up":[{"embeddable":true,"href":"https:\/\/xn--hftessamlarna-bfb.se\/index.php?rest_route=\/wp\/v2\/pages\/2261"}],"wp:attachment":[{"href":"https:\/\/xn--hftessamlarna-bfb.se\/index.php?rest_route=%2Fwp%2Fv2%2Fmedia&parent=2365"}],"curies":[{"name":"wp","href":"https:\/\/api.w.org\/{rel}","templated":true}]}}