{"id":2362,"date":"2011-12-19T12:38:38","date_gmt":"2011-12-19T10:38:38","guid":{"rendered":"http:\/\/xn--hftessamlarna-bfb.se\/?page_id=2362"},"modified":"2021-08-18T08:05:06","modified_gmt":"2021-08-18T07:05:06","slug":"h492-moderna-museet","status":"publish","type":"page","link":"https:\/\/xn--hftessamlarna-bfb.se\/?page_id=2362","title":{"rendered":"H492 Moderna Museet"},"content":{"rendered":"<p><a href=\"http:\/\/xn--hftessamlarna-bfb.se\/?attachment_id=2852\" rel=\"attachment wp-att-2852\"><img loading=\"lazy\" decoding=\"async\" class=\"aligncenter size-full wp-image-2852\" title=\"H492\" src=\"http:\/\/xn--hftessamlarna-bfb.se\/wp-content\/uploads\/H492.jpg\" alt=\"\" width=\"960\" height=\"368\" srcset=\"https:\/\/xn--hftessamlarna-bfb.se\/wp-content\/uploads\/H492.jpg 960w, https:\/\/xn--hftessamlarna-bfb.se\/wp-content\/uploads\/H492-150x57.jpg 150w, https:\/\/xn--hftessamlarna-bfb.se\/wp-content\/uploads\/H492-300x115.jpg 300w, https:\/\/xn--hftessamlarna-bfb.se\/wp-content\/uploads\/H492-500x191.jpg 500w\" sizes=\"auto, (max-width: 960px) 100vw, 960px\" \/><\/a>Utgivningsdag 1998-01-15<br \/>\nF 2053 &#8211; 2055<br \/>\n6 x inrikes brev, tre motiv<br \/>\nTryckts i 2 f\u00e4rger st\u00e5ltryck och 4 f\u00e4rger offset i 3:e Goebelpressen<br \/>\nInh\u00e4ftningen har gjorts i den 5:e h\u00e4ftesmaskinen<br \/>\n16 punkters streckperforering<br \/>\nUpplaga ok\u00e4nd<\/p>\n<h2>Markeringar<\/h2>\n<p>RT 7,2 x 1,8 mm svart, delat RT f\u00f6rekommer<br \/>\ncyls 1<br \/>\ncyls 2 fot\/slinga<br \/>\nhelt kn G3 (3 mm)<\/p>\n<h2>\u00d6vrigt<\/h2>\n<p>Riktv\u00e4rdessiffror 34 eller 76 kan finnas i IR<\/p>\n<div id=\"attachment_6293\" style=\"width: 310px\" class=\"wp-caption alignnone\"><a href=\"https:\/\/xn--hftessamlarna-bfb.se\/wp-content\/uploads\/H492_riktvarde.jpg\"><img loading=\"lazy\" decoding=\"async\" aria-describedby=\"caption-attachment-6293\" class=\"size-medium wp-image-6293\" src=\"https:\/\/xn--hftessamlarna-bfb.se\/wp-content\/uploads\/H492_riktvarde-300x262.jpg\" alt=\"\" width=\"300\" height=\"262\" srcset=\"https:\/\/xn--hftessamlarna-bfb.se\/wp-content\/uploads\/H492_riktvarde-300x262.jpg 300w, https:\/\/xn--hftessamlarna-bfb.se\/wp-content\/uploads\/H492_riktvarde-150x131.jpg 150w, https:\/\/xn--hftessamlarna-bfb.se\/wp-content\/uploads\/H492_riktvarde-344x300.jpg 344w, https:\/\/xn--hftessamlarna-bfb.se\/wp-content\/uploads\/H492_riktvarde.jpg 544w\" sizes=\"auto, (max-width: 300px) 100vw, 300px\" \/><\/a><p id=\"caption-attachment-6293\" class=\"wp-caption-text\">del av riktv\u00e4rdessiffra<\/p><\/div>\n","protected":false},"excerpt":{"rendered":"<p>Utgivningsdag 1998-01-15 F 2053 &#8211; 2055 6 x inrikes brev, tre motiv Tryckts i 2 f\u00e4rger st\u00e5ltryck och 4 f\u00e4rger offset i 3:e Goebelpressen Inh\u00e4ftningen har gjorts i den 5:e h\u00e4ftesmaskinen 16 punkters streckperforering Upplaga ok\u00e4nd Markeringar RT 7,2 x &hellip; <a href=\"https:\/\/xn--hftessamlarna-bfb.se\/?page_id=2362\">Forts\u00e4tt l\u00e4sa <span class=\"meta-nav\">&rarr;<\/span><\/a><\/p>\n","protected":false},"author":1,"featured_media":0,"parent":2261,"menu_order":492,"comment_status":"open","ping_status":"open","template":"","meta":{"footnotes":""},"class_list":["post-2362","page","type-page","status-publish","hentry"],"_links":{"self":[{"href":"https:\/\/xn--hftessamlarna-bfb.se\/index.php?rest_route=\/wp\/v2\/pages\/2362","targetHints":{"allow":["GET"]}}],"collection":[{"href":"https:\/\/xn--hftessamlarna-bfb.se\/index.php?rest_route=\/wp\/v2\/pages"}],"about":[{"href":"https:\/\/xn--hftessamlarna-bfb.se\/index.php?rest_route=\/wp\/v2\/types\/page"}],"author":[{"embeddable":true,"href":"https:\/\/xn--hftessamlarna-bfb.se\/index.php?rest_route=\/wp\/v2\/users\/1"}],"replies":[{"embeddable":true,"href":"https:\/\/xn--hftessamlarna-bfb.se\/index.php?rest_route=%2Fwp%2Fv2%2Fcomments&post=2362"}],"version-history":[{"count":0,"href":"https:\/\/xn--hftessamlarna-bfb.se\/index.php?rest_route=\/wp\/v2\/pages\/2362\/revisions"}],"up":[{"embeddable":true,"href":"https:\/\/xn--hftessamlarna-bfb.se\/index.php?rest_route=\/wp\/v2\/pages\/2261"}],"wp:attachment":[{"href":"https:\/\/xn--hftessamlarna-bfb.se\/index.php?rest_route=%2Fwp%2Fv2%2Fmedia&parent=2362"}],"curies":[{"name":"wp","href":"https:\/\/api.w.org\/{rel}","templated":true}]}}