{"id":2359,"date":"2011-12-19T12:38:38","date_gmt":"2011-12-19T10:38:38","guid":{"rendered":"http:\/\/xn--hftessamlarna-bfb.se\/?page_id=2359"},"modified":"2021-02-25T16:46:30","modified_gmt":"2021-02-25T15:46:30","slug":"h489-julpost-1997-pepparkakor-till-alla","status":"publish","type":"page","link":"https:\/\/xn--hftessamlarna-bfb.se\/?page_id=2359","title":{"rendered":"H489 Julpost 1997 &#8211; Pepparkakor till alla!"},"content":{"rendered":"<p><a href=\"http:\/\/xn--hftessamlarna-bfb.se\/?attachment_id=2856\" rel=\"attachment wp-att-2856\"><img loading=\"lazy\" decoding=\"async\" class=\"aligncenter size-full wp-image-2856\" title=\"H489\" src=\"http:\/\/xn--hftessamlarna-bfb.se\/wp-content\/uploads\/H489.jpg\" alt=\"\" width=\"960\" height=\"647\" srcset=\"https:\/\/xn--hftessamlarna-bfb.se\/wp-content\/uploads\/H489.jpg 960w, https:\/\/xn--hftessamlarna-bfb.se\/wp-content\/uploads\/H489-150x101.jpg 150w, https:\/\/xn--hftessamlarna-bfb.se\/wp-content\/uploads\/H489-300x202.jpg 300w, https:\/\/xn--hftessamlarna-bfb.se\/wp-content\/uploads\/H489-445x300.jpg 445w\" sizes=\"auto, (max-width: 960px) 100vw, 960px\" \/><\/a>Utgivningsdag 1997-11-20<br \/>\nF 2045 &#8211; 2046<br \/>\n10 x julpost, tv\u00e5 motiv<br \/>\nTryckta i 4 f\u00e4rger offset i 3:e Goebelpressen<br \/>\nInh\u00e4ftningen har gjorts i den 4:e h\u00e4ftesmaskinen<br \/>\n27 punkters streckperforering<br \/>\nUpplaga ok\u00e4nd<\/p>\n<h2>Ny indelning juni 2018<\/h2>\n<h2>Typer<\/h2>\n<p><strong>A<\/strong> Omslag med smutsig vitmedelsreaktion i UV-ljus<br \/>\n<strong>B<\/strong> Omslag med ren, vit vitmedelsreaktion i UV-ljus<\/p>\n<p><strong>I<\/strong> regm = 7,5 mm<br \/>\n<strong>II<\/strong> regm = 6,9 mm<\/p>\n<p>Alla fyra varianterna H489AI, H489AII, H489BI och H489BII finns.<\/p>\n<h2>Markeringar<\/h2>\n<p><strong>IR<br \/>\n<\/strong>b = 3,2<br \/>\nRT 8 x 2 mm svart<br \/>\ncyls 1<br \/>\ncyls 2<\/p>\n<p><strong>IN<\/strong><br \/>\nb = 3,8-3,9<br \/>\nRT 8 x 2 mm svart<br \/>\ncyls 1 (3,7)<br \/>\ncyls 2 (3,1)<br \/>\nhelt kn G3<\/p>\n<p><strong>IIR<\/strong><br \/>\nb = 3,9-4,0<br \/>\nRT 8 x 2 mm svart<br \/>\ncyls 1 (2,9)<br \/>\ncyls 2 (3,2)<\/p>\n<p><strong>IIN<\/strong><br \/>\nb = 3,7<br \/>\nRT 8 x 2 mm svart<br \/>\ncyls 1 (3,5)<br \/>\ncyls 2 (3,2)<br \/>\nhelt kn G3<\/p>\n","protected":false},"excerpt":{"rendered":"<p>Utgivningsdag 1997-11-20 F 2045 &#8211; 2046 10 x julpost, tv\u00e5 motiv Tryckta i 4 f\u00e4rger offset i 3:e Goebelpressen Inh\u00e4ftningen har gjorts i den 4:e h\u00e4ftesmaskinen 27 punkters streckperforering Upplaga ok\u00e4nd Ny indelning juni 2018 Typer A Omslag med smutsig &hellip; <a href=\"https:\/\/xn--hftessamlarna-bfb.se\/?page_id=2359\">Forts\u00e4tt l\u00e4sa <span class=\"meta-nav\">&rarr;<\/span><\/a><\/p>\n","protected":false},"author":1,"featured_media":0,"parent":2261,"menu_order":489,"comment_status":"open","ping_status":"open","template":"","meta":{"footnotes":""},"class_list":["post-2359","page","type-page","status-publish","hentry"],"_links":{"self":[{"href":"https:\/\/xn--hftessamlarna-bfb.se\/index.php?rest_route=\/wp\/v2\/pages\/2359","targetHints":{"allow":["GET"]}}],"collection":[{"href":"https:\/\/xn--hftessamlarna-bfb.se\/index.php?rest_route=\/wp\/v2\/pages"}],"about":[{"href":"https:\/\/xn--hftessamlarna-bfb.se\/index.php?rest_route=\/wp\/v2\/types\/page"}],"author":[{"embeddable":true,"href":"https:\/\/xn--hftessamlarna-bfb.se\/index.php?rest_route=\/wp\/v2\/users\/1"}],"replies":[{"embeddable":true,"href":"https:\/\/xn--hftessamlarna-bfb.se\/index.php?rest_route=%2Fwp%2Fv2%2Fcomments&post=2359"}],"version-history":[{"count":0,"href":"https:\/\/xn--hftessamlarna-bfb.se\/index.php?rest_route=\/wp\/v2\/pages\/2359\/revisions"}],"up":[{"embeddable":true,"href":"https:\/\/xn--hftessamlarna-bfb.se\/index.php?rest_route=\/wp\/v2\/pages\/2261"}],"wp:attachment":[{"href":"https:\/\/xn--hftessamlarna-bfb.se\/index.php?rest_route=%2Fwp%2Fv2%2Fmedia&parent=2359"}],"curies":[{"name":"wp","href":"https:\/\/api.w.org\/{rel}","templated":true}]}}