{"id":2358,"date":"2011-12-19T12:38:38","date_gmt":"2011-12-19T10:38:38","guid":{"rendered":"http:\/\/xn--hftessamlarna-bfb.se\/?page_id=2358"},"modified":"2020-05-02T10:37:37","modified_gmt":"2020-05-02T09:37:37","slug":"h488-nobel-1997","status":"publish","type":"page","link":"https:\/\/xn--hftessamlarna-bfb.se\/?page_id=2358","title":{"rendered":"H488 Nobel 1997 \u2013 Schweiz-Sverige"},"content":{"rendered":"<p><a href=\"http:\/\/xn--hftessamlarna-bfb.se\/?attachment_id=2857\" rel=\"attachment wp-att-2857\"><img loading=\"lazy\" decoding=\"async\" class=\"aligncenter size-full wp-image-2857\" title=\"H488\" src=\"http:\/\/xn--hftessamlarna-bfb.se\/wp-content\/uploads\/H488.jpg\" alt=\"\" width=\"960\" height=\"650\" srcset=\"https:\/\/xn--hftessamlarna-bfb.se\/wp-content\/uploads\/H488.jpg 960w, https:\/\/xn--hftessamlarna-bfb.se\/wp-content\/uploads\/H488-150x101.jpg 150w, https:\/\/xn--hftessamlarna-bfb.se\/wp-content\/uploads\/H488-300x203.jpg 300w, https:\/\/xn--hftessamlarna-bfb.se\/wp-content\/uploads\/H488-443x300.jpg 443w\" sizes=\"auto, (max-width: 960px) 100vw, 960px\" \/><\/a>Utgivningsdag 1997-11-13<br \/>\nF 2042 &#8211; 2043<br \/>\n4 x 7 kr, tv\u00e5 motiv<br \/>\nTryckts i 1 f\u00e4rg st\u00e5ltryck och 4 f\u00e4rger offset i 3:e Goebelpressen<br \/>\nInh\u00e4ftningen har gjorts i den 4:e h\u00e4ftesmaskinen<br \/>\n27 punkters streckperforering<br \/>\nUpplaga ok\u00e4nd<\/p>\n<p><strong>Ny indelning december 2018<\/strong><\/p>\n<h2>Typer<\/h2>\n<p><strong>A<\/strong> omslag med smutsig vitmedelsreaktion i UV-ljus<br \/>\n<strong>B<\/strong> omslag med ren, vit vitmedelsreaktion i UV-ljus<\/p>\n<p>H488A \u00e4r vanligast och finns med kontrollnummer 47\u201385-tusen med rest 4 vid c 1. H488B finns med kontrollnummer i intervallet 14\u201320-tusen med rest 1 vid c 1. Detta indikerar att H488A och H488B utg\u00f6r tv\u00e5 olika tryckserier.<\/p>\n<h2>Markeringar<\/h2>\n<p>RT 8 x 2 mm svart<br \/>\ncyls 1<br \/>\ncyls 2<br \/>\nhelt kn G3 (3 mm)<\/p>\n","protected":false},"excerpt":{"rendered":"<p>Utgivningsdag 1997-11-13 F 2042 &#8211; 2043 4 x 7 kr, tv\u00e5 motiv Tryckts i 1 f\u00e4rg st\u00e5ltryck och 4 f\u00e4rger offset i 3:e Goebelpressen Inh\u00e4ftningen har gjorts i den 4:e h\u00e4ftesmaskinen 27 punkters streckperforering Upplaga ok\u00e4nd Ny indelning december 2018 &hellip; <a href=\"https:\/\/xn--hftessamlarna-bfb.se\/?page_id=2358\">Forts\u00e4tt l\u00e4sa <span class=\"meta-nav\">&rarr;<\/span><\/a><\/p>\n","protected":false},"author":1,"featured_media":0,"parent":2261,"menu_order":488,"comment_status":"open","ping_status":"open","template":"","meta":{"footnotes":""},"class_list":["post-2358","page","type-page","status-publish","hentry"],"_links":{"self":[{"href":"https:\/\/xn--hftessamlarna-bfb.se\/index.php?rest_route=\/wp\/v2\/pages\/2358","targetHints":{"allow":["GET"]}}],"collection":[{"href":"https:\/\/xn--hftessamlarna-bfb.se\/index.php?rest_route=\/wp\/v2\/pages"}],"about":[{"href":"https:\/\/xn--hftessamlarna-bfb.se\/index.php?rest_route=\/wp\/v2\/types\/page"}],"author":[{"embeddable":true,"href":"https:\/\/xn--hftessamlarna-bfb.se\/index.php?rest_route=\/wp\/v2\/users\/1"}],"replies":[{"embeddable":true,"href":"https:\/\/xn--hftessamlarna-bfb.se\/index.php?rest_route=%2Fwp%2Fv2%2Fcomments&post=2358"}],"version-history":[{"count":0,"href":"https:\/\/xn--hftessamlarna-bfb.se\/index.php?rest_route=\/wp\/v2\/pages\/2358\/revisions"}],"up":[{"embeddable":true,"href":"https:\/\/xn--hftessamlarna-bfb.se\/index.php?rest_route=\/wp\/v2\/pages\/2261"}],"wp:attachment":[{"href":"https:\/\/xn--hftessamlarna-bfb.se\/index.php?rest_route=%2Fwp%2Fv2%2Fmedia&parent=2358"}],"curies":[{"name":"wp","href":"https:\/\/api.w.org\/{rel}","templated":true}]}}