{"id":2357,"date":"2011-12-19T12:38:38","date_gmt":"2011-12-19T10:38:38","guid":{"rendered":"http:\/\/xn--hftessamlarna-bfb.se\/?page_id=2357"},"modified":"2013-12-24T11:06:42","modified_gmt":"2013-12-24T10:06:42","slug":"h487-bilar","status":"publish","type":"page","link":"https:\/\/xn--hftessamlarna-bfb.se\/?page_id=2357","title":{"rendered":"H487 Bilar"},"content":{"rendered":"<p><a href=\"http:\/\/xn--hftessamlarna-bfb.se\/?attachment_id=2858\" rel=\"attachment wp-att-2858\"><img loading=\"lazy\" decoding=\"async\" class=\"aligncenter size-full wp-image-2858\" title=\"H487\" alt=\"\" src=\"http:\/\/xn--hftessamlarna-bfb.se\/wp-content\/uploads\/H487.jpg\" width=\"960\" height=\"642\" srcset=\"https:\/\/xn--hftessamlarna-bfb.se\/wp-content\/uploads\/H487.jpg 960w, https:\/\/xn--hftessamlarna-bfb.se\/wp-content\/uploads\/H487-150x100.jpg 150w, https:\/\/xn--hftessamlarna-bfb.se\/wp-content\/uploads\/H487-300x200.jpg 300w, https:\/\/xn--hftessamlarna-bfb.se\/wp-content\/uploads\/H487-448x300.jpg 448w\" sizes=\"auto, (max-width: 960px) 100vw, 960px\" \/><\/a>Utgivningsdag 1997-10-04<br \/>\nF 2036 &#8211; 2041<br \/>\n6 x inrikes brev, sex motiv<br \/>\nTryckta i kombination 2 f\u00e4rger st\u00e5ltryck och 4 f\u00e4rger offset i 3:e Goebelpressen<br \/>\nInh\u00e4ftningen har gjorts i den 4:e h\u00e4ftesmaskinen<br \/>\n27 punkters streckperforering<br \/>\nUpplaga ok\u00e4nd<\/p>\n<h2>Markeringar<\/h2>\n<p>RT 8 x 2 mm svart<br \/>\ncyls 1<br \/>\ncyls 2<br \/>\nhelt kn G3 (3 mm)<br \/>\nf\u00e4rgade fyrkanter i IR<\/p>\n","protected":false},"excerpt":{"rendered":"<p>Utgivningsdag 1997-10-04 F 2036 &#8211; 2041 6 x inrikes brev, sex motiv Tryckta i kombination 2 f\u00e4rger st\u00e5ltryck och 4 f\u00e4rger offset i 3:e Goebelpressen Inh\u00e4ftningen har gjorts i den 4:e h\u00e4ftesmaskinen 27 punkters streckperforering Upplaga ok\u00e4nd Markeringar RT 8 &hellip; <a href=\"https:\/\/xn--hftessamlarna-bfb.se\/?page_id=2357\">Forts\u00e4tt l\u00e4sa <span class=\"meta-nav\">&rarr;<\/span><\/a><\/p>\n","protected":false},"author":1,"featured_media":0,"parent":2261,"menu_order":487,"comment_status":"open","ping_status":"open","template":"","meta":{"footnotes":""},"class_list":["post-2357","page","type-page","status-publish","hentry"],"_links":{"self":[{"href":"https:\/\/xn--hftessamlarna-bfb.se\/index.php?rest_route=\/wp\/v2\/pages\/2357","targetHints":{"allow":["GET"]}}],"collection":[{"href":"https:\/\/xn--hftessamlarna-bfb.se\/index.php?rest_route=\/wp\/v2\/pages"}],"about":[{"href":"https:\/\/xn--hftessamlarna-bfb.se\/index.php?rest_route=\/wp\/v2\/types\/page"}],"author":[{"embeddable":true,"href":"https:\/\/xn--hftessamlarna-bfb.se\/index.php?rest_route=\/wp\/v2\/users\/1"}],"replies":[{"embeddable":true,"href":"https:\/\/xn--hftessamlarna-bfb.se\/index.php?rest_route=%2Fwp%2Fv2%2Fcomments&post=2357"}],"version-history":[{"count":0,"href":"https:\/\/xn--hftessamlarna-bfb.se\/index.php?rest_route=\/wp\/v2\/pages\/2357\/revisions"}],"up":[{"embeddable":true,"href":"https:\/\/xn--hftessamlarna-bfb.se\/index.php?rest_route=\/wp\/v2\/pages\/2261"}],"wp:attachment":[{"href":"https:\/\/xn--hftessamlarna-bfb.se\/index.php?rest_route=%2Fwp%2Fv2%2Fmedia&parent=2357"}],"curies":[{"name":"wp","href":"https:\/\/api.w.org\/{rel}","templated":true}]}}