{"id":2352,"date":"2011-12-19T12:38:39","date_gmt":"2011-12-19T10:38:39","guid":{"rendered":"http:\/\/xn--hftessamlarna-bfb.se\/?page_id=2352"},"modified":"2025-12-21T14:51:34","modified_gmt":"2025-12-21T13:51:34","slug":"h482-tradgardsblommor","status":"publish","type":"page","link":"https:\/\/xn--hftessamlarna-bfb.se\/?page_id=2352","title":{"rendered":"H482 Tr\u00e4dg\u00e5rdsblommor"},"content":{"rendered":"<p><a href=\"https:\/\/xn--hftessamlarna-bfb.se\/wp-content\/uploads\/H-0482-header-1997.jpg\" rel=\"attachment wp-att-2864\"><img loading=\"lazy\" decoding=\"async\" class=\"alignnone wp-image-6205 size-full\" title=\"H482\" src=\"https:\/\/xn--hftessamlarna-bfb.se\/wp-content\/uploads\/H-0482-header-1997.jpg\" alt=\"\" width=\"960\" height=\"1000\" srcset=\"https:\/\/xn--hftessamlarna-bfb.se\/wp-content\/uploads\/H-0482-header-1997.jpg 960w, https:\/\/xn--hftessamlarna-bfb.se\/wp-content\/uploads\/H-0482-header-1997-288x300.jpg 288w, https:\/\/xn--hftessamlarna-bfb.se\/wp-content\/uploads\/H-0482-header-1997-144x150.jpg 144w, https:\/\/xn--hftessamlarna-bfb.se\/wp-content\/uploads\/H-0482-header-1997-768x800.jpg 768w\" sizes=\"auto, (max-width: 960px) 100vw, 960px\" \/><\/a>Utgivningsdag 1997-05-09<br \/>\nF 2013 &#8211; 2017<br \/>\n10 \u00d7 inrikes brev, fem motiv<br \/>\nTryckts i 4 f\u00e4rger offset i 3:e Goebelpressen<br \/>\nInh\u00e4ftningen har gjorts i b\u00e5da h\u00e4ftesmaskinerna vilket ger upphov till tv\u00e5 h\u00e4ftestyper<br \/>\nUpplaga ok\u00e4nd<\/p>\n<h2>Typer<\/h2>\n<p><a href=\"https:\/\/xn--hftessamlarna-bfb.se\/wp-content\/uploads\/H-0482-info-1997.jpg\"><img loading=\"lazy\" decoding=\"async\" class=\"alignnone wp-image-6206 size-medium\" src=\"https:\/\/xn--hftessamlarna-bfb.se\/wp-content\/uploads\/H-0482-info-1997-300x196.jpg\" alt=\"\" width=\"300\" height=\"196\" srcset=\"https:\/\/xn--hftessamlarna-bfb.se\/wp-content\/uploads\/H-0482-info-1997-300x196.jpg 300w, https:\/\/xn--hftessamlarna-bfb.se\/wp-content\/uploads\/H-0482-info-1997-1024x668.jpg 1024w, https:\/\/xn--hftessamlarna-bfb.se\/wp-content\/uploads\/H-0482-info-1997-150x98.jpg 150w, https:\/\/xn--hftessamlarna-bfb.se\/wp-content\/uploads\/H-0482-info-1997-768x501.jpg 768w, https:\/\/xn--hftessamlarna-bfb.se\/wp-content\/uploads\/H-0482-info-1997-460x300.jpg 460w, https:\/\/xn--hftessamlarna-bfb.se\/wp-content\/uploads\/H-0482-info-1997.jpg 1154w\" sizes=\"auto, (max-width: 300px) 100vw, 300px\" \/><\/a><\/p>\n<p><strong>A<\/strong> omslag i boktryck, b = 56-57 mm, 27 punkters ryggperforering<br \/>\n<strong><strong>B<\/strong><\/strong> omslag i offset, b = 55 mm, 22 punkters ryggperforering<strong><br \/>\nBI<\/strong> regm b=4,2<br \/>\n<strong>BII<\/strong> regm b=4,8<\/p>\n<div id=\"attachment_6076\" style=\"width: 310px\" class=\"wp-caption alignnone\"><a href=\"https:\/\/xn--hftessamlarna-bfb.se\/wp-content\/uploads\/H482info2.jpg\"><img loading=\"lazy\" decoding=\"async\" aria-describedby=\"caption-attachment-6076\" class=\"size-medium wp-image-6076\" src=\"https:\/\/xn--hftessamlarna-bfb.se\/wp-content\/uploads\/H482info2-300x114.jpg\" alt=\"\" width=\"300\" height=\"114\" srcset=\"https:\/\/xn--hftessamlarna-bfb.se\/wp-content\/uploads\/H482info2-300x114.jpg 300w, https:\/\/xn--hftessamlarna-bfb.se\/wp-content\/uploads\/H482info2-150x57.jpg 150w, https:\/\/xn--hftessamlarna-bfb.se\/wp-content\/uploads\/H482info2-768x292.jpg 768w, https:\/\/xn--hftessamlarna-bfb.se\/wp-content\/uploads\/H482info2-500x190.jpg 500w, https:\/\/xn--hftessamlarna-bfb.se\/wp-content\/uploads\/H482info2.jpg 798w\" sizes=\"auto, (max-width: 300px) 100vw, 300px\" \/><\/a><p id=\"caption-attachment-6076\" class=\"wp-caption-text\">s\u00e5 skiljer man I och II<\/p><\/div>\n<h2><\/h2>\n<div id=\"attachment_6077\" style=\"width: 310px\" class=\"wp-caption alignnone\"><a href=\"https:\/\/xn--hftessamlarna-bfb.se\/wp-content\/uploads\/H482info3.jpg\"><img loading=\"lazy\" decoding=\"async\" aria-describedby=\"caption-attachment-6077\" class=\"wp-image-6077 size-medium\" src=\"https:\/\/xn--hftessamlarna-bfb.se\/wp-content\/uploads\/H482info3-300x131.jpg\" alt=\"\" width=\"300\" height=\"131\" srcset=\"https:\/\/xn--hftessamlarna-bfb.se\/wp-content\/uploads\/H482info3-300x131.jpg 300w, https:\/\/xn--hftessamlarna-bfb.se\/wp-content\/uploads\/H482info3-150x66.jpg 150w, https:\/\/xn--hftessamlarna-bfb.se\/wp-content\/uploads\/H482info3-768x336.jpg 768w, https:\/\/xn--hftessamlarna-bfb.se\/wp-content\/uploads\/H482info3-500x219.jpg 500w, https:\/\/xn--hftessamlarna-bfb.se\/wp-content\/uploads\/H482info3.jpg 773w\" sizes=\"auto, (max-width: 300px) 100vw, 300px\" \/><\/a><p id=\"caption-attachment-6077\" class=\"wp-caption-text\">s\u00e5 skiljer man N och R \u00e5t (p\u00e5 AI och BI)<\/p><\/div>\n<h2><strong>F\u00f6rklaring x och y nedan<\/strong><\/h2>\n<div id=\"attachment_6078\" style=\"width: 310px\" class=\"wp-caption alignnone\"><a href=\"https:\/\/xn--hftessamlarna-bfb.se\/wp-content\/uploads\/H482info4.jpg\"><img loading=\"lazy\" decoding=\"async\" aria-describedby=\"caption-attachment-6078\" class=\"size-medium wp-image-6078\" src=\"https:\/\/xn--hftessamlarna-bfb.se\/wp-content\/uploads\/H482info4-300x123.jpg\" alt=\"\" width=\"300\" height=\"123\" srcset=\"https:\/\/xn--hftessamlarna-bfb.se\/wp-content\/uploads\/H482info4-300x123.jpg 300w, https:\/\/xn--hftessamlarna-bfb.se\/wp-content\/uploads\/H482info4-1024x421.jpg 1024w, https:\/\/xn--hftessamlarna-bfb.se\/wp-content\/uploads\/H482info4-150x62.jpg 150w, https:\/\/xn--hftessamlarna-bfb.se\/wp-content\/uploads\/H482info4-768x316.jpg 768w, https:\/\/xn--hftessamlarna-bfb.se\/wp-content\/uploads\/H482info4-1536x632.jpg 1536w, https:\/\/xn--hftessamlarna-bfb.se\/wp-content\/uploads\/H482info4-500x206.jpg 500w, https:\/\/xn--hftessamlarna-bfb.se\/wp-content\/uploads\/H482info4.jpg 1684w\" sizes=\"auto, (max-width: 300px) 100vw, 300px\" \/><\/a><p id=\"caption-attachment-6078\" class=\"wp-caption-text\">x: det finns en svart punkt \u00f6ver bilden till v\u00e4nster p\u00e5 m\u00e4rke 6, dvs 1:a m\u00e4rket i undre raden. Finns p\u00e5 inlaga 1, det med cyls 1.<br \/>y: det finns en r\u00f6d punkt i perforeringen i \u00f6vre h\u00f6gra h\u00f6rnet av m\u00e4rke 9. Finns p\u00e5 inlaga 7, det med cyls 2.<\/p><\/div>\n<h2>Markeringar<\/h2>\n<p><strong>AIR<\/strong><br \/>\nregm = 7,5, b=4,2<br \/>\nRT 8 \u00d7 2 mm svart<\/p>\n<p><strong>AIN<\/strong><br \/>\nregm = 6,7-7.0, b=4,2<br \/>\nRT 8 \u00d7 2 mm svart<br \/>\ncyls 1 (2,7 utan eller med x)<br \/>\ncyls 2 (2,7 utan eller med y)<br \/>\nhelt kn G3<\/p>\n<p><strong>BIR<br \/>\n<\/strong>regm = 7,5, b=4,2<br \/>\nRT 7,2 \u00d7 1,4 mm svart (smalt)<br \/>\nRT 7,2 \u00d7 1,8 mm svart (brett)<br \/>\ncyls 1 (2,7 utan eller med x)<br \/>\ncyls 2 (2,7 utan eller med y)<br \/>\nhelt kn G3<\/p>\n<p><strong>BIN<\/strong><strong><br \/>\n<\/strong>regm = 6,7-7.0, b=4,2<br \/>\nRT 7,2 \u00d7 1,4 mm svart (smalt)<br \/>\nRT 7,2 \u00d7 1,8 mm svart (brett)<br \/>\ncyls 1 (2,7 utan eller med x)<br \/>\ncyls 2 (2,7 utan eller med y)<br \/>\nhelt kn G3<\/p>\n<p><strong>AII, BII<\/strong><br \/>\nregm = 7,5, b=4,7<br \/>\nRT 7,2 \u00d7 1,4 mm svart (smalt)<br \/>\nRT 7,2 \u00d7 1,8 mm svart (brett)<br \/>\ncyls 1 (3,2 utan x)<br \/>\ncyls 2 (3,2 utan y)<br \/>\nhelt kn G3<\/p>\n<p><strong>Artiklar<\/strong><\/p>\n<p><a href=\"https:\/\/xn--hftessamlarna-bfb.se\/wp-content\/uploads\/H482-Artikel-av-Sven-Erik-Mattsson-2025-11-18.pdf\">H482 Artikel av Sven Erik Mattsson 2025-11-18<\/a><\/p>\n","protected":false},"excerpt":{"rendered":"<p>Utgivningsdag 1997-05-09 F 2013 &#8211; 2017 10 \u00d7 inrikes brev, fem motiv Tryckts i 4 f\u00e4rger offset i 3:e Goebelpressen Inh\u00e4ftningen har gjorts i b\u00e5da h\u00e4ftesmaskinerna vilket ger upphov till tv\u00e5 h\u00e4ftestyper Upplaga ok\u00e4nd Typer A omslag i boktryck, b &hellip; <a href=\"https:\/\/xn--hftessamlarna-bfb.se\/?page_id=2352\">Forts\u00e4tt l\u00e4sa <span class=\"meta-nav\">&rarr;<\/span><\/a><\/p>\n","protected":false},"author":1,"featured_media":0,"parent":2261,"menu_order":482,"comment_status":"open","ping_status":"open","template":"","meta":{"footnotes":""},"class_list":["post-2352","page","type-page","status-publish","hentry"],"_links":{"self":[{"href":"https:\/\/xn--hftessamlarna-bfb.se\/index.php?rest_route=\/wp\/v2\/pages\/2352","targetHints":{"allow":["GET"]}}],"collection":[{"href":"https:\/\/xn--hftessamlarna-bfb.se\/index.php?rest_route=\/wp\/v2\/pages"}],"about":[{"href":"https:\/\/xn--hftessamlarna-bfb.se\/index.php?rest_route=\/wp\/v2\/types\/page"}],"author":[{"embeddable":true,"href":"https:\/\/xn--hftessamlarna-bfb.se\/index.php?rest_route=\/wp\/v2\/users\/1"}],"replies":[{"embeddable":true,"href":"https:\/\/xn--hftessamlarna-bfb.se\/index.php?rest_route=%2Fwp%2Fv2%2Fcomments&post=2352"}],"version-history":[{"count":0,"href":"https:\/\/xn--hftessamlarna-bfb.se\/index.php?rest_route=\/wp\/v2\/pages\/2352\/revisions"}],"up":[{"embeddable":true,"href":"https:\/\/xn--hftessamlarna-bfb.se\/index.php?rest_route=\/wp\/v2\/pages\/2261"}],"wp:attachment":[{"href":"https:\/\/xn--hftessamlarna-bfb.se\/index.php?rest_route=%2Fwp%2Fv2%2Fmedia&parent=2352"}],"curies":[{"name":"wp","href":"https:\/\/api.w.org\/{rel}","templated":true}]}}