{"id":2351,"date":"2011-12-19T12:38:39","date_gmt":"2011-12-19T10:38:39","guid":{"rendered":"http:\/\/xn--hftessamlarna-bfb.se\/?page_id=2351"},"modified":"2022-12-01T14:16:39","modified_gmt":"2022-12-01T13:16:39","slug":"h481-glad-pask-1997","status":"publish","type":"page","link":"https:\/\/xn--hftessamlarna-bfb.se\/?page_id=2351","title":{"rendered":"H481 Glad P\u00e5sk 1997"},"content":{"rendered":"<p><a href=\"http:\/\/xn--hftessamlarna-bfb.se\/?attachment_id=2866\" rel=\"attachment wp-att-2866\"><img loading=\"lazy\" decoding=\"async\" class=\"aligncenter size-full wp-image-2866\" title=\"H481\" src=\"http:\/\/xn--hftessamlarna-bfb.se\/wp-content\/uploads\/H4811.jpg\" alt=\"\" width=\"960\" height=\"655\" srcset=\"https:\/\/xn--hftessamlarna-bfb.se\/wp-content\/uploads\/H4811.jpg 960w, https:\/\/xn--hftessamlarna-bfb.se\/wp-content\/uploads\/H4811-150x102.jpg 150w, https:\/\/xn--hftessamlarna-bfb.se\/wp-content\/uploads\/H4811-300x204.jpg 300w, https:\/\/xn--hftessamlarna-bfb.se\/wp-content\/uploads\/H4811-439x300.jpg 439w\" sizes=\"auto, (max-width: 960px) 100vw, 960px\" \/><\/a>Utgivningsdag 1997-02-28<br \/>\nF 2011 &#8211; 2012<br \/>\n6 x inrikes brev, tv\u00e5 motiv<br \/>\nTryckta i 4 f\u00e4rger offset i 3:e Goebelpressen<br \/>\nInh\u00e4ftningen har gjorts i den 5:e\u00a0 h\u00e4ftesmaskinen<br \/>\n22 punkters streckperforering<br \/>\nUpplaga ok\u00e4nd<\/p>\n<h2>Typer<\/h2>\n<p><strong>I<\/strong> regm = 8,0 mm<br \/>\n<strong>II<\/strong> regm = 6,7 mm p\u00e5 \u00f6vre cylinderhalvan,\u00a0IIR, och<br \/>\nregm = 7,3 mm p\u00e5 undre cylinderhalvan, IIN.<\/p>\n<h2>Markeringar<\/h2>\n<p><strong>IR<\/strong><br \/>\nb=4,2<br \/>\nRT 7,2 x 1,4 mm svart (smalt)<br \/>\nRT 7,2 x 1,8 mm svart (brett)<\/p>\n<p><strong>IN<\/strong><br \/>\nb=4,0<br \/>\nRT 7,2 x 1,4 mm svart (smalt)<br \/>\nRT 7,2 x 1,8 mm svart (brett)<br \/>\ncyls 1 (r\u00e4ttv\u00e4nd)<br \/>\ncyls 2 (r\u00e4ttv\u00e4nd)<br \/>\nhelt kn G3 (3 mm)<\/p>\n<p><strong>IIR<\/strong><br \/>\nb=5,2<br \/>\nRT 7,2 x 1,4 mm svart (smalt)<br \/>\nRT 7,2 x 1,8 mm svart (brett)<br \/>\ncyls 1 (omv\u00e4nd)<br \/>\ncyls 2 (omv\u00e4nd)<\/p>\n<p><strong>IIN<\/strong><br \/>\nb=4,7<br \/>\nRT 7,2 x 1,4 mm svart (smalt)<br \/>\nRT 7,2 x 1,8 mm svart (brett)<br \/>\ncyls 1 (omv\u00e4nd)<br \/>\ncyls 2 (omv\u00e4nd)<br \/>\nhelt kn G3 (3 mm)<\/p>\n<h2>L\u00e4s mer<\/h2>\n<p><a href=\"http:\/\/h\u00e4ftessamlarna.se\/wp-content\/uploads\/H-481-Gunnar-Struck-uppdaterad.pdf\" target=\"_blank\" rel=\"noopener\">H 481 Gunnar Struck uppdaterad<\/a><\/p>\n<h2>Bilder p\u00e5 varianter<\/h2>\n<div id=\"attachment_4561\" style=\"width: 594px\" class=\"wp-caption alignleft\"><a href=\"http:\/\/xn--hftessamlarna-bfb.se\/wp-content\/uploads\/H481_IIbprick.jpg\"><img loading=\"lazy\" decoding=\"async\" aria-describedby=\"caption-attachment-4561\" class=\"wp-image-4561 size-large\" src=\"http:\/\/xn--hftessamlarna-bfb.se\/wp-content\/uploads\/H481_IIbprick-1024x403.jpg\" alt=\"H481_IIbprick\" width=\"584\" height=\"229\" srcset=\"https:\/\/xn--hftessamlarna-bfb.se\/wp-content\/uploads\/H481_IIbprick-1024x403.jpg 1024w, https:\/\/xn--hftessamlarna-bfb.se\/wp-content\/uploads\/H481_IIbprick-150x59.jpg 150w, https:\/\/xn--hftessamlarna-bfb.se\/wp-content\/uploads\/H481_IIbprick-300x118.jpg 300w, https:\/\/xn--hftessamlarna-bfb.se\/wp-content\/uploads\/H481_IIbprick-500x197.jpg 500w, https:\/\/xn--hftessamlarna-bfb.se\/wp-content\/uploads\/H481_IIbprick.jpg 1308w\" sizes=\"auto, (max-width: 584px) 100vw, 584px\" \/><\/a><p id=\"caption-attachment-4561\" class=\"wp-caption-text\">illustration till Gunnar Strucks artikel om prickarnas placering<\/p><\/div>\n","protected":false},"excerpt":{"rendered":"<p>Utgivningsdag 1997-02-28 F 2011 &#8211; 2012 6 x inrikes brev, tv\u00e5 motiv Tryckta i 4 f\u00e4rger offset i 3:e Goebelpressen Inh\u00e4ftningen har gjorts i den 5:e\u00a0 h\u00e4ftesmaskinen 22 punkters streckperforering Upplaga ok\u00e4nd Typer I regm = 8,0 mm II regm &hellip; <a href=\"https:\/\/xn--hftessamlarna-bfb.se\/?page_id=2351\">Forts\u00e4tt l\u00e4sa <span class=\"meta-nav\">&rarr;<\/span><\/a><\/p>\n","protected":false},"author":1,"featured_media":0,"parent":2261,"menu_order":481,"comment_status":"open","ping_status":"open","template":"","meta":{"footnotes":""},"class_list":["post-2351","page","type-page","status-publish","hentry"],"_links":{"self":[{"href":"https:\/\/xn--hftessamlarna-bfb.se\/index.php?rest_route=\/wp\/v2\/pages\/2351","targetHints":{"allow":["GET"]}}],"collection":[{"href":"https:\/\/xn--hftessamlarna-bfb.se\/index.php?rest_route=\/wp\/v2\/pages"}],"about":[{"href":"https:\/\/xn--hftessamlarna-bfb.se\/index.php?rest_route=\/wp\/v2\/types\/page"}],"author":[{"embeddable":true,"href":"https:\/\/xn--hftessamlarna-bfb.se\/index.php?rest_route=\/wp\/v2\/users\/1"}],"replies":[{"embeddable":true,"href":"https:\/\/xn--hftessamlarna-bfb.se\/index.php?rest_route=%2Fwp%2Fv2%2Fcomments&post=2351"}],"version-history":[{"count":0,"href":"https:\/\/xn--hftessamlarna-bfb.se\/index.php?rest_route=\/wp\/v2\/pages\/2351\/revisions"}],"up":[{"embeddable":true,"href":"https:\/\/xn--hftessamlarna-bfb.se\/index.php?rest_route=\/wp\/v2\/pages\/2261"}],"wp:attachment":[{"href":"https:\/\/xn--hftessamlarna-bfb.se\/index.php?rest_route=%2Fwp%2Fv2%2Fmedia&parent=2351"}],"curies":[{"name":"wp","href":"https:\/\/api.w.org\/{rel}","templated":true}]}}