{"id":2350,"date":"2011-12-19T12:38:39","date_gmt":"2011-12-19T10:38:39","guid":{"rendered":"http:\/\/xn--hftessamlarna-bfb.se\/?page_id=2350"},"modified":"2021-06-27T11:55:41","modified_gmt":"2021-06-27T10:55:41","slug":"h480-nordens-ark-2","status":"publish","type":"page","link":"https:\/\/xn--hftessamlarna-bfb.se\/?page_id=2350","title":{"rendered":"H480 Djuren p\u00e5 Nordens Ark 2"},"content":{"rendered":"<p><a href=\"https:\/\/xn--hftessamlarna-bfb.se\/wp-content\/uploads\/H-0480-header-1997.jpg\" rel=\"attachment wp-att-2867\"><img loading=\"lazy\" decoding=\"async\" class=\"alignnone wp-image-6372 size-full\" title=\"H480\" src=\"https:\/\/xn--hftessamlarna-bfb.se\/wp-content\/uploads\/H-0480-header-1997.jpg\" alt=\"\" width=\"960\" height=\"986\" srcset=\"https:\/\/xn--hftessamlarna-bfb.se\/wp-content\/uploads\/H-0480-header-1997.jpg 960w, https:\/\/xn--hftessamlarna-bfb.se\/wp-content\/uploads\/H-0480-header-1997-292x300.jpg 292w, https:\/\/xn--hftessamlarna-bfb.se\/wp-content\/uploads\/H-0480-header-1997-146x150.jpg 146w, https:\/\/xn--hftessamlarna-bfb.se\/wp-content\/uploads\/H-0480-header-1997-768x789.jpg 768w\" sizes=\"auto, (max-width: 960px) 100vw, 960px\" \/><\/a>Utgivningsdag 1997-02-28<br \/>\nF 2007 &#8211; 2008<br \/>\n6 \u00d7 inrikes brev, tv\u00e5 motiv<br \/>\nTryckta i 3 f\u00e4rger st\u00e5ltryck i s\u00e5v\u00e4l 2:a som 3:e Goebelpressen<br \/>\nInh\u00e4ftningen har gjorts i tre h\u00e4ftesmaskiner vilket ger upphov till tv\u00e5 h\u00e4ftestyper och tre varianter<br \/>\nUpplaga ok\u00e4nd<\/p>\n<h2>Typer<\/h2>\n<p><strong><strong><a href=\"https:\/\/xn--hftessamlarna-bfb.se\/wp-content\/uploads\/H-0480-info-1997.jpg\"><img loading=\"lazy\" decoding=\"async\" class=\"alignnone wp-image-6375 size-medium\" src=\"https:\/\/xn--hftessamlarna-bfb.se\/wp-content\/uploads\/H-0480-info-1997-300x139.jpg\" alt=\"\" width=\"300\" height=\"139\" srcset=\"https:\/\/xn--hftessamlarna-bfb.se\/wp-content\/uploads\/H-0480-info-1997-300x139.jpg 300w, https:\/\/xn--hftessamlarna-bfb.se\/wp-content\/uploads\/H-0480-info-1997-1024x473.jpg 1024w, https:\/\/xn--hftessamlarna-bfb.se\/wp-content\/uploads\/H-0480-info-1997-150x69.jpg 150w, https:\/\/xn--hftessamlarna-bfb.se\/wp-content\/uploads\/H-0480-info-1997-768x355.jpg 768w, https:\/\/xn--hftessamlarna-bfb.se\/wp-content\/uploads\/H-0480-info-1997-1536x710.jpg 1536w, https:\/\/xn--hftessamlarna-bfb.se\/wp-content\/uploads\/H-0480-info-1997-500x231.jpg 500w, https:\/\/xn--hftessamlarna-bfb.se\/wp-content\/uploads\/H-0480-info-1997.jpg 1603w\" sizes=\"auto, (max-width: 300px) 100vw, 300px\" \/><\/a><br \/>\nA<\/strong><\/strong> boktryck, 27 punkters streckperforering<strong><br \/>\nA1<\/strong> NORDENS \u00e4r 55 mm, liten text p\u00e5 insida<br \/>\n<strong>A2<\/strong> NORDENS \u00e4r 56 mm, stor text p\u00e5 insida<\/p>\n<p><strong>B<\/strong> offset, 22 punkters streckperforering, NORDENS \u00e4r 54 mm, liten text p\u00e5 insida<\/p>\n<h2>Markeringar<\/h2>\n<p><strong>A1R<\/strong><br \/>\ndelat regm, b=3,7 mm<br \/>\nRT 8 \u00d7 2 mm svart<\/p>\n<p><strong>A1N<\/strong><br \/>\ndelat regm, b=3,5 mm<br \/>\nRT 8 \u00d7 2 mm svart<br \/>\ncyls 1<br \/>\ncyls 2<br \/>\nhelt kn G2b (3,3 mm), 13-14,5 mm fr\u00e5n bild<br \/>\nhelt kn G3 (3 mm), 13-14 mm fr\u00e5n bild<\/p>\n<p><strong>A2R<\/strong><br \/>\ndelat regm, b=3,7 mm<br \/>\nRT 8 \u00d7 2 mm svart<\/p>\n<p><strong>A2N<\/strong><br \/>\ndelat regm, b=3,5 mm<br \/>\nRT 8 \u00d7 2 mm svart<br \/>\ncyls 1<br \/>\ncyls 2<br \/>\nhelt kn G2b (3,3mm) 12,5-13,5 mm fr\u00e5n bild<\/p>\n<p><strong>BR<\/strong><br \/>\ndelat regm, b=3,7 mm<br \/>\nRT 7,2 \u00d7 1,4 mm svart (smalt)<br \/>\nRT 7,2 \u00d7 1,8 mm svart (brett)<\/p>\n<p><strong>BN<\/strong><br \/>\ndelat regm, b=3,5 mm<br \/>\nRT 7,2 \u00d7 1,4 mm svart (smalt)<br \/>\nRT 7,2 \u00d7 1,8 mm svart (brett)<br \/>\ncyls 1<br \/>\ncyls 2<br \/>\nhelt kn G2b (3,3 mm), 10-14 mm fr\u00e5n bild<br \/>\nhelt kn G3 (3 mm), 8,5-9 mm fr\u00e5n bild, 13 mm fr\u00e5n bild<\/p>\n<h2>Bild varianter<\/h2>\n<div id=\"attachment_6371\" style=\"width: 310px\" class=\"wp-caption alignnone\"><a href=\"https:\/\/xn--hftessamlarna-bfb.se\/wp-content\/uploads\/H-0480A2-omslag-1997.jpg\"><img loading=\"lazy\" decoding=\"async\" aria-describedby=\"caption-attachment-6371\" class=\"wp-image-6371 size-medium\" src=\"https:\/\/xn--hftessamlarna-bfb.se\/wp-content\/uploads\/H-0480A2-omslag-1997-300x208.jpg\" alt=\"\" width=\"300\" height=\"208\" srcset=\"https:\/\/xn--hftessamlarna-bfb.se\/wp-content\/uploads\/H-0480A2-omslag-1997-300x208.jpg 300w, https:\/\/xn--hftessamlarna-bfb.se\/wp-content\/uploads\/H-0480A2-omslag-1997-1024x711.jpg 1024w, https:\/\/xn--hftessamlarna-bfb.se\/wp-content\/uploads\/H-0480A2-omslag-1997-150x104.jpg 150w, https:\/\/xn--hftessamlarna-bfb.se\/wp-content\/uploads\/H-0480A2-omslag-1997-768x533.jpg 768w, https:\/\/xn--hftessamlarna-bfb.se\/wp-content\/uploads\/H-0480A2-omslag-1997-432x300.jpg 432w, https:\/\/xn--hftessamlarna-bfb.se\/wp-content\/uploads\/H-0480A2-omslag-1997.jpg 1049w\" sizes=\"auto, (max-width: 300px) 100vw, 300px\" \/><\/a><p id=\"caption-attachment-6371\" class=\"wp-caption-text\">Omslagstrycket p\u00e5 A2 \u00e4r antingen brunlila eller n\u00e4stan svart. Den svarta \u00e4r dessutom klart gr\u00e5vit i UV mot normalt helvit.<\/p><\/div>\n<h2>Artiklar<\/h2>\n<p><a href=\"http:\/\/xn--hftessamlarna-bfb.se\/wp-content\/uploads\/H480-Gunnar-Struck.pdf\">H480 Gunnar Struck<\/a><\/p>\n","protected":false},"excerpt":{"rendered":"<p>Utgivningsdag 1997-02-28 F 2007 &#8211; 2008 6 \u00d7 inrikes brev, tv\u00e5 motiv Tryckta i 3 f\u00e4rger st\u00e5ltryck i s\u00e5v\u00e4l 2:a som 3:e Goebelpressen Inh\u00e4ftningen har gjorts i tre h\u00e4ftesmaskiner vilket ger upphov till tv\u00e5 h\u00e4ftestyper och tre varianter Upplaga ok\u00e4nd &hellip; <a href=\"https:\/\/xn--hftessamlarna-bfb.se\/?page_id=2350\">Forts\u00e4tt l\u00e4sa <span class=\"meta-nav\">&rarr;<\/span><\/a><\/p>\n","protected":false},"author":1,"featured_media":0,"parent":2261,"menu_order":480,"comment_status":"open","ping_status":"open","template":"","meta":{"footnotes":""},"class_list":["post-2350","page","type-page","status-publish","hentry"],"_links":{"self":[{"href":"https:\/\/xn--hftessamlarna-bfb.se\/index.php?rest_route=\/wp\/v2\/pages\/2350","targetHints":{"allow":["GET"]}}],"collection":[{"href":"https:\/\/xn--hftessamlarna-bfb.se\/index.php?rest_route=\/wp\/v2\/pages"}],"about":[{"href":"https:\/\/xn--hftessamlarna-bfb.se\/index.php?rest_route=\/wp\/v2\/types\/page"}],"author":[{"embeddable":true,"href":"https:\/\/xn--hftessamlarna-bfb.se\/index.php?rest_route=\/wp\/v2\/users\/1"}],"replies":[{"embeddable":true,"href":"https:\/\/xn--hftessamlarna-bfb.se\/index.php?rest_route=%2Fwp%2Fv2%2Fcomments&post=2350"}],"version-history":[{"count":0,"href":"https:\/\/xn--hftessamlarna-bfb.se\/index.php?rest_route=\/wp\/v2\/pages\/2350\/revisions"}],"up":[{"embeddable":true,"href":"https:\/\/xn--hftessamlarna-bfb.se\/index.php?rest_route=\/wp\/v2\/pages\/2261"}],"wp:attachment":[{"href":"https:\/\/xn--hftessamlarna-bfb.se\/index.php?rest_route=%2Fwp%2Fv2%2Fmedia&parent=2350"}],"curies":[{"name":"wp","href":"https:\/\/api.w.org\/{rel}","templated":true}]}}