{"id":2349,"date":"2011-12-19T12:39:58","date_gmt":"2011-12-19T10:39:58","guid":{"rendered":"http:\/\/xn--hftessamlarna-bfb.se\/?page_id=2349"},"modified":"2014-01-22T15:47:45","modified_gmt":"2014-01-22T14:47:45","slug":"h479-svenska-hus-3-kyrkor","status":"publish","type":"page","link":"https:\/\/xn--hftessamlarna-bfb.se\/?page_id=2349","title":{"rendered":"H479 Svenska Hus 3 &#8211; Kyrkor"},"content":{"rendered":"<p><a href=\"http:\/\/xn--hftessamlarna-bfb.se\/?attachment_id=2868\" rel=\"attachment wp-att-2868\"><img loading=\"lazy\" decoding=\"async\" class=\"aligncenter size-full wp-image-2868\" title=\"H479\" alt=\"\" src=\"http:\/\/xn--hftessamlarna-bfb.se\/wp-content\/uploads\/H479.jpg\" width=\"960\" height=\"647\" srcset=\"https:\/\/xn--hftessamlarna-bfb.se\/wp-content\/uploads\/H479.jpg 960w, https:\/\/xn--hftessamlarna-bfb.se\/wp-content\/uploads\/H479-150x101.jpg 150w, https:\/\/xn--hftessamlarna-bfb.se\/wp-content\/uploads\/H479-300x202.jpg 300w, https:\/\/xn--hftessamlarna-bfb.se\/wp-content\/uploads\/H479-445x300.jpg 445w\" sizes=\"auto, (max-width: 960px) 100vw, 960px\" \/><\/a>Utgivningsdag 1997-01-02<br \/>\nF 1999 &#8211; 2004<br \/>\n6 x 3,85, sex motiv<br \/>\nTrycka i kombination 1 f\u00e4rg st\u00e5ltryck och 4 f\u00e4rger offset i 3:e Goebelpressen<br \/>\nInh\u00e4ftningen har gjorts i den 5:e h\u00e4ftesmaskinen<br \/>\n22 punkters streckperforering<br \/>\nUpplaga 1,40 miljoner h\u00e4ften<\/p>\n<h2>Typer<\/h2>\n<p><strong>:0<\/strong> utan mitth\u00e5l i IR<br \/>\n<strong>:1<\/strong> med mitth\u00e5l i IR. H\u00e5let \u00e4r halvt.<\/p>\n<h2>Markeringar<\/h2>\n<p><strong>:0<\/strong><br \/>\nRT 7,2 x 1,4 mm svart (smalt)<br \/>\nRT 7,2 x 1,8 mm svart (brett)<br \/>\ncyls 1<br \/>\ncyls 2<\/p>\n<p><strong>:1<\/strong><br \/>\nRT 7,2 x 1,4 mm svart (smalt)<br \/>\nRT 7,2 x 1,8 mm svart (brett)<br \/>\ncyls 1<br \/>\ncyls 2<\/p>\n","protected":false},"excerpt":{"rendered":"<p>Utgivningsdag 1997-01-02 F 1999 &#8211; 2004 6 x 3,85, sex motiv Trycka i kombination 1 f\u00e4rg st\u00e5ltryck och 4 f\u00e4rger offset i 3:e Goebelpressen Inh\u00e4ftningen har gjorts i den 5:e h\u00e4ftesmaskinen 22 punkters streckperforering Upplaga 1,40 miljoner h\u00e4ften Typer :0 &hellip; <a href=\"https:\/\/xn--hftessamlarna-bfb.se\/?page_id=2349\">Forts\u00e4tt l\u00e4sa <span class=\"meta-nav\">&rarr;<\/span><\/a><\/p>\n","protected":false},"author":1,"featured_media":0,"parent":2261,"menu_order":479,"comment_status":"open","ping_status":"open","template":"","meta":{"footnotes":""},"class_list":["post-2349","page","type-page","status-publish","hentry"],"_links":{"self":[{"href":"https:\/\/xn--hftessamlarna-bfb.se\/index.php?rest_route=\/wp\/v2\/pages\/2349","targetHints":{"allow":["GET"]}}],"collection":[{"href":"https:\/\/xn--hftessamlarna-bfb.se\/index.php?rest_route=\/wp\/v2\/pages"}],"about":[{"href":"https:\/\/xn--hftessamlarna-bfb.se\/index.php?rest_route=\/wp\/v2\/types\/page"}],"author":[{"embeddable":true,"href":"https:\/\/xn--hftessamlarna-bfb.se\/index.php?rest_route=\/wp\/v2\/users\/1"}],"replies":[{"embeddable":true,"href":"https:\/\/xn--hftessamlarna-bfb.se\/index.php?rest_route=%2Fwp%2Fv2%2Fcomments&post=2349"}],"version-history":[{"count":0,"href":"https:\/\/xn--hftessamlarna-bfb.se\/index.php?rest_route=\/wp\/v2\/pages\/2349\/revisions"}],"up":[{"embeddable":true,"href":"https:\/\/xn--hftessamlarna-bfb.se\/index.php?rest_route=\/wp\/v2\/pages\/2261"}],"wp:attachment":[{"href":"https:\/\/xn--hftessamlarna-bfb.se\/index.php?rest_route=%2Fwp%2Fv2%2Fmedia&parent=2349"}],"curies":[{"name":"wp","href":"https:\/\/api.w.org\/{rel}","templated":true}]}}