{"id":2346,"date":"2011-12-19T12:39:58","date_gmt":"2011-12-19T10:39:58","guid":{"rendered":"http:\/\/xn--hftessamlarna-bfb.se\/?page_id=2346"},"modified":"2020-12-15T22:36:08","modified_gmt":"2020-12-15T21:36:08","slug":"h477-nobelpristagare-i-fysiologi-eller-medicin","status":"publish","type":"page","link":"https:\/\/xn--hftessamlarna-bfb.se\/?page_id=2346","title":{"rendered":"H477 Nobelpristagare &#8211; Fysiologi eller medicin"},"content":{"rendered":"<p><a href=\"http:\/\/xn--hftessamlarna-bfb.se\/?attachment_id=2870\" rel=\"attachment wp-att-2870\"><img loading=\"lazy\" decoding=\"async\" class=\"aligncenter size-full wp-image-2870\" title=\"H477\" src=\"http:\/\/xn--hftessamlarna-bfb.se\/wp-content\/uploads\/H477.jpg\" alt=\"\" width=\"960\" height=\"782\" srcset=\"https:\/\/xn--hftessamlarna-bfb.se\/wp-content\/uploads\/H477.jpg 960w, https:\/\/xn--hftessamlarna-bfb.se\/wp-content\/uploads\/H477-150x122.jpg 150w, https:\/\/xn--hftessamlarna-bfb.se\/wp-content\/uploads\/H477-300x244.jpg 300w, https:\/\/xn--hftessamlarna-bfb.se\/wp-content\/uploads\/H477-368x300.jpg 368w\" sizes=\"auto, (max-width: 960px) 100vw, 960px\" \/><\/a>Utgivningsdag 1996-11-08<br \/>\nF 1989 &#8211; 1992<br \/>\n10 x 5, fyra motiv<br \/>\nTrycks i 3 f\u00e4rger st\u00e5ltryck i 2:a Goebelpressen<br \/>\nInh\u00e4ftningen har gjorts i den 5:e h\u00e4ftesmaskinen<br \/>\n27 punkters streckperforering<br \/>\nUpplaga ok\u00e4nd<\/p>\n<h2>Typer<\/h2>\n<p><strong>A1<\/strong> Inga eller svaga avtryck av perforeringsn\u00e5lar p\u00e5 kantremsans baksida<br \/>\n<strong>A2<\/strong> Tydliga avtryck av perforeringsn\u00e5lar p\u00e5 kantremsans baksida. Omslagstryck m\u00f6rkare.<\/p>\n<h2>Markeringar<\/h2>\n<p><strong>A1<\/strong><br \/>\nRT 7,2 x 1,4 mm svart (smalt)<br \/>\nRT 7,2 x 1,8 mm svart (brett)<br \/>\ncyls 1<br \/>\ncyls 2<br \/>\nhelt kn G2b (3,3 mm)<br \/>\ndelat kn (4\/1 | 2\/3 | 1,5\/3,5 | 1\/4 | 0,5\/4,5)<\/p>\n<p><strong>A2<\/strong><br \/>\nRT 7,2 x 1,4 mm svart (smalt)<br \/>\nRT 7,2 x 1,8 mm svart (brett)<br \/>\ncyls 1<br \/>\ncyls 2<br \/>\nhelt kn G2b (3,3 mm)<br \/>\ndelat kn (1,5\/3,5 | 1\/4)<\/p>\n<h2>Artiklar<\/h2>\n<p><a href=\"http:\/\/xn--hftessamlarna-bfb.se\/wp-content\/uploads\/H477-Gunnar-Struck.pdf\">H477 Gunnar Struck<\/a><\/p>\n","protected":false},"excerpt":{"rendered":"<p>Utgivningsdag 1996-11-08 F 1989 &#8211; 1992 10 x 5, fyra motiv Trycks i 3 f\u00e4rger st\u00e5ltryck i 2:a Goebelpressen Inh\u00e4ftningen har gjorts i den 5:e h\u00e4ftesmaskinen 27 punkters streckperforering Upplaga ok\u00e4nd Typer A1 Inga eller svaga avtryck av perforeringsn\u00e5lar p\u00e5 &hellip; <a href=\"https:\/\/xn--hftessamlarna-bfb.se\/?page_id=2346\">Forts\u00e4tt l\u00e4sa <span class=\"meta-nav\">&rarr;<\/span><\/a><\/p>\n","protected":false},"author":1,"featured_media":0,"parent":2261,"menu_order":477,"comment_status":"open","ping_status":"open","template":"","meta":{"footnotes":""},"class_list":["post-2346","page","type-page","status-publish","hentry"],"_links":{"self":[{"href":"https:\/\/xn--hftessamlarna-bfb.se\/index.php?rest_route=\/wp\/v2\/pages\/2346","targetHints":{"allow":["GET"]}}],"collection":[{"href":"https:\/\/xn--hftessamlarna-bfb.se\/index.php?rest_route=\/wp\/v2\/pages"}],"about":[{"href":"https:\/\/xn--hftessamlarna-bfb.se\/index.php?rest_route=\/wp\/v2\/types\/page"}],"author":[{"embeddable":true,"href":"https:\/\/xn--hftessamlarna-bfb.se\/index.php?rest_route=\/wp\/v2\/users\/1"}],"replies":[{"embeddable":true,"href":"https:\/\/xn--hftessamlarna-bfb.se\/index.php?rest_route=%2Fwp%2Fv2%2Fcomments&post=2346"}],"version-history":[{"count":0,"href":"https:\/\/xn--hftessamlarna-bfb.se\/index.php?rest_route=\/wp\/v2\/pages\/2346\/revisions"}],"up":[{"embeddable":true,"href":"https:\/\/xn--hftessamlarna-bfb.se\/index.php?rest_route=\/wp\/v2\/pages\/2261"}],"wp:attachment":[{"href":"https:\/\/xn--hftessamlarna-bfb.se\/index.php?rest_route=%2Fwp%2Fv2%2Fmedia&parent=2346"}],"curies":[{"name":"wp","href":"https:\/\/api.w.org\/{rel}","templated":true}]}}