{"id":2345,"date":"2011-12-19T12:39:58","date_gmt":"2011-12-19T10:39:58","guid":{"rendered":"http:\/\/xn--hftessamlarna-bfb.se\/?page_id=2345"},"modified":"2023-03-25T15:14:03","modified_gmt":"2023-03-25T14:14:03","slug":"h476-jul-1996-medeltida-handskrifter","status":"publish","type":"page","link":"https:\/\/xn--hftessamlarna-bfb.se\/?page_id=2345","title":{"rendered":"H476 Jul 1996 &#8211; Medeltida handskrifter"},"content":{"rendered":"<p><a href=\"http:\/\/xn--hftessamlarna-bfb.se\/?attachment_id=2871\" rel=\"attachment wp-att-2871\"><img loading=\"lazy\" decoding=\"async\" class=\"aligncenter size-full wp-image-2871\" title=\"H476\" src=\"http:\/\/xn--hftessamlarna-bfb.se\/wp-content\/uploads\/H476.jpg\" alt=\"\" width=\"960\" height=\"652\" srcset=\"https:\/\/xn--hftessamlarna-bfb.se\/wp-content\/uploads\/H476.jpg 960w, https:\/\/xn--hftessamlarna-bfb.se\/wp-content\/uploads\/H476-150x101.jpg 150w, https:\/\/xn--hftessamlarna-bfb.se\/wp-content\/uploads\/H476-300x203.jpg 300w, https:\/\/xn--hftessamlarna-bfb.se\/wp-content\/uploads\/H476-441x300.jpg 441w\" sizes=\"auto, (max-width: 960px) 100vw, 960px\" \/><\/a>Utgivningsdag 1996-11-08<br \/>\nF 1987 &#8211; 1988<br \/>\n10 x 3:50, tv\u00e5 motiv<br \/>\nTryckta i kombination 1 f\u00e4rg st\u00e5ltryck och 4 f\u00e4rger offset i 3:e Goebelpressen<br \/>\nInh\u00e4ftningen har gjorts i b\u00e5da h\u00e4ftesmaskinerna vilket har gett upphov till tv\u00e5 h\u00e4ftestyper<br \/>\nUpplaga ok\u00e4nd<\/p>\n<h2>Typer<\/h2>\n<p><strong><strong>A<\/strong><\/strong> omslag i boktryck, 87 x 56 mm, 27 punkters streckperforerad rygg<strong><br \/>\nA1<\/strong> y=142<br \/>\n<strong>A2<\/strong> y=144<\/p>\n<p><strong>B<\/strong> omslag i offset, 87 x 54 mm, 22 punkters streckperforerad rygg<\/p>\n<h2>Markeringar<\/h2>\n<p><strong>A1<\/strong><br \/>\ndelat regm<br \/>\nRT 8 x 2 mm svart<br \/>\ncyls 1<br \/>\ncyls 2<br \/>\nhelt kn G3 (3 mm)<\/p>\n<p><strong>A2<\/strong><br \/>\ndelat regm<br \/>\nRT 8 x 2 mm svart<br \/>\ncyls 1<br \/>\ncyls 2<br \/>\nhelt kn G3 (3 mm)<\/p>\n<p><strong>B<\/strong><br \/>\ndelat regm<br \/>\nRT 7,2 x 1,4 mm svart (smalt)<br \/>\nRT 7,2 x 1,8 mm svart (brett)<br \/>\ncyls 1<br \/>\ncyls 2<br \/>\nhelt kn G3 (3 mm)<\/p>\n<h2>Varianter<\/h2>\n<div id=\"attachment_5686\" style=\"width: 310px\" class=\"wp-caption alignnone\"><a href=\"http:\/\/xn--hftessamlarna-bfb.se\/wp-content\/uploads\/H476Bhackiemblemet.jpg\"><img loading=\"lazy\" decoding=\"async\" aria-describedby=\"caption-attachment-5686\" class=\"wp-image-5686 size-medium\" src=\"https:\/\/xn--hftessamlarna-bfb.se\/wp-content\/uploads\/H476Bhackiemblemet-300x259.jpg\" alt=\"\" width=\"300\" height=\"259\" srcset=\"https:\/\/xn--hftessamlarna-bfb.se\/wp-content\/uploads\/H476Bhackiemblemet-300x259.jpg 300w, https:\/\/xn--hftessamlarna-bfb.se\/wp-content\/uploads\/H476Bhackiemblemet-150x129.jpg 150w, https:\/\/xn--hftessamlarna-bfb.se\/wp-content\/uploads\/H476Bhackiemblemet-348x300.jpg 348w, https:\/\/xn--hftessamlarna-bfb.se\/wp-content\/uploads\/H476Bhackiemblemet.jpg 618w\" sizes=\"auto, (max-width: 300px) 100vw, 300px\" \/><\/a><p id=\"caption-attachment-5686\" class=\"wp-caption-text\">Klich\u00e9skada &#8221;hack i emblemet&#8221;<\/p><\/div>\n<div id=\"attachment_6987\" style=\"width: 310px\" class=\"wp-caption alignnone\"><a href=\"https:\/\/xn--hftessamlarna-bfb.se\/wp-content\/uploads\/H-0476B-kliche-FS-1996.jpg\"><img loading=\"lazy\" decoding=\"async\" aria-describedby=\"caption-attachment-6987\" class=\"wp-image-6987 size-medium\" src=\"https:\/\/xn--hftessamlarna-bfb.se\/wp-content\/uploads\/H-0476B-kliche-FS-1996-300x176.jpg\" alt=\"\" width=\"300\" height=\"176\" srcset=\"https:\/\/xn--hftessamlarna-bfb.se\/wp-content\/uploads\/H-0476B-kliche-FS-1996-300x176.jpg 300w, https:\/\/xn--hftessamlarna-bfb.se\/wp-content\/uploads\/H-0476B-kliche-FS-1996-1024x601.jpg 1024w, https:\/\/xn--hftessamlarna-bfb.se\/wp-content\/uploads\/H-0476B-kliche-FS-1996-150x88.jpg 150w, https:\/\/xn--hftessamlarna-bfb.se\/wp-content\/uploads\/H-0476B-kliche-FS-1996-768x451.jpg 768w, https:\/\/xn--hftessamlarna-bfb.se\/wp-content\/uploads\/H-0476B-kliche-FS-1996-500x293.jpg 500w, https:\/\/xn--hftessamlarna-bfb.se\/wp-content\/uploads\/H-0476B-kliche-FS-1996.jpg 1183w\" sizes=\"auto, (max-width: 300px) 100vw, 300px\" \/><\/a><p id=\"caption-attachment-6987\" class=\"wp-caption-text\">Klich\u00e9skada &#8221;P\u014dsten&#8221;<\/p><\/div>\n<h2>L\u00e4s mer<\/h2>\n<p><a href=\"http:\/\/h\u00e4ftessamlarna.se\/wp-content\/uploads\/H-476-Gunnar-Struck-kompletterad-Erik-Hultman.pdf\" target=\"_blank\" rel=\"noopener noreferrer\">Artikel av Gunnar Struck kompletterad av Erik Hultman 2013-01-08<\/a><\/p>\n","protected":false},"excerpt":{"rendered":"<p>Utgivningsdag 1996-11-08 F 1987 &#8211; 1988 10 x 3:50, tv\u00e5 motiv Tryckta i kombination 1 f\u00e4rg st\u00e5ltryck och 4 f\u00e4rger offset i 3:e Goebelpressen Inh\u00e4ftningen har gjorts i b\u00e5da h\u00e4ftesmaskinerna vilket har gett upphov till tv\u00e5 h\u00e4ftestyper Upplaga ok\u00e4nd Typer &hellip; <a href=\"https:\/\/xn--hftessamlarna-bfb.se\/?page_id=2345\">Forts\u00e4tt l\u00e4sa <span class=\"meta-nav\">&rarr;<\/span><\/a><\/p>\n","protected":false},"author":1,"featured_media":0,"parent":2261,"menu_order":476,"comment_status":"open","ping_status":"open","template":"","meta":{"footnotes":""},"class_list":["post-2345","page","type-page","status-publish","hentry"],"_links":{"self":[{"href":"https:\/\/xn--hftessamlarna-bfb.se\/index.php?rest_route=\/wp\/v2\/pages\/2345","targetHints":{"allow":["GET"]}}],"collection":[{"href":"https:\/\/xn--hftessamlarna-bfb.se\/index.php?rest_route=\/wp\/v2\/pages"}],"about":[{"href":"https:\/\/xn--hftessamlarna-bfb.se\/index.php?rest_route=\/wp\/v2\/types\/page"}],"author":[{"embeddable":true,"href":"https:\/\/xn--hftessamlarna-bfb.se\/index.php?rest_route=\/wp\/v2\/users\/1"}],"replies":[{"embeddable":true,"href":"https:\/\/xn--hftessamlarna-bfb.se\/index.php?rest_route=%2Fwp%2Fv2%2Fcomments&post=2345"}],"version-history":[{"count":0,"href":"https:\/\/xn--hftessamlarna-bfb.se\/index.php?rest_route=\/wp\/v2\/pages\/2345\/revisions"}],"up":[{"embeddable":true,"href":"https:\/\/xn--hftessamlarna-bfb.se\/index.php?rest_route=\/wp\/v2\/pages\/2261"}],"wp:attachment":[{"href":"https:\/\/xn--hftessamlarna-bfb.se\/index.php?rest_route=%2Fwp%2Fv2%2Fmedia&parent=2345"}],"curies":[{"name":"wp","href":"https:\/\/api.w.org\/{rel}","templated":true}]}}