{"id":2344,"date":"2011-12-19T12:39:58","date_gmt":"2011-12-19T10:39:58","guid":{"rendered":"http:\/\/xn--hftessamlarna-bfb.se\/?page_id=2344"},"modified":"2015-11-10T19:38:17","modified_gmt":"2015-11-10T18:38:17","slug":"h475-fyra-decennier","status":"publish","type":"page","link":"https:\/\/xn--hftessamlarna-bfb.se\/?page_id=2344","title":{"rendered":"H475 Fyra decennier"},"content":{"rendered":"<p><a href=\"http:\/\/xn--hftessamlarna-bfb.se\/?attachment_id=2872\" rel=\"attachment wp-att-2872\"><img loading=\"lazy\" decoding=\"async\" class=\"aligncenter size-full wp-image-2872\" title=\"H475\" src=\"http:\/\/xn--hftessamlarna-bfb.se\/wp-content\/uploads\/H475.jpg\" alt=\"\" width=\"2144\" height=\"1326\" srcset=\"https:\/\/xn--hftessamlarna-bfb.se\/wp-content\/uploads\/H475.jpg 2144w, https:\/\/xn--hftessamlarna-bfb.se\/wp-content\/uploads\/H475-150x92.jpg 150w, https:\/\/xn--hftessamlarna-bfb.se\/wp-content\/uploads\/H475-300x185.jpg 300w, https:\/\/xn--hftessamlarna-bfb.se\/wp-content\/uploads\/H475-1024x633.jpg 1024w, https:\/\/xn--hftessamlarna-bfb.se\/wp-content\/uploads\/H475-485x300.jpg 485w\" sizes=\"auto, (max-width: 2144px) 100vw, 2144px\" \/><\/a>Utgivningsdag 1996-10-05<br \/>\nF 1981 &#8211; 1984<br \/>\n10 x 3,85, fyra motiv<br \/>\nTryckta i kombination 1 f\u00e4rg st\u00e5ltryck och 4 f\u00e4rger offset i 3:e Goebelpressen<br \/>\nInh\u00e4ftningen har gjorts i den 5:e h\u00e4ftesmaskinen<br \/>\n22 punkters streckperforering<br \/>\nUpplaga 620,000 h\u00e4ften<\/p>\n<h2>Markeringar<\/h2>\n<p>RT 7,2 x 1,4 mm svart (smalt)<br \/>\nRT 7,2 x 1,8 mm svart (brett)<br \/>\ncyls 1<br \/>\ncyls 2<br \/>\nhelt kn G3<\/p>\n<div id=\"attachment_5180\" style=\"width: 310px\" class=\"wp-caption alignleft\"><a href=\"http:\/\/xn--hftessamlarna-bfb.se\/wp-content\/uploads\/H475c1c.jpg\"><img loading=\"lazy\" decoding=\"async\" aria-describedby=\"caption-attachment-5180\" class=\"wp-image-5180 size-medium\" src=\"http:\/\/xn--hftessamlarna-bfb.se\/wp-content\/uploads\/H475c1c-300x126.jpg\" alt=\"H475c1c\" width=\"300\" height=\"126\" srcset=\"https:\/\/xn--hftessamlarna-bfb.se\/wp-content\/uploads\/H475c1c-300x126.jpg 300w, https:\/\/xn--hftessamlarna-bfb.se\/wp-content\/uploads\/H475c1c-150x63.jpg 150w, https:\/\/xn--hftessamlarna-bfb.se\/wp-content\/uploads\/H475c1c-500x209.jpg 500w, https:\/\/xn--hftessamlarna-bfb.se\/wp-content\/uploads\/H475c1c.jpg 764w\" sizes=\"auto, (max-width: 300px) 100vw, 300px\" \/><\/a><p id=\"caption-attachment-5180\" class=\"wp-caption-text\">Cyls 1 \u00e4r smalare \u00e4n vanligt<\/p><\/div>\n<h2>Artiklar<\/h2>\n<p><a href=\"http:\/\/xn--hftessamlarna-bfb.se\/wp-content\/uploads\/H475-Gunnar-Struck.pdf\">H475 Gunnar Struck<\/a><\/p>\n","protected":false},"excerpt":{"rendered":"<p>Utgivningsdag 1996-10-05 F 1981 &#8211; 1984 10 x 3,85, fyra motiv Tryckta i kombination 1 f\u00e4rg st\u00e5ltryck och 4 f\u00e4rger offset i 3:e Goebelpressen Inh\u00e4ftningen har gjorts i den 5:e h\u00e4ftesmaskinen 22 punkters streckperforering Upplaga 620,000 h\u00e4ften Markeringar RT 7,2 &hellip; <a href=\"https:\/\/xn--hftessamlarna-bfb.se\/?page_id=2344\">Forts\u00e4tt l\u00e4sa <span class=\"meta-nav\">&rarr;<\/span><\/a><\/p>\n","protected":false},"author":1,"featured_media":0,"parent":2261,"menu_order":475,"comment_status":"open","ping_status":"open","template":"","meta":{"footnotes":""},"class_list":["post-2344","page","type-page","status-publish","hentry"],"_links":{"self":[{"href":"https:\/\/xn--hftessamlarna-bfb.se\/index.php?rest_route=\/wp\/v2\/pages\/2344","targetHints":{"allow":["GET"]}}],"collection":[{"href":"https:\/\/xn--hftessamlarna-bfb.se\/index.php?rest_route=\/wp\/v2\/pages"}],"about":[{"href":"https:\/\/xn--hftessamlarna-bfb.se\/index.php?rest_route=\/wp\/v2\/types\/page"}],"author":[{"embeddable":true,"href":"https:\/\/xn--hftessamlarna-bfb.se\/index.php?rest_route=\/wp\/v2\/users\/1"}],"replies":[{"embeddable":true,"href":"https:\/\/xn--hftessamlarna-bfb.se\/index.php?rest_route=%2Fwp%2Fv2%2Fcomments&post=2344"}],"version-history":[{"count":0,"href":"https:\/\/xn--hftessamlarna-bfb.se\/index.php?rest_route=\/wp\/v2\/pages\/2344\/revisions"}],"up":[{"embeddable":true,"href":"https:\/\/xn--hftessamlarna-bfb.se\/index.php?rest_route=\/wp\/v2\/pages\/2261"}],"wp:attachment":[{"href":"https:\/\/xn--hftessamlarna-bfb.se\/index.php?rest_route=%2Fwp%2Fv2%2Fmedia&parent=2344"}],"curies":[{"name":"wp","href":"https:\/\/api.w.org\/{rel}","templated":true}]}}