{"id":2340,"date":"2011-12-19T12:39:58","date_gmt":"2011-12-19T10:39:58","guid":{"rendered":"http:\/\/xn--hftessamlarna-bfb.se\/?page_id=2340"},"modified":"2015-01-24T16:57:59","modified_gmt":"2015-01-24T15:57:59","slug":"h471-sommar-i-konsten","status":"publish","type":"page","link":"https:\/\/xn--hftessamlarna-bfb.se\/?page_id=2340","title":{"rendered":"H471 Sommar i konsten"},"content":{"rendered":"<p><a href=\"http:\/\/xn--hftessamlarna-bfb.se\/?attachment_id=2876\" rel=\"attachment wp-att-2876\"><img loading=\"lazy\" decoding=\"async\" class=\"aligncenter size-full wp-image-2876\" title=\"H471\" src=\"http:\/\/xn--hftessamlarna-bfb.se\/wp-content\/uploads\/H471.jpg\" alt=\"\" width=\"960\" height=\"471\" srcset=\"https:\/\/xn--hftessamlarna-bfb.se\/wp-content\/uploads\/H471.jpg 960w, https:\/\/xn--hftessamlarna-bfb.se\/wp-content\/uploads\/H471-150x73.jpg 150w, https:\/\/xn--hftessamlarna-bfb.se\/wp-content\/uploads\/H471-300x147.jpg 300w, https:\/\/xn--hftessamlarna-bfb.se\/wp-content\/uploads\/H471-500x245.jpg 500w\" sizes=\"auto, (max-width: 960px) 100vw, 960px\" \/><\/a>Utgivningsdag 1996-05-24<br \/>\nF 1962 &#8211; 1966<br \/>\n10 x 3:85 kr, fem motiv<br \/>\nTryckta i 4 f\u00e4rger offset i 3:e Goebelpressen<br \/>\nInh\u00e4ftningen har gjorts i b\u00e5da h\u00e4ftesmaskinerna. Detta har gett upphov till tv\u00e5 h\u00e4ftestyper<br \/>\nUpplaga ok\u00e4nd<\/p>\n<h2>Typer<\/h2>\n<p><strong>A<\/strong> boktryck, omslagstryckets h\u00f6jd 39 mm, sid II med bl\u00e5tt styrm\u00e4rke 6,8 x 1,5 mm, 19-punkters streckperforerad rygg<br \/>\n<strong>B<\/strong> offset, omslagstryckets h\u00f6jd 37 mm, sid II med bl\u00e5tt styrm\u00e4rke 6,5 x 2 mm, 16-punkters streckperforerad rygg<\/p>\n<div id=\"attachment_4927\" style=\"width: 594px\" class=\"wp-caption alignleft\"><a href=\"http:\/\/xn--hftessamlarna-bfb.se\/wp-content\/uploads\/H471Bstyrmarke.jpg\"><img loading=\"lazy\" decoding=\"async\" aria-describedby=\"caption-attachment-4927\" class=\"wp-image-4927 size-large\" src=\"http:\/\/xn--hftessamlarna-bfb.se\/wp-content\/uploads\/H471Bstyrmarke-1024x251.jpg\" alt=\"H471Bstyrmarke\" width=\"584\" height=\"143\" srcset=\"https:\/\/xn--hftessamlarna-bfb.se\/wp-content\/uploads\/H471Bstyrmarke-1024x251.jpg 1024w, https:\/\/xn--hftessamlarna-bfb.se\/wp-content\/uploads\/H471Bstyrmarke-150x37.jpg 150w, https:\/\/xn--hftessamlarna-bfb.se\/wp-content\/uploads\/H471Bstyrmarke-300x74.jpg 300w, https:\/\/xn--hftessamlarna-bfb.se\/wp-content\/uploads\/H471Bstyrmarke-500x123.jpg 500w\" sizes=\"auto, (max-width: 584px) 100vw, 584px\" \/><\/a><p id=\"caption-attachment-4927\" class=\"wp-caption-text\">bl\u00e5tt styrm\u00e4rke sid II<\/p><\/div>\n<h2>Markeringar<\/h2>\n<p><strong>A<\/strong><br \/>\nRT 8 x 2 mm svart<br \/>\ncyls 1<br \/>\ncyls 2<br \/>\nhelt kn G3 (3 mm)<br \/>\ndel av f\u00e4rgsstrip (f\u00e4rgade fyrkanter)\u00a0i KR<\/p>\n<p><strong>B<\/strong><br \/>\nRT 7,2 x 1,4 mm svart (smalt)<br \/>\nRT 7,2 x 1,8 mm svart (brett)<br \/>\ncyls 1<br \/>\ncyls 2<br \/>\nhelt kn G3 (3 mm)<\/p>\n<h2>Artiklar<\/h2>\n<p><a href=\"http:\/\/xn--hftessamlarna-bfb.se\/wp-content\/uploads\/H471-Gunnar-Struck.pdf\">H471 Gunnar Struck<\/a><\/p>\n","protected":false},"excerpt":{"rendered":"<p>Utgivningsdag 1996-05-24 F 1962 &#8211; 1966 10 x 3:85 kr, fem motiv Tryckta i 4 f\u00e4rger offset i 3:e Goebelpressen Inh\u00e4ftningen har gjorts i b\u00e5da h\u00e4ftesmaskinerna. Detta har gett upphov till tv\u00e5 h\u00e4ftestyper Upplaga ok\u00e4nd Typer A boktryck, omslagstryckets h\u00f6jd &hellip; <a href=\"https:\/\/xn--hftessamlarna-bfb.se\/?page_id=2340\">Forts\u00e4tt l\u00e4sa <span class=\"meta-nav\">&rarr;<\/span><\/a><\/p>\n","protected":false},"author":1,"featured_media":0,"parent":2261,"menu_order":471,"comment_status":"open","ping_status":"open","template":"","meta":{"footnotes":""},"class_list":["post-2340","page","type-page","status-publish","hentry"],"_links":{"self":[{"href":"https:\/\/xn--hftessamlarna-bfb.se\/index.php?rest_route=\/wp\/v2\/pages\/2340","targetHints":{"allow":["GET"]}}],"collection":[{"href":"https:\/\/xn--hftessamlarna-bfb.se\/index.php?rest_route=\/wp\/v2\/pages"}],"about":[{"href":"https:\/\/xn--hftessamlarna-bfb.se\/index.php?rest_route=\/wp\/v2\/types\/page"}],"author":[{"embeddable":true,"href":"https:\/\/xn--hftessamlarna-bfb.se\/index.php?rest_route=\/wp\/v2\/users\/1"}],"replies":[{"embeddable":true,"href":"https:\/\/xn--hftessamlarna-bfb.se\/index.php?rest_route=%2Fwp%2Fv2%2Fcomments&post=2340"}],"version-history":[{"count":0,"href":"https:\/\/xn--hftessamlarna-bfb.se\/index.php?rest_route=\/wp\/v2\/pages\/2340\/revisions"}],"up":[{"embeddable":true,"href":"https:\/\/xn--hftessamlarna-bfb.se\/index.php?rest_route=\/wp\/v2\/pages\/2261"}],"wp:attachment":[{"href":"https:\/\/xn--hftessamlarna-bfb.se\/index.php?rest_route=%2Fwp%2Fv2%2Fmedia&parent=2340"}],"curies":[{"name":"wp","href":"https:\/\/api.w.org\/{rel}","templated":true}]}}