{"id":2336,"date":"2011-12-19T12:39:58","date_gmt":"2011-12-19T10:39:58","guid":{"rendered":"http:\/\/xn--hftessamlarna-bfb.se\/?page_id=2336"},"modified":"2022-04-18T11:31:49","modified_gmt":"2022-04-18T10:31:49","slug":"h468-svenska-hus-2-till-nytta-och-noje","status":"publish","type":"page","link":"https:\/\/xn--hftessamlarna-bfb.se\/?page_id=2336","title":{"rendered":"H468 Svenska Hus 2 &#8211; till nytta och n\u00f6je"},"content":{"rendered":"<p><a href=\"https:\/\/xn--hftessamlarna-bfb.se\/wp-content\/uploads\/H-0468-header-1996.jpg\" rel=\"attachment wp-att-2881\"><img loading=\"lazy\" decoding=\"async\" class=\"alignnone wp-image-6416 size-full\" title=\"H468\" src=\"https:\/\/xn--hftessamlarna-bfb.se\/wp-content\/uploads\/H-0468-header-1996.jpg\" alt=\"\" width=\"960\" height=\"990\" srcset=\"https:\/\/xn--hftessamlarna-bfb.se\/wp-content\/uploads\/H-0468-header-1996.jpg 960w, https:\/\/xn--hftessamlarna-bfb.se\/wp-content\/uploads\/H-0468-header-1996-291x300.jpg 291w, https:\/\/xn--hftessamlarna-bfb.se\/wp-content\/uploads\/H-0468-header-1996-145x150.jpg 145w, https:\/\/xn--hftessamlarna-bfb.se\/wp-content\/uploads\/H-0468-header-1996-768x792.jpg 768w\" sizes=\"auto, (max-width: 960px) 100vw, 960px\" \/><\/a>Utgivningsdag 1996-04-19<br \/>\nF 1950 &#8211; 1955<br \/>\n6 \u00d7 3.85, sex motiv<br \/>\nTrycka i kombination 1 f\u00e4rg st\u00e5ltryck och 4 f\u00e4rger offset i 3:e Goebelpressen<br \/>\nInh\u00e4ftningen har gjorts i den 5:e h\u00e4ftesmaskinen<br \/>\n22 punkters streckperforering<br \/>\nUpplaga ok\u00e4nd<\/p>\n<h2>Typer<\/h2>\n<p><strong>:0<\/strong> Utan mitth\u00e5l i inh\u00e4ftningsremsan.<br \/>\n<strong>:1<\/strong> Med mitth\u00e5l i inh\u00e4ftningsremsan. H\u00e5let \u00e4r halvt. Mycket ovanligt!<\/p>\n<p><a href=\"https:\/\/xn--hftessamlarna-bfb.se\/wp-content\/uploads\/H-0468-info1-1996.jpg\" rel=\"attachment wp-att-4001\"><img loading=\"lazy\" decoding=\"async\" class=\"  alignnone wp-image-6417 size-medium\" src=\"https:\/\/xn--hftessamlarna-bfb.se\/wp-content\/uploads\/H-0468-info1-1996-300x174.jpg\" alt=\"\" width=\"300\" height=\"174\" srcset=\"https:\/\/xn--hftessamlarna-bfb.se\/wp-content\/uploads\/H-0468-info1-1996-300x174.jpg 300w, https:\/\/xn--hftessamlarna-bfb.se\/wp-content\/uploads\/H-0468-info1-1996-1024x593.jpg 1024w, https:\/\/xn--hftessamlarna-bfb.se\/wp-content\/uploads\/H-0468-info1-1996-150x87.jpg 150w, https:\/\/xn--hftessamlarna-bfb.se\/wp-content\/uploads\/H-0468-info1-1996-768x445.jpg 768w, https:\/\/xn--hftessamlarna-bfb.se\/wp-content\/uploads\/H-0468-info1-1996-500x289.jpg 500w, https:\/\/xn--hftessamlarna-bfb.se\/wp-content\/uploads\/H-0468-info1-1996.jpg 1515w\" sizes=\"auto, (max-width: 300px) 100vw, 300px\" \/><\/a><\/p>\n<h2>Markeringar<\/h2>\n<p><strong>:0R<\/strong><br \/>\ndelat regm, b=4.7<br \/>\nRT 7,2 \u00d7 1,4 mm svart (smalt)<br \/>\nRT 7,2 \u00d7 1,8 mm svart (brett), delat RT f\u00f6rekommer<br \/>\ncyls 1<br \/>\ncyls 2<\/p>\n<p><strong>:0N<\/strong><br \/>\ndelat regm, b=5.0<br \/>\nRT 7,2 \u00d7 1,4 mm svart (smalt)<br \/>\nRT 7,2 \u00d7 1,8 mm svart (brett)<br \/>\ncyls 1<br \/>\ncyls 2<\/p>\n<p><strong>:1<br \/>\n<\/strong>delat regm<strong><br \/>\n<\/strong>RT 7,2 \u00d7 1,4 mm svart (smalt)<br \/>\nRT 7,2 \u00d7 1,8 mm svart (brett)<br \/>\ncyls 1<br \/>\ncyls 2<strong><br \/>\n<\/strong><\/p>\n<h2>Bilder p\u00e5 varianter<\/h2>\n<div id=\"attachment_6418\" style=\"width: 310px\" class=\"wp-caption alignnone\"><a href=\"https:\/\/xn--hftessamlarna-bfb.se\/wp-content\/uploads\/H-0468-nna-1996.jpg\" rel=\"attachment wp-att-4322\"><img loading=\"lazy\" decoding=\"async\" aria-describedby=\"caption-attachment-6418\" class=\"  wp-image-6418 size-medium\" src=\"https:\/\/xn--hftessamlarna-bfb.se\/wp-content\/uploads\/H-0468-nna-1996-300x220.jpg\" alt=\"\" width=\"300\" height=\"220\" srcset=\"https:\/\/xn--hftessamlarna-bfb.se\/wp-content\/uploads\/H-0468-nna-1996-300x220.jpg 300w, https:\/\/xn--hftessamlarna-bfb.se\/wp-content\/uploads\/H-0468-nna-1996-1024x751.jpg 1024w, https:\/\/xn--hftessamlarna-bfb.se\/wp-content\/uploads\/H-0468-nna-1996-150x110.jpg 150w, https:\/\/xn--hftessamlarna-bfb.se\/wp-content\/uploads\/H-0468-nna-1996-768x563.jpg 768w, https:\/\/xn--hftessamlarna-bfb.se\/wp-content\/uploads\/H-0468-nna-1996-409x300.jpg 409w, https:\/\/xn--hftessamlarna-bfb.se\/wp-content\/uploads\/H-0468-nna-1996.jpg 1524w\" sizes=\"auto, (max-width: 300px) 100vw, 300px\" \/><\/a><p id=\"caption-attachment-6418\" class=\"wp-caption-text\">klich\u00e9skada, saknar \u201dku\u201d i kunna (finns p\u00e5 b\u00e5de :0 och :1)<\/p><\/div>\n","protected":false},"excerpt":{"rendered":"<p>Utgivningsdag 1996-04-19 F 1950 &#8211; 1955 6 \u00d7 3.85, sex motiv Trycka i kombination 1 f\u00e4rg st\u00e5ltryck och 4 f\u00e4rger offset i 3:e Goebelpressen Inh\u00e4ftningen har gjorts i den 5:e h\u00e4ftesmaskinen 22 punkters streckperforering Upplaga ok\u00e4nd Typer :0 Utan mitth\u00e5l &hellip; <a href=\"https:\/\/xn--hftessamlarna-bfb.se\/?page_id=2336\">Forts\u00e4tt l\u00e4sa <span class=\"meta-nav\">&rarr;<\/span><\/a><\/p>\n","protected":false},"author":1,"featured_media":0,"parent":2261,"menu_order":468,"comment_status":"open","ping_status":"open","template":"","meta":{"footnotes":""},"class_list":["post-2336","page","type-page","status-publish","hentry"],"_links":{"self":[{"href":"https:\/\/xn--hftessamlarna-bfb.se\/index.php?rest_route=\/wp\/v2\/pages\/2336","targetHints":{"allow":["GET"]}}],"collection":[{"href":"https:\/\/xn--hftessamlarna-bfb.se\/index.php?rest_route=\/wp\/v2\/pages"}],"about":[{"href":"https:\/\/xn--hftessamlarna-bfb.se\/index.php?rest_route=\/wp\/v2\/types\/page"}],"author":[{"embeddable":true,"href":"https:\/\/xn--hftessamlarna-bfb.se\/index.php?rest_route=\/wp\/v2\/users\/1"}],"replies":[{"embeddable":true,"href":"https:\/\/xn--hftessamlarna-bfb.se\/index.php?rest_route=%2Fwp%2Fv2%2Fcomments&post=2336"}],"version-history":[{"count":0,"href":"https:\/\/xn--hftessamlarna-bfb.se\/index.php?rest_route=\/wp\/v2\/pages\/2336\/revisions"}],"up":[{"embeddable":true,"href":"https:\/\/xn--hftessamlarna-bfb.se\/index.php?rest_route=\/wp\/v2\/pages\/2261"}],"wp:attachment":[{"href":"https:\/\/xn--hftessamlarna-bfb.se\/index.php?rest_route=%2Fwp%2Fv2%2Fmedia&parent=2336"}],"curies":[{"name":"wp","href":"https:\/\/api.w.org\/{rel}","templated":true}]}}