{"id":2335,"date":"2011-12-19T12:39:58","date_gmt":"2011-12-19T10:39:58","guid":{"rendered":"http:\/\/xn--hftessamlarna-bfb.se\/?page_id=2335"},"modified":"2021-11-18T19:05:12","modified_gmt":"2021-11-18T18:05:12","slug":"h467-vinterbar","status":"publish","type":"page","link":"https:\/\/xn--hftessamlarna-bfb.se\/?page_id=2335","title":{"rendered":"H467 Vinterb\u00e4r"},"content":{"rendered":"<p><a href=\"http:\/\/xn--hftessamlarna-bfb.se\/?attachment_id=2882\" rel=\"attachment wp-att-2882\"><img loading=\"lazy\" decoding=\"async\" class=\"aligncenter size-full wp-image-2882\" title=\"H467\" src=\"http:\/\/xn--hftessamlarna-bfb.se\/wp-content\/uploads\/H467.jpg\" alt=\"\" width=\"960\" height=\"649\" srcset=\"https:\/\/xn--hftessamlarna-bfb.se\/wp-content\/uploads\/H467.jpg 960w, https:\/\/xn--hftessamlarna-bfb.se\/wp-content\/uploads\/H467-150x101.jpg 150w, https:\/\/xn--hftessamlarna-bfb.se\/wp-content\/uploads\/H467-300x202.jpg 300w, https:\/\/xn--hftessamlarna-bfb.se\/wp-content\/uploads\/H467-443x300.jpg 443w\" sizes=\"auto, (max-width: 960px) 100vw, 960px\" \/><\/a>Utgivningsdag 1996-01-02<br \/>\nF 1946 &#8211; 1947<br \/>\n10 x 3,50, tv\u00e5 motiv<br \/>\nTryckta i 4 f\u00e4rger offset i 3:e Goebelpressen<br \/>\nInh\u00e4ftningen har gjorts i den 5:e h\u00e4ftesmaskinen<br \/>\n22 punkters streckperforering<br \/>\nUpplaga ok\u00e4nd<\/p>\n<h2>Markeringar<\/h2>\n<p>RT 7,2 x 1,4 mm svart (smalt)<br \/>\nRT 7,2 x 1,8 mm svart (brett), delat RT f\u00f6rekommer<br \/>\ncyls 1<br \/>\ncyls 2<br \/>\nhelt kn G3 (3 mm)<\/p>\n<h2>\u00d6vrigt<\/h2>\n<p>p\u00e5 sid II finns ett bl\u00e5tt styrm\u00e4rke p\u00e5 alla h\u00e4ften<\/p>\n<h2>Artiklar<\/h2>\n<p><a href=\"http:\/\/xn--hftessamlarna-bfb.se\/wp-content\/uploads\/H467-Gunnar-Struck.pdf\">H467 Gunnar Struck<\/a><\/p>\n","protected":false},"excerpt":{"rendered":"<p>Utgivningsdag 1996-01-02 F 1946 &#8211; 1947 10 x 3,50, tv\u00e5 motiv Tryckta i 4 f\u00e4rger offset i 3:e Goebelpressen Inh\u00e4ftningen har gjorts i den 5:e h\u00e4ftesmaskinen 22 punkters streckperforering Upplaga ok\u00e4nd Markeringar RT 7,2 x 1,4 mm svart (smalt) RT &hellip; <a href=\"https:\/\/xn--hftessamlarna-bfb.se\/?page_id=2335\">Forts\u00e4tt l\u00e4sa <span class=\"meta-nav\">&rarr;<\/span><\/a><\/p>\n","protected":false},"author":1,"featured_media":0,"parent":2261,"menu_order":467,"comment_status":"open","ping_status":"open","template":"","meta":{"footnotes":""},"class_list":["post-2335","page","type-page","status-publish","hentry"],"_links":{"self":[{"href":"https:\/\/xn--hftessamlarna-bfb.se\/index.php?rest_route=\/wp\/v2\/pages\/2335","targetHints":{"allow":["GET"]}}],"collection":[{"href":"https:\/\/xn--hftessamlarna-bfb.se\/index.php?rest_route=\/wp\/v2\/pages"}],"about":[{"href":"https:\/\/xn--hftessamlarna-bfb.se\/index.php?rest_route=\/wp\/v2\/types\/page"}],"author":[{"embeddable":true,"href":"https:\/\/xn--hftessamlarna-bfb.se\/index.php?rest_route=\/wp\/v2\/users\/1"}],"replies":[{"embeddable":true,"href":"https:\/\/xn--hftessamlarna-bfb.se\/index.php?rest_route=%2Fwp%2Fv2%2Fcomments&post=2335"}],"version-history":[{"count":0,"href":"https:\/\/xn--hftessamlarna-bfb.se\/index.php?rest_route=\/wp\/v2\/pages\/2335\/revisions"}],"up":[{"embeddable":true,"href":"https:\/\/xn--hftessamlarna-bfb.se\/index.php?rest_route=\/wp\/v2\/pages\/2261"}],"wp:attachment":[{"href":"https:\/\/xn--hftessamlarna-bfb.se\/index.php?rest_route=%2Fwp%2Fv2%2Fmedia&parent=2335"}],"curies":[{"name":"wp","href":"https:\/\/api.w.org\/{rel}","templated":true}]}}