{"id":2330,"date":"2011-12-19T12:39:58","date_gmt":"2011-12-19T10:39:58","guid":{"rendered":"http:\/\/xn--hftessamlarna-bfb.se\/?page_id=2330"},"modified":"2015-01-18T09:42:51","modified_gmt":"2015-01-18T08:42:51","slug":"h462-filmen-100-ar","status":"publish","type":"page","link":"https:\/\/xn--hftessamlarna-bfb.se\/?page_id=2330","title":{"rendered":"H462 Filmen 100 \u00e5r"},"content":{"rendered":"<p><a href=\"http:\/\/xn--hftessamlarna-bfb.se\/?attachment_id=2887\" rel=\"attachment wp-att-2887\"><img loading=\"lazy\" decoding=\"async\" class=\"aligncenter size-full wp-image-2887\" title=\"H462\" src=\"http:\/\/xn--hftessamlarna-bfb.se\/wp-content\/uploads\/H462.jpg\" alt=\"\" width=\"960\" height=\"652\" srcset=\"https:\/\/xn--hftessamlarna-bfb.se\/wp-content\/uploads\/H462.jpg 960w, https:\/\/xn--hftessamlarna-bfb.se\/wp-content\/uploads\/H462-150x101.jpg 150w, https:\/\/xn--hftessamlarna-bfb.se\/wp-content\/uploads\/H462-300x203.jpg 300w, https:\/\/xn--hftessamlarna-bfb.se\/wp-content\/uploads\/H462-441x300.jpg 441w\" sizes=\"auto, (max-width: 960px) 100vw, 960px\" \/><\/a>Utgivningsdag 1995-10-07<br \/>\nF 1917 &#8211; 1922<br \/>\n6 x 6 kr, sex motiv<br \/>\nTryckta i kombination 1 f\u00e4rg st\u00e5ltryck och 4 f\u00e4rger offset i 3:e Goebelpressen<br \/>\nInh\u00e4ftningen har gjorts i den 5:e h\u00e4ftesmaskinen<br \/>\n22 punkters streckperforering i rygg<br \/>\nUpplaga ok\u00e4nd<\/p>\n<h2>Markeringar<\/h2>\n<p>RT 7,2 x 1,4 mm svart (smalt)<br \/>\nRT 7,2 x 1,8 mm svart (brett)<br \/>\ncyls 1<br \/>\ncyls 2<br \/>\nhelt kn G3 (3 mm)<\/p>\n<h2>\u00d6vrigt<\/h2>\n<p>Svart styrm\u00e4rke p\u00e5 sid II finns p\u00e5 alla h\u00e4ften<\/p>\n<h2>Artiklar<\/h2>\n<p><a href=\"http:\/\/xn--hftessamlarna-bfb.se\/wp-content\/uploads\/H462-Gunnar-Struck.pdf\">H462 Gunnar Struck<\/a><\/p>\n","protected":false},"excerpt":{"rendered":"<p>Utgivningsdag 1995-10-07 F 1917 &#8211; 1922 6 x 6 kr, sex motiv Tryckta i kombination 1 f\u00e4rg st\u00e5ltryck och 4 f\u00e4rger offset i 3:e Goebelpressen Inh\u00e4ftningen har gjorts i den 5:e h\u00e4ftesmaskinen 22 punkters streckperforering i rygg Upplaga ok\u00e4nd Markeringar &hellip; <a href=\"https:\/\/xn--hftessamlarna-bfb.se\/?page_id=2330\">Forts\u00e4tt l\u00e4sa <span class=\"meta-nav\">&rarr;<\/span><\/a><\/p>\n","protected":false},"author":1,"featured_media":0,"parent":2261,"menu_order":462,"comment_status":"open","ping_status":"open","template":"","meta":{"footnotes":""},"class_list":["post-2330","page","type-page","status-publish","hentry"],"_links":{"self":[{"href":"https:\/\/xn--hftessamlarna-bfb.se\/index.php?rest_route=\/wp\/v2\/pages\/2330","targetHints":{"allow":["GET"]}}],"collection":[{"href":"https:\/\/xn--hftessamlarna-bfb.se\/index.php?rest_route=\/wp\/v2\/pages"}],"about":[{"href":"https:\/\/xn--hftessamlarna-bfb.se\/index.php?rest_route=\/wp\/v2\/types\/page"}],"author":[{"embeddable":true,"href":"https:\/\/xn--hftessamlarna-bfb.se\/index.php?rest_route=\/wp\/v2\/users\/1"}],"replies":[{"embeddable":true,"href":"https:\/\/xn--hftessamlarna-bfb.se\/index.php?rest_route=%2Fwp%2Fv2%2Fcomments&post=2330"}],"version-history":[{"count":0,"href":"https:\/\/xn--hftessamlarna-bfb.se\/index.php?rest_route=\/wp\/v2\/pages\/2330\/revisions"}],"up":[{"embeddable":true,"href":"https:\/\/xn--hftessamlarna-bfb.se\/index.php?rest_route=\/wp\/v2\/pages\/2261"}],"wp:attachment":[{"href":"https:\/\/xn--hftessamlarna-bfb.se\/index.php?rest_route=%2Fwp%2Fv2%2Fmedia&parent=2330"}],"curies":[{"name":"wp","href":"https:\/\/api.w.org\/{rel}","templated":true}]}}