{"id":2328,"date":"2011-12-19T12:39:58","date_gmt":"2011-12-19T10:39:58","guid":{"rendered":"http:\/\/xn--hftessamlarna-bfb.se\/?page_id=2328"},"modified":"2020-06-20T14:02:25","modified_gmt":"2020-06-20T13:02:25","slug":"h460-sparvagnar","status":"publish","type":"page","link":"https:\/\/xn--hftessamlarna-bfb.se\/?page_id=2328","title":{"rendered":"H460 Sp\u00e5rvagnar"},"content":{"rendered":"<p><a href=\"http:\/\/xn--hftessamlarna-bfb.se\/?attachment_id=2889\" rel=\"attachment wp-att-2889\"><img loading=\"lazy\" decoding=\"async\" class=\"aligncenter size-full wp-image-2889\" title=\"H460\" src=\"http:\/\/xn--hftessamlarna-bfb.se\/wp-content\/uploads\/H460.jpg\" alt=\"\" width=\"960\" height=\"471\" srcset=\"https:\/\/xn--hftessamlarna-bfb.se\/wp-content\/uploads\/H460.jpg 960w, https:\/\/xn--hftessamlarna-bfb.se\/wp-content\/uploads\/H460-150x73.jpg 150w, https:\/\/xn--hftessamlarna-bfb.se\/wp-content\/uploads\/H460-300x147.jpg 300w, https:\/\/xn--hftessamlarna-bfb.se\/wp-content\/uploads\/H460-500x245.jpg 500w\" sizes=\"auto, (max-width: 960px) 100vw, 960px\" \/><\/a>Utgivningsdag 1995-05-12<br \/>\nF 1906 &#8211; 1910<br \/>\n5 x 7:50, fem motiv<br \/>\nTryckta i 3 f\u00e4rger st\u00e5ltryck i 2:a Goebelpressen<br \/>\nInh\u00e4ftningen har gjorts i den 4:e h\u00e4ftesmaskinen<br \/>\n19 punkters streckperforering i rygg<br \/>\nUpplaga ok\u00e4nd<\/p>\n<h2>Markeringar<\/h2>\n<p>RT 8 x 2 mm svart<br \/>\ncyls 1<br \/>\ncyls 2 slinga\/fot<br \/>\nhelt kn G2b (3,3 mm)<\/p>\n<h2>Bilder p\u00e5 varianter<\/h2>\n<div id=\"attachment_6102\" style=\"width: 232px\" class=\"wp-caption alignnone\"><a href=\"https:\/\/xn--hftessamlarna-bfb.se\/wp-content\/uploads\/H460signatur.jpg\" rel=\"attachment wp-att-3891\"><img loading=\"lazy\" decoding=\"async\" aria-describedby=\"caption-attachment-6102\" class=\"wp-image-6102 size-medium\" src=\"https:\/\/xn--hftessamlarna-bfb.se\/wp-content\/uploads\/H460signatur-222x300.jpg\" alt=\"\" width=\"222\" height=\"300\" srcset=\"https:\/\/xn--hftessamlarna-bfb.se\/wp-content\/uploads\/H460signatur-222x300.jpg 222w, https:\/\/xn--hftessamlarna-bfb.se\/wp-content\/uploads\/H460signatur-757x1024.jpg 757w, https:\/\/xn--hftessamlarna-bfb.se\/wp-content\/uploads\/H460signatur-111x150.jpg 111w, https:\/\/xn--hftessamlarna-bfb.se\/wp-content\/uploads\/H460signatur-768x1039.jpg 768w, https:\/\/xn--hftessamlarna-bfb.se\/wp-content\/uploads\/H460signatur.jpg 1067w\" sizes=\"auto, (max-width: 222px) 100vw, 222px\" \/><\/a><p id=\"caption-attachment-6102\" class=\"wp-caption-text\">brun signatur p\u00e5 f\u00f6rsta m\u00e4rket<\/p><\/div>\n<div id=\"attachment_4227\" style=\"width: 310px\" class=\"wp-caption alignleft\"><a href=\"http:\/\/xn--hftessamlarna-bfb.se\/wp-content\/uploads\/H460regmf.jpg\" rel=\"attachment wp-att-4227\"><img loading=\"lazy\" decoding=\"async\" aria-describedby=\"caption-attachment-4227\" class=\" wp-image-4227 size-medium\" src=\"http:\/\/xn--hftessamlarna-bfb.se\/wp-content\/uploads\/H460regmf-300x182.jpg\" alt=\"H460regmf\" width=\"300\" height=\"182\" srcset=\"https:\/\/xn--hftessamlarna-bfb.se\/wp-content\/uploads\/H460regmf-300x182.jpg 300w, https:\/\/xn--hftessamlarna-bfb.se\/wp-content\/uploads\/H460regmf-150x91.jpg 150w, https:\/\/xn--hftessamlarna-bfb.se\/wp-content\/uploads\/H460regmf-1024x623.jpg 1024w, https:\/\/xn--hftessamlarna-bfb.se\/wp-content\/uploads\/H460regmf-493x300.jpg 493w, https:\/\/xn--hftessamlarna-bfb.se\/wp-content\/uploads\/H460regmf.jpg 1157w\" sizes=\"auto, (max-width: 300px) 100vw, 300px\" \/><\/a><p id=\"caption-attachment-4227\" class=\"wp-caption-text\">olika f\u00e4rg p\u00e5 regm<\/p><\/div>\n<div id=\"attachment_5571\" style=\"width: 310px\" class=\"wp-caption alignleft\"><a href=\"http:\/\/xn--hftessamlarna-bfb.se\/wp-content\/uploads\/H460perfkn.jpg\"><img loading=\"lazy\" decoding=\"async\" aria-describedby=\"caption-attachment-5571\" class=\"wp-image-5571 size-medium\" src=\"http:\/\/xn--hftessamlarna-bfb.se\/wp-content\/uploads\/H460perfkn-300x210.jpg\" alt=\"\" width=\"300\" height=\"210\" srcset=\"https:\/\/xn--hftessamlarna-bfb.se\/wp-content\/uploads\/H460perfkn-300x210.jpg 300w, https:\/\/xn--hftessamlarna-bfb.se\/wp-content\/uploads\/H460perfkn-150x105.jpg 150w, https:\/\/xn--hftessamlarna-bfb.se\/wp-content\/uploads\/H460perfkn-429x300.jpg 429w, https:\/\/xn--hftessamlarna-bfb.se\/wp-content\/uploads\/H460perfkn.jpg 693w\" sizes=\"auto, (max-width: 300px) 100vw, 300px\" \/><\/a><p id=\"caption-attachment-5571\" class=\"wp-caption-text\">kn har hamnat i perforering<\/p><\/div>\n<div id=\"attachment_6099\" style=\"width: 310px\" class=\"wp-caption alignnone\"><a href=\"https:\/\/xn--hftessamlarna-bfb.se\/wp-content\/uploads\/H460svartstreckIR.jpg\"><img loading=\"lazy\" decoding=\"async\" aria-describedby=\"caption-attachment-6099\" class=\"size-medium wp-image-6099\" src=\"https:\/\/xn--hftessamlarna-bfb.se\/wp-content\/uploads\/H460svartstreckIR-300x183.jpg\" alt=\"\" width=\"300\" height=\"183\" srcset=\"https:\/\/xn--hftessamlarna-bfb.se\/wp-content\/uploads\/H460svartstreckIR-300x183.jpg 300w, https:\/\/xn--hftessamlarna-bfb.se\/wp-content\/uploads\/H460svartstreckIR-1024x623.jpg 1024w, https:\/\/xn--hftessamlarna-bfb.se\/wp-content\/uploads\/H460svartstreckIR-150x91.jpg 150w, https:\/\/xn--hftessamlarna-bfb.se\/wp-content\/uploads\/H460svartstreckIR-768x468.jpg 768w, https:\/\/xn--hftessamlarna-bfb.se\/wp-content\/uploads\/H460svartstreckIR-1536x935.jpg 1536w, https:\/\/xn--hftessamlarna-bfb.se\/wp-content\/uploads\/H460svartstreckIR-2048x1247.jpg 2048w, https:\/\/xn--hftessamlarna-bfb.se\/wp-content\/uploads\/H460svartstreckIR-493x300.jpg 493w\" sizes=\"auto, (max-width: 300px) 100vw, 300px\" \/><\/a><p id=\"caption-attachment-6099\" class=\"wp-caption-text\">svart linje i IR<\/p><\/div>\n<h2>Artiklar<\/h2>\n<p><a href=\"http:\/\/xn--hftessamlarna-bfb.se\/wp-content\/uploads\/H460-Gunnar-Struck.pdf\">H460 Gunnar Struck<\/a><\/p>\n","protected":false},"excerpt":{"rendered":"<p>Utgivningsdag 1995-05-12 F 1906 &#8211; 1910 5 x 7:50, fem motiv Tryckta i 3 f\u00e4rger st\u00e5ltryck i 2:a Goebelpressen Inh\u00e4ftningen har gjorts i den 4:e h\u00e4ftesmaskinen 19 punkters streckperforering i rygg Upplaga ok\u00e4nd Markeringar RT 8 x 2 mm svart &hellip; <a href=\"https:\/\/xn--hftessamlarna-bfb.se\/?page_id=2328\">Forts\u00e4tt l\u00e4sa <span class=\"meta-nav\">&rarr;<\/span><\/a><\/p>\n","protected":false},"author":1,"featured_media":0,"parent":2261,"menu_order":460,"comment_status":"open","ping_status":"open","template":"","meta":{"footnotes":""},"class_list":["post-2328","page","type-page","status-publish","hentry"],"_links":{"self":[{"href":"https:\/\/xn--hftessamlarna-bfb.se\/index.php?rest_route=\/wp\/v2\/pages\/2328","targetHints":{"allow":["GET"]}}],"collection":[{"href":"https:\/\/xn--hftessamlarna-bfb.se\/index.php?rest_route=\/wp\/v2\/pages"}],"about":[{"href":"https:\/\/xn--hftessamlarna-bfb.se\/index.php?rest_route=\/wp\/v2\/types\/page"}],"author":[{"embeddable":true,"href":"https:\/\/xn--hftessamlarna-bfb.se\/index.php?rest_route=\/wp\/v2\/users\/1"}],"replies":[{"embeddable":true,"href":"https:\/\/xn--hftessamlarna-bfb.se\/index.php?rest_route=%2Fwp%2Fv2%2Fcomments&post=2328"}],"version-history":[{"count":0,"href":"https:\/\/xn--hftessamlarna-bfb.se\/index.php?rest_route=\/wp\/v2\/pages\/2328\/revisions"}],"up":[{"embeddable":true,"href":"https:\/\/xn--hftessamlarna-bfb.se\/index.php?rest_route=\/wp\/v2\/pages\/2261"}],"wp:attachment":[{"href":"https:\/\/xn--hftessamlarna-bfb.se\/index.php?rest_route=%2Fwp%2Fv2%2Fmedia&parent=2328"}],"curies":[{"name":"wp","href":"https:\/\/api.w.org\/{rel}","templated":true}]}}