{"id":2322,"date":"2011-12-19T12:39:18","date_gmt":"2011-12-19T10:39:18","guid":{"rendered":"http:\/\/xn--hftessamlarna-bfb.se\/?page_id=2322"},"modified":"2021-06-27T11:52:23","modified_gmt":"2021-06-27T10:52:23","slug":"h456-svenska-hus-1-bostader-pa-landet","status":"publish","type":"page","link":"https:\/\/xn--hftessamlarna-bfb.se\/?page_id=2322","title":{"rendered":"H456 Svenska Hus 1 &#8211; Bost\u00e4der p\u00e5 landet"},"content":{"rendered":"<p><a href=\"https:\/\/xn--hftessamlarna-bfb.se\/wp-content\/uploads\/H-0456-header-1995.jpg\" rel=\"attachment wp-att-2893\"><img loading=\"lazy\" decoding=\"async\" class=\"alignnone wp-image-6599 size-full\" title=\"H456\" src=\"https:\/\/xn--hftessamlarna-bfb.se\/wp-content\/uploads\/H-0456-header-1995.jpg\" alt=\"\" width=\"960\" height=\"704\" srcset=\"https:\/\/xn--hftessamlarna-bfb.se\/wp-content\/uploads\/H-0456-header-1995.jpg 960w, https:\/\/xn--hftessamlarna-bfb.se\/wp-content\/uploads\/H-0456-header-1995-300x220.jpg 300w, https:\/\/xn--hftessamlarna-bfb.se\/wp-content\/uploads\/H-0456-header-1995-150x110.jpg 150w, https:\/\/xn--hftessamlarna-bfb.se\/wp-content\/uploads\/H-0456-header-1995-768x563.jpg 768w, https:\/\/xn--hftessamlarna-bfb.se\/wp-content\/uploads\/H-0456-header-1995-409x300.jpg 409w\" sizes=\"auto, (max-width: 960px) 100vw, 960px\" \/><\/a>Utgivningsdag 1995-03-17<br \/>\nF 1888 &#8211; 1892<br \/>\n5 \u00d7 3:70, fem motiv<br \/>\nTryckta i kombination 1 f\u00e4rg st\u00e5ltryck och 4 f\u00e4rger offset i 3:e Goebelpressen<br \/>\nInh\u00e4ftningen har gjorts i den 5:e h\u00e4ftesmaskinen<br \/>\n16 punkters streckperforering i rygg<br \/>\nUpplaga ok\u00e4nd<\/p>\n<h2>Typer<\/h2>\n<p><a href=\"https:\/\/xn--hftessamlarna-bfb.se\/wp-content\/uploads\/H-0456-info-1995.jpg\"><img loading=\"lazy\" decoding=\"async\" class=\"alignnone size-medium wp-image-6175\" src=\"https:\/\/xn--hftessamlarna-bfb.se\/wp-content\/uploads\/H-0456-info-1995-155x300.jpg\" alt=\"\" width=\"155\" height=\"300\" srcset=\"https:\/\/xn--hftessamlarna-bfb.se\/wp-content\/uploads\/H-0456-info-1995-155x300.jpg 155w, https:\/\/xn--hftessamlarna-bfb.se\/wp-content\/uploads\/H-0456-info-1995-527x1024.jpg 527w, https:\/\/xn--hftessamlarna-bfb.se\/wp-content\/uploads\/H-0456-info-1995-77x150.jpg 77w, https:\/\/xn--hftessamlarna-bfb.se\/wp-content\/uploads\/H-0456-info-1995.jpg 546w\" sizes=\"auto, (max-width: 155px) 100vw, 155px\" \/><\/a><\/p>\n<p><strong>A<\/strong> ljust omslagstryck<br \/>\n<strong>B<\/strong> m\u00f6rkt omslagstryck<\/p>\n<h2>Markeringar<\/h2>\n<p><strong>A<\/strong><br \/>\nRT 7,2 \u00d7 1,4 mm svart (smalt)<br \/>\nRT 7,2 \u00d7 1,8 mm svart (brett), delat RT f\u00f6rekommer<br \/>\ncyls 1<br \/>\ncyls 2 slinga\/fot<br \/>\nhelt kn G3 (3 mm)<br \/>\ndelat kn G3 (4,5\/0,5, 3,5\/1,5 3\/2, 2,5\/2,5, 2\/3, 1\/4)<br \/>\nsid II med &#8217;995<\/p>\n<p><strong>B<\/strong><br \/>\nRT 7,2 \u00d7 1,4 mm svart (smalt)<br \/>\nRT 7,2 \u00d7 1,8 mm svart (brett)<br \/>\ncyls 1<br \/>\ncyls 2 slinga\/fot<br \/>\nhelt kn G3 (3 mm)<br \/>\n&#8221;brinnande husgavel&#8221;<\/p>\n<h2>Bilder p\u00e5 varianter<\/h2>\n<div id=\"attachment_4000\" style=\"width: 594px\" class=\"wp-caption alignleft\"><a href=\"http:\/\/xn--hftessamlarna-bfb.se\/wp-content\/uploads\/H456Astreck.jpg\" rel=\"attachment wp-att-4000\"><img loading=\"lazy\" decoding=\"async\" aria-describedby=\"caption-attachment-4000\" class=\"wp-image-4000 size-large\" src=\"http:\/\/xn--hftessamlarna-bfb.se\/wp-content\/uploads\/H456Astreck-1024x253.jpg\" alt=\"H456Astreck\" width=\"584\" height=\"144\" srcset=\"https:\/\/xn--hftessamlarna-bfb.se\/wp-content\/uploads\/H456Astreck-1024x253.jpg 1024w, https:\/\/xn--hftessamlarna-bfb.se\/wp-content\/uploads\/H456Astreck-150x37.jpg 150w, https:\/\/xn--hftessamlarna-bfb.se\/wp-content\/uploads\/H456Astreck-300x74.jpg 300w, https:\/\/xn--hftessamlarna-bfb.se\/wp-content\/uploads\/H456Astreck-500x123.jpg 500w\" sizes=\"auto, (max-width: 584px) 100vw, 584px\" \/><\/a><p id=\"caption-attachment-4000\" class=\"wp-caption-text\">svart streck i kanten p\u00e5 fj\u00e4rde m\u00e4rket<\/p><\/div>\n<div id=\"attachment_5181\" style=\"width: 310px\" class=\"wp-caption alignleft\"><a href=\"http:\/\/xn--hftessamlarna-bfb.se\/wp-content\/uploads\/H456A_B.jpg\"><img loading=\"lazy\" decoding=\"async\" aria-describedby=\"caption-attachment-5181\" class=\"wp-image-5181 size-medium\" src=\"http:\/\/xn--hftessamlarna-bfb.se\/wp-content\/uploads\/H456A_B-300x146.jpg\" alt=\"H456A_B\" width=\"300\" height=\"146\" srcset=\"https:\/\/xn--hftessamlarna-bfb.se\/wp-content\/uploads\/H456A_B-300x146.jpg 300w, https:\/\/xn--hftessamlarna-bfb.se\/wp-content\/uploads\/H456A_B-150x73.jpg 150w, https:\/\/xn--hftessamlarna-bfb.se\/wp-content\/uploads\/H456A_B-500x244.jpg 500w, https:\/\/xn--hftessamlarna-bfb.se\/wp-content\/uploads\/H456A_B.jpg 960w\" sizes=\"auto, (max-width: 300px) 100vw, 300px\" \/><\/a><p id=\"caption-attachment-5181\" class=\"wp-caption-text\">ser ut som b\u00e5de A och B?<\/p><\/div>\n<div id=\"attachment_5118\" style=\"width: 310px\" class=\"wp-caption alignleft\"><a href=\"http:\/\/xn--hftessamlarna-bfb.se\/wp-content\/uploads\/H456ARandig.jpg\"><img loading=\"lazy\" decoding=\"async\" aria-describedby=\"caption-attachment-5118\" class=\"wp-image-5118 size-medium\" src=\"http:\/\/xn--hftessamlarna-bfb.se\/wp-content\/uploads\/H456ARandig-300x142.jpg\" alt=\"H456ARandig\" width=\"300\" height=\"142\" srcset=\"https:\/\/xn--hftessamlarna-bfb.se\/wp-content\/uploads\/H456ARandig-300x142.jpg 300w, https:\/\/xn--hftessamlarna-bfb.se\/wp-content\/uploads\/H456ARandig-150x71.jpg 150w, https:\/\/xn--hftessamlarna-bfb.se\/wp-content\/uploads\/H456ARandig-1024x486.jpg 1024w, https:\/\/xn--hftessamlarna-bfb.se\/wp-content\/uploads\/H456ARandig-500x237.jpg 500w, https:\/\/xn--hftessamlarna-bfb.se\/wp-content\/uploads\/H456ARandig.jpg 1148w\" sizes=\"auto, (max-width: 300px) 100vw, 300px\" \/><\/a><p id=\"caption-attachment-5118\" class=\"wp-caption-text\">omslag p\u00e5 A kan vara &#8221;randig&#8221;<\/p><\/div>\n<div id=\"attachment_6098\" style=\"width: 259px\" class=\"wp-caption alignnone\"><a href=\"https:\/\/xn--hftessamlarna-bfb.se\/wp-content\/uploads\/H456Akn995.jpg\"><img loading=\"lazy\" decoding=\"async\" aria-describedby=\"caption-attachment-6098\" class=\"wp-image-6098 size-medium\" src=\"https:\/\/xn--hftessamlarna-bfb.se\/wp-content\/uploads\/H456Akn995-249x300.jpg\" alt=\"\" width=\"249\" height=\"300\" srcset=\"https:\/\/xn--hftessamlarna-bfb.se\/wp-content\/uploads\/H456Akn995-249x300.jpg 249w, https:\/\/xn--hftessamlarna-bfb.se\/wp-content\/uploads\/H456Akn995-852x1024.jpg 852w, https:\/\/xn--hftessamlarna-bfb.se\/wp-content\/uploads\/H456Akn995-125x150.jpg 125w, https:\/\/xn--hftessamlarna-bfb.se\/wp-content\/uploads\/H456Akn995-768x923.jpg 768w, https:\/\/xn--hftessamlarna-bfb.se\/wp-content\/uploads\/H456Akn995.jpg 1067w\" sizes=\"auto, (max-width: 249px) 100vw, 249px\" \/><\/a><p id=\"caption-attachment-6098\" class=\"wp-caption-text\">illustration p\u00e5 klich\u00e9skadan &#8217;995<\/p><\/div>\n<h2>Artiklar<\/h2>\n<p><a href=\"http:\/\/xn--hftessamlarna-bfb.se\/wp-content\/uploads\/H456-Gunnar-Struck.pdf\">H456 Gunnar Struck<\/a><\/p>\n","protected":false},"excerpt":{"rendered":"<p>Utgivningsdag 1995-03-17 F 1888 &#8211; 1892 5 \u00d7 3:70, fem motiv Tryckta i kombination 1 f\u00e4rg st\u00e5ltryck och 4 f\u00e4rger offset i 3:e Goebelpressen Inh\u00e4ftningen har gjorts i den 5:e h\u00e4ftesmaskinen 16 punkters streckperforering i rygg Upplaga ok\u00e4nd Typer A &hellip; <a href=\"https:\/\/xn--hftessamlarna-bfb.se\/?page_id=2322\">Forts\u00e4tt l\u00e4sa <span class=\"meta-nav\">&rarr;<\/span><\/a><\/p>\n","protected":false},"author":1,"featured_media":0,"parent":2261,"menu_order":456,"comment_status":"open","ping_status":"open","template":"","meta":{"footnotes":""},"class_list":["post-2322","page","type-page","status-publish","hentry"],"_links":{"self":[{"href":"https:\/\/xn--hftessamlarna-bfb.se\/index.php?rest_route=\/wp\/v2\/pages\/2322","targetHints":{"allow":["GET"]}}],"collection":[{"href":"https:\/\/xn--hftessamlarna-bfb.se\/index.php?rest_route=\/wp\/v2\/pages"}],"about":[{"href":"https:\/\/xn--hftessamlarna-bfb.se\/index.php?rest_route=\/wp\/v2\/types\/page"}],"author":[{"embeddable":true,"href":"https:\/\/xn--hftessamlarna-bfb.se\/index.php?rest_route=\/wp\/v2\/users\/1"}],"replies":[{"embeddable":true,"href":"https:\/\/xn--hftessamlarna-bfb.se\/index.php?rest_route=%2Fwp%2Fv2%2Fcomments&post=2322"}],"version-history":[{"count":0,"href":"https:\/\/xn--hftessamlarna-bfb.se\/index.php?rest_route=\/wp\/v2\/pages\/2322\/revisions"}],"up":[{"embeddable":true,"href":"https:\/\/xn--hftessamlarna-bfb.se\/index.php?rest_route=\/wp\/v2\/pages\/2261"}],"wp:attachment":[{"href":"https:\/\/xn--hftessamlarna-bfb.se\/index.php?rest_route=%2Fwp%2Fv2%2Fmedia&parent=2322"}],"curies":[{"name":"wp","href":"https:\/\/api.w.org\/{rel}","templated":true}]}}