{"id":2319,"date":"2011-12-19T12:39:18","date_gmt":"2011-12-19T10:39:18","guid":{"rendered":"http:\/\/xn--hftessamlarna-bfb.se\/?page_id=2319"},"modified":"2017-09-17T13:14:23","modified_gmt":"2017-09-17T12:14:23","slug":"h454-lantdjur","status":"publish","type":"page","link":"https:\/\/xn--hftessamlarna-bfb.se\/?page_id=2319","title":{"rendered":"H454 Lantdjur 2"},"content":{"rendered":"<p><a href=\"http:\/\/xn--hftessamlarna-bfb.se\/?attachment_id=2895\" rel=\"attachment wp-att-2895\"><img loading=\"lazy\" decoding=\"async\" class=\"aligncenter size-full wp-image-2895\" title=\"H454\" src=\"http:\/\/xn--hftessamlarna-bfb.se\/wp-content\/uploads\/H454.jpg\" alt=\"\" width=\"960\" height=\"649\" srcset=\"https:\/\/xn--hftessamlarna-bfb.se\/wp-content\/uploads\/H454.jpg 960w, https:\/\/xn--hftessamlarna-bfb.se\/wp-content\/uploads\/H454-150x101.jpg 150w, https:\/\/xn--hftessamlarna-bfb.se\/wp-content\/uploads\/H454-300x202.jpg 300w, https:\/\/xn--hftessamlarna-bfb.se\/wp-content\/uploads\/H454-443x300.jpg 443w\" sizes=\"auto, (max-width: 960px) 100vw, 960px\" \/><\/a>Utgivningsdag 1995-01-02<br \/>\nF 1879 &#8211; 1880<br \/>\n10 x 3:70, tv\u00e5 motiv<br \/>\nTryckta i 3 f\u00e4rger st\u00e5ltryck i s\u00e5v\u00e4l 2:a som 3:e Goebelpressen<br \/>\nInh\u00e4ftningen har gjorts i b\u00e5da h\u00e4ftesmaskinerna, Detta ger upphov till tv\u00e5 h\u00e4ftestyper<br \/>\nUpplaga 7,77 miljoner h\u00e4ften<\/p>\n<h2>Typer<\/h2>\n<p><strong>A<\/strong> omslag i boktryck, ram 82 x 57, 27 punkters streckperforering<br \/>\n<strong>B<\/strong> omslag i offset, ram 82 x 55, 22 punkters streckperforering<\/p>\n<h2>Markeringar<\/h2>\n<p><strong>AR<\/strong><br \/>\na=1,2<br \/>\nRT 8 x 2 mm svart<\/p>\n<p><strong>AN<\/strong><br \/>\na=0,9-1,0<br \/>\nRT 8 x 2 mm svart<br \/>\ncyls 1<br \/>\ncyls 2<br \/>\nhelt kn G2b (3,3 mm)<br \/>\nhelt kn G3 (3 mm)<\/p>\n<p><strong>BR<\/strong><br \/>\na=1,2<br \/>\nRT 7,2 x 1,4 mm svart (smalt)<br \/>\nRT 7,2 x 1,8 mm svart (brett)<\/p>\n<p><strong>BN<\/strong><br \/>\na=0,9-1,0<br \/>\nRT 7,2 x 1,4 mm svart (smalt)<br \/>\nRT 7,2 x 1,8 mm svart (brett)<br \/>\ncyls 1<br \/>\ncyls 2<br \/>\nhelt kn G3 (3 mm)<\/p>\n<h2>Bild p\u00e5 varianter<\/h2>\n<div id=\"attachment_5656\" style=\"width: 310px\" class=\"wp-caption alignnone\"><a href=\"http:\/\/xn--hftessamlarna-bfb.se\/wp-content\/uploads\/F1880-Fel-val\u00f6r-\u00e4r-3.30-och-ej-3.70-B.jpg\"><img loading=\"lazy\" decoding=\"async\" aria-describedby=\"caption-attachment-5656\" class=\"size-medium wp-image-5656\" src=\"http:\/\/xn--hftessamlarna-bfb.se\/wp-content\/uploads\/F1880-Fel-val\u00f6r-\u00e4r-3.30-och-ej-3.70-B-300x176.jpg\" alt=\"\" width=\"300\" height=\"176\" srcset=\"https:\/\/xn--hftessamlarna-bfb.se\/wp-content\/uploads\/F1880-Fel-val\u00f6r-\u00e4r-3.30-och-ej-3.70-B-300x176.jpg 300w, https:\/\/xn--hftessamlarna-bfb.se\/wp-content\/uploads\/F1880-Fel-val\u00f6r-\u00e4r-3.30-och-ej-3.70-B-150x88.jpg 150w, https:\/\/xn--hftessamlarna-bfb.se\/wp-content\/uploads\/F1880-Fel-val\u00f6r-\u00e4r-3.30-och-ej-3.70-B-768x450.jpg 768w, https:\/\/xn--hftessamlarna-bfb.se\/wp-content\/uploads\/F1880-Fel-val\u00f6r-\u00e4r-3.30-och-ej-3.70-B-500x293.jpg 500w, https:\/\/xn--hftessamlarna-bfb.se\/wp-content\/uploads\/F1880-Fel-val\u00f6r-\u00e4r-3.30-och-ej-3.70-B.jpg 907w\" sizes=\"auto, (max-width: 300px) 100vw, 300px\" \/><\/a><p id=\"caption-attachment-5656\" class=\"wp-caption-text\">Val\u00f6r 3:30 ist\u00e4llet f\u00f6r 3:70<\/p><\/div>\n<div id=\"attachment_5657\" style=\"width: 310px\" class=\"wp-caption alignnone\"><a href=\"http:\/\/xn--hftessamlarna-bfb.se\/wp-content\/uploads\/H-454-B-Val\u00f6r-330-Sid-I-IV-Otryckt-inlaga.jpg\"><img loading=\"lazy\" decoding=\"async\" aria-describedby=\"caption-attachment-5657\" class=\"size-medium wp-image-5657\" src=\"http:\/\/xn--hftessamlarna-bfb.se\/wp-content\/uploads\/H-454-B-Val\u00f6r-330-Sid-I-IV-Otryckt-inlaga-300x210.jpg\" alt=\"\" width=\"300\" height=\"210\" srcset=\"https:\/\/xn--hftessamlarna-bfb.se\/wp-content\/uploads\/H-454-B-Val\u00f6r-330-Sid-I-IV-Otryckt-inlaga-300x210.jpg 300w, https:\/\/xn--hftessamlarna-bfb.se\/wp-content\/uploads\/H-454-B-Val\u00f6r-330-Sid-I-IV-Otryckt-inlaga-150x105.jpg 150w, https:\/\/xn--hftessamlarna-bfb.se\/wp-content\/uploads\/H-454-B-Val\u00f6r-330-Sid-I-IV-Otryckt-inlaga-768x537.jpg 768w, https:\/\/xn--hftessamlarna-bfb.se\/wp-content\/uploads\/H-454-B-Val\u00f6r-330-Sid-I-IV-Otryckt-inlaga-1024x717.jpg 1024w, https:\/\/xn--hftessamlarna-bfb.se\/wp-content\/uploads\/H-454-B-Val\u00f6r-330-Sid-I-IV-Otryckt-inlaga-429x300.jpg 429w\" sizes=\"auto, (max-width: 300px) 100vw, 300px\" \/><\/a><p id=\"caption-attachment-5657\" class=\"wp-caption-text\">Hela upplagan skall vara f\u00f6rst\u00f6rd, men tydligen inte.<\/p><\/div>\n<h2>Artiklar<\/h2>\n<p><a href=\"http:\/\/xn--hftessamlarna-bfb.se\/wp-content\/uploads\/H454-Gunnar-Struck.pdf\">H454 Gunnar Struck<\/a><\/p>\n","protected":false},"excerpt":{"rendered":"<p>Utgivningsdag 1995-01-02 F 1879 &#8211; 1880 10 x 3:70, tv\u00e5 motiv Tryckta i 3 f\u00e4rger st\u00e5ltryck i s\u00e5v\u00e4l 2:a som 3:e Goebelpressen Inh\u00e4ftningen har gjorts i b\u00e5da h\u00e4ftesmaskinerna, Detta ger upphov till tv\u00e5 h\u00e4ftestyper Upplaga 7,77 miljoner h\u00e4ften Typer A &hellip; <a href=\"https:\/\/xn--hftessamlarna-bfb.se\/?page_id=2319\">Forts\u00e4tt l\u00e4sa <span class=\"meta-nav\">&rarr;<\/span><\/a><\/p>\n","protected":false},"author":1,"featured_media":0,"parent":2261,"menu_order":454,"comment_status":"open","ping_status":"open","template":"","meta":{"footnotes":""},"class_list":["post-2319","page","type-page","status-publish","hentry"],"_links":{"self":[{"href":"https:\/\/xn--hftessamlarna-bfb.se\/index.php?rest_route=\/wp\/v2\/pages\/2319","targetHints":{"allow":["GET"]}}],"collection":[{"href":"https:\/\/xn--hftessamlarna-bfb.se\/index.php?rest_route=\/wp\/v2\/pages"}],"about":[{"href":"https:\/\/xn--hftessamlarna-bfb.se\/index.php?rest_route=\/wp\/v2\/types\/page"}],"author":[{"embeddable":true,"href":"https:\/\/xn--hftessamlarna-bfb.se\/index.php?rest_route=\/wp\/v2\/users\/1"}],"replies":[{"embeddable":true,"href":"https:\/\/xn--hftessamlarna-bfb.se\/index.php?rest_route=%2Fwp%2Fv2%2Fcomments&post=2319"}],"version-history":[{"count":0,"href":"https:\/\/xn--hftessamlarna-bfb.se\/index.php?rest_route=\/wp\/v2\/pages\/2319\/revisions"}],"up":[{"embeddable":true,"href":"https:\/\/xn--hftessamlarna-bfb.se\/index.php?rest_route=\/wp\/v2\/pages\/2261"}],"wp:attachment":[{"href":"https:\/\/xn--hftessamlarna-bfb.se\/index.php?rest_route=%2Fwp%2Fv2%2Fmedia&parent=2319"}],"curies":[{"name":"wp","href":"https:\/\/api.w.org\/{rel}","templated":true}]}}