{"id":2315,"date":"2011-12-19T12:39:18","date_gmt":"2011-12-19T10:39:18","guid":{"rendered":"http:\/\/xn--hftessamlarna-bfb.se\/?page_id=2315"},"modified":"2021-06-27T11:49:44","modified_gmt":"2021-06-27T10:49:44","slug":"h450-sverige-finland","status":"publish","type":"page","link":"https:\/\/xn--hftessamlarna-bfb.se\/?page_id=2315","title":{"rendered":"H450 Sverige-Finland"},"content":{"rendered":"<p><a href=\"http:\/\/xn--hftessamlarna-bfb.se\/?attachment_id=2899\" rel=\"attachment wp-att-2899\"><img loading=\"lazy\" decoding=\"async\" class=\"aligncenter size-full wp-image-2899\" title=\"H450\" src=\"http:\/\/xn--hftessamlarna-bfb.se\/wp-content\/uploads\/H450.jpg\" alt=\"\" width=\"960\" height=\"660\" srcset=\"https:\/\/xn--hftessamlarna-bfb.se\/wp-content\/uploads\/H450.jpg 960w, https:\/\/xn--hftessamlarna-bfb.se\/wp-content\/uploads\/H450-150x103.jpg 150w, https:\/\/xn--hftessamlarna-bfb.se\/wp-content\/uploads\/H450-300x206.jpg 300w, https:\/\/xn--hftessamlarna-bfb.se\/wp-content\/uploads\/H450-436x300.jpg 436w\" sizes=\"auto, (max-width: 960px) 100vw, 960px\" \/><\/a>Utgivningsdag 1994-08-26<br \/>\nF 1859 &#8211; 1860<br \/>\n4 \u00d7 4:50 kr, tv\u00e5 motiv<br \/>\nTryckta i kombination 1 f\u00e4rg st\u00e5ltryck och 4 f\u00e4rger offset i 3:e Goebelpressen<br \/>\nInh\u00e4ftningen har gjorts i den 5:e h\u00e4ftesmaskinen<br \/>\n22 punkters streckperforering<br \/>\nUpplaga 1,33 miljoner h\u00e4ften<\/p>\n<h2>Typer<\/h2>\n<p><strong>A<\/strong> regm 6,7 mm<br \/>\n<strong>B<\/strong> regm 6,3 mm<\/p>\n<h2>Markeringar<\/h2>\n<p><strong>A<\/strong><br \/>\ncentralt regm<br \/>\ndel av delat regm (1,2 mm) p\u00e5 IR<br \/>\nRT 7,2 \u00d7 1,4 mm svart (smalt)<br \/>\nRT 7,2 \u00d7 1,8 mm svart (brett)<br \/>\ncyls 1 (avst\u00e5nd till regm 3,0 mm, ej kn)<br \/>\ncyls 2 (avst\u00e5nd till regm 3,1 mm, ej kn)<\/p>\n<p><strong>B<\/strong><br \/>\ncentralt regm<br \/>\ndel av delat regm (1,2 mm) p\u00e5 IR<br \/>\nRT 7,2 \u00d7 1,4 mm svart (smalt)<br \/>\nRT 7,2 \u00d7 1,8 mm svart (brett)<br \/>\ncyls 1 (avst\u00e5nd till regm 4,0 mm)<br \/>\ncyls 2 (avst\u00e5nd till regm 4,0 mm)<br \/>\nhelt kn G3 (3 mm)<\/p>\n<h2>Bilder varianter<\/h2>\n<div id=\"attachment_3914\" style=\"width: 310px\" class=\"wp-caption alignleft\"><a href=\"http:\/\/xn--hftessamlarna-bfb.se\/wp-content\/uploads\/H450streckiIR.jpg\" rel=\"attachment wp-att-3914\"><img loading=\"lazy\" decoding=\"async\" aria-describedby=\"caption-attachment-3914\" class=\"     wp-image-3914 size-medium\" src=\"http:\/\/xn--hftessamlarna-bfb.se\/wp-content\/uploads\/H450streckiIR-300x219.jpg\" alt=\"H450streckiIR\" width=\"300\" height=\"219\" srcset=\"https:\/\/xn--hftessamlarna-bfb.se\/wp-content\/uploads\/H450streckiIR-300x219.jpg 300w, https:\/\/xn--hftessamlarna-bfb.se\/wp-content\/uploads\/H450streckiIR-150x109.jpg 150w, https:\/\/xn--hftessamlarna-bfb.se\/wp-content\/uploads\/H450streckiIR-410x300.jpg 410w, https:\/\/xn--hftessamlarna-bfb.se\/wp-content\/uploads\/H450streckiIR.jpg 840w\" sizes=\"auto, (max-width: 300px) 100vw, 300px\" \/><\/a><p id=\"caption-attachment-3914\" class=\"wp-caption-text\">Del av delat regm i IR<\/p><\/div>\n<h2>Samutg\u00e5va med Finland<br \/>\n<a href=\"https:\/\/xn--hftessamlarna-bfb.se\/wp-content\/uploads\/H-0450-FI-1994.jpg\"><img loading=\"lazy\" decoding=\"async\" class=\"alignnone wp-image-6391 size-large\" src=\"https:\/\/xn--hftessamlarna-bfb.se\/wp-content\/uploads\/H-0450-FI-1994-997x1024.jpg\" alt=\"\" width=\"584\" height=\"600\" srcset=\"https:\/\/xn--hftessamlarna-bfb.se\/wp-content\/uploads\/H-0450-FI-1994-997x1024.jpg 997w, https:\/\/xn--hftessamlarna-bfb.se\/wp-content\/uploads\/H-0450-FI-1994-292x300.jpg 292w, https:\/\/xn--hftessamlarna-bfb.se\/wp-content\/uploads\/H-0450-FI-1994-146x150.jpg 146w, https:\/\/xn--hftessamlarna-bfb.se\/wp-content\/uploads\/H-0450-FI-1994-768x788.jpg 768w, https:\/\/xn--hftessamlarna-bfb.se\/wp-content\/uploads\/H-0450-FI-1994.jpg 1200w\" sizes=\"auto, (max-width: 584px) 100vw, 584px\" \/><\/a><\/h2>\n<h2>Artiklar<\/h2>\n<p><a href=\"http:\/\/xn--hftessamlarna-bfb.se\/wp-content\/uploads\/H450-Gunnar-Struck.pdf\">H450 Gunnar Struck<\/a><\/p>\n","protected":false},"excerpt":{"rendered":"<p>Utgivningsdag 1994-08-26 F 1859 &#8211; 1860 4 \u00d7 4:50 kr, tv\u00e5 motiv Tryckta i kombination 1 f\u00e4rg st\u00e5ltryck och 4 f\u00e4rger offset i 3:e Goebelpressen Inh\u00e4ftningen har gjorts i den 5:e h\u00e4ftesmaskinen 22 punkters streckperforering Upplaga 1,33 miljoner h\u00e4ften Typer &hellip; <a href=\"https:\/\/xn--hftessamlarna-bfb.se\/?page_id=2315\">Forts\u00e4tt l\u00e4sa <span class=\"meta-nav\">&rarr;<\/span><\/a><\/p>\n","protected":false},"author":1,"featured_media":0,"parent":2261,"menu_order":450,"comment_status":"open","ping_status":"open","template":"","meta":{"footnotes":""},"class_list":["post-2315","page","type-page","status-publish","hentry"],"_links":{"self":[{"href":"https:\/\/xn--hftessamlarna-bfb.se\/index.php?rest_route=\/wp\/v2\/pages\/2315","targetHints":{"allow":["GET"]}}],"collection":[{"href":"https:\/\/xn--hftessamlarna-bfb.se\/index.php?rest_route=\/wp\/v2\/pages"}],"about":[{"href":"https:\/\/xn--hftessamlarna-bfb.se\/index.php?rest_route=\/wp\/v2\/types\/page"}],"author":[{"embeddable":true,"href":"https:\/\/xn--hftessamlarna-bfb.se\/index.php?rest_route=\/wp\/v2\/users\/1"}],"replies":[{"embeddable":true,"href":"https:\/\/xn--hftessamlarna-bfb.se\/index.php?rest_route=%2Fwp%2Fv2%2Fcomments&post=2315"}],"version-history":[{"count":0,"href":"https:\/\/xn--hftessamlarna-bfb.se\/index.php?rest_route=\/wp\/v2\/pages\/2315\/revisions"}],"up":[{"embeddable":true,"href":"https:\/\/xn--hftessamlarna-bfb.se\/index.php?rest_route=\/wp\/v2\/pages\/2261"}],"wp:attachment":[{"href":"https:\/\/xn--hftessamlarna-bfb.se\/index.php?rest_route=%2Fwp%2Fv2%2Fmedia&parent=2315"}],"curies":[{"name":"wp","href":"https:\/\/api.w.org\/{rel}","templated":true}]}}