{"id":2314,"date":"2011-12-19T12:39:18","date_gmt":"2011-12-19T10:39:18","guid":{"rendered":"http:\/\/xn--hftessamlarna-bfb.se\/?page_id=2314"},"modified":"2014-12-29T07:30:17","modified_gmt":"2014-12-29T06:30:17","slug":"h449-halsningsfrimarken-iii","status":"publish","type":"page","link":"https:\/\/xn--hftessamlarna-bfb.se\/?page_id=2314","title":{"rendered":"H449 H\u00e4lsningsfrim\u00e4rken III"},"content":{"rendered":"<p><a href=\"http:\/\/xn--hftessamlarna-bfb.se\/?attachment_id=2900\" rel=\"attachment wp-att-2900\"><img loading=\"lazy\" decoding=\"async\" class=\"aligncenter size-full wp-image-2900\" title=\"H449\" src=\"http:\/\/xn--hftessamlarna-bfb.se\/wp-content\/uploads\/H449.jpg\" alt=\"\" width=\"960\" height=\"651\" srcset=\"https:\/\/xn--hftessamlarna-bfb.se\/wp-content\/uploads\/H449.jpg 960w, https:\/\/xn--hftessamlarna-bfb.se\/wp-content\/uploads\/H449-150x101.jpg 150w, https:\/\/xn--hftessamlarna-bfb.se\/wp-content\/uploads\/H449-300x203.jpg 300w, https:\/\/xn--hftessamlarna-bfb.se\/wp-content\/uploads\/H449-442x300.jpg 442w\" sizes=\"auto, (max-width: 960px) 100vw, 960px\" \/><\/a>Utgivningsdag 1994-08-05<br \/>\nF 1853 &#8211; 1856<br \/>\n10 x 3:20, fyra motiv<br \/>\nTryckta i 4 f\u00e4rger offset i 3:e Goebelpressen<br \/>\nInh\u00e4ftningen har gjorts i den 4:e h\u00e4ftesmaskinen<br \/>\n27 punkters streckperforering<br \/>\nUpplaga ok\u00e4nd<\/p>\n<h2>Typer<\/h2>\n<p><strong>A<\/strong> gult omslagstryck (UV orangegul)<br \/>\n<strong>B<\/strong> orangegult omslagstryck (UV brungul)<\/p>\n<h2>Markeringar<\/h2>\n<p><strong>A<\/strong><br \/>\nRT 8 x 2 mm svart<br \/>\ncyls 1<br \/>\ncyls 2<br \/>\nhelt kn G3 (3 mm)<br \/>\nsid IV, ett gult streck, 5 mm l\u00e5ngt och placerat mitt emellan kanten och posthorn<\/p>\n<p><strong>B<\/strong><br \/>\nRT 8 x 2 mm svart<br \/>\ncyls 1<br \/>\ncyls 2<br \/>\nhelt kn G3 (3 mm)<br \/>\nsid IV, ett gult streck, 5 mm l\u00e5ngt och placerat mitt emellan kanten och posthorn<\/p>\n<h2>\u00d6vrigt<\/h2>\n<p>den gula f\u00e4rgen p\u00e5 omslaget kan under UV-lampa vara brun- eller r\u00f6dbrun<\/p>\n<h2>Artiklar<\/h2>\n<p><a href=\"http:\/\/xn--hftessamlarna-bfb.se\/wp-content\/uploads\/H449-Gunnar-Struck.pdf\">H449 Gunnar Struck<\/a><\/p>\n","protected":false},"excerpt":{"rendered":"<p>Utgivningsdag 1994-08-05 F 1853 &#8211; 1856 10 x 3:20, fyra motiv Tryckta i 4 f\u00e4rger offset i 3:e Goebelpressen Inh\u00e4ftningen har gjorts i den 4:e h\u00e4ftesmaskinen 27 punkters streckperforering Upplaga ok\u00e4nd Typer A gult omslagstryck (UV orangegul) B orangegult omslagstryck &hellip; <a href=\"https:\/\/xn--hftessamlarna-bfb.se\/?page_id=2314\">Forts\u00e4tt l\u00e4sa <span class=\"meta-nav\">&rarr;<\/span><\/a><\/p>\n","protected":false},"author":1,"featured_media":0,"parent":2261,"menu_order":449,"comment_status":"open","ping_status":"open","template":"","meta":{"footnotes":""},"class_list":["post-2314","page","type-page","status-publish","hentry"],"_links":{"self":[{"href":"https:\/\/xn--hftessamlarna-bfb.se\/index.php?rest_route=\/wp\/v2\/pages\/2314","targetHints":{"allow":["GET"]}}],"collection":[{"href":"https:\/\/xn--hftessamlarna-bfb.se\/index.php?rest_route=\/wp\/v2\/pages"}],"about":[{"href":"https:\/\/xn--hftessamlarna-bfb.se\/index.php?rest_route=\/wp\/v2\/types\/page"}],"author":[{"embeddable":true,"href":"https:\/\/xn--hftessamlarna-bfb.se\/index.php?rest_route=\/wp\/v2\/users\/1"}],"replies":[{"embeddable":true,"href":"https:\/\/xn--hftessamlarna-bfb.se\/index.php?rest_route=%2Fwp%2Fv2%2Fcomments&post=2314"}],"version-history":[{"count":0,"href":"https:\/\/xn--hftessamlarna-bfb.se\/index.php?rest_route=\/wp\/v2\/pages\/2314\/revisions"}],"up":[{"embeddable":true,"href":"https:\/\/xn--hftessamlarna-bfb.se\/index.php?rest_route=\/wp\/v2\/pages\/2261"}],"wp:attachment":[{"href":"https:\/\/xn--hftessamlarna-bfb.se\/index.php?rest_route=%2Fwp%2Fv2%2Fmedia&parent=2314"}],"curies":[{"name":"wp","href":"https:\/\/api.w.org\/{rel}","templated":true}]}}