{"id":2313,"date":"2011-12-19T12:39:18","date_gmt":"2011-12-19T10:39:18","guid":{"rendered":"http:\/\/xn--hftessamlarna-bfb.se\/?page_id=2313"},"modified":"2021-06-27T11:48:48","modified_gmt":"2021-06-27T10:48:48","slug":"h448-svensk-form","status":"publish","type":"page","link":"https:\/\/xn--hftessamlarna-bfb.se\/?page_id=2313","title":{"rendered":"H448 Svensk Form"},"content":{"rendered":"<p><a href=\"https:\/\/xn--hftessamlarna-bfb.se\/wp-content\/uploads\/H-0448-header-1994.jpg\" rel=\"attachment wp-att-2901\"><img loading=\"lazy\" decoding=\"async\" class=\"alignnone wp-image-6322 size-full\" title=\"H448\" src=\"https:\/\/xn--hftessamlarna-bfb.se\/wp-content\/uploads\/H-0448-header-1994.jpg\" alt=\"\" width=\"960\" height=\"995\" srcset=\"https:\/\/xn--hftessamlarna-bfb.se\/wp-content\/uploads\/H-0448-header-1994.jpg 960w, https:\/\/xn--hftessamlarna-bfb.se\/wp-content\/uploads\/H-0448-header-1994-289x300.jpg 289w, https:\/\/xn--hftessamlarna-bfb.se\/wp-content\/uploads\/H-0448-header-1994-145x150.jpg 145w, https:\/\/xn--hftessamlarna-bfb.se\/wp-content\/uploads\/H-0448-header-1994-768x796.jpg 768w\" sizes=\"auto, (max-width: 960px) 100vw, 960px\" \/><\/a>Utgivningsdag 1994-05-11<br \/>\nF 1847 &#8211; 1852<br \/>\n6 \u00d7 6:50, sex motiv<br \/>\nTryckta i kombination 2 f\u00e4rger st\u00e5ltryck och 4 f\u00e4rger offset i 3:e Goebelpressen<br \/>\nInh\u00e4ftningen har gjorts i den 5:e h\u00e4ftesmaskinen<br \/>\nUpplaga ok\u00e4nd<\/p>\n<h2>Typer<\/h2>\n<p><strong>A1<\/strong> 22 punkters perforering<br \/>\n<strong>A2<\/strong> 27 punkters perforering<\/p>\n<h2>Markeringar<\/h2>\n<p><strong>A1<\/strong><br \/>\nRT 7,2 \u00d7 1,4 mm svart (smalt)<br \/>\nRT 7,2 \u00d7 1,8 mm svart (brett)<br \/>\ncyls 1<br \/>\ncyls 2<br \/>\nhelt kn G3 (3 mm)<\/p>\n<p><strong>A2<\/strong><br \/>\nRT 7,2 \u00d7 1,4 mm svart (smalt)<br \/>\nRT 7,2 \u00d7 1,8 mm svart (brett)<br \/>\ncyls 1<br \/>\ncyls 2<br \/>\nhelt kn G3 (3 mm)<\/p>\n<h2>\u00d6vrigt<\/h2>\n<div id=\"attachment_6282\" style=\"width: 310px\" class=\"wp-caption alignnone\"><a href=\"https:\/\/xn--hftessamlarna-bfb.se\/wp-content\/uploads\/H-0448A1-omslag-1994.jpg\"><img loading=\"lazy\" decoding=\"async\" aria-describedby=\"caption-attachment-6282\" class=\"wp-image-6282 size-medium\" src=\"https:\/\/xn--hftessamlarna-bfb.se\/wp-content\/uploads\/H-0448A1-omslag-1994-300x97.jpg\" alt=\"\" width=\"300\" height=\"97\" srcset=\"https:\/\/xn--hftessamlarna-bfb.se\/wp-content\/uploads\/H-0448A1-omslag-1994-300x97.jpg 300w, https:\/\/xn--hftessamlarna-bfb.se\/wp-content\/uploads\/H-0448A1-omslag-1994-1024x330.jpg 1024w, https:\/\/xn--hftessamlarna-bfb.se\/wp-content\/uploads\/H-0448A1-omslag-1994-150x48.jpg 150w, https:\/\/xn--hftessamlarna-bfb.se\/wp-content\/uploads\/H-0448A1-omslag-1994-768x247.jpg 768w, https:\/\/xn--hftessamlarna-bfb.se\/wp-content\/uploads\/H-0448A1-omslag-1994-1536x495.jpg 1536w, https:\/\/xn--hftessamlarna-bfb.se\/wp-content\/uploads\/H-0448A1-omslag-1994-2048x660.jpg 2048w, https:\/\/xn--hftessamlarna-bfb.se\/wp-content\/uploads\/H-0448A1-omslag-1994-500x161.jpg 500w\" sizes=\"auto, (max-width: 300px) 100vw, 300px\" \/><\/a><p id=\"caption-attachment-6282\" class=\"wp-caption-text\">f\u00e4rgen har \u201drunnit\u201d<\/p><\/div>\n<h2>Artiklar<\/h2>\n<p><a href=\"http:\/\/xn--hftessamlarna-bfb.se\/wp-content\/uploads\/H448-Gunnar-Struck.pdf\">H448 Gunnar Struck<\/a><\/p>\n","protected":false},"excerpt":{"rendered":"<p>Utgivningsdag 1994-05-11 F 1847 &#8211; 1852 6 \u00d7 6:50, sex motiv Tryckta i kombination 2 f\u00e4rger st\u00e5ltryck och 4 f\u00e4rger offset i 3:e Goebelpressen Inh\u00e4ftningen har gjorts i den 5:e h\u00e4ftesmaskinen Upplaga ok\u00e4nd Typer A1 22 punkters perforering A2 27 &hellip; <a href=\"https:\/\/xn--hftessamlarna-bfb.se\/?page_id=2313\">Forts\u00e4tt l\u00e4sa <span class=\"meta-nav\">&rarr;<\/span><\/a><\/p>\n","protected":false},"author":1,"featured_media":0,"parent":2261,"menu_order":448,"comment_status":"open","ping_status":"open","template":"","meta":{"footnotes":""},"class_list":["post-2313","page","type-page","status-publish","hentry"],"_links":{"self":[{"href":"https:\/\/xn--hftessamlarna-bfb.se\/index.php?rest_route=\/wp\/v2\/pages\/2313","targetHints":{"allow":["GET"]}}],"collection":[{"href":"https:\/\/xn--hftessamlarna-bfb.se\/index.php?rest_route=\/wp\/v2\/pages"}],"about":[{"href":"https:\/\/xn--hftessamlarna-bfb.se\/index.php?rest_route=\/wp\/v2\/types\/page"}],"author":[{"embeddable":true,"href":"https:\/\/xn--hftessamlarna-bfb.se\/index.php?rest_route=\/wp\/v2\/users\/1"}],"replies":[{"embeddable":true,"href":"https:\/\/xn--hftessamlarna-bfb.se\/index.php?rest_route=%2Fwp%2Fv2%2Fcomments&post=2313"}],"version-history":[{"count":0,"href":"https:\/\/xn--hftessamlarna-bfb.se\/index.php?rest_route=\/wp\/v2\/pages\/2313\/revisions"}],"up":[{"embeddable":true,"href":"https:\/\/xn--hftessamlarna-bfb.se\/index.php?rest_route=\/wp\/v2\/pages\/2261"}],"wp:attachment":[{"href":"https:\/\/xn--hftessamlarna-bfb.se\/index.php?rest_route=%2Fwp%2Fv2%2Fmedia&parent=2313"}],"curies":[{"name":"wp","href":"https:\/\/api.w.org\/{rel}","templated":true}]}}