{"id":2312,"date":"2011-12-19T12:39:18","date_gmt":"2011-12-19T10:39:18","guid":{"rendered":"http:\/\/xn--hftessamlarna-bfb.se\/?page_id=2312"},"modified":"2021-01-28T17:50:45","modified_gmt":"2021-01-28T16:50:45","slug":"h447-rosor","status":"publish","type":"page","link":"https:\/\/xn--hftessamlarna-bfb.se\/?page_id=2312","title":{"rendered":"H447 Rosor"},"content":{"rendered":"<p><a href=\"http:\/\/xn--hftessamlarna-bfb.se\/?attachment_id=2902\" rel=\"attachment wp-att-2902\"><img loading=\"lazy\" decoding=\"async\" class=\"aligncenter size-full wp-image-2902\" title=\"H447\" src=\"http:\/\/xn--hftessamlarna-bfb.se\/wp-content\/uploads\/H447.jpg\" alt=\"\" width=\"960\" height=\"653\" srcset=\"https:\/\/xn--hftessamlarna-bfb.se\/wp-content\/uploads\/H447.jpg 960w, https:\/\/xn--hftessamlarna-bfb.se\/wp-content\/uploads\/H447-150x102.jpg 150w, https:\/\/xn--hftessamlarna-bfb.se\/wp-content\/uploads\/H447-300x204.jpg 300w, https:\/\/xn--hftessamlarna-bfb.se\/wp-content\/uploads\/H447-441x300.jpg 441w\" sizes=\"auto, (max-width: 960px) 100vw, 960px\" \/><\/a>Utgivningsdag 1994-05-11<br \/>\nF 1842 &#8211; 1846<br \/>\n10 x 3:20, fem motiv<br \/>\nFrim\u00e4rkena \u00e4r tryckta i 4 f\u00e4rger offset i 3:e Goebelpressen<br \/>\nInh\u00e4ftningen har gjorts i b\u00e5da h\u00e4ftesmaskinerna. Detta har gett upphov till tv\u00e5 h\u00e4ftestyper<br \/>\nUpplaga ok\u00e4nd<\/p>\n<h2>Typer<\/h2>\n<p><strong>A<\/strong> omslag i boktryck, b=57, styrm\u00e4rke sid II 7,2 x 2,5, 27 punkters perforerad rygg<\/p>\n<p><strong><strong>B<\/strong> <\/strong>omslag i offset, b=55, styrm\u00e4rke sid II 6,3 x 2,7<strong><br \/>\nB1<\/strong> 22 punkters perforerad rygg<br \/>\n<strong>B2<\/strong> 27 punkters perforerad rygg<\/p>\n<h2>Markeringar<\/h2>\n<p><strong>AR<\/strong><br \/>\na=0,9, c=1,2<br \/>\nRT 8 x 2 mm svart<\/p>\n<p><strong>AN<\/strong><br \/>\na=1,1, c=1,0<br \/>\nRT 8 x 2 mm svart<br \/>\ncyls 1<br \/>\ncyls 2<br \/>\nhelt kn G3 (3 mm)<\/p>\n<p><strong>B1R<\/strong><br \/>\na=0,9, c=1,2<br \/>\nRT 7,2 x 1,4 mm svart (smalt)<br \/>\nRT 7,2 x 1,8 mm svart (brett)<\/p>\n<p><strong>B1N<\/strong><br \/>\na=1,1, c=1,0<br \/>\nRT 7,2 x 1,4 mm svart (smalt)<br \/>\nRT 7,2 x 1,8 mm svart (brett)<br \/>\ncyls 1<br \/>\ncyls 2<br \/>\nhelt kn G3 (3 mm)<\/p>\n<p><strong>B2R<\/strong><br \/>\na=0,9, c=1,2<br \/>\nRT 7,2 x 1,4 mm svart (smalt)<br \/>\nRT 7,2 x 1,8 mm svart (brett)<\/p>\n<p><strong>B2N<\/strong><br \/>\na=1,1, c=1,0<br \/>\nRT 7,2 x 1,4 mm svart (smalt)<br \/>\nRT 7,2 x 1,8 mm svart (brett)<br \/>\ncyls 1<br \/>\ncyls 2<br \/>\nhelt kn G3 (3 mm)<\/p>\n<h2>\u00d6vrigt<\/h2>\n<p>f\u00e4rgade fyrkanter i IR<br \/>\n7 mm l\u00e5ngt b\u00f6jt h\u00e5rfint streck i IR ca 2,6 mm fr\u00e5n \u00f6vre regm och ca 7,1 mm fr\u00e5n bilden<\/p>\n<div id=\"attachment_5473\" style=\"width: 310px\" class=\"wp-caption alignleft\"><a href=\"http:\/\/xn--hftessamlarna-bfb.se\/wp-content\/uploads\/H447fyrkanter.jpg\"><img loading=\"lazy\" decoding=\"async\" aria-describedby=\"caption-attachment-5473\" class=\"wp-image-5473 size-medium\" src=\"https:\/\/xn--hftessamlarna-bfb.se\/wp-content\/uploads\/H447fyrkanter-e1611852560616-300x164.jpg\" alt=\"\" width=\"300\" height=\"164\" srcset=\"https:\/\/xn--hftessamlarna-bfb.se\/wp-content\/uploads\/H447fyrkanter-e1611852560616-300x164.jpg 300w, https:\/\/xn--hftessamlarna-bfb.se\/wp-content\/uploads\/H447fyrkanter-e1611852560616-150x82.jpg 150w, https:\/\/xn--hftessamlarna-bfb.se\/wp-content\/uploads\/H447fyrkanter-e1611852560616-500x273.jpg 500w, https:\/\/xn--hftessamlarna-bfb.se\/wp-content\/uploads\/H447fyrkanter-e1611852560616.jpg 761w\" sizes=\"auto, (max-width: 300px) 100vw, 300px\" \/><\/a><p id=\"caption-attachment-5473\" class=\"wp-caption-text\">f\u00e4rgade fyrkanter i IR<\/p><\/div>\n<div id=\"attachment_6369\" style=\"width: 310px\" class=\"wp-caption alignnone\"><a href=\"https:\/\/xn--hftessamlarna-bfb.se\/wp-content\/uploads\/H-0447B2-streck-1994.jpg\"><img loading=\"lazy\" decoding=\"async\" aria-describedby=\"caption-attachment-6369\" class=\"wp-image-6369 size-medium\" src=\"https:\/\/xn--hftessamlarna-bfb.se\/wp-content\/uploads\/H-0447B2-streck-1994-300x135.jpg\" alt=\"\" width=\"300\" height=\"135\" srcset=\"https:\/\/xn--hftessamlarna-bfb.se\/wp-content\/uploads\/H-0447B2-streck-1994-300x135.jpg 300w, https:\/\/xn--hftessamlarna-bfb.se\/wp-content\/uploads\/H-0447B2-streck-1994-1024x461.jpg 1024w, https:\/\/xn--hftessamlarna-bfb.se\/wp-content\/uploads\/H-0447B2-streck-1994-150x68.jpg 150w, https:\/\/xn--hftessamlarna-bfb.se\/wp-content\/uploads\/H-0447B2-streck-1994-768x346.jpg 768w, https:\/\/xn--hftessamlarna-bfb.se\/wp-content\/uploads\/H-0447B2-streck-1994-500x225.jpg 500w, https:\/\/xn--hftessamlarna-bfb.se\/wp-content\/uploads\/H-0447B2-streck-1994.jpg 1491w\" sizes=\"auto, (max-width: 300px) 100vw, 300px\" \/><\/a><p id=\"caption-attachment-6369\" class=\"wp-caption-text\">h\u00e5rfint streck p\u00e5 IR<\/p><\/div>\n<h2>Artiklar<\/h2>\n<p><a href=\"http:\/\/xn--hftessamlarna-bfb.se\/wp-content\/uploads\/H447-Gunnar-Struck.pdf\">H447 Gunnar Struck<\/a><\/p>\n","protected":false},"excerpt":{"rendered":"<p>Utgivningsdag 1994-05-11 F 1842 &#8211; 1846 10 x 3:20, fem motiv Frim\u00e4rkena \u00e4r tryckta i 4 f\u00e4rger offset i 3:e Goebelpressen Inh\u00e4ftningen har gjorts i b\u00e5da h\u00e4ftesmaskinerna. Detta har gett upphov till tv\u00e5 h\u00e4ftestyper Upplaga ok\u00e4nd Typer A omslag i &hellip; <a href=\"https:\/\/xn--hftessamlarna-bfb.se\/?page_id=2312\">Forts\u00e4tt l\u00e4sa <span class=\"meta-nav\">&rarr;<\/span><\/a><\/p>\n","protected":false},"author":1,"featured_media":0,"parent":2261,"menu_order":447,"comment_status":"open","ping_status":"open","template":"","meta":{"footnotes":""},"class_list":["post-2312","page","type-page","status-publish","hentry"],"_links":{"self":[{"href":"https:\/\/xn--hftessamlarna-bfb.se\/index.php?rest_route=\/wp\/v2\/pages\/2312","targetHints":{"allow":["GET"]}}],"collection":[{"href":"https:\/\/xn--hftessamlarna-bfb.se\/index.php?rest_route=\/wp\/v2\/pages"}],"about":[{"href":"https:\/\/xn--hftessamlarna-bfb.se\/index.php?rest_route=\/wp\/v2\/types\/page"}],"author":[{"embeddable":true,"href":"https:\/\/xn--hftessamlarna-bfb.se\/index.php?rest_route=\/wp\/v2\/users\/1"}],"replies":[{"embeddable":true,"href":"https:\/\/xn--hftessamlarna-bfb.se\/index.php?rest_route=%2Fwp%2Fv2%2Fcomments&post=2312"}],"version-history":[{"count":0,"href":"https:\/\/xn--hftessamlarna-bfb.se\/index.php?rest_route=\/wp\/v2\/pages\/2312\/revisions"}],"up":[{"embeddable":true,"href":"https:\/\/xn--hftessamlarna-bfb.se\/index.php?rest_route=\/wp\/v2\/pages\/2261"}],"wp:attachment":[{"href":"https:\/\/xn--hftessamlarna-bfb.se\/index.php?rest_route=%2Fwp%2Fv2%2Fmedia&parent=2312"}],"curies":[{"name":"wp","href":"https:\/\/api.w.org\/{rel}","templated":true}]}}