{"id":2311,"date":"2011-12-19T12:39:18","date_gmt":"2011-12-19T10:39:18","guid":{"rendered":"http:\/\/xn--hftessamlarna-bfb.se\/?page_id=2311"},"modified":"2021-06-27T11:48:17","modified_gmt":"2021-06-27T10:48:17","slug":"h446-kulturutbyte-sverige-frankrike","status":"publish","type":"page","link":"https:\/\/xn--hftessamlarna-bfb.se\/?page_id=2311","title":{"rendered":"H446 Kulturutbyte Sverige-Frankrike"},"content":{"rendered":"<p><a href=\"http:\/\/xn--hftessamlarna-bfb.se\/?attachment_id=2903\" rel=\"attachment wp-att-2903\"><img loading=\"lazy\" decoding=\"async\" class=\"aligncenter size-full wp-image-2903\" title=\"H446\" src=\"http:\/\/xn--hftessamlarna-bfb.se\/wp-content\/uploads\/H446.jpg\" alt=\"\" width=\"960\" height=\"740\" srcset=\"https:\/\/xn--hftessamlarna-bfb.se\/wp-content\/uploads\/H446.jpg 960w, https:\/\/xn--hftessamlarna-bfb.se\/wp-content\/uploads\/H446-150x115.jpg 150w, https:\/\/xn--hftessamlarna-bfb.se\/wp-content\/uploads\/H446-300x231.jpg 300w, https:\/\/xn--hftessamlarna-bfb.se\/wp-content\/uploads\/H446-389x300.jpg 389w\" sizes=\"auto, (max-width: 960px) 100vw, 960px\" \/><\/a>Utgivningsdag 1994-03-18<br \/>\nF 1833 &#8211; 1838<br \/>\n6 \u00d7 5 kr, sex motiv<br \/>\nFyra av frim\u00e4rkena \u00e4r tryckta i kombination 1 f\u00e4rg st\u00e5ltryck och 4 f\u00e4rger offset, frim\u00e4rket med flaggkompositionen (1834) i 4 f\u00e4rger offset samt frim\u00e4rket \u201dHush\u00e5llsbestyr\u201d (1836) i kombination 2 f\u00e4rger st\u00e5ltryck och 4 f\u00e4rger offset.<br \/>\nUpplaga ok\u00e4nd<\/p>\n<h2>Ny indelning juni 2018<\/h2>\n<h2>Typer<\/h2>\n<p><strong>A<\/strong> Omslag med smutsig vitmedelsreaktion i UV-ljus<br \/>\n<strong>B<\/strong> Omslag med ren, vit vitmedelsreaktion i UV-ljus<\/p>\n<h2>Markeringar<\/h2>\n<p>delat regm<br \/>\nRT 7,2 \u00d7 1,4 mm svart (smalt)<br \/>\nRT 7,2 \u00d7 1,8 mm svart (brett)<br \/>\ncyls 1<br \/>\ncyls 2<\/p>\n<h2>F\u00e4rgpassningsm\u00e4rken<\/h2>\n<p>8-svit (1 cylindervarv) med f\u00e4rgpassningsm\u00e4rken, 1,7 mm (rektanglar \u00e4r 2 mm breda och m\u00e5tt ges fr\u00e5n \u00f6vre regm);<br \/>\n1: cyls 1, svart rekt (31), bl\u00e5 delad rekt (92)<br \/>\n2: bl\u00e5 delad rekt upptill, svart rekt (17,5),\u00a0 gul rekt (77)<br \/>\n3: svart rekt (3), f\u00e4rgstrip (46) (gr\u00f6n, 6, gul, 6, r\u00f6d, 6, cerise, 6, 3 olika gr\u00e5, delad gr\u00e5)<br \/>\n4: delad gr\u00e5, svart, bl\u00e5, r\u00f6d, gul, svart (2) m\u00e5tt<br \/>\n5: cyls 2, f\u00e4rgstrip<br \/>\n6: f\u00e4rgstrip<br \/>\n7: f\u00e4rgstrip<br \/>\n8: f\u00e4rgstrip, slutar 78<\/p>\n<h2>Samutg\u00e5va Frankrike<\/h2>\n<p><a href=\"https:\/\/xn--hftessamlarna-bfb.se\/wp-content\/uploads\/H-0446-FR-1994.jpg\"><img loading=\"lazy\" decoding=\"async\" class=\"alignnone wp-image-6388 size-full\" src=\"https:\/\/xn--hftessamlarna-bfb.se\/wp-content\/uploads\/H-0446-FR-1994.jpg\" alt=\"\" width=\"804\" height=\"593\" srcset=\"https:\/\/xn--hftessamlarna-bfb.se\/wp-content\/uploads\/H-0446-FR-1994.jpg 804w, https:\/\/xn--hftessamlarna-bfb.se\/wp-content\/uploads\/H-0446-FR-1994-300x221.jpg 300w, https:\/\/xn--hftessamlarna-bfb.se\/wp-content\/uploads\/H-0446-FR-1994-150x111.jpg 150w, https:\/\/xn--hftessamlarna-bfb.se\/wp-content\/uploads\/H-0446-FR-1994-768x566.jpg 768w, https:\/\/xn--hftessamlarna-bfb.se\/wp-content\/uploads\/H-0446-FR-1994-407x300.jpg 407w\" sizes=\"auto, (max-width: 804px) 100vw, 804px\" \/><\/a><\/p>\n","protected":false},"excerpt":{"rendered":"<p>Utgivningsdag 1994-03-18 F 1833 &#8211; 1838 6 \u00d7 5 kr, sex motiv Fyra av frim\u00e4rkena \u00e4r tryckta i kombination 1 f\u00e4rg st\u00e5ltryck och 4 f\u00e4rger offset, frim\u00e4rket med flaggkompositionen (1834) i 4 f\u00e4rger offset samt frim\u00e4rket \u201dHush\u00e5llsbestyr\u201d (1836) i kombination &hellip; <a href=\"https:\/\/xn--hftessamlarna-bfb.se\/?page_id=2311\">Forts\u00e4tt l\u00e4sa <span class=\"meta-nav\">&rarr;<\/span><\/a><\/p>\n","protected":false},"author":1,"featured_media":0,"parent":2261,"menu_order":446,"comment_status":"open","ping_status":"open","template":"","meta":{"footnotes":""},"class_list":["post-2311","page","type-page","status-publish","hentry"],"_links":{"self":[{"href":"https:\/\/xn--hftessamlarna-bfb.se\/index.php?rest_route=\/wp\/v2\/pages\/2311","targetHints":{"allow":["GET"]}}],"collection":[{"href":"https:\/\/xn--hftessamlarna-bfb.se\/index.php?rest_route=\/wp\/v2\/pages"}],"about":[{"href":"https:\/\/xn--hftessamlarna-bfb.se\/index.php?rest_route=\/wp\/v2\/types\/page"}],"author":[{"embeddable":true,"href":"https:\/\/xn--hftessamlarna-bfb.se\/index.php?rest_route=\/wp\/v2\/users\/1"}],"replies":[{"embeddable":true,"href":"https:\/\/xn--hftessamlarna-bfb.se\/index.php?rest_route=%2Fwp%2Fv2%2Fcomments&post=2311"}],"version-history":[{"count":0,"href":"https:\/\/xn--hftessamlarna-bfb.se\/index.php?rest_route=\/wp\/v2\/pages\/2311\/revisions"}],"up":[{"embeddable":true,"href":"https:\/\/xn--hftessamlarna-bfb.se\/index.php?rest_route=\/wp\/v2\/pages\/2261"}],"wp:attachment":[{"href":"https:\/\/xn--hftessamlarna-bfb.se\/index.php?rest_route=%2Fwp%2Fv2%2Fmedia&parent=2311"}],"curies":[{"name":"wp","href":"https:\/\/api.w.org\/{rel}","templated":true}]}}