{"id":2309,"date":"2011-12-19T12:39:18","date_gmt":"2011-12-19T10:39:18","guid":{"rendered":"http:\/\/xn--hftessamlarna-bfb.se\/?page_id=2309"},"modified":"2017-02-28T09:05:08","modified_gmt":"2017-02-28T08:05:08","slug":"h444-lantdjur","status":"publish","type":"page","link":"https:\/\/xn--hftessamlarna-bfb.se\/?page_id=2309","title":{"rendered":"H444 Lantdjur"},"content":{"rendered":"<p><a href=\"http:\/\/xn--hftessamlarna-bfb.se\/?attachment_id=2905\" rel=\"attachment wp-att-2905\"><img loading=\"lazy\" decoding=\"async\" class=\"aligncenter size-full wp-image-2905\" title=\"H444\" src=\"http:\/\/xn--hftessamlarna-bfb.se\/wp-content\/uploads\/H444.jpg\" alt=\"\" width=\"960\" height=\"658\" srcset=\"https:\/\/xn--hftessamlarna-bfb.se\/wp-content\/uploads\/H444.jpg 960w, https:\/\/xn--hftessamlarna-bfb.se\/wp-content\/uploads\/H444-150x102.jpg 150w, https:\/\/xn--hftessamlarna-bfb.se\/wp-content\/uploads\/H444-300x205.jpg 300w, https:\/\/xn--hftessamlarna-bfb.se\/wp-content\/uploads\/H444-437x300.jpg 437w\" sizes=\"auto, (max-width: 960px) 100vw, 960px\" \/><\/a>Utgivningsdag 1994-01-17<br \/>\nF 1825 &#8211; 1826<br \/>\n10 x 3:20 kr, tv\u00e5 motiv<br \/>\nTryckta i 3 f\u00e4rger st\u00e5ltryck i 2:a Goebelpressen<br \/>\nInh\u00e4ftningen har gjorts i den 4:e h\u00e4ftesmaskinen<br \/>\nUpplaga 6,20 miljoner h\u00e4ften<\/p>\n<h2>Markeringar<\/h2>\n<p><strong>R<\/strong><br \/>\na=1,0, b=5,1<br \/>\nRT 8 x 2 mm svart<\/p>\n<p><strong>N<\/strong><br \/>\na=0,7, b=4,9<br \/>\nRT 8 x 2 mm svart<br \/>\ncyls 1<br \/>\ncyls 2<br \/>\nhelt kn G2b (3,3 mm)<br \/>\nhelt kn G3 (3 mm)<\/p>\n<h2>Olika utf\u00f6randen p\u00e5 RT<\/h2>\n<p><a href=\"http:\/\/xn--hftessamlarna-bfb.se\/wp-content\/uploads\/H444olikaRT.jpg\"><img loading=\"lazy\" decoding=\"async\" class=\"alignleft size-medium wp-image-5129\" src=\"http:\/\/xn--hftessamlarna-bfb.se\/wp-content\/uploads\/H444olikaRT-300x264.jpg\" alt=\"H444olikaRT\" width=\"300\" height=\"264\" srcset=\"https:\/\/xn--hftessamlarna-bfb.se\/wp-content\/uploads\/H444olikaRT-300x264.jpg 300w, https:\/\/xn--hftessamlarna-bfb.se\/wp-content\/uploads\/H444olikaRT-150x132.jpg 150w, https:\/\/xn--hftessamlarna-bfb.se\/wp-content\/uploads\/H444olikaRT-341x300.jpg 341w, https:\/\/xn--hftessamlarna-bfb.se\/wp-content\/uploads\/H444olikaRT.jpg 876w\" sizes=\"auto, (max-width: 300px) 100vw, 300px\" \/><\/a><\/p>\n<h2>Bilder p\u00e5 varianter<\/h2>\n<div id=\"attachment_5510\" style=\"width: 310px\" class=\"wp-caption alignleft\"><a href=\"http:\/\/xn--hftessamlarna-bfb.se\/wp-content\/uploads\/H444del-av-kors.jpg\"><img loading=\"lazy\" decoding=\"async\" aria-describedby=\"caption-attachment-5510\" class=\"size-medium wp-image-5510\" src=\"http:\/\/xn--hftessamlarna-bfb.se\/wp-content\/uploads\/H444del-av-kors-300x227.jpg\" alt=\"\" width=\"300\" height=\"227\" srcset=\"https:\/\/xn--hftessamlarna-bfb.se\/wp-content\/uploads\/H444del-av-kors-300x227.jpg 300w, https:\/\/xn--hftessamlarna-bfb.se\/wp-content\/uploads\/H444del-av-kors-150x114.jpg 150w, https:\/\/xn--hftessamlarna-bfb.se\/wp-content\/uploads\/H444del-av-kors-396x300.jpg 396w, https:\/\/xn--hftessamlarna-bfb.se\/wp-content\/uploads\/H444del-av-kors.jpg 765w\" sizes=\"auto, (max-width: 300px) 100vw, 300px\" \/><\/a><p id=\"caption-attachment-5510\" class=\"wp-caption-text\">del av kors p\u00e5 IR<\/p><\/div>\n<div id=\"attachment_5511\" style=\"width: 310px\" class=\"wp-caption alignleft\"><a href=\"http:\/\/xn--hftessamlarna-bfb.se\/wp-content\/uploads\/H444kliche.jpg\"><img loading=\"lazy\" decoding=\"async\" aria-describedby=\"caption-attachment-5511\" class=\"size-medium wp-image-5511\" src=\"http:\/\/xn--hftessamlarna-bfb.se\/wp-content\/uploads\/H444kliche-300x286.jpg\" alt=\"\" width=\"300\" height=\"286\" srcset=\"https:\/\/xn--hftessamlarna-bfb.se\/wp-content\/uploads\/H444kliche-300x286.jpg 300w, https:\/\/xn--hftessamlarna-bfb.se\/wp-content\/uploads\/H444kliche-150x143.jpg 150w, https:\/\/xn--hftessamlarna-bfb.se\/wp-content\/uploads\/H444kliche-314x300.jpg 314w, https:\/\/xn--hftessamlarna-bfb.se\/wp-content\/uploads\/H444kliche.jpg 500w\" sizes=\"auto, (max-width: 300px) 100vw, 300px\" \/><\/a><p id=\"caption-attachment-5511\" class=\"wp-caption-text\">klich\u00e9variant<\/p><\/div>\n<h2>Variant med val\u00f6r 3:60?<\/h2>\n<p>Posten bekr\u00e4ftar att man tryckt Lantdjur med porto 3:60. Man gjorde detta f\u00f6r att ha en beredskap inf\u00f6r porto\u00e4ndring i samband med EU-medlemskap. H\u00e4ftet gavs aldrig ut och har p\u00e5 ok\u00e4nda v\u00e4gar n\u00e5tt marknaden. Ytterligare tre h\u00e4ften finns i tryckeriets arkiv, men dessa \u00e4r inklistrade p\u00e5 ett arkivblad.<\/p>\n<div id=\"attachment_4986\" style=\"width: 310px\" class=\"wp-caption alignleft\"><a href=\"http:\/\/xn--hftessamlarna-bfb.se\/wp-content\/uploads\/H444_360hel.jpg\"><img loading=\"lazy\" decoding=\"async\" aria-describedby=\"caption-attachment-4986\" class=\"wp-image-4986 size-medium\" src=\"http:\/\/xn--hftessamlarna-bfb.se\/wp-content\/uploads\/H444_360hel-300x203.jpg\" alt=\"\" width=\"300\" height=\"203\" srcset=\"https:\/\/xn--hftessamlarna-bfb.se\/wp-content\/uploads\/H444_360hel-300x203.jpg 300w, https:\/\/xn--hftessamlarna-bfb.se\/wp-content\/uploads\/H444_360hel-150x102.jpg 150w, https:\/\/xn--hftessamlarna-bfb.se\/wp-content\/uploads\/H444_360hel-442x300.jpg 442w, https:\/\/xn--hftessamlarna-bfb.se\/wp-content\/uploads\/H444_360hel.jpg 960w\" sizes=\"auto, (max-width: 300px) 100vw, 300px\" \/><\/a><p id=\"caption-attachment-4986\" class=\"wp-caption-text\">denna d\u00f6k upp p\u00e5 Postiljonens auktion #207 objekt 929<\/p><\/div>\n<p>&nbsp;<\/p>\n<p>&nbsp;<\/p>\n<h2>Artiklar<\/h2>\n<p><a href=\"http:\/\/xn--hftessamlarna-bfb.se\/wp-content\/uploads\/H444-Gunnar-Struck.pdf\">H444 Gunnar Struck<\/a><\/p>\n","protected":false},"excerpt":{"rendered":"<p>Utgivningsdag 1994-01-17 F 1825 &#8211; 1826 10 x 3:20 kr, tv\u00e5 motiv Tryckta i 3 f\u00e4rger st\u00e5ltryck i 2:a Goebelpressen Inh\u00e4ftningen har gjorts i den 4:e h\u00e4ftesmaskinen Upplaga 6,20 miljoner h\u00e4ften Markeringar R a=1,0, b=5,1 RT 8 x 2 mm &hellip; <a href=\"https:\/\/xn--hftessamlarna-bfb.se\/?page_id=2309\">Forts\u00e4tt l\u00e4sa <span class=\"meta-nav\">&rarr;<\/span><\/a><\/p>\n","protected":false},"author":1,"featured_media":0,"parent":2261,"menu_order":444,"comment_status":"open","ping_status":"open","template":"","meta":{"footnotes":""},"class_list":["post-2309","page","type-page","status-publish","hentry"],"_links":{"self":[{"href":"https:\/\/xn--hftessamlarna-bfb.se\/index.php?rest_route=\/wp\/v2\/pages\/2309","targetHints":{"allow":["GET"]}}],"collection":[{"href":"https:\/\/xn--hftessamlarna-bfb.se\/index.php?rest_route=\/wp\/v2\/pages"}],"about":[{"href":"https:\/\/xn--hftessamlarna-bfb.se\/index.php?rest_route=\/wp\/v2\/types\/page"}],"author":[{"embeddable":true,"href":"https:\/\/xn--hftessamlarna-bfb.se\/index.php?rest_route=\/wp\/v2\/users\/1"}],"replies":[{"embeddable":true,"href":"https:\/\/xn--hftessamlarna-bfb.se\/index.php?rest_route=%2Fwp%2Fv2%2Fcomments&post=2309"}],"version-history":[{"count":0,"href":"https:\/\/xn--hftessamlarna-bfb.se\/index.php?rest_route=\/wp\/v2\/pages\/2309\/revisions"}],"up":[{"embeddable":true,"href":"https:\/\/xn--hftessamlarna-bfb.se\/index.php?rest_route=\/wp\/v2\/pages\/2261"}],"wp:attachment":[{"href":"https:\/\/xn--hftessamlarna-bfb.se\/index.php?rest_route=%2Fwp%2Fv2%2Fmedia&parent=2309"}],"curies":[{"name":"wp","href":"https:\/\/api.w.org\/{rel}","templated":true}]}}